{"id":2414,"date":"2023-09-22T09:54:57","date_gmt":"2023-09-22T07:54:57","guid":{"rendered":"https:\/\/webs.uab.cat\/labhuma\/?page_id=2414"},"modified":"2026-03-20T16:57:47","modified_gmt":"2026-03-20T14:57:47","slug":"penelo-eva-2","status":"publish","type":"page","link":"https:\/\/webs.uab.cat\/labhuma\/penelo-eva-2\/?lang=es","title":{"rendered":"Eva Penelo"},"content":{"rendered":"<div class=\"wp-block-image\">\n<figure class=\"aligncenter size-full is-resized\"><img loading=\"lazy\" decoding=\"async\" width=\"323\" height=\"399\" src=\"https:\/\/webs.uab.cat\/labhuma\/wp-content\/uploads\/sites\/245\/2023\/10\/Eva-Penelo_web.jpg\" alt=\"\" class=\"wp-image-2458\" style=\"width:163px;height:202px\" srcset=\"https:\/\/webs.uab.cat\/labhuma\/wp-content\/uploads\/sites\/245\/2023\/10\/Eva-Penelo_web.jpg 323w, https:\/\/webs.uab.cat\/labhuma\/wp-content\/uploads\/sites\/245\/2023\/10\/Eva-Penelo_web-243x300.jpg 243w\" sizes=\"auto, (max-width: 323px) 100vw, 323px\" \/><\/figure>\n<\/div>\n\n\n<p class=\"has-text-align-center\">Dra. Eva Penelo<\/p>\n\n\n\n<p>Licenciada en Psicolog\u00eda en 1997 y Doctora en Psicolog\u00eda en 2009 por la UAB. Realiz\u00f3 un postgrado en &#8220;Estad\u00edstica en Ciencias de la Salud&#8221; en 2006 y obtuvo un M\u00e1ster en &#8220;Metodolog\u00eda de la Investigaci\u00f3n en Ciencias de la Salud&#8221; en 2008 en el Laboratorio de Estad\u00edstica Aplicada y Modelizaci\u00f3n de la UAB. Ha sido profesora en la UAB desde 1997, ense\u00f1ando asignaturas de Psicometr\u00eda y Modelos Estad\u00edsticos y Psicom\u00e9tricos, adem\u00e1s de supervisar Trabajos de Fin de Grado en Psicolog\u00eda y en los m\u00e1steres oficiales en Investigaci\u00f3n en Psicolog\u00eda Cl\u00ednica y de la Salud, y en Psicolog\u00eda General Sanitaria. Ha codirigido ocho tesis doctorales en los programas de doctorado en Psicolog\u00eda Cl\u00ednica y de la Salud, y en Psicolog\u00eda de la Salud y Psicolog\u00eda del Deporte de la UAB. Realiz\u00f3 estancias de investigaci\u00f3n en la Corporaci\u00f3 Sanit\u00e0ria Parc Taul\u00ed en 2006, la Universidad M\u00e9dica de Viena en 2010 y la Universidad de Leiden en 2012. Ha participado en m\u00e1s de 120 publicaciones en revistas indexadas, principalmente en el primer o segundo cuartil. Sus principales l\u00edneas de investigaci\u00f3n se centran en la validaci\u00f3n de pruebas y en el modelado de curvas de crecimiento. Adem\u00e1s de su labor docente e investigadora, desde 2011 ha estado involucrada en tareas de gesti\u00f3n universitaria a nivel de unidad y de la Facultad de Psicolog\u00eda.<\/p>\n\n\n\n<p><strong>Contacto:<\/strong><br>eva.penelo@uab.cat<br>Facultad de Psicolog\u00eda (Unidad de Metodolog\u00eda de las Ciencias del Comportamiento, Departamento de Psicobiolog\u00eda y de Metodolog\u00eda de las Ciencias de la Salud)<br>Despacho B5\/061<br>Universidad Aut\u00f3noma de Barcelona<br>Cerdanyola del Vall\u00e8s, 08193<\/p>\n\n\n\n<p><a href=\"https:\/\/orcid.org\/0000-0001-6796-7660\">ORCID<\/a><\/p>\n\n\n\n<p><\/p>\n","protected":false},"excerpt":{"rendered":"<p>Dra. Eva Penelo Licenciada en Psicolog\u00eda en 1997 y Doctora en Psicolog\u00eda en 2009 por la UAB. Realiz\u00f3 un postgrado en &#8220;Estad\u00edstica en Ciencias de la Salud&#8221; en 2006 y obtuvo un M\u00e1ster en &#8220;Metodolog\u00eda de la Investigaci\u00f3n en Ciencias de la Salud&#8221; en 2008 en el Laboratorio de Estad\u00edstica Aplicada y Modelizaci\u00f3n de la [&hellip;]<\/p>\n","protected":false},"author":1806,"featured_media":0,"parent":0,"menu_order":0,"comment_status":"closed","ping_status":"closed","template":"","meta":{"footnotes":""},"class_list":["post-2414","page","type-page","status-publish","hentry"],"_links":{"self":[{"href":"https:\/\/webs.uab.cat\/labhuma\/wp-json\/wp\/v2\/pages\/2414","targetHints":{"allow":["GET"]}}],"collection":[{"href":"https:\/\/webs.uab.cat\/labhuma\/wp-json\/wp\/v2\/pages"}],"about":[{"href":"https:\/\/webs.uab.cat\/labhuma\/wp-json\/wp\/v2\/types\/page"}],"author":[{"embeddable":true,"href":"https:\/\/webs.uab.cat\/labhuma\/wp-json\/wp\/v2\/users\/1806"}],"replies":[{"embeddable":true,"href":"https:\/\/webs.uab.cat\/labhuma\/wp-json\/wp\/v2\/comments?post=2414"}],"version-history":[{"count":5,"href":"https:\/\/webs.uab.cat\/labhuma\/wp-json\/wp\/v2\/pages\/2414\/revisions"}],"predecessor-version":[{"id":2987,"href":"https:\/\/webs.uab.cat\/labhuma\/wp-json\/wp\/v2\/pages\/2414\/revisions\/2987"}],"wp:attachment":[{"href":"https:\/\/webs.uab.cat\/labhuma\/wp-json\/wp\/v2\/media?parent=2414"}],"curies":[{"name":"wp","href":"https:\/\/api.w.org\/{rel}","templated":true}]}}