{"id":2513,"date":"2024-02-05T16:33:59","date_gmt":"2024-02-05T14:33:59","guid":{"rendered":"https:\/\/webs.uab.cat\/labhuma\/?page_id=2513"},"modified":"2024-02-06T12:08:47","modified_gmt":"2024-02-06T10:08:47","slug":"projecte-de-ciencia-ciutadana","status":"publish","type":"page","link":"https:\/\/webs.uab.cat\/labhuma\/projecte-de-ciencia-ciutadana\/","title":{"rendered":"Projecte de Ci\u00e8ncia Ciutadana"},"content":{"rendered":"\n<p class=\"has-verd-tropic-color has-text-color has-link-color wp-elements-4e4c6342d61c4380bad836a2f554b400\"><strong>Vols participar en un Projecte de Ci\u00e8ncia Ciutadana sobre Conducta Prosocial?<\/strong><\/p>\n\n\n\n<p>Informa&#8217;t sobre aquest projecte liderat pel <a href=\"https:\/\/webs.uab.cat\/labhuma\/\"><strong>Grup de Recerca Laboratori Hum\u00e0 <\/strong>de la Universitat Aut\u00f2noma de Barcelona<\/a>! i co-organitzat amb la <a href=\"https:\/\/www.uab.cat\/core-salut\/\">Core de Salut Mental <\/a>i l&#8217;<a href=\"https:\/\/inc-uab.cat\/ca\">Institut de Neuroci\u00e8ncies<\/a>.<\/p>\n\n\n\n<p class=\"has-text-align-center has-verd-tropic-color has-verd-tropic-transparent-background-color has-text-color has-background has-link-color has-large-font-size wp-elements-73db2fb1936ef62e072dc110d3cfedaa\" style=\"font-style:normal;font-weight:800\"><strong>AJUDAR T&#8217;AJUDA<\/strong><\/p>\n\n\n\n<p>Est\u00e0s preparat\/da per formar part d&#8217;una aventura cient\u00edfica \u00fanica centrada en la <strong>conducta prosocial<\/strong>? Descobreix qu\u00e8 implica realment i com pot beneficiar-nos a nivell tant <strong>individual <\/strong>com <strong>col\u00b7lectiu<\/strong>! <\/p>\n\n\n<div class=\"wp-block-image\">\n<figure class=\"aligncenter size-full is-resized\"><img loading=\"lazy\" decoding=\"async\" width=\"6142\" height=\"15000\" src=\"https:\/\/webs.uab.cat\/labhuma\/wp-content\/uploads\/sites\/245\/2024\/02\/poster-conducta-prosocial.jpg\" alt=\"\" class=\"wp-image-2519\" style=\"width:738px;height:auto\" \/><\/figure>\n<\/div>\n\n\n<p>Ens encantaria iniciar el nostre projecte coneixent el que et<strong> motiva<\/strong> en relaci\u00f3 amb la conducta prosocial i descobrint si ja ets una<strong> persona prosocial<\/strong>. Aix\u00ed que&#8230;<\/p>\n\n\n\n<p class=\"has-text-align-center has-verd-tropic-color has-verd-tropic-transparent-background-color has-text-color has-background has-link-color wp-elements-2aed55db2e954856f71c951d3da84337\"><strong>Anima&#8217;t a formar part d&#8217;aquesta jornada \u00fanica cap a la comprensi\u00f3 de les accions prosocials participant amb aquest <strong> <a href=\"https:\/\/forms.office.com\/e\/jjP08EiJS8\">Q\u00dcESTIONARI<\/a><\/strong>.<\/strong><\/p>\n\n\n\n<p class=\"has-text-align-right\"><strong><em>Ben aviat t&#8217;anirem informant!<\/em><\/strong><\/p>\n\n\n\n<hr class=\"wp-block-separator has-alpha-channel-opacity is-style-default\" \/>\n\n\n\n<p>Est\u00e0s interessat\/da a con\u00e8ixer m\u00e9s sobre el nostre equip i les metes que perseguim? Fes clic aqu\u00ed per explorar m\u00e9s informaci\u00f3 que tenim per compartir!<\/p>\n\n\n\n<div class=\"wp-block-file aligncenter has-verd-tropic-transparent-background-color has-background\"><a id=\"wp-block-file--media-bad7e679-14cf-4457-9a22-d996be365198\" href=\"https:\/\/webs.uab.cat\/labhuma\/wp-content\/uploads\/sites\/245\/2024\/02\/poster-laboratori-huma-scaled.jpg\"> P\u00f2ster-Laboratori-Hum\u00e0<\/a><a href=\"https:\/\/webs.uab.cat\/labhuma\/wp-content\/uploads\/sites\/245\/2024\/02\/poster-laboratori-huma-scaled.jpg\" class=\"wp-block-file__button wp-element-button\" download aria-describedby=\"wp-block-file--media-bad7e679-14cf-4457-9a22-d996be365198\">Baixa<\/a><\/div>\n","protected":false},"excerpt":{"rendered":"<p>Vols participar en un Projecte de Ci\u00e8ncia Ciutadana sobre Conducta Prosocial? Informa&#8217;t sobre aquest projecte liderat pel Grup de Recerca Laboratori Hum\u00e0 de la Universitat Aut\u00f2noma de Barcelona! i co-organitzat amb la Core de Salut Mental i l&#8217;Institut de Neuroci\u00e8ncies. AJUDAR T&#8217;AJUDA Est\u00e0s preparat\/da per formar part d&#8217;una aventura cient\u00edfica \u00fanica centrada en la conducta [&hellip;]<\/p>\n","protected":false},"author":544,"featured_media":0,"parent":0,"menu_order":0,"comment_status":"closed","ping_status":"closed","template":"","meta":{"footnotes":""},"class_list":["post-2513","page","type-page","status-publish","hentry"],"_links":{"self":[{"href":"https:\/\/webs.uab.cat\/labhuma\/wp-json\/wp\/v2\/pages\/2513","targetHints":{"allow":["GET"]}}],"collection":[{"href":"https:\/\/webs.uab.cat\/labhuma\/wp-json\/wp\/v2\/pages"}],"about":[{"href":"https:\/\/webs.uab.cat\/labhuma\/wp-json\/wp\/v2\/types\/page"}],"author":[{"embeddable":true,"href":"https:\/\/webs.uab.cat\/labhuma\/wp-json\/wp\/v2\/users\/544"}],"replies":[{"embeddable":true,"href":"https:\/\/webs.uab.cat\/labhuma\/wp-json\/wp\/v2\/comments?post=2513"}],"version-history":[{"count":7,"href":"https:\/\/webs.uab.cat\/labhuma\/wp-json\/wp\/v2\/pages\/2513\/revisions"}],"predecessor-version":[{"id":2532,"href":"https:\/\/webs.uab.cat\/labhuma\/wp-json\/wp\/v2\/pages\/2513\/revisions\/2532"}],"wp:attachment":[{"href":"https:\/\/webs.uab.cat\/labhuma\/wp-json\/wp\/v2\/media?parent=2513"}],"curies":[{"name":"wp","href":"https:\/\/api.w.org\/{rel}","templated":true}]}}