{"id":26,"date":"2021-02-19T14:17:42","date_gmt":"2021-02-19T12:17:42","guid":{"rendered":"https:\/\/blogs.uab.cat\/motme\/?page_id=26"},"modified":"2026-03-17T14:17:53","modified_gmt":"2026-03-17T12:17:53","slug":"publicacions","status":"publish","type":"page","link":"https:\/\/webs.uab.cat\/labhuma\/publicacions\/","title":{"rendered":"Publicacions"},"content":{"rendered":"\n<details class=\"wp-block-mamaduka-toggles wp-block-toggles\"><summary>Llistat de totes les publicacions<\/summary><div class=\"wp-block-toggles__content\">\n<ul class=\"wp-block-list\">\n<li><a href=\"https:\/\/portalrecerca.uab.cat\/en\/persons\/albert-bonillo-martin-3\/publications\/\" data-type=\"link\" data-id=\"https:\/\/portalrecerca.uab.cat\/en\/persons\/albert-bonillo-martin-3\/publications\/\">BONILLO, Albert<\/a><\/li>\n\n\n\n<li><a href=\"https:\/\/portalrecerca.uab.cat\/en\/persons\/s%C3%ADlvia-fuentes-garc%C3%ADa\" data-type=\"link\" data-id=\"https:\/\/portalrecerca.uab.cat\/en\/persons\/s%C3%ADlvia-fuentes-garc%C3%ADa\">FUENTES, Silvia<\/a><\/li>\n\n\n\n<li><a href=\"https:\/\/portalrecerca.uab.cat\/en\/persons\/anastasia-ivanova-6\" data-type=\"link\" data-id=\"https:\/\/portalrecerca.uab.cat\/en\/persons\/anastasia-ivanova-6\">IVANOVA, Anastasya<\/a><\/li>\n\n\n\n<li><a href=\"https:\/\/portalrecerca.uab.cat\/en\/persons\/beatriz-molinuevo-alonso-8\/publications\/\" data-type=\"link\" data-id=\"https:\/\/portalrecerca.uab.cat\/en\/persons\/beatriz-molinuevo-alonso-8\/publications\/\">MOLINUEVO, Beatriz<\/a><\/li>\n\n\n\n<li><a href=\"https:\/\/portalrecerca.uab.cat\/en\/persons\/roser-nadal-alemany-7\/publications\/\" data-type=\"link\" data-id=\"https:\/\/portalrecerca.uab.cat\/en\/persons\/roser-nadal-alemany-7\/publications\/\">NADAL, Roser<\/a><\/li>\n\n\n\n<li><a href=\"https:\/\/portalrecerca.uab.cat\/en\/persons\/eva-penelo-werner-7\/\" data-type=\"link\" data-id=\"https:\/\/portalrecerca.uab.cat\/en\/persons\/eva-penelo-werner-7\/\">PENELO, Eva<\/a><\/li>\n\n\n\n<li><a href=\"https:\/\/portalrecerca.uab.cat\/en\/persons\/rafael-torrubia-beltri-9\/publications\/\" data-type=\"link\" data-id=\"https:\/\/portalrecerca.uab.cat\/en\/persons\/rafael-torrubia-beltri-9\/publications\/\">TORRUBIA, Rafael <\/a><\/li>\n<\/ul>\n<\/div><\/details>\n\n\n\n<details class=\"wp-block-mamaduka-toggles wp-block-toggles\"><summary>Publicacions seleccionades<\/summary><div class=\"wp-block-toggles__content\">\n<blockquote class=\"wp-block-quote is-layout-flow wp-block-quote-is-layout-flow\">\n<figure class=\"wp-block-pullquote\"><blockquote><p><strong>2023<\/strong><\/p><\/blockquote><\/figure>\n\n\n\n<p>Goldberg, X., Espelt, C., <strong>Nadal, R<\/strong>., Alon, Y., Palao, D., Bar-Haim, Y., &amp; <strong>Armario, A<\/strong>. (2023). <a href=\"https:\/\/doi.org\/10.1017\/S0033291723000910\">Blunted neurobiological reactivity and attentional bias to threat underlie stress-related disorders in women survivors of intimate partner violence<\/a>. <em>Psychological Medicine<\/em>, 1-12. <\/p>\n<\/blockquote>\n\n\n\n<blockquote class=\"wp-block-quote is-layout-flow wp-block-quote-is-layout-flow\">\n<figure class=\"wp-block-pullquote\"><blockquote><p><strong>2022<\/strong><\/p><\/blockquote><\/figure>\n\n\n\n<p><span class=\"TextRun SCXW39465003 BCX0\" lang=\"CA-ES\" xml:lang=\"CA-ES\" data-contrast=\"auto\"><strong><span class=\"NormalTextRun SpellingErrorV2Themed SCXW39465003 BCX0\" data-ccp-parastyle=\"Body Text\">Barrau<\/span><\/strong><span class=\"NormalTextRun SCXW39465003 BCX0\" data-ccp-parastyle=\"Body Text\"><strong>, V<\/strong>., L\u00f3pez-Romero, L., Bosch, R., <\/span><strong><span class=\"NormalTextRun SpellingErrorV2Themed SCXW39465003 BCX0\" data-ccp-parastyle=\"Body Text\">Torrubia<\/span><\/strong><span class=\"NormalTextRun SCXW39465003 BCX0\" data-ccp-parastyle=\"Body Text\"><strong>, R<\/strong>., Casas, M., <\/span><\/span><strong><span class=\"TextRun Underlined SCXW39465003 BCX0\" lang=\"CA-ES\" xml:lang=\"CA-ES\" data-contrast=\"auto\"><span class=\"NormalTextRun SpellingErrorV2Themed SCXW39465003 BCX0\" data-ccp-parastyle=\"Body Text\">Molinuevo<\/span><span class=\"NormalTextRun SCXW39465003 BCX0\" data-ccp-parastyle=\"Body Text\">, B<\/span><\/span><\/strong><span class=\"TextRun SCXW39465003 BCX0\" lang=\"CA-ES\" xml:lang=\"CA-ES\" data-contrast=\"auto\"><span class=\"NormalTextRun SCXW39465003 BCX0\" data-ccp-parastyle=\"Body Text\">.<span class=\"TextRun MacChromeBold SCXW237746695 BCX0\" lang=\"CA-ES\" xml:lang=\"CA-ES\" data-contrast=\"auto\">&nbsp;<\/span><a href=\"https:\/\/link.springer.com\/article\/10.1007\/s10862-021-09921-z\"><span class=\"TextRun SCXW237746695 BCX0\" lang=\"CA-ES\" xml:lang=\"CA-ES\" data-contrast=\"auto\"><span class=\"NormalTextRun SpellingErrorV2Themed SCXW237746695 BCX0\" data-ccp-parastyle=\"Body Text\">Further<\/span> v<span class=\"NormalTextRun SpellingErrorV2Themed SCXW237746695 BCX0\" data-ccp-parastyle=\"Body Text\">alidation<\/span><span class=\"NormalTextRun SCXW237746695 BCX0\" data-ccp-parastyle=\"Body Text\"> of <\/span><span class=\"NormalTextRun SpellingErrorV2Themed SCXW237746695 BCX0\" data-ccp-parastyle=\"Body Text\">the<\/span> S<span class=\"NormalTextRun SpellingErrorV2Themed SCXW237746695 BCX0\" data-ccp-parastyle=\"Body Text\">panish<\/span><span class=\"NormalTextRun SCXW237746695 BCX0\" data-ccp-parastyle=\"Body Text\"> parent<\/span><\/span><span class=\"TextRun SCXW237746695 BCX0\" lang=\"CA-ES\" xml:lang=\"CA-ES\" data-contrast=\"auto\"><span class=\"NormalTextRun SCXW237746695 BCX0\" data-ccp-parastyle=\"Body Text\">\u2011r<\/span><\/span><\/a><span class=\"TextRun SCXW237746695 BCX0\" lang=\"CA-ES\" xml:lang=\"CA-ES\" data-contrast=\"auto\"><a href=\"https:\/\/link.springer.com\/article\/10.1007\/s10862-021-09921-z\"><span class=\"NormalTextRun SpellingErrorV2Themed SCXW237746695 BCX0\" data-ccp-parastyle=\"Body Text\">eported<\/span> c<\/a><a href=\"https:\/\/link.springer.com\/article\/10.1007\/s10862-021-09921-z\"><span class=\"NormalTextRun SpellingErrorV2Themed SCXW237746695 BCX0\" data-ccp-parastyle=\"Body Text\">hild<\/span> p<span class=\"NormalTextRun SpellingErrorV2Themed SCXW237746695 BCX0\" data-ccp-parastyle=\"Body Text\">roblematic<\/span> t<span class=\"NormalTextRun SpellingErrorV2Themed SCXW237746695 BCX0\" data-ccp-parastyle=\"Body Text\">raits<\/span> i<span class=\"NormalTextRun SpellingErrorV2Themed SCXW237746695 BCX0\" data-ccp-parastyle=\"Body Text\">nventory<\/span><span class=\"NormalTextRun SCXW237746695 BCX0\" data-ccp-parastyle=\"Body Text\">: discriminant a<\/span><span class=\"NormalTextRun SpellingErrorV2Themed SCXW237746695 BCX0\" data-ccp-parastyle=\"Body Text\">alidity<\/span><span class=\"NormalTextRun SCXW237746695 BCX0\" data-ccp-parastyle=\"Body Text\"> for d<\/span><span class=\"NormalTextRun SpellingErrorV2Themed SCXW237746695 BCX0\" data-ccp-parastyle=\"Body Text\">istinguishing<\/span> c<span class=\"NormalTextRun SpellingErrorV2Themed SCXW237746695 BCX0\" data-ccp-parastyle=\"Body Text\">hildren<\/span> v<span class=\"NormalTextRun SCXW237746695 BCX0\" data-ccp-parastyle=\"Body Text\">ulnerable to e<\/span><span class=\"NormalTextRun SpellingErrorV2Themed SCXW237746695 BCX0\" data-ccp-parastyle=\"Body Text\">xternalizing<\/span> <span class=\"NormalTextRun SpellingErrorV2Themed SCXW237746695 BCX0\" data-ccp-parastyle=\"Body Text\">and<\/span> o<span class=\"NormalTextRun SpellingErrorV2Themed SCXW237746695 BCX0\" data-ccp-parastyle=\"Body Text\">ther<\/span> p<span class=\"NormalTextRun SpellingErrorV2Themed SCXW237746695 BCX0\" data-ccp-parastyle=\"Body Text\">sychopathology<\/span> c<\/a><span class=\"NormalTextRun SpellingErrorV2Themed SCXW237746695 BCX0\" data-ccp-parastyle=\"Body Text\"><a href=\"https:\/\/link.springer.com\/article\/10.1007\/s10862-021-09921-z\">onditions<\/a>. J<span class=\"TextRun SCXW175958530 BCX0\" lang=\"CA-ES\" xml:lang=\"CA-ES\" data-contrast=\"auto\"><span class=\"NormalTextRun SpellingErrorV2Themed SCXW175958530 BCX0\" data-ccp-parastyle=\"Body Text\">ournal<\/span><span class=\"NormalTextRun SCXW175958530 BCX0\" data-ccp-parastyle=\"Body Text\"> of <\/span><span class=\"NormalTextRun SpellingErrorV2Themed SCXW175958530 BCX0\" data-ccp-parastyle=\"Body Text\">Psychopathology<\/span> <span class=\"NormalTextRun SpellingErrorV2Themed SCXW175958530 BCX0\" data-ccp-parastyle=\"Body Text\">and<\/span> <span class=\"NormalTextRun SpellingErrorV2Themed SCXW175958530 BCX0\" data-ccp-parastyle=\"Body Text\">Behavioral<\/span> <span class=\"NormalTextRun SpellingErrorV2Themed SCXW175958530 BCX0\" data-ccp-parastyle=\"Body Text\">Assessment<\/span><span class=\"NormalTextRun SCXW175958530 BCX0\" data-ccp-parastyle=\"Body Text\">, 44: <\/span><\/span><span class=\"TextRun SCXW175958530 BCX0\" lang=\"CA-ES\" xml:lang=\"CA-ES\" data-contrast=\"auto\"><span class=\"NormalTextRun SCXW175958530 BCX0\" data-ccp-parastyle=\"Body Text\">245-260. <\/span><\/span><\/span><\/span><span class=\"EOP SCXW237746695 BCX0\" data-ccp-props=\"{&quot;201341983&quot;:1,&quot;335551550&quot;:6,&quot;335551620&quot;:6,&quot;335559739&quot;:0,&quot;335559740&quot;:260}\">&nbsp;<\/span><\/span><\/span><\/p>\n\n\n\n<p><span class=\"TextRun SCXW84039667 BCX0\" lang=\"CA-ES\" xml:lang=\"CA-ES\" data-contrast=\"auto\"><strong><span class=\"NormalTextRun SpellingErrorV2Themed SCXW84039667 BCX0\" data-ccp-parastyle=\"Body Text\">Ivanova-Serokhwostova<\/span><\/strong><span class=\"NormalTextRun SCXW84039667 BCX0\" data-ccp-parastyle=\"Body Text\"><strong>, A<\/strong>., <\/span><strong><span class=\"NormalTextRun SpellingErrorV2Themed SCXW84039667 BCX0\" data-ccp-parastyle=\"Body Text\">Molinuevo<\/span><\/strong><span class=\"NormalTextRun SCXW84039667 BCX0\" data-ccp-parastyle=\"Body Text\"><strong>, B<\/strong>., Torrents-Rodas, D., <\/span><strong><span class=\"NormalTextRun SpellingErrorV2Themed SCXW84039667 BCX0\" data-ccp-parastyle=\"Body Text\">Bonillo<\/span><\/strong><span class=\"NormalTextRun SCXW84039667 BCX0\" data-ccp-parastyle=\"Body Text\"><strong>, A<\/strong>., P\u00e9rez-Bonaventura, I., Corrales, M., P\u00e0mias-Massana, M., Ramos-Quiroga, J.A.,&nbsp; <\/span><strong><span class=\"NormalTextRun SpellingErrorV2Themed SCXW84039667 BCX0\" data-ccp-parastyle=\"Body Text\">Torrubia<\/span><\/strong><span class=\"NormalTextRun SCXW84039667 BCX0\" data-ccp-parastyle=\"Body Text\"><strong>, R<\/strong>. <a href=\"https:\/\/link.springer.com\/article\/10.1007\/s10862-021-09947-3\"><span class=\"NormalTextRun SpellingErrorV2Themed SCXW104748615 BCX0\" data-ccp-parastyle=\"Body Text\">Fearconditioning deficitsin children<\/span> <span class=\"NormalTextRun SpellingErrorV2Themed SCXW104748615 BCX0\" data-ccp-parastyle=\"Body Text\">andadolescents with<\/span> p<span class=\"NormalTextRun SpellingErrorV2Themed SCXW104748615 BCX0\" data-ccp-parastyle=\"Body Text\">sychopathic<\/span> t<span class=\"NormalTextRun SpellingErrorV2Themed SCXW104748615 BCX0\" data-ccp-parastyle=\"Body Text\">raits: a studyin a clinical<\/span><\/a> <span class=\"NormalTextRun SpellingErrorV2Themed SCXW104748615 BCX0\" data-ccp-parastyle=\"Body Text\"><a href=\"https:\/\/link.springer.com\/article\/10.1007\/s10862-021-09947-3\">population<\/a>. <span class=\"TextRun SCXW119275005 BCX0\" lang=\"CA-ES\" xml:lang=\"CA-ES\" data-contrast=\"auto\"><span class=\"NormalTextRun SpellingErrorV2Themed SCXW119275005 BCX0\" data-ccp-parastyle=\"Body Text\">Journalof Psychopathology<\/span> <span class=\"NormalTextRun SpellingErrorV2Themed SCXW119275005 BCX0\" data-ccp-parastyle=\"Body Text\">and<\/span> <span class=\"NormalTextRun SpellingErrorV2Themed SCXW119275005 BCX0\" data-ccp-parastyle=\"Body Text\">Behavioral<\/span> <span class=\"NormalTextRun SpellingErrorV2Themed SCXW119275005 BCX0\" data-ccp-parastyle=\"Body Text\">Assessment, 44:&nbsp;11-25.&nbsp;<\/span><\/span><\/span><\/span><\/span><\/p>\n\n\n\n<p><span class=\"TextRun SCXW203855019 BCX0\" lang=\"CA-ES\" xml:lang=\"CA-ES\" data-contrast=\"auto\"><strong><span class=\"NormalTextRun SpellingErrorV2Themed SpellingErrorHighlight SCXW203855019 BCX0\" data-ccp-parastyle=\"Body Text\">Ivanova-Serokhvostova,I<\/span><\/strong><span class=\"NormalTextRun SCXW203855019 BCX0\" data-ccp-parastyle=\"Body Text\">., <\/span><strong><span class=\"NormalTextRun SpellingErrorV2Themed SCXW203855019 BCX0\" data-ccp-parastyle=\"Body Text\">Molinuevo<\/span><\/strong><span class=\"NormalTextRun SCXW203855019 BCX0\" data-ccp-parastyle=\"Body Text\"><strong>, B<\/strong>.,Gonz\u00e1lez, L., Hilterman, Ed L.B., Pardo, Y., Pera-Guardional, V., <\/span><strong><span class=\"NormalTextRun SpellingErrorV2Themed SCXW203855019 BCX0\" data-ccp-parastyle=\"Body Text\">Bonillo<\/span><\/strong><span class=\"NormalTextRun SCXW203855019 BCX0\" data-ccp-parastyle=\"Body Text\"><strong>, A<\/strong>., Batalla, I., <\/span><strong><span class=\"NormalTextRun SpellingErrorV2Themed SCXW203855019 BCX0\" data-ccp-parastyle=\"Body Text\">Torrubia<\/span><\/strong><span class=\"NormalTextRun SCXW203855019 BCX0\" data-ccp-parastyle=\"Body Text\"><strong>, R<\/strong>., Forth, A. <a href=\"https:\/\/link.springer.com\/article\/10.1007\/s12144-022-03208-6\"><span class=\"NormalTextRun SpellingErrorV2Themed SpellingErrorHighlight SCXW185201198 BCX0\" data-ccp-parastyle=\"Body Text\">Psychometric<\/span> <span class=\"NormalTextRun SpellingErrorV2Themed SCXW185201198 BCX0\" data-ccp-parastyle=\"Body Text\">propertiesof the<\/span> <span class=\"NormalTextRun SpellingErrorV2Themed SCXW185201198 BCX0\" data-ccp-parastyle=\"Body Text\">Spanish<\/span> <span class=\"NormalTextRun SpellingErrorV2Themed SCXW185201198 BCX0\" data-ccp-parastyle=\"Body Text\">versionof the<\/span> <span class=\"NormalTextRun SpellingErrorV2Themed SCXW185201198 BCX0\" data-ccp-parastyle=\"Body Text\">Psychopathy<\/span> <span class=\"NormalTextRun SpellingErrorV2Themed SCXW185201198 BCX0\" data-ccp-parastyle=\"Body Text\">Checklist: Youth Version.&nbsp;<\/span><\/a><\/span>Current<\/span> <span class=\"NormalTextRun SpellingErrorV2Themed SCXW74343317 BCX0\" data-ccp-parastyle=\"Body Text\">Psychology, <span class=\"NormalTextRun SpellingErrorV2Themed SpellingErrorHighlight SCXW74343317 BCX0\" data-ccp-parastyle=\"Body Text\">Current<\/span> Psychology, Epub ahead of print.<\/span><\/p>\n<\/blockquote>\n\n\n\n<blockquote class=\"wp-block-quote is-layout-flow wp-block-quote-is-layout-flow\">\n<figure class=\"wp-block-pullquote\"><blockquote><p><strong>2021<\/strong><\/p><\/blockquote><\/figure>\n\n\n\n<p>Goldberg X, Espelt C, Porta-Caster\u00e0s D, Palao D, <strong>Nadal R<\/strong>, <strong>Armario A.<\/strong> <a href=\"https:\/\/doi.org\/10.1016\/j.neubiorev.2021.06.045\">Non-communicable diseases among women survivors of intimate partner violence: Critical review from a chronic stress framework.<\/a> Neurosci Biobehav Reviews, 2021, 128: 720-734.<\/p>\n<\/blockquote>\n\n\n\n<blockquote class=\"wp-block-quote is-layout-flow wp-block-quote-is-layout-flow\">\n<figure class=\"wp-block-pullquote\"><blockquote><p><strong>2020<\/strong><\/p><\/blockquote><\/figure>\n\n\n\n<p><strong>Molinuevo B,<\/strong> Mart\u00ednez-Membrives E, Pera-Guardiola V, Requena A, Torrent N, <strong>Bonillo A<\/strong>, Batalla I, <strong>Torrubia R<\/strong>, Frick PJ.<a href=\"https:\/\/doi.org\/10.1177\/0093854819892931\" target=\"_blank\" rel=\"noopener\"> Psychometric properties of the clinical assessment of prosocial emotions: version 1.1 (CAPE 1.1) in young males who were incarcerated.<\/a> Criminal Justice and Behavior, 2020, 47(5): 547-563.<\/p>\n\n\n\n<p><strong>Vega D, Torrubia R<\/strong>, Marco-Pallar\u00e9s J, Soto A, Rodriguez-Fornells A. <a href=\"https:\/\/doi.org\/10.1016\/j.jad.2020.02.033\" target=\"_blank\" rel=\"noopener\">Metacognition of daily self-regulation processes and personality traits in borderline personality disorder.<\/a> Journal of Affective Disorders, 2020, 267: 243-250.<\/p>\n\n\n\n<p><strong>Armario A,<\/strong> Labad J, <strong>Nadal R.<\/strong> <a href=\"https:\/\/doi.org\/10.1016\/j.neubiorev.2020.01.013\" target=\"_blank\" rel=\"noopener\">Focusing attention on biological markers of acute stressor intensity: Empirical evidence and limitations.<\/a> Neuroscience and Biobehavioral Reviews, 2020, 111: 95-103.<\/p>\n<\/blockquote>\n\n\n\n<blockquote class=\"wp-block-quote is-layout-flow wp-block-quote-is-layout-flow\">\n<figure class=\"wp-block-pullquote\"><blockquote><p><strong>2019<\/strong><\/p><\/blockquote><\/figure>\n\n\n\n<p><strong>L\u00f3pez-Romero L, Molinuevo B, Bonillo A<\/strong>, Andershed H, Colins OF, <strong>Torrubia R<\/strong>, Romero E. <a href=\"https:\/\/doi.org\/10.1027\/1015-5759\/a000458\" target=\"_blank\" rel=\"noopener\">Psychometric properties of the Spanish version of the child problematic traits inventory in 3- to 12-year-old Spanish children.<\/a> European Journal of Psychological Assessment, 2019, 35: 842-854.<\/p>\n<\/blockquote>\n\n\n\n<blockquote class=\"wp-block-quote is-layout-flow wp-block-quote-is-layout-flow\">\n<figure class=\"wp-block-pullquote\"><blockquote><p><strong>2018<\/strong><\/p><\/blockquote><\/figure>\n\n\n\n<p><strong>Vega D<\/strong>, Ripoll\u00e9s P, Soto \u00c0, <strong>Torrubia R<\/strong>, Ribas J, Monreal JA, Pascual JC, Salvador R, Pomarol-Clotet E, Rodr\u00edguez-Fornells A, Marco-Pallar\u00e9s J. <a href=\"https:\/\/doi.org\/10.1007\/s11682-017-9687-x\" target=\"_blank\" rel=\"noopener\">Orbitofrontal overactivation in reward processing in borderline personality disorder: the role of non-suicidal self-injury.<\/a> Brain Imaging and Behavior, 2018, 12(1): 217-228.<\/p>\n\n\n\n<p>Cruz-Alaniz Y, <strong>Bonillo Mart\u00edn <\/strong>A, Jan\u00e9 Ballabriga MC. <a href=\"https:\/\/revistas.javeriana.edu.co\/index.php\/revPsycho\/article\/view\/12238\" target=\"_blank\" rel=\"noopener\">Parents&#8217; executive functions, parenting styles, and oppositional defiant disorder symptoms: A relational model.<\/a> Universitas Psychologica, 2018, 17: 1-10.<\/p>\n<\/blockquote>\n\n\n\n<blockquote class=\"wp-block-quote is-layout-flow wp-block-quote-is-layout-flow\">\n<figure class=\"wp-block-pullquote\"><blockquote><p><strong>2017<\/strong><\/p><\/blockquote><\/figure>\n\n\n\n<p>Mu\u00f1oz-Champel A, Guti\u00e9rrez F, Peri JM, <strong>Torrubia R<\/strong>. <a href=\"https:\/\/doi.org\/10.1080\/00223891.2017.1278700\" target=\"_blank\" rel=\"noopener\">Personality disorders are not as we thought: hierarchical factor structure at the criterion level.<\/a> Journal of Personality Assessment, 2018, 100: 16-29.<\/p>\n\n\n\n<p><strong>Vega D, Torrubia R<\/strong>, Soto \u00c0, Ribas J, Soler J, Pascual JC, Rodr\u00edguez-Fornells A, Marco-Pallar\u00e9s J. <a href=\"https:\/\/doi.org\/10.1016\/j.psychres.2017.07.008\" target=\"_blank\" rel=\"noopener\">Exploring the relationship between non suicidal self-injury and borderline personality traits in young adults.<\/a> Psychiatry Research, 2017, 256: 403-411.<\/p>\n<\/blockquote>\n\n\n\n<blockquote class=\"wp-block-quote is-layout-flow wp-block-quote-is-layout-flow\">\n<figure class=\"wp-block-pullquote\"><blockquote><p><strong>2016<\/strong><\/p><\/blockquote><\/figure>\n\n\n\n<p>Santacana M, Arias B, Mitjans M, <strong>Bonillo A<\/strong>, Montoro M, Rosado S, Guillamat R, Vall\u00e8s V, P\u00e9rez V, Forero CG, Fullana MA. <a href=\"https:\/\/doi.org\/10.1371\/journal.pone.0158224\" target=\"_blank\" rel=\"noopener\">Predicting response trajectories during cognitive-behavioural therapy for panic disorder: no association with the BDNF gene or childhood maltreatment.<\/a> PLoS One. 2016, 11(6):e0158224.<\/p>\n<\/blockquote>\n\n\n\n<blockquote class=\"wp-block-quote is-layout-flow wp-block-quote-is-layout-flow\">\n<figure class=\"wp-block-pullquote\"><blockquote><p><strong>2015<\/strong><\/p><\/blockquote><\/figure>\n\n\n\n<p>Tinoco-Gonz\u00e1lez D, Fullana MA, <strong>Torrents-Rodas D, Bonillo A<\/strong>, Vervliet B, Blasco MJ, Farr\u00e9 M, <strong>Torrubia R.<\/strong> <a href=\"https:\/\/doi.org\/10.1016\/j.beth.2014.12.004\" target=\"_blank\" rel=\"noopener\">Conditioned fear acquisition and generalization in generalized anxiety disorder.<\/a> Behavior Therapy, 2015, 46(5): 627-39.<\/p>\n\n\n\n<p><strong>Vega D<\/strong>, Vil\u00e0-Ball\u00f3 A, Soto \u00c0, Amengual J, Ribas J, <strong>Torrubia R,<\/strong> Rodr\u00edguez-Fornells A, Marco-Pallar\u00e9s J. <a href=\"https:\/\/doi.org\/10.1371\/journal.pone.0143994\" target=\"_blank\" rel=\"noopener\">Preserved error-monitoring in borderline personality disorder patients with and without non-suicidal self-injury behaviors.<\/a> PLoS One, 2015, 10(12):e0143994.<\/p>\n\n\n\n<p>Araujo Jim\u00e9nez EA, Jan\u00e9 Ballabriga MC, <strong>Bonillo Martin A<\/strong>, Arrufat FJ, Serra Giacobo R. <a href=\"https:\/\/doi.org\/10.1177\/1087054713495442\" target=\"_blank\" rel=\"noopener\">Executive functioning in children and adolescents with symptoms of sluggish cognitive tempo and adhd.<\/a> Journal of Attention Disorders, 2015, 19(6): 507-514.<\/p>\n<\/blockquote>\n\n\n\n<blockquote class=\"wp-block-quote is-layout-flow wp-block-quote-is-layout-flow\">\n<figure class=\"wp-block-pullquote\"><blockquote><p><strong>2014<\/strong><\/p><\/blockquote><\/figure>\n\n\n\n<p>Giacobo RS, Jan\u00e9 MC, <strong>Bonillo A<\/strong>, Arrufat FJ, Araujo E. <a href=\"https:\/\/doi.org\/10.1111\/camh.12026\" target=\"_blank\" rel=\"noopener\">ADHD and functional somatic symptoms: structural equations of a conceptual model.<\/a> Child and Adolescent Mental Health, 2014, 19(2): 83-89.<\/p>\n\n\n\n<p><strong>Molinuevo B<\/strong>, Pardo Y, Gonz\u00e1lez L, <strong>Torrubia R.<\/strong> <a href=\"https:\/\/doi.org\/10.1080\/14789949.2014.920901\" target=\"_blank\" rel=\"noopener\">Memories of parenting practices are associated with psychopathy in juvenile male offenders.<\/a> Journal of Forensic Psychiatry &amp; Psychology, 2014, 25(4): 495-500.<\/p>\n\n\n\n<p>Soler J, Vega D, Elices M, Feliu-Soler A, Soto A, Mart\u00edn-Blanco A, Marco-Pallar\u00e9s J, <strong>Torrubia R<\/strong>, Pascual JC. <a href=\"https:\/\/doi.org\/10.1016\/j.paid.2014.01.005\" target=\"_blank\" rel=\"noopener\">Testing the reinforcement sensitivity theory in borderline personality disorder compared with major depression and healthy controls.<\/a> Personality and Individual Differences, 2014, 61\u201362: 43-46.<\/p>\n\n\n\n<p><strong>Torrents\u2010Rodas D<\/strong>, Fullana MA, <strong>Bonillo A<\/strong>, Andi\u00f3n O, <strong>Molinuevo B,<\/strong> Caseras X, <strong>Torrubia, R<\/strong>. <a href=\"https:\/\/doi.org\/10.1111\/psyp.12213\" target=\"_blank\" rel=\"noopener\">Testing the temporal stability acquisition and generalization of fear.<\/a> Psychophysiology, 2014, 51: 697-705.<\/p>\n<\/blockquote>\n<\/div><\/details>\n\n\n\n<p><\/p>\n\n\n\n<p><\/p>\n\n\n\n<p><\/p>\n","protected":false},"excerpt":{"rendered":"","protected":false},"author":544,"featured_media":0,"parent":0,"menu_order":4,"comment_status":"closed","ping_status":"closed","template":"","meta":{"footnotes":""},"class_list":["post-26","page","type-page","status-publish","hentry"],"_links":{"self":[{"href":"https:\/\/webs.uab.cat\/labhuma\/wp-json\/wp\/v2\/pages\/26","targetHints":{"allow":["GET"]}}],"collection":[{"href":"https:\/\/webs.uab.cat\/labhuma\/wp-json\/wp\/v2\/pages"}],"about":[{"href":"https:\/\/webs.uab.cat\/labhuma\/wp-json\/wp\/v2\/types\/page"}],"author":[{"embeddable":true,"href":"https:\/\/webs.uab.cat\/labhuma\/wp-json\/wp\/v2\/users\/544"}],"replies":[{"embeddable":true,"href":"https:\/\/webs.uab.cat\/labhuma\/wp-json\/wp\/v2\/comments?post=26"}],"version-history":[{"count":13,"href":"https:\/\/webs.uab.cat\/labhuma\/wp-json\/wp\/v2\/pages\/26\/revisions"}],"predecessor-version":[{"id":2919,"href":"https:\/\/webs.uab.cat\/labhuma\/wp-json\/wp\/v2\/pages\/26\/revisions\/2919"}],"wp:attachment":[{"href":"https:\/\/webs.uab.cat\/labhuma\/wp-json\/wp\/v2\/media?parent=26"}],"curies":[{"name":"wp","href":"https:\/\/api.w.org\/{rel}","templated":true}]}}