{"id":296,"date":"2021-02-28T17:08:17","date_gmt":"2021-02-28T15:08:17","guid":{"rendered":"https:\/\/blogs.uab.cat\/motme\/?page_id=296"},"modified":"2026-03-20T16:18:43","modified_gmt":"2026-03-20T14:18:43","slug":"objetivos","status":"publish","type":"page","link":"https:\/\/webs.uab.cat\/labhuma\/quisom\/objetivos\/","title":{"rendered":"Objectius"},"content":{"rendered":"\n<p>Estudi dels processos psicol\u00f2gics implicats en l\u2019aparici\u00f3 i manteniment dels trastorns relacionats amb les <strong>conductes externalitzades<\/strong>\/desinhibides (especialment <strong>psicopatia<\/strong>, <strong>trastorns de conducta<\/strong> i els trastorns de la personalitat del <strong>Cluster B<\/strong>), i estudi de les <strong>difer\u00e8ncies individuals<\/strong> en la vulnerabilitat a aquests trastorns i els seus fonaments neurobiol\u00f2gics i neuropsicol\u00f2gics.<\/p>\n","protected":false},"excerpt":{"rendered":"<p>Estudi dels processos psicol\u00f2gics implicats en l\u2019aparici\u00f3 i manteniment dels trastorns relacionats amb les conductes externalitzades\/desinhibides (especialment psicopatia, trastorns de conducta i els trastorns de la personalitat del Cluster B), i estudi de les difer\u00e8ncies individuals en la vulnerabilitat a aquests trastorns i els seus fonaments neurobiol\u00f2gics i neuropsicol\u00f2gics.<\/p>\n","protected":false},"author":544,"featured_media":0,"parent":1111,"menu_order":2,"comment_status":"closed","ping_status":"closed","template":"","meta":{"footnotes":""},"class_list":["post-296","page","type-page","status-publish","hentry"],"_links":{"self":[{"href":"https:\/\/webs.uab.cat\/labhuma\/wp-json\/wp\/v2\/pages\/296","targetHints":{"allow":["GET"]}}],"collection":[{"href":"https:\/\/webs.uab.cat\/labhuma\/wp-json\/wp\/v2\/pages"}],"about":[{"href":"https:\/\/webs.uab.cat\/labhuma\/wp-json\/wp\/v2\/types\/page"}],"author":[{"embeddable":true,"href":"https:\/\/webs.uab.cat\/labhuma\/wp-json\/wp\/v2\/users\/544"}],"replies":[{"embeddable":true,"href":"https:\/\/webs.uab.cat\/labhuma\/wp-json\/wp\/v2\/comments?post=296"}],"version-history":[{"count":2,"href":"https:\/\/webs.uab.cat\/labhuma\/wp-json\/wp\/v2\/pages\/296\/revisions"}],"predecessor-version":[{"id":2960,"href":"https:\/\/webs.uab.cat\/labhuma\/wp-json\/wp\/v2\/pages\/296\/revisions\/2960"}],"up":[{"embeddable":true,"href":"https:\/\/webs.uab.cat\/labhuma\/wp-json\/wp\/v2\/pages\/1111"}],"wp:attachment":[{"href":"https:\/\/webs.uab.cat\/labhuma\/wp-json\/wp\/v2\/media?parent=296"}],"curies":[{"name":"wp","href":"https:\/\/api.w.org\/{rel}","templated":true}]}}