{"id":33,"date":"2021-02-19T14:12:01","date_gmt":"2021-02-19T12:12:01","guid":{"rendered":"https:\/\/blogs.uab.cat\/motme\/?page_id=33"},"modified":"2026-03-20T18:41:00","modified_gmt":"2026-03-20T16:41:00","slug":"projectes","status":"publish","type":"page","link":"https:\/\/webs.uab.cat\/labhuma\/projectes\/","title":{"rendered":"Projectes"},"content":{"rendered":"\n<p>A continuaci\u00f3 trobareu els diversos projectes finan\u00e7ats pels Ministeris de Ci\u00e8ncia, Innovaci\u00f3 y Universitats i projectes amb altres fonts de finan\u00e7ament en els que els membres del nostre grup han participat.<\/p>\n\n\n\n<div class=\"wp-block-buttons is-layout-flex wp-block-buttons-is-layout-flex\">\n<div class=\"wp-block-button\"><a class=\"wp-block-button__link wp-element-button\" href=\"https:\/\/webs.uab.cat\/labhuma\/proyectos\/ministerio-de-ciencia\/?lang=es\">projectes ministeri de ci\u00e8ncia<\/a><\/div>\n<\/div>\n\n\n\n<div class=\"wp-block-buttons is-layout-flex wp-block-buttons-is-layout-flex\">\n<div class=\"wp-block-button\"><a class=\"wp-block-button__link wp-element-button\" href=\"https:\/\/webs.uab.cat\/labhuma\/proyectos\/ministerio-de-ciencia\/?lang=es\">altres projectes<\/a><\/div>\n<\/div>\n","protected":false},"excerpt":{"rendered":"<p>A continuaci\u00f3 trobareu els diversos projectes finan\u00e7ats pels Ministeris de Ci\u00e8ncia, Innovaci\u00f3 y Universitats i projectes amb altres fonts de finan\u00e7ament en els que els membres del nostre grup han participat.<\/p>\n","protected":false},"author":544,"featured_media":0,"parent":0,"menu_order":3,"comment_status":"closed","ping_status":"closed","template":"","meta":{"footnotes":""},"class_list":["post-33","page","type-page","status-publish","hentry"],"_links":{"self":[{"href":"https:\/\/webs.uab.cat\/labhuma\/wp-json\/wp\/v2\/pages\/33","targetHints":{"allow":["GET"]}}],"collection":[{"href":"https:\/\/webs.uab.cat\/labhuma\/wp-json\/wp\/v2\/pages"}],"about":[{"href":"https:\/\/webs.uab.cat\/labhuma\/wp-json\/wp\/v2\/types\/page"}],"author":[{"embeddable":true,"href":"https:\/\/webs.uab.cat\/labhuma\/wp-json\/wp\/v2\/users\/544"}],"replies":[{"embeddable":true,"href":"https:\/\/webs.uab.cat\/labhuma\/wp-json\/wp\/v2\/comments?post=33"}],"version-history":[{"count":9,"href":"https:\/\/webs.uab.cat\/labhuma\/wp-json\/wp\/v2\/pages\/33\/revisions"}],"predecessor-version":[{"id":3025,"href":"https:\/\/webs.uab.cat\/labhuma\/wp-json\/wp\/v2\/pages\/33\/revisions\/3025"}],"wp:attachment":[{"href":"https:\/\/webs.uab.cat\/labhuma\/wp-json\/wp\/v2\/media?parent=33"}],"curies":[{"name":"wp","href":"https:\/\/api.w.org\/{rel}","templated":true}]}}