{"id":367,"date":"2021-03-03T22:02:04","date_gmt":"2021-03-03T20:02:04","guid":{"rendered":"https:\/\/blogs.uab.cat\/labhuma\/?page_id=367"},"modified":"2026-03-27T14:54:00","modified_gmt":"2026-03-27T12:54:00","slug":"treballs-de-fi-de-grau","status":"publish","type":"page","link":"https:\/\/webs.uab.cat\/labhuma\/docencia\/treballs-de-fi-de-grau\/","title":{"rendered":"Treballs de Fi de Grau"},"content":{"rendered":"\n<details class=\"wp-block-mamaduka-toggles wp-block-toggles\"><summary>Treballs en curs<\/summary><div class=\"wp-block-toggles__content\">\n<blockquote class=\"wp-block-quote is-layout-flow wp-block-quote-is-layout-flow\">\n<p><strong>2025\/2026<\/strong><\/p>\n\n\n\n<ul class=\"wp-block-list\">\n<li>Grau en Psicologia, UAB. &#8220;Subjectives and Behavioral Responses to Acute Psychosocial Stress in Children: An Analysis of Sex Differences and Psychosocial Correlates Using the TSST-C&#8221;. <strong>Estudiant<\/strong>: R. Jane. <strong>Supervisi\u00f3<\/strong>: R. Nadal.<\/li>\n\n\n\n<li>Grau en Psicologia, UAB. &#8220;Medida\u00a0 de rasgos psicop\u00e1ticos en una muestra comunitaria universitaria y an\u00e1lisis de\u00a0 la concordancia entre un Eye Tracker Basado en Webcam y el Tobii Pro Spectrum en el Reconocimiento de Emociones Faciales&#8221;. <strong>Estudiant<\/strong>: L. Lozoya. <strong>Supervisi\u00f3<\/strong>: A. Bonillo, S. Fuentes i J. Gonz\u00e1lez Sabat\u00e9. <\/li>\n<\/ul>\n<\/blockquote>\n<\/div><\/details>\n\n\n\n<details class=\"wp-block-mamaduka-toggles wp-block-toggles\"><summary>Treballs finalitzats<\/summary><div class=\"wp-block-toggles__content\">\n<blockquote class=\"wp-block-quote is-layout-flow wp-block-quote-is-layout-flow\">\n<p><strong>2024<\/strong><\/p>\n\n\n\n<ul class=\"wp-block-list\">\n<li><strong>Grau en Biologia Humana<\/strong>, UPF. &#8220;Psychosocial stress in children: a psychobiological perspective&#8221;. <strong>Estudiant<\/strong>: G. Rusi\u00f1ol. <strong>Supervisi\u00f3<\/strong>: R. Nadal.<\/li>\n\n\n\n<li><strong>Grado en Psicologia<\/strong>, UAB. Condicionamiento del miedo en ni\u00f1os y ni\u00f1as relacionado con trayectorias de riesgo en conducta externalizante. Diferencias sexuales. <strong>Estudiant<\/strong>: D. Arias. <strong>Supervisi\u00f3<\/strong>: R. Nadal.<\/li>\n\n\n\n<li><strong>Grau en Psicologia<\/strong>, UAB. &#8220;Comparative analysis of acute stress responses in children&#8221;. <strong>Estudiant<\/strong>: L. Delgado. <strong>Supervisi\u00f3<\/strong>: R. Nadal.<\/li>\n<\/ul>\n<\/blockquote>\n\n\n\n<blockquote class=\"wp-block-quote is-layout-flow wp-block-quote-is-layout-flow\">\n<p><strong>2023<\/strong><\/p>\n\n\n\n<ul class=\"wp-block-list\">\n<li><strong>Grau en Psicologia<\/strong>, UAB. Trets psicop\u00e0tics i cortisol: una revisi\u00f3 sistematitzada<br>R. Nadal.<\/li>\n\n\n\n<li><strong>Grau en Psicologia<\/strong>. Problemes externalitzants a l\u2019adolesc\u00e8ncia i resposta del cortisol a l\u2019estr\u00e8s: una revisi\u00f3 sistematitzada. <strong>Supervisi\u00f3<\/strong> :R. Nadal<\/li>\n<\/ul>\n<\/blockquote>\n\n\n\n<blockquote class=\"wp-block-quote is-layout-flow wp-block-quote-is-layout-flow\">\n<p><strong>2022<\/strong><\/p>\n\n\n\n<ul class=\"wp-block-list\">\n<li>Grau en Psicologia. <em>[ApS]<\/em> <a href=\"https:\/\/ddd.uab.cat\/record\/264665\">El teu benestar la teva felicitat. Una intervenci\u00f3 per familiars d\u2019adolescents amb problem\u00e0tica conductual greu<\/a>. <strong>Estudiant<\/strong>: D. Quevedo i M. Puig. <strong>Supervisi\u00f3<\/strong>: A. Bonillo. <\/li>\n\n\n\n<li>Grau en Psicolog\u00eda. <em>[ApS] Intervenci\u00f3 divulgativa sobre el Trastorn de Conducta i la patologia dual en adolescents i joves: psicobiologia i cl\u00ednica<\/em>. <strong>Supervisi\u00f3<\/strong>: R. Nadal. <\/li>\n\n\n\n<li>Grau en Psicolog\u00eda. <em>Neurobiolog\u00eda de los trastornos de conducta: heur\u00edstica de biomarcadores<\/em>. <strong>Supervisi\u00f3<\/strong>: R. Nadal. <\/li>\n\n\n\n<li>Grau en Criminologia. <em>Housing as a tool for the prevention of criminal behavior in young adult population [ViCon Jovenes]&nbsp;<\/em>. <strong>Supervisi\u00f3<\/strong>: B. Molinuevo. <\/li>\n\n\n\n<li>Grau en Medicina. <em>Estudi de l\u2019efic\u00e0cia de la suplementaci\u00f3 amb Omega-3 en poblaci\u00f3 infantojuvenil amb problemes de conducta i trets de duresa i insensibilitat afectiva<\/em>. <strong>Supervisi\u00f3<\/strong>: B. Molinuevo. <\/li>\n<\/ul>\n<\/blockquote>\n\n\n\n<blockquote class=\"wp-block-quote is-layout-flow wp-block-quote-is-layout-flow\">\n<p><strong>2021<\/strong><\/p>\n\n\n\n<ul class=\"wp-block-list\">\n<li>Grau en Medicina. <em>Parent-Child Interaction Therapy. Coaching and Rewarding Emotional Skills: intervenci\u00f3 bimodal en infants amb trastorns disruptius i trets de psicopatia. Programa: Aprenentatge Servei (ApS)<\/em>. <strong>Supervisi\u00f3<\/strong>: B. Molinuevo. <\/li>\n\n\n\n<li>Grau en Criminologia. <em><a href=\"https:\/\/ddd.uab.cat\/record\/248421\">Influence of Limited Prosocial Emotions into the Relation between Conduct Disorder and Criminal Behavior across Gender. Programa: Aprenentatge Servei (ApS)<\/a><\/em>. <strong>Supervisi\u00f3<\/strong>: B. Molinuevo. <\/li>\n\n\n\n<li>Grau en Criminologia. <em>Relaci\u00f3n entre el consumo de c\u00e1nnabis y la conducta antisocial o agresiva en adolescentes y adultos j\u00f3venes: Influencia del grupo de iguales o de las emociones prosociales limitadas<\/em>. <strong>Supervisi\u00f3<\/strong>: B. Molinuevo. <\/li>\n\n\n\n<li>Grau en Psicologia. <em>Com les adversitats en la vida primerenca poden modificar les respostes a l\u2019estr\u00e8s i desembocar en trastorns externalitzants<\/em>. <strong>Supervisi\u00f3<\/strong>: R. Nadal. <\/li>\n\n\n\n<li>Grau en Psicologia. <em>Abordatge interdisciplinar en adolescents i joves amb Trastorn de Conducta: Psicobiologia i Cl\u00ednica. Programa: Aprenentatge Servei (ApS)<\/em>. <strong>Supervisi\u00f3<\/strong>: R. Nadal. <\/li>\n<\/ul>\n<\/blockquote>\n\n\n\n<blockquote class=\"wp-block-quote is-layout-flow wp-block-quote-is-layout-flow\">\n<p><strong>2020<\/strong><\/p>\n\n\n\n<ul class=\"wp-block-list\">\n<li>Grau en Medicina. <em>La connectivitat entre el c\u00f2rtex cingulat anterior i l\u2019am\u00edgdala durant el processament de les emocions facials en nenes adolescents amb trets psicop\u00e0tics.<\/em> <strong>Supervisi\u00f3<\/strong>: B. Molinuevo. <\/li>\n<\/ul>\n\n\n\n<ul class=\"wp-block-list\">\n<li>Grau en Criminologia. <em>Estudi sobre l\u2019aplicaci\u00f3 de la normativa que regula les associacions cann\u00e0biques en l\u2019estat espanyol.<\/em> <strong>Supervisi\u00f3<\/strong>: B. Molinuevo. <\/li>\n<\/ul>\n\n\n\n<ul class=\"wp-block-list\">\n<li>Grau en Psicologia. <em>El consumo de alcohol durante el embarazo, trastornos del espectro alcoh\u00f3lico fetal (TEAF).<\/em> <strong>Supervisi\u00f3<\/strong>: R. Nadal. <\/li>\n<\/ul>\n\n\n\n<ul class=\"wp-block-list\">\n<li>Grau en Medicina. <em>Psic\u00f2pates exitosos i no exitosos: comparaci\u00f3 d\u2019aspectes anat\u00f2mics, neuropsicol\u00f2gics i funcionals.<\/em> <strong>Supervisi\u00f3<\/strong>: R. Torrubia. <\/li>\n<\/ul>\n<\/blockquote>\n\n\n\n<blockquote class=\"wp-block-quote is-layout-flow wp-block-quote-is-layout-flow\">\n<p><strong>2019<\/strong><\/p>\n\n\n\n<ul class=\"wp-block-list\">\n<li>Grau en Criminologia. <em>Conocimiento sobre la coca\u00edna: intervenci\u00f3n audiovisual.<\/em> <strong>Supervisi\u00f3<\/strong>: B. Molinuevo. <\/li>\n\n\n\n<li>Grau en Criminologia. <em>Relaci\u00f3n entre el modelo tri\u00e1rquico de personalidad y la conducci\u00f3n peligrosa y las infracciones de tr\u00e1fico.<\/em><strong> Supervisi\u00f3<\/strong>: B. Molinuevo. <\/li>\n\n\n\n<li>Grau en Medicina. <em>Estudi volum\u00e8tric cerebral en nenes de 6 a 12 anys amb problemes de conducta i l\u2019especificador \u201camb emocions prosocials limitades\u201d.<\/em> <strong>Supervisi\u00f3<\/strong>: B. Molinuevo.<\/li>\n\n\n\n<li>Grau en Psicologia. <em>Experiencias estresantes tempranas y vulnerabilidad a la psicopatolog\u00eda en la edad adulta.<\/em> <strong>Supervisi\u00f3<\/strong>: R. Nadal. <\/li>\n\n\n\n<li>Grau en Medicina. <em>Efic\u00e0cia d\u2019un programa d\u2019intervenci\u00f3 per a la conducta agressiva en nens amb trets psicop\u00e0tics.<\/em> <strong>Supervisi\u00f3<\/strong>: R. Torrubia. <\/li>\n<\/ul>\n<\/blockquote>\n\n\n\n<blockquote class=\"wp-block-quote is-layout-flow wp-block-quote-is-layout-flow\">\n<p><strong>2018<\/strong><\/p>\n\n\n\n<ul class=\"wp-block-list\">\n<li>Grau en Psicologia. <em>Socioeconomic status. A pathway to vulnerability and resilience.<\/em> <strong>Supervisi\u00f3<\/strong>: R. Nadal. <\/li>\n\n\n\n<li>Grau en Psicologia. <em>La institucionalizaci\u00f3n como modelo de estr\u00e9s afecta al desarrollo del cerebro y de la conducta en la preadolescencia.<\/em> <strong>Supervisi\u00f3<\/strong>: R. Nadal. <\/li>\n\n\n\n<li>Grau en Medicina. <em>Difer\u00e8ncies de g\u00e8nere en la psicopatia subcl\u00ednica: diagn\u00f2stic, conducta antisocial, agressi\u00f3, consum de subst\u00e0ncies i aspectes sociodemogr\u00e0fics.<\/em> <strong>Supervisi\u00f3<\/strong>: R. Torrubia. <\/li>\n<\/ul>\n<\/blockquote>\n\n\n\n<blockquote class=\"wp-block-quote is-layout-flow wp-block-quote-is-layout-flow\">\n<p><strong>2017<\/strong><\/p>\n\n\n\n<ul class=\"wp-block-list\">\n<li>Grau en Medicina. <em>Ensayo cl\u00ednico aleatorizado sobre el entrenamiento en detecci\u00f3n del miedo de ni\u00f1os entre 5 y 12 a\u00f1os con trastorno de conducta y emociones prosociales limitadas.<\/em> <strong>Supervisi\u00f3<\/strong>: B. Molinuevo. <\/li>\n\n\n\n<li>Grau en Medicina. <em>Pallassos d&#8217;hospital: estudi aleatoritzat controlat sobre l&#8217;impacte i necessitat de sedaci\u00f3 pedi\u00e0trica associada a la resson\u00e0ncia magn\u00e8tica.<\/em> <strong>Supervisi\u00f3<\/strong>: B. Molinuevo<\/li>\n\n\n\n<li>Grau en Criminologia. <em>Els clubs socials de c\u00e0nnabis com a model de prevenci\u00f3 del tr\u00e0fic il\u00b7legal: recomanacions per a la seva efectivitat.<\/em> <strong>Supervisi\u00f3<\/strong>: B. Molinuevo. <\/li>\n\n\n\n<li>Grau en Criminologia. <em>\u00bfSon violentas las personas que padecen Trastornos de Personalidad? Un estudio de revisi\u00f3n en poblaci\u00f3n penitenciaria.<\/em> <strong>Supervisi\u00f3<\/strong>: B. Molinuevo. <\/li>\n\n\n\n<li>Grau en Psicologia. <em>Early-life maltreatment: a risk factor to suffer depression and anxiety disorders in adulthood.<\/em> <strong>Supervisi\u00f3<\/strong>: R. Nadal. <\/li>\n\n\n\n<li>Grau en Medicina. <em>Funciones ejecutivas y procesamiento emocional en la psicopat\u00eda: comparaci\u00f3n entre psic\u00f3patas exitosos y psic\u00f3patas criminales.<\/em><strong>Supervisi\u00f3<\/strong>: R. Torrubia. <\/li>\n<\/ul>\n<\/blockquote>\n\n\n\n<blockquote class=\"wp-block-quote is-layout-flow wp-block-quote-is-layout-flow\">\n<p><strong>2016<\/strong><\/p>\n\n\n\n<ul class=\"wp-block-list\">\n<li>Grau en Medicina.<em>Valoraci\u00f3 intrahospital\u00e0ria del dolor agut en pacients amb deteriorament cognitiu avan\u00e7ant per dem\u00e8ncia d\u2019Alzheimer: judici cl\u00ednic vs Abbey Pain Scale.<\/em> <strong>Supervisi\u00f3<\/strong>: B. Molinuevo. <\/li>\n\n\n\n<li>Grau en Psicologia. <em>Alteracions estructurals i funcionals al cervell adult com a conseq\u00fc\u00e8ncia d&#8217;estr\u00e8s sever a la inf\u00e0ncia.<\/em> <strong>Supervisi\u00f3<\/strong>: R. Nadal. <\/li>\n\n\n\n<li>Grau en Psicologia. <em>La influencia del cuidado maternal y las experiencias tempranas en el desarrollo del cerebro.<\/em> <strong>Supervisi\u00f3<\/strong>: R. Nadal. <\/li>\n\n\n\n<li>Grau en Medicina. <em>Baixa prefer\u00e8ncia per cares i temperament de baixa por en el desenvolupament de trets de duresa i insensibilitat afectiva: un estudi prospectiu.<\/em> <strong>Supervisi\u00f3<\/strong>: R. Torrubia. <\/li>\n<\/ul>\n<\/blockquote>\n\n\n\n<blockquote class=\"wp-block-quote is-layout-flow wp-block-quote-is-layout-flow\">\n<p><strong>2015<\/strong><\/p>\n\n\n\n<ul class=\"wp-block-list\">\n<li>Grau en Criminologia. <em>Relaci\u00f3n entre la personalidad y el consumo problem\u00e1tico de cannabis en poblaci\u00f3n universitaria.<\/em> <strong>Supervisi\u00f3<\/strong>: B. Molinuevo. <\/li>\n<\/ul>\n\n\n\n<ul class=\"wp-block-list\">\n<li>Grau en Criminologia. <em>Propuesta de intervenci\u00f3n para el tratamiento de j\u00f3venes con rasgos de psicopat\u00eda condenados por delitos violentos en Catalu\u00f1a<\/em>.<br>B. Molinuevo. <\/li>\n<\/ul>\n\n\n\n<ul class=\"wp-block-list\">\n<li>Grau en Psicologia. <em>Comorbiditat entre els esdeveniments vitals estressants en edat primerenca i els trastorns de personalitat en l\u2019edat adulta.<\/em> <strong>Supervisi\u00f3<\/strong>: R. Nadal.<\/li>\n<\/ul>\n\n\n\n<ul class=\"wp-block-list\">\n<li>Grau en Psicologia. <em>Com es relacionen les \u00e0rees que pateixen els efectes neurobiol\u00f2gics de l\u2019estr\u00e8s primerenc amb les \u00e0rees afectades en l\u2019ab\u00fas de subst\u00e0ncies i el trastorn antisocial de la personalitat?<\/em>. <strong>Supervisi\u00f3<\/strong>: R. Nadal. <\/li>\n<\/ul>\n<\/blockquote>\n\n\n\n<blockquote class=\"wp-block-quote is-layout-flow wp-block-quote-is-layout-flow\">\n<p><strong>2014<\/strong><\/p>\n\n\n\n<ul class=\"wp-block-list\">\n<li>Grau en Criminologia. <em>Relaci\u00f3n entre el consumo de cannabis y la presencia de conductas antisociales en j\u00f3venes adolescentes escolarizados.<\/em> <strong>Supervisi\u00f3<\/strong>: B. Molinuevo. <\/li>\n\n\n\n<li>Grau en Psicologia.<em>Transgenerational epigenetics of stress resilience and vulnerability.<\/em> <strong>Supervisi\u00f3<\/strong>: R. Nadal. <\/li>\n<\/ul>\n<\/blockquote>\n\n\n\n<blockquote class=\"wp-block-quote is-layout-flow wp-block-quote-is-layout-flow\">\n<p><strong>2013<\/strong><\/p>\n\n\n\n<ul class=\"wp-block-list\">\n<li>Grau en Criminologia. <em>Relaci\u00f3n entre pr\u00e1cticas educativas parentales y conducta antisociales y de consumo de sustancias en adolescentes.<\/em> <strong>Supervisi\u00f3<\/strong>: B. Molinuevo.<\/li>\n\n\n\n<li>Grau en Criminologia. <em>Psicopat\u00eda y delincuencia vial.<\/em> <strong>Supervisi\u00f3<\/strong>: B. Molinuevo<\/li>\n<\/ul>\n<\/blockquote>\n\n\n\n<blockquote class=\"wp-block-quote is-layout-flow wp-block-quote-is-layout-flow\">\n<p><strong>2012<\/strong><\/p>\n\n\n\n<ul class=\"wp-block-list\">\n<li>Grau en Psicologia. <em>Adolesc\u00e8ncia. Drogues. Estr\u00e8s.<\/em> <strong>Supervisi\u00f3<\/strong>: R. Nadal.<\/li>\n<\/ul>\n<\/blockquote>\n<\/div><\/details>\n\n\n\n<p><\/p>\n\n\n\n<p><\/p>\n\n\n\n<p><\/p>\n\n\n\n<p><\/p>\n\n\n\n<p><\/p>\n\n\n\n<p><\/p>\n\n\n\n<p><\/p>\n\n\n\n<p><\/p>\n","protected":false},"excerpt":{"rendered":"","protected":false},"author":544,"featured_media":0,"parent":293,"menu_order":1,"comment_status":"closed","ping_status":"closed","template":"","meta":{"footnotes":""},"class_list":["post-367","page","type-page","status-publish","hentry"],"_links":{"self":[{"href":"https:\/\/webs.uab.cat\/labhuma\/wp-json\/wp\/v2\/pages\/367","targetHints":{"allow":["GET"]}}],"collection":[{"href":"https:\/\/webs.uab.cat\/labhuma\/wp-json\/wp\/v2\/pages"}],"about":[{"href":"https:\/\/webs.uab.cat\/labhuma\/wp-json\/wp\/v2\/types\/page"}],"author":[{"embeddable":true,"href":"https:\/\/webs.uab.cat\/labhuma\/wp-json\/wp\/v2\/users\/544"}],"replies":[{"embeddable":true,"href":"https:\/\/webs.uab.cat\/labhuma\/wp-json\/wp\/v2\/comments?post=367"}],"version-history":[{"count":9,"href":"https:\/\/webs.uab.cat\/labhuma\/wp-json\/wp\/v2\/pages\/367\/revisions"}],"predecessor-version":[{"id":3038,"href":"https:\/\/webs.uab.cat\/labhuma\/wp-json\/wp\/v2\/pages\/367\/revisions\/3038"}],"up":[{"embeddable":true,"href":"https:\/\/webs.uab.cat\/labhuma\/wp-json\/wp\/v2\/pages\/293"}],"wp:attachment":[{"href":"https:\/\/webs.uab.cat\/labhuma\/wp-json\/wp\/v2\/media?parent=367"}],"curies":[{"name":"wp","href":"https:\/\/api.w.org\/{rel}","templated":true}]}}