{"id":41,"date":"2021-02-19T14:13:29","date_gmt":"2021-02-19T12:13:29","guid":{"rendered":"https:\/\/blogs.uab.cat\/motme\/?page_id=41"},"modified":"2023-03-20T19:39:42","modified_gmt":"2023-03-20T17:39:42","slug":"abcd","status":"publish","type":"page","link":"https:\/\/webs.uab.cat\/labhuma\/projectes\/ministeri-de-ciencia\/abcd\/","title":{"rendered":"ABCD"},"content":{"rendered":"<h2><strong>Estudi ABCD<\/strong><\/h2>\n<p>Enlla\u00e7 a la p\u00e0gina web de l&#8217;estudi: <a href=\"https:\/\/webs.uab.cat\/estudiabcd\/\">WEB ESTUDI ABCD<\/a><\/p>\n\n<div class=\"wp-block-image\">\n<\/p>\n<figure class=\"aligncenter size-full\"><img decoding=\"async\" class=\"wp-image-873\" src=\"https:\/\/webs.uab.cat\/estudiabcd\/wp-content\/uploads\/sites\/244\/2022\/12\/Logo_ABCD-removebg-preview.png\" alt=\"\" \/><\/figure>\n\n<h2 class=\"wp-block-heading\"><strong>El problema<\/strong><\/h2>\n\n\n<p>La conducta agressiva (CA) est\u00e0 present i s&#8217;observa des de la primera inf\u00e0ncia. L&#8217;efecte combinat de la maduraci\u00f3 cerebral i socialitzaci\u00f3 influeix en la disminuci\u00f3 de l&#8217;agressi\u00f3 f\u00edsica, al mateix temps que apareixen formes alternatives que, segons la cultura, poden ser socialment acceptables per a aconseguir objectius personals i resoldre conflictes.<\/p>\n\n\n<p>La CA \u00e9s heterog\u00e8nia, t\u00e9 diferents formes de manifestaci\u00f3 (f\u00edsica\/directa i indirecta\/relacional) i compleix funcions diverses (proactiva\/instrumental i reactiva\/impulsiva). Es considera un s\u00edmptoma transdiagn\u00f2stic que acompanya a diferents trastorns de la conducta disruptiva en poblaci\u00f3 infantojuvenil. Aquests trastorns suposen una c\u00e0rrega sanit\u00e0ria, econ\u00f2mica i social amb gran impacte en la persona afectada, la seva fam\u00edlia i la societat en general. Els estudis previs s&#8217;han centrat principalment en nens i majorit\u00e0riament en una forma de manifestaci\u00f3 o en una \u00fanica dimensi\u00f3. No obstant aix\u00f2, no es pot descartar que en les nenes puguin existir difer\u00e8ncies en les formes de manifestaci\u00f3, correlats associats i\/o impacte en la salut. D&#8217;altra banda, existeixen formes de manifestaci\u00f3 que poden passar desapercebudes per ser aparentment menys molestes per a la societat en general, per\u00f2 que tenen importants repercussions tant per a la v\u00edctima com per al\/la menor que les manifesta.<\/p>\n\n\n<p>Tamb\u00e9 s&#8217;han proposat diferents correlats (marcadors) per a entendre les difer\u00e8ncies individuals en freq\u00fc\u00e8ncia, persist\u00e8ncia i intensitat de la CA que s&#8217;observen des d&#8217;edats molt primerenques. Cal continuar augmentat el coneixement per a caracteritzar factors protectors i de risc, aix\u00ed com per a dissenyar intervencions preventives efectives en etapes crucials del desenvolupament.<\/p>\n\n\n<h2 class=\"wp-block-heading\">Qu\u00e8 estudiarem?<\/h2>\n\n\n<p>En el nostre projecte s&#8217;investigaran diverses dimensions d&#8217;agressivitat, s\u00edmptomes de psicopatologia, conducta prosocial i rendiment acad\u00e8mic.<\/p>\n\n\n<p>Es realitzar\u00e0 un estudi de perfils per a caracteritzar l&#8217;heterogene\u00eftat de la CA des de la perspectiva de g\u00e8nere, el qual servir\u00e0 de base per a estudiar traject\u00f2ries en futurs estudis longitudinals.<\/p>\n\n\n<p>S&#8217;estudiaran trets de personalitat psicop\u00e0tica, funcions executives, l&#8217;adquisici\u00f3 del condicionament de la por, l&#8217;activitat de l&#8217;eix hipotal\u00e0mic-pitu\u00eftari-adrenal i del sistema simp\u00e0tic-adreno-medul\u00b7lar i indicadors d&#8217;adversitat primerenca.<\/p>\n\n\n<h2 class=\"wp-block-heading\">Qu\u00e8 s&#8217;espera?<\/h2>\n\n\n<p>S&#8217;espera que els correlats estudiats permetin avan\u00e7ar en el coneixement de la CA des de la perspectiva de g\u00e8nere, aprofundir en els diferents factors etiol\u00f2gics (processos) que condueixen a la CA greu, aix\u00ed com investigar sobre possibles biomarcadors d&#8217;aquestes conductes.<\/p>\n\n\n<p>Els sistemes de classificaci\u00f3 cl\u00ednics actuals s\u00f3n poc \u00fatils per a orientar la intervenci\u00f3 sobre la CA. Una aproximaci\u00f3 al problema a partir de la delimitaci\u00f3 dels processos b\u00e0sics implicats en els diferents perfils agressius podria contribuir de forma molt m\u00e9s efectiva al desenvolupament de programes de prevenci\u00f3 espec\u00edfics per a cada perfil agressiu que, des d&#8217;un plantejament transversal, no centrat en el diagn\u00f2stic, siguin realment \u00fatils per a prevenir el desenvolupament i la cronificaci\u00f3 d&#8217;aquesta mena de conductes i contribuir a la desestigmatitzaci\u00f3.<\/p>\n\n\n<h2 class=\"wp-block-heading\">Qui som?<\/h2>\n\n\n<p>Participarem en aquest projecte les seg\u00fcents persones:<\/p>\n\n\n<p><strong>Com a investigadores principals:<\/strong><br>Dra. Beatriz Molinuevo<br>Dra. Roser Nadal<\/p>\n\n\n<p><strong>Diversos\/es membres del nostre grup:<\/strong><br>Dr. Albert Bonillo<br>Dra. Anastasya Ivanova<br>Dr. Rafael Torrubia<\/p>\n\n\n<p><strong>Col\u00b7laboradors\/es:<\/strong><br>Dra. Silvia Fuentes (Universidad de Granada)<br>Dra. Laura L\u00f3pez-Romero (Universidad de Santiago de Compostela)<br>Dra. Montse Pamias (Hospital Parc Taul\u00ed)<br>Dra. Iris P\u00e9rez (Hospital Parc Taul\u00ed)<br>Dr. David Torrents (Universitat de Marburg)<\/p>\n\n<\/div>","protected":false},"excerpt":{"rendered":"<p>Estudi ABCD Enlla\u00e7 a la p\u00e0gina web de l&#8217;estudi: WEB ESTUDI ABCD<\/p>\n","protected":false},"author":544,"featured_media":0,"parent":738,"menu_order":0,"comment_status":"closed","ping_status":"closed","template":"","meta":{"footnotes":""},"class_list":["post-41","page","type-page","status-publish","hentry"],"_links":{"self":[{"href":"https:\/\/webs.uab.cat\/labhuma\/wp-json\/wp\/v2\/pages\/41","targetHints":{"allow":["GET"]}}],"collection":[{"href":"https:\/\/webs.uab.cat\/labhuma\/wp-json\/wp\/v2\/pages"}],"about":[{"href":"https:\/\/webs.uab.cat\/labhuma\/wp-json\/wp\/v2\/types\/page"}],"author":[{"embeddable":true,"href":"https:\/\/webs.uab.cat\/labhuma\/wp-json\/wp\/v2\/users\/544"}],"replies":[{"embeddable":true,"href":"https:\/\/webs.uab.cat\/labhuma\/wp-json\/wp\/v2\/comments?post=41"}],"version-history":[{"count":6,"href":"https:\/\/webs.uab.cat\/labhuma\/wp-json\/wp\/v2\/pages\/41\/revisions"}],"predecessor-version":[{"id":2355,"href":"https:\/\/webs.uab.cat\/labhuma\/wp-json\/wp\/v2\/pages\/41\/revisions\/2355"}],"up":[{"embeddable":true,"href":"https:\/\/webs.uab.cat\/labhuma\/wp-json\/wp\/v2\/pages\/738"}],"wp:attachment":[{"href":"https:\/\/webs.uab.cat\/labhuma\/wp-json\/wp\/v2\/media?parent=41"}],"curies":[{"name":"wp","href":"https:\/\/api.w.org\/{rel}","templated":true}]}}