{"id":43,"date":"2021-02-19T14:13:49","date_gmt":"2021-02-19T12:13:49","guid":{"rendered":"https:\/\/blogs.uab.cat\/motme\/?page_id=43"},"modified":"2023-10-16T12:49:49","modified_gmt":"2023-10-16T10:49:49","slug":"altres","status":"publish","type":"page","link":"https:\/\/webs.uab.cat\/labhuma\/projectes\/altres\/","title":{"rendered":"Altres projectes"},"content":{"rendered":"<p><a href=\"https:\/\/fundacionaliciakoplowitz.org\/\"><b>FUNDACI\u00d3N ALICIA KOPLOWITZ<\/b><\/a><\/p>\n<div class=\"x_ContentPasted2\">\n<p>Projecte: <strong>ADN mitocondrial circulant: una finestra a l\u2019estr\u00e8s i als problemes de conducta en nens i nenes de la cohort ABCD.<\/strong><br \/>\nRefer\u00e8ncia: n\/a.<br \/>\nDurada: 2023-2025.<br \/>\nIP: Roser Nadal.<\/p>\n<\/div>\n<p><a href=\"https:\/\/www.ccma.cat\/tv3\/marato\/\"><span style=\"text-decoration: underline\"><strong>LA MARAT\u00d3 DE TV3<\/strong><\/span><\/a><\/p>\n<div class=\"x_ContentPasted2\">\n<p>Projecte: <strong>Trets psicop\u00e0tics i prosocialitat a una mostra comunit\u00e0ria de nens i nenes: Un estudi longitudinal dels correlats biol\u00f2gics, emocionals i psicopatol\u00f2gics.<\/strong><br \/>\nRefer\u00e8ncia: 202222-10.<br \/>\nDurada: 2023-2026.<br \/>\nIP: Roser Nadal.<\/p>\n<p>Projecte. <strong>Design and analysis of the effectiveness of a brief mobile App-based intervention for Non-Suicidal Self-Injury: self-report, momentary and biological predictors of treatment outcomes.<\/strong><br \/>\nRefer\u00e8ncia: 202233<br \/>\nDurada: 2023-2025.<br \/>\nIP: Daniel Vega.<\/p>\n<\/div>\n<p><strong><a href=\"https:\/\/cejfe.gencat.cat\/ca\/inici\">CENTRE D\u2019ESTUDIS JURIDICS I FORMACI\u00d3 ESPECIALITZADA (CEJFE)<\/a><\/strong><\/p>\n<p>Projecte: <strong>Capacitat predictiva de conducta antinormativa i delictiva dels trets de psicopatia en joves que compleixen mesura d&#8217;internament en centres de just\u00edcia juvenil. <\/strong><br \/>\nRefer\u00e8ncia: DOGC N\u00fam. 8312 \u2013 11\/01\/21<br \/>\nOrganisme\/Entitat finan\u00e7adora: Centre d\u2019Estudis Jur\u00eddics i Formaci\u00f3 Especialitzada (CEJFE), Departament de Just\u00edcia i Interior de la Generalitat de Catalunya.<br \/>\nDurada: Des de\/d\u2019 11\/01\/2021 fins a 30\/11\/2021<\/p>\n<p>Projecte: <strong>La t\u00e8trada fosca i la predicci\u00f3 de conducta agressiva, antisocial i d\u2019adaptaci\u00f3 institucional en joves internats en centres educatius. <\/strong><br \/>\nRefer\u00e8ncia: DOGC N\u00fam. 7274 \u2013 27\/12\/16<br \/>\nOrganisme\/Entitat finan\u00e7adora: Centre d\u2019Estudis Jur\u00eddics i Formaci\u00f3 Especialitzada (CEJFE), Departament de Just\u00edcia i Interior de la Generalitat de Catalunya.<br \/>\nDurada: Des de\/d\u2019 16\/12\/2016 fins a 30\/11\/2017<br \/>\nPer a m\u00e9s informaci\u00f3:<br \/>\n<a href=\"https:\/\/cejfe.gencat.cat\/web\/.content\/home\/recerca\/cataleg\/crono\/2018\/tetradaFosca_CA.pdf\">Catal\u00e0<\/a><br \/>\n<a href=\"https:\/\/cejfe.gencat.cat\/web\/.content\/home\/recerca\/cataleg\/crono\/2018\/tetradaFosca_ES.pdf\">Castell\u00e0<\/a><br \/>\n<a href=\"https:\/\/cejfe.gencat.cat\/ca\/publicacions\/destacats-recerca\/invesbreu\/en-linia\/invesbreu-77\/\">Publicacions<\/a><br \/>\n<a href=\"https:\/\/www.youtube.com\/watch?v=8MJHVWNjqFA\">V\u00eddeos <\/a><\/p>\n<p>Projecte: <strong>Incid\u00e8ncia del trastorn l\u00edmit de la personalitat en dones encarcerades. An\u00e0lisi de conseq\u00fc\u00e8ncies i disseny de tractament.<\/strong><br \/>\nOrganisme\/Entitat finan\u00e7adora: Centre d\u2019Estudis Jur\u00eddics i Formaci\u00f3 Especialitzada (CEJFE), Departament de Just\u00edcia i Interior de la Generalitat de Catalunya.<br \/>\nDurada: 2015<br \/>\nPer a m\u00e9s informaci\u00f3:<br \/>\n<a href=\"https:\/\/cejfe.gencat.cat\/web\/.content\/home\/recerca\/cataleg\/crono\/2016\/incidencia_tlp\/incidencia_tlp.pdf\">Catal\u00e0<\/a><\/p>\n<p>Projecte: <strong>Utilitats cl\u00ednica i forense de l&#8217;especificador \u201camb emocions prosocials limitades\u201d del trastorn de conducta del DSM-5 en joves internats en centres educatius.<\/strong><br \/>\nRefer\u00e8ncia: DOGC N\u00fam. 7024 \u2013 23\/12\/15<br \/>\nOrganisme\/Entitat finan\u00e7adora: Centre d\u2019Estudis Jur\u00eddics i Formaci\u00f3 Especialitzada (CEJFE), Departament de Just\u00edcia i Interior de la Generalitat de Catalunya.<br \/>\nDurada: Des de\/d\u2019 23\/12\/2015 fins a 30\/11\/2016<br \/>\nPer a m\u00e9s informaci\u00f3:<br \/>\n<a href=\"https:\/\/cejfe.gencat.cat\/web\/.content\/home\/recerca\/cataleg\/crono\/2017\/emocionsProsocialsLimitades.pdf\">Catal\u00e0<\/a><br \/>\n<a href=\"https:\/\/cejfe.gencat.cat\/web\/.content\/home\/recerca\/cataleg\/crono\/2018\/tetradaFosca_ES.pdf\">Castell\u00e0<\/a><br \/>\n<a href=\"https:\/\/journals.sagepub.com\/doi\/abs\/10.1177\/0093854819892931\">Publicaci\u00f3 1 <\/a><br \/>\n<a href=\"https:\/\/cejfe.gencat.cat\/ca\/publicacions\/destacats-recerca\/invesbreu\/en-linia\/invesbreu-77\/\">Publicaci\u00f3 2 <\/a><br \/>\n<a href=\"https:\/\/www.youtube.com\/watch?v=ExN--pN6pu4\">V\u00eddeos<\/a><\/p>\n<p>Projecte: <strong>Els estils educatius familiars com a factors de risc per a la inadaptaci\u00f3 social i la conducta delictiva: un estudi retrospectiu en joves delinq\u00fcents i en mostres normatives.<\/strong><br \/>\nRefer\u00e8ncia: DOGC N\u00fam. 3907 \u2013 18\/06\/2003<br \/>\nOrganisme\/Entitat finan\u00e7adora: Centre d\u2019Estudis Jur\u00eddics i Formaci\u00f3 Especialitzada (CEJFE), Departament de Just\u00edcia i Interior de la Generalitat de Catalunya.<br \/>\nDurada: Des de\/d\u2019 12\/05\/2003 fins a 31\/03\/2004<br \/>\n<a href=\"https:\/\/cejfe.gencat.cat\/web\/.content\/home\/publicacions\/butlleti_invesbreu\/invesbreu27.pdf\">Publicacions<\/a><\/p>\n<p>Projecte: <strong>Trastorns de conducta i trets de psicopatia en joves: estil educatiu dels pares com a possible factor de risc. <\/strong><br \/>\nRefer\u00e8ncia: DOGC N\u00fam. 3676 \u2013 12\/07\/2002<br \/>\nOrganisme\/Entitat finan\u00e7adora: Centre d\u2019Estudis Jur\u00eddics i Formaci\u00f3 Especialitzada (CEJFE), Departament de Just\u00edcia i Interior de la Generalitat de Catalunya.<br \/>\nDurada: Des de\/d\u2019 12\/07\/2002 fins a 15\/03\/2003<br \/>\n<a href=\"https:\/\/cejfe.gencat.cat\/web\/.content\/home\/publicacions\/butlleti_invesbreu\/invesbreu27.pdf\">Publicacions<\/a><\/p>\n<p><strong>ALTRES<\/strong><\/p>\n<p><strong>Autolesi\u00f3 no su\u00efcida en adolescents i adults joves a Catalunya: prevalen\u00e7a, caracter\u00edstiques i implicacions cl\u00edniques.<\/strong> Generalitat de Catalunya, PERIS, Pla estrat\u00e8gic d\u2019Investigaci\u00f3 i Innovaci\u00f3 en Salut 2016-2020 (Ref. SLT006\/17\/00159). 2018-2021. IP: Anna Sintes Est\u00e9vez<\/p>\n<p><strong>Correlats neurofisiol\u00f2gics de processament de la recompensa i control cognitiu en pacients amb Trastorn L\u00edmit de la Personalitat amb i sense hist\u00f2ria d&#8217;aut\u00f2lisi.<\/strong> Fundaci\u00f3 La Marat\u00f3 de TV3. (Ref. 2009-092410). 2009-2012. IP: Josep Marco Pallar\u00e9s<\/p>\n<p><!--more--><\/p>\n","protected":false},"excerpt":{"rendered":"<p>FUNDACI\u00d3N ALICIA KOPLOWITZ Projecte: ADN mitocondrial circulant: una finestra a l\u2019estr\u00e8s i als problemes de conducta en nens i nenes de la cohort ABCD. Refer\u00e8ncia: n\/a. Durada: 2023-2025. IP: Roser Nadal. LA MARAT\u00d3 DE TV3 Projecte: Trets psicop\u00e0tics i prosocialitat a una mostra comunit\u00e0ria de nens i nenes: Un estudi longitudinal dels correlats biol\u00f2gics, emocionals [&hellip;]<\/p>\n","protected":false},"author":544,"featured_media":0,"parent":33,"menu_order":1,"comment_status":"closed","ping_status":"closed","template":"","meta":{"footnotes":""},"class_list":["post-43","page","type-page","status-publish","hentry"],"_links":{"self":[{"href":"https:\/\/webs.uab.cat\/labhuma\/wp-json\/wp\/v2\/pages\/43","targetHints":{"allow":["GET"]}}],"collection":[{"href":"https:\/\/webs.uab.cat\/labhuma\/wp-json\/wp\/v2\/pages"}],"about":[{"href":"https:\/\/webs.uab.cat\/labhuma\/wp-json\/wp\/v2\/types\/page"}],"author":[{"embeddable":true,"href":"https:\/\/webs.uab.cat\/labhuma\/wp-json\/wp\/v2\/users\/544"}],"replies":[{"embeddable":true,"href":"https:\/\/webs.uab.cat\/labhuma\/wp-json\/wp\/v2\/comments?post=43"}],"version-history":[{"count":7,"href":"https:\/\/webs.uab.cat\/labhuma\/wp-json\/wp\/v2\/pages\/43\/revisions"}],"predecessor-version":[{"id":2476,"href":"https:\/\/webs.uab.cat\/labhuma\/wp-json\/wp\/v2\/pages\/43\/revisions\/2476"}],"up":[{"embeddable":true,"href":"https:\/\/webs.uab.cat\/labhuma\/wp-json\/wp\/v2\/pages\/33"}],"wp:attachment":[{"href":"https:\/\/webs.uab.cat\/labhuma\/wp-json\/wp\/v2\/media?parent=43"}],"curies":[{"name":"wp","href":"https:\/\/api.w.org\/{rel}","templated":true}]}}