{"id":52,"date":"2021-02-19T14:18:05","date_gmt":"2021-02-19T12:18:05","guid":{"rendered":"https:\/\/blogs.uab.cat\/motme\/?page_id=52"},"modified":"2026-03-13T16:39:31","modified_gmt":"2026-03-13T14:39:31","slug":"tesis","status":"publish","type":"page","link":"https:\/\/webs.uab.cat\/labhuma\/docencia\/tesis\/","title":{"rendered":"Tesis"},"content":{"rendered":"\n<details class=\"wp-block-mamaduka-toggles wp-block-toggles\"><summary>Tesis doctorals en curs <\/summary><div class=\"wp-block-toggles__content\">\n<ul class=\"wp-block-list\">\n<li>M. Aparicio. Perfils i traject\u00f2ries de simptomatologia emocional i conductual en nenes i nens de la cohort ABCD.<strong> Directors\/es<\/strong>: B. Molinuevo, R. Nadal, M. P\u00e0imas.<\/li>\n\n\n\n<li>M. F. Barreiro. Acute stress response to a psychosocial stress: longitudinal study of the ABCD cohort. <strong>Directors\/es<\/strong>: A. Armario, B. Molinuevo, R. Nadal.<\/li>\n\n\n\n<li>L. Delgado. <\/li>\n\n\n\n<li>S. Fern\u00e1ndez. Aggressive Behavior in Children: Assessment and Cognitive Correlates. <strong>Directors\/es<\/strong>: S. Fuentes, B. Molinuevo, E. Penelo.<\/li>\n\n\n\n<li>D. Quevedo. Profiles of Psychopathic Traits and Conduct Problems in a Community Children Sample: Sex-Dependent Fear Conditioning Correlates. <strong>Directors\/es:<\/strong> A. Bonillo, A. Ivanova, R. Nadal.<\/li>\n\n\n\n<li>B. Soley. <\/li>\n<\/ul>\n<\/div><\/details>\n\n\n\n<details class=\"wp-block-mamaduka-toggles wp-block-toggles\"><summary>Selecci\u00f3 de tesis doctorals<\/summary><div class=\"wp-block-toggles__content\">\n<ul class=\"wp-block-list\">\n<li>V.M. Barrau. <em><a href=\"https:\/\/tesisenred.net\/handle\/10803\/689659#page=1\" data-type=\"link\" data-id=\"https:\/\/tesisenred.net\/handle\/10803\/689659#page=1\">Psychopathy in childhood, validation of the child problematic traits inventory and relationship with other clinical entities<\/a><\/em>. 2023<\/li>\n\n\n\n<li>A. Ivanova. <a href=\"https:\/\/www.educacion.gob.es\/teseo\/imprimirFicheroTesis.do?idFichero=qyc7iqV626c%3D\" data-type=\"link\" data-id=\"https:\/\/www.educacion.gob.es\/teseo\/imprimirFicheroTesis.do?idFichero=qyc7iqV626c%3D\"><em>Psychopathic traits in young clinical and forensic populations: assessment, and emotional and cognitive correlates<\/em>.<\/a> 2022.<\/li>\n\n\n\n<li>A. Cuquerella. <em><a href=\"https:\/\/www.educacion.gob.es\/teseo\/mostrarRef.do?ref=1686939\">Propiedades psicom\u00e9tricas de la adaptaci\u00f3n espa\u00f1ola del Psychopathy Checklist: Screening Version (PCL:SV)<\/a><\/em>. 2018.<\/li>\n\n\n\n<li>P. Oromendia. <em><a href=\"https:\/\/www.tdx.cat\/handle\/10803\/387328#page=1\">Evaluaci\u00f3nde un programa de tratamiento cognitivo-conductual para los trastornos por ansiedad autoaplicadoa trav\u00e9s de Internet<\/a><\/em>. 2016.<\/li>\n\n\n\n<li>Y. Cruz. <em><a href=\"https:\/\/www.tesisenred.net\/handle\/10803\/323099#page=1\">Exploring individual differences relations between executive function and parenting styles.<\/a><\/em> 2015.<\/li>\n\n\n\n<li>D. Torrents. <em><a href=\"https:\/\/www.tesisenred.net\/handle\/10803\/125858#page=1\">Individual differences in the acquisition and generalization of fear: Testing the effects of the BDNF-val66met polymorphism and trait anxiety.<\/a><\/em> 2013.<\/li>\n\n\n\n<li>D. Tinoco. <em><a href=\"https:\/\/www.tesisenred.net\/handle\/10803\/120553#page=1\">Fear conditioning to socially relevant stimuli in social anxiety.<\/a> <\/em>2013.<\/li>\n\n\n\n<li>M.L. Arrat\u00edbel. <em><a href=\"https:\/\/www.tesisenred.net\/handle\/10803\/97348#page=1\">El temperamento y el desarrollo de las habilidades sociales en la prevenci\u00f3n de la psicopatolog\u00eda infantil.<\/a> <\/em>2012.<\/li>\n\n\n\n<li>E. Araujo. <em><a href=\"https:\/\/www.tesisenred.net\/handle\/10803\/97347#page=1\">Diferencias de la funci\u00f3n ejecutiva en el trastorno por d\u00e9ficit de atenci\u00f3n con hiperactividad y en sintomatolog\u00edas asociadas.<\/a><\/em> 2012.<\/li>\n\n\n\n<li>M. Monguillot. <em><a href=\"https:\/\/www.tesisenred.net\/handle\/10803\/121597#page=1\">Estils educatius i i ansietat infantil: un model conceptual basat en les difer\u00e8ncies de g\u00e8nere.<\/a><\/em> 2012.<\/li>\n\n\n\n<li>L. Gonz\u00e1lez. <em><a href=\"https:\/\/www.educacion.gob.es\/teseo\/mostrarRef.do?ref=1686939\">Propiedades psicom\u00e9tricas de la adaptaci\u00f3n espa\u00f1ola del Psychopathy Checklist: Youth Version en poblaci\u00f3n de j\u00f3venes infractores<\/a>.<\/em> 2010.<\/li>\n\n\n\n<li>M.V. Trasovares. <em><a href=\"https:\/\/www.tesisenred.net\/handle\/10803\/31994#page=1\">Condicionament cl\u00e0ssic aversiu a un senyal i al context: el paper de la consci\u00e8ncia de conting\u00e8ncia i l\u2019ansietat tret.<\/a><\/em> 2010.<\/li>\n\n\n\n<li>R. Angulo. <em><a href=\"https:\/\/www.educacion.gob.es\/teseo\/mostrarRef.do?ref=853302\">Concordancia entre padres y maestros en la valoraci\u00f3n de la sintomatolog\u00eda conductual y emocional entre ni\u00f1os de 6 a 8 a\u00f1os<\/a>.<\/em> 2010.<\/li>\n\n\n\n<li>Y. Pardo. <em><a href=\"https:\/\/www.tesisenred.net\/handle\/10803\/5575#page=1\">El desenvolupament de la personalitat psicop\u00e0tica: pr\u00e0ctiques educatives parentals i altres variables familiars.<\/a><\/em> 2007.<\/li>\n<\/ul>\n<\/div><\/details>\n\n\n\n<p><\/p>\n","protected":false},"excerpt":{"rendered":"","protected":false},"author":544,"featured_media":0,"parent":293,"menu_order":5,"comment_status":"closed","ping_status":"closed","template":"","meta":{"footnotes":""},"class_list":["post-52","page","type-page","status-publish","hentry"],"_links":{"self":[{"href":"https:\/\/webs.uab.cat\/labhuma\/wp-json\/wp\/v2\/pages\/52","targetHints":{"allow":["GET"]}}],"collection":[{"href":"https:\/\/webs.uab.cat\/labhuma\/wp-json\/wp\/v2\/pages"}],"about":[{"href":"https:\/\/webs.uab.cat\/labhuma\/wp-json\/wp\/v2\/types\/page"}],"author":[{"embeddable":true,"href":"https:\/\/webs.uab.cat\/labhuma\/wp-json\/wp\/v2\/users\/544"}],"replies":[{"embeddable":true,"href":"https:\/\/webs.uab.cat\/labhuma\/wp-json\/wp\/v2\/comments?post=52"}],"version-history":[{"count":8,"href":"https:\/\/webs.uab.cat\/labhuma\/wp-json\/wp\/v2\/pages\/52\/revisions"}],"predecessor-version":[{"id":2892,"href":"https:\/\/webs.uab.cat\/labhuma\/wp-json\/wp\/v2\/pages\/52\/revisions\/2892"}],"up":[{"embeddable":true,"href":"https:\/\/webs.uab.cat\/labhuma\/wp-json\/wp\/v2\/pages\/293"}],"wp:attachment":[{"href":"https:\/\/webs.uab.cat\/labhuma\/wp-json\/wp\/v2\/media?parent=52"}],"curies":[{"name":"wp","href":"https:\/\/api.w.org\/{rel}","templated":true}]}}