{"id":584,"date":"2021-07-30T18:06:37","date_gmt":"2021-07-30T16:06:37","guid":{"rendered":"https:\/\/blogs.uab.cat\/labhuma\/?page_id=584"},"modified":"2026-03-20T17:04:50","modified_gmt":"2026-03-20T15:04:50","slug":"beatriz-molinuevo","status":"publish","type":"page","link":"https:\/\/webs.uab.cat\/labhuma\/membres\/investigadors-e-investigadores\/beatriz-molinuevo\/","title":{"rendered":"Beatriz Molinuevo"},"content":{"rendered":"<div class=\"wp-block-image is-resized\">\n<figure class=\"aligncenter size-large\"><img loading=\"lazy\" decoding=\"async\" width=\"1024\" height=\"576\" src=\"https:\/\/webs.uab.cat\/labhuma\/wp-content\/uploads\/sites\/245\/2023\/03\/Fondo-de-DSC00841-eliminado-1024x576.png\" alt=\"\" class=\"wp-image-2309\" style=\"width:420px;height:auto\" srcset=\"https:\/\/webs.uab.cat\/labhuma\/wp-content\/uploads\/sites\/245\/2023\/03\/Fondo-de-DSC00841-eliminado-1024x576.png 1024w, https:\/\/webs.uab.cat\/labhuma\/wp-content\/uploads\/sites\/245\/2023\/03\/Fondo-de-DSC00841-eliminado-300x169.png 300w, https:\/\/webs.uab.cat\/labhuma\/wp-content\/uploads\/sites\/245\/2023\/03\/Fondo-de-DSC00841-eliminado-768x432.png 768w, https:\/\/webs.uab.cat\/labhuma\/wp-content\/uploads\/sites\/245\/2023\/03\/Fondo-de-DSC00841-eliminado-1536x864.png 1536w, https:\/\/webs.uab.cat\/labhuma\/wp-content\/uploads\/sites\/245\/2023\/03\/Fondo-de-DSC00841-eliminado-2048x1152.png 2048w, https:\/\/webs.uab.cat\/labhuma\/wp-content\/uploads\/sites\/245\/2023\/03\/Fondo-de-DSC00841-eliminado-1200x675.png 1200w, https:\/\/webs.uab.cat\/labhuma\/wp-content\/uploads\/sites\/245\/2023\/03\/Fondo-de-DSC00841-eliminado-1980x1114.png 1980w\" sizes=\"auto, (max-width: 1024px) 100vw, 1024px\" \/><figcaption class=\"wp-element-caption\">Dra. Beatriz Molinuevo<\/figcaption><\/figure>\n<\/div>\n\n\n<p>Llicenciada en Filosofia i Ci\u00e8ncies de l&#8217;Educaci\u00f3 (Secci\u00f3 Psicologia, 1997) per la Universitat de Salamanca; M\u00e0ster en Psicologia Cl\u00ednica, Legal i Forense (Universitat Complutense de Madrid, 2000) i Doctora per la Universitat Aut\u00f2noma de Barcelona, en el programa de Psiquiatria (2008). Professora Titular d&#8217;Universitat en la Unitat de Psicologia M\u00e8dica de la Facultat de Medicina de la UAB des del 2022 i investigadora de l&#8217;Institut de Neuroci\u00e8ncies (UAB). Imparteix doc\u00e8ncia als graus de Medicina, Infermeria, Fisioter\u00e0pia i Criminologia; \u00e9s codirectora del postgrau en Neuropsicologia i Neurologia de la Conducta Infantil i professora del M\u00e0ster de Neuroci\u00e8ncies. \u00c9s coordinadora del programa de doctorat en Psiquiatria i directora del Departament de Psiquiatria i Medicina Legal i directora de la Unitat de Psicologia M\u00e8dica del Departament de Psiquiatria i de Medicina Legal. Ha participat en m\u00e9s de 20 publicacions en revistes indexades. Ha dirigit tres tesis doctorals (tres en curs), tres treballs finals de m\u00e0ster i m\u00e9s de 20 treballs finals de grau (Medicina\/Criminologia). Ha participat en l\u2019adaptaci\u00f3\/validaci\u00f3 de diversos instruments d\u2019avaluaci\u00f3 psicol\u00f2gica (pr\u00e0ctiques educatives parentals, trets de psicopatia, compet\u00e8ncies comunicatives). Ha liderat activitats d\u2019innovaci\u00f3 docent en l\u2019\u00e0mbit de la formaci\u00f3 en compet\u00e8ncies comunicatives en l\u2019alumnat de medicina i t\u00e9 un llibre publicat sobre la comunicaci\u00f3 no verbal en la relaci\u00f3 metge-pacient. Ha participat com a ponent convidada i  ha format part del Comit\u00e8 Cient\u00edfic i\/o del Comit\u00e8 Organitzador en congressos i jornades nacionals. Actualment, \u00e9s membre de l&#8217;Associaci\u00f3 Iberoamericana per la Investigaci\u00f3 de les Difer\u00e8ncies Individuals (AIIDI) i de la Scientific Society of Psychopathy. La seva l\u00ednia investigadora principal se centra en l\u2019estudi de precursors cognitius, emocionals i temperamentals de problemes de conducta i trets psicop\u00e0tics en diversos tipus de poblaci\u00f3 infantojuvenil (comunit\u00e0ria, cl\u00ednica i forense).<\/p>\n\n\n\n<p><strong>Contacte:<\/strong><br>beatriz.molinuevo@uab.cat<br>Facultat de Medicina (Unitat de Psicologia M\u00e8dica, Departament de Psiquiatria i de Medicina Legal)<br>Institut de Neuroci\u00e8ncies<br>Despatx m5-135<br>Universitat Aut\u00f2noma de Barcelona<br>Cerdanyola del Vall\u00e8s, 08193<\/p>\n\n\n\n<p><a href=\"https:\/\/orcid.org\/0000-0003-0263-4077\">ORCID<\/a><\/p>\n\n\n\n<!--more-->\n","protected":false},"excerpt":{"rendered":"<p>Llicenciada en Filosofia i Ci\u00e8ncies de l&#8217;Educaci\u00f3 (Secci\u00f3 Psicologia, 1997) per la Universitat de Salamanca; M\u00e0ster en Psicologia Cl\u00ednica, Legal i Forense (Universitat Complutense de Madrid, 2000) i Doctora per la Universitat Aut\u00f2noma de Barcelona, en el programa de Psiquiatria (2008). Professora Titular d&#8217;Universitat en la Unitat de Psicologia M\u00e8dica de la Facultat de Medicina [&hellip;]<\/p>\n","protected":false},"author":544,"featured_media":0,"parent":77,"menu_order":2,"comment_status":"closed","ping_status":"closed","template":"","meta":{"footnotes":""},"class_list":["post-584","page","type-page","status-publish","hentry"],"_links":{"self":[{"href":"https:\/\/webs.uab.cat\/labhuma\/wp-json\/wp\/v2\/pages\/584","targetHints":{"allow":["GET"]}}],"collection":[{"href":"https:\/\/webs.uab.cat\/labhuma\/wp-json\/wp\/v2\/pages"}],"about":[{"href":"https:\/\/webs.uab.cat\/labhuma\/wp-json\/wp\/v2\/types\/page"}],"author":[{"embeddable":true,"href":"https:\/\/webs.uab.cat\/labhuma\/wp-json\/wp\/v2\/users\/544"}],"replies":[{"embeddable":true,"href":"https:\/\/webs.uab.cat\/labhuma\/wp-json\/wp\/v2\/comments?post=584"}],"version-history":[{"count":8,"href":"https:\/\/webs.uab.cat\/labhuma\/wp-json\/wp\/v2\/pages\/584\/revisions"}],"predecessor-version":[{"id":2995,"href":"https:\/\/webs.uab.cat\/labhuma\/wp-json\/wp\/v2\/pages\/584\/revisions\/2995"}],"up":[{"embeddable":true,"href":"https:\/\/webs.uab.cat\/labhuma\/wp-json\/wp\/v2\/pages\/77"}],"wp:attachment":[{"href":"https:\/\/webs.uab.cat\/labhuma\/wp-json\/wp\/v2\/media?parent=584"}],"curies":[{"name":"wp","href":"https:\/\/api.w.org\/{rel}","templated":true}]}}