{"id":591,"date":"2021-07-30T18:11:33","date_gmt":"2021-07-30T16:11:33","guid":{"rendered":"https:\/\/blogs.uab.cat\/labhuma\/?page_id=591"},"modified":"2026-03-20T17:01:06","modified_gmt":"2026-03-20T15:01:06","slug":"rafael-torrubia","status":"publish","type":"page","link":"https:\/\/webs.uab.cat\/labhuma\/membres\/investigadors-e-investigadores\/rafael-torrubia\/","title":{"rendered":"Rafael Torrubia"},"content":{"rendered":"<div class=\"wp-block-image is-resized\">\n<figure class=\"aligncenter size-large\"><img loading=\"lazy\" decoding=\"async\" width=\"1024\" height=\"576\" src=\"https:\/\/webs.uab.cat\/labhuma\/wp-content\/uploads\/sites\/245\/2023\/03\/Fondo-de-DSC00803-eliminado-1-1024x576.png\" alt=\"\" class=\"wp-image-2283\" style=\"width:272px;height:auto\" srcset=\"https:\/\/webs.uab.cat\/labhuma\/wp-content\/uploads\/sites\/245\/2023\/03\/Fondo-de-DSC00803-eliminado-1-1024x576.png 1024w, https:\/\/webs.uab.cat\/labhuma\/wp-content\/uploads\/sites\/245\/2023\/03\/Fondo-de-DSC00803-eliminado-1-300x169.png 300w, https:\/\/webs.uab.cat\/labhuma\/wp-content\/uploads\/sites\/245\/2023\/03\/Fondo-de-DSC00803-eliminado-1-768x432.png 768w, https:\/\/webs.uab.cat\/labhuma\/wp-content\/uploads\/sites\/245\/2023\/03\/Fondo-de-DSC00803-eliminado-1-1536x864.png 1536w, https:\/\/webs.uab.cat\/labhuma\/wp-content\/uploads\/sites\/245\/2023\/03\/Fondo-de-DSC00803-eliminado-1-2048x1152.png 2048w, https:\/\/webs.uab.cat\/labhuma\/wp-content\/uploads\/sites\/245\/2023\/03\/Fondo-de-DSC00803-eliminado-1-1200x675.png 1200w, https:\/\/webs.uab.cat\/labhuma\/wp-content\/uploads\/sites\/245\/2023\/03\/Fondo-de-DSC00803-eliminado-1-1980x1114.png 1980w\" sizes=\"auto, (max-width: 1024px) 100vw, 1024px\" \/><figcaption class=\"wp-element-caption\">Dr. Rafael Torrubia<\/figcaption><\/figure>\n<\/div>\n\n\n<p>Llicenciat en Filosofia i Lletres (Menci\u00f3 Psicologia) el 1977 i Doctor en Filosofia i Lletres (secci\u00f3 Psicologia) el 1983, per la Universitat Aut\u00f2noma de Barcelona (UAB). Professor Titular (\u00c0rea de Psiquiatria) del Departament de Psiquiatria i de Medicina Legal (Facultat de Medicina de la UAB) des de 1987 i investigador de l\u2019Institut de Neuroci\u00e8ncies en aquesta Universitat. Imparteix doc\u00e8ncia de grau en Medicina i Fisioter\u00e0pia, ha estat codirector del Postgrau en Neuropsicologia i Neurologia de la Conducta Forenses i docent en el M\u00e0ster de Neuroci\u00e8ncies i en altres m\u00e0sters i postgraus propis de la UAB. Tamb\u00e9 col\u00b7labora de manera regular en diferents m\u00e0sters oficials i propis d\u2019altres universitats estatals. \u00c9s membre de la Comissi\u00f3 de doctorat del Departament de Psiquiatria i de Medicina Legal, coordinador del grup de recerca Laboratori Hum\u00e0 de la UAB, membre del grup de recerca reconegut per la Generalitat de Catalunya (SGR 2017_1586) \u201cModels animals i humans en trastorns mentals \u201c, membre de la Unitat Mixta de Neuroci\u00e8ncia Traslacional INc-UAB \/ Taul\u00ed i investigador de la Xarxa Tem\u00e0tica estatal \u201cEl&nbsp;nudging&nbsp;aplicat a la millora de la regulaci\u00f3: dret i pol\u00edtiques p\u00fabliques conductuals\u201d.<\/p>\n\n\n\n<p>Ha publicat 145 articles (102 indexats a la Web of Science), 20 cap\u00edtols de llibre nacionals i 5 d\u2019internacionals. Ha dirigit 22 tesis doctorals, 5 de les quals amb Premi extraordinari de doctorat. Investigador principal en 8 projectes en convocat\u00f2ries competitives i investigador en altres 15 projectes. Les seves l\u00ednies de recerca m\u00e9s importants s\u00f3n:<br>1) Els sistemes neurals aversiu i apetitiu i vulnerabilitat a la psicopatologia;<br>2) Les personalitats psicop\u00e0tiques i antisocials;<br>3) Difer\u00e8ncies individuals en el condicionament i l\u2019extinci\u00f3 de la por.<\/p>\n\n\n\n<p>En 2005 va ser guardonat amb el Premi Pavlov per la Societat Catalana de Recerca i Ter\u00e0pia del Comportament. Ha participat com a ponent convidat i ha format part del Comit\u00e8 Cient\u00edfic i\/o del Comit\u00e8 Organitzador en congressos i jornades nacionals i internacionals. Va participar en la Confer\u00e8ncia fundacional de&nbsp;l\u2019International Society for the Study of Individual Differences&nbsp;(Londres, juliol de 1983) i va ser president de la Societat Catalana de Recerca i Ter\u00e0pia del Comportament (setembre de 1987 fins a juny de 1991). Actualment, \u00e9s membre d\u2019aquesta societat, de la&nbsp;Scientific Society for the Study of Psychopathy, de&nbsp;l\u2019European Society for the Study of Personality Disorders, de la&nbsp;Sociedad Espa\u00f1ola para el estudio de los trastornos de la personalidad&nbsp;i de l\u2019Acad\u00e8mia de Ci\u00e8ncies M\u00e8diques de Catalunya i Balears.Personality Disorders, la Sociedad Espa\u00f1ola para el Estudio de los Trastornos de la Personalidad, y de la Academia de Ciencias M\u00e9dicas de Catalu\u00f1a y Baleares.<\/p>\n\n\n\n<p><strong>Contacte:<\/strong><br>rafael.torrubia@uab.cat<br>Facultat de Medicina (Unitat de Psicologia M\u00e8dica, Departament de Psiquiatria i de Medicina Legal)<br>Institut de Neuroci\u00e8ncies<br>Despatx m5-137<br>Universitat Aut\u00f2noma de Barcelona<br>Cerdanyola del Vall\u00e8s, 08193<\/p>\n\n\n\n<p><a href=\"https:\/\/orcid.org\/0000-0002-6826-6572\">ORCID<\/a><\/p>\n\n\n\n<!--more-->\n","protected":false},"excerpt":{"rendered":"<p>Llicenciat en Filosofia i Lletres (Menci\u00f3 Psicologia) el 1977 i Doctor en Filosofia i Lletres (secci\u00f3 Psicologia) el 1983, per la Universitat Aut\u00f2noma de Barcelona (UAB). Professor Titular (\u00c0rea de Psiquiatria) del Departament de Psiquiatria i de Medicina Legal (Facultat de Medicina de la UAB) des de 1987 i investigador de l\u2019Institut de Neuroci\u00e8ncies en [&hellip;]<\/p>\n","protected":false},"author":544,"featured_media":0,"parent":77,"menu_order":4,"comment_status":"closed","ping_status":"closed","template":"","meta":{"footnotes":""},"class_list":["post-591","page","type-page","status-publish","hentry"],"_links":{"self":[{"href":"https:\/\/webs.uab.cat\/labhuma\/wp-json\/wp\/v2\/pages\/591","targetHints":{"allow":["GET"]}}],"collection":[{"href":"https:\/\/webs.uab.cat\/labhuma\/wp-json\/wp\/v2\/pages"}],"about":[{"href":"https:\/\/webs.uab.cat\/labhuma\/wp-json\/wp\/v2\/types\/page"}],"author":[{"embeddable":true,"href":"https:\/\/webs.uab.cat\/labhuma\/wp-json\/wp\/v2\/users\/544"}],"replies":[{"embeddable":true,"href":"https:\/\/webs.uab.cat\/labhuma\/wp-json\/wp\/v2\/comments?post=591"}],"version-history":[{"count":9,"href":"https:\/\/webs.uab.cat\/labhuma\/wp-json\/wp\/v2\/pages\/591\/revisions"}],"predecessor-version":[{"id":2989,"href":"https:\/\/webs.uab.cat\/labhuma\/wp-json\/wp\/v2\/pages\/591\/revisions\/2989"}],"up":[{"embeddable":true,"href":"https:\/\/webs.uab.cat\/labhuma\/wp-json\/wp\/v2\/pages\/77"}],"wp:attachment":[{"href":"https:\/\/webs.uab.cat\/labhuma\/wp-json\/wp\/v2\/media?parent=591"}],"curies":[{"name":"wp","href":"https:\/\/api.w.org\/{rel}","templated":true}]}}