{"id":609,"date":"2021-07-30T18:18:54","date_gmt":"2021-07-30T16:18:54","guid":{"rendered":"https:\/\/blogs.uab.cat\/labhuma\/?page_id=609"},"modified":"2026-03-20T17:24:54","modified_gmt":"2026-03-20T15:24:54","slug":"perez-iris","status":"publish","type":"page","link":"https:\/\/webs.uab.cat\/labhuma\/membres\/personal-col-laborador\/perez-iris\/","title":{"rendered":"Iris P\u00e9rez Bonaventura"},"content":{"rendered":"<div class=\"wp-block-image\">\n<figure class=\"aligncenter\"><img loading=\"lazy\" decoding=\"async\" width=\"204\" height=\"300\" src=\"https:\/\/webs.uab.cat\/labhuma\/wp-content\/uploads\/sites\/245\/2021\/07\/irisperezbonaventura-204x300.jpg\" alt=\"\" class=\"wp-image-644\" srcset=\"https:\/\/webs.uab.cat\/labhuma\/wp-content\/uploads\/sites\/245\/2021\/07\/irisperezbonaventura-204x300.jpg 204w, https:\/\/webs.uab.cat\/labhuma\/wp-content\/uploads\/sites\/245\/2021\/07\/irisperezbonaventura.jpg 381w\" sizes=\"auto, (max-width: 204px) 100vw, 204px\" \/><figcaption>Dra. Iris P\u00e9rez-Bonaventura<\/figcaption><\/figure>\n<\/div>\n\n\n<p>Llicenciada en Psicologia per la Universitat Aut\u00f2noma de Barcelona. Doctora amb Menci\u00f3 Internacional en Psicologia Cl\u00ednica Infantojuvenil per la Universitat Aut\u00f2noma de Barcelona i la Universitat de Yale (International PhD). Especialista en Psicologia Cl\u00ednica via PIR a l\u2019Hospital Parc Taul\u00ed. Membre actiu de l\u2019Associaci\u00f3 Americana de Psicologia, APA. Beca postdoctoral a la Minnesota University Medical School. Beca Koplowitz al Child Study Center Yale School of Medicine. Llicenciada i certificada en Psicologia Cl\u00ednica (LP) als Estats Units. \u00c0rees d\u2019inter\u00e8s assistencial i publicacions cient\u00edfiques: trastorns d\u2019ansietat, TDAH, altes capacitats, autisme, trastorns de conducta i de l\u2019estat d\u2019\u00e0nim i habilitats parentals per a fam\u00edlies.<\/p>\n\n\n\n<p><a href=\"https:\/\/orcid.org\/0000-0001-7100-6205\">ORCID<\/a><\/p>\n\n\n\n<!--more-->\n","protected":false},"excerpt":{"rendered":"<p>Llicenciada en Psicologia per la Universitat Aut\u00f2noma de Barcelona. Doctora amb Menci\u00f3 Internacional en Psicologia Cl\u00ednica Infantojuvenil per la Universitat Aut\u00f2noma de Barcelona i la Universitat de Yale (International PhD). Especialista en Psicologia Cl\u00ednica via PIR a l\u2019Hospital Parc Taul\u00ed. Membre actiu de l\u2019Associaci\u00f3 Americana de Psicologia, APA. Beca postdoctoral a la Minnesota University Medical [&hellip;]<\/p>\n","protected":false},"author":544,"featured_media":0,"parent":175,"menu_order":0,"comment_status":"closed","ping_status":"closed","template":"","meta":{"footnotes":""},"class_list":["post-609","page","type-page","status-publish","hentry"],"_links":{"self":[{"href":"https:\/\/webs.uab.cat\/labhuma\/wp-json\/wp\/v2\/pages\/609","targetHints":{"allow":["GET"]}}],"collection":[{"href":"https:\/\/webs.uab.cat\/labhuma\/wp-json\/wp\/v2\/pages"}],"about":[{"href":"https:\/\/webs.uab.cat\/labhuma\/wp-json\/wp\/v2\/types\/page"}],"author":[{"embeddable":true,"href":"https:\/\/webs.uab.cat\/labhuma\/wp-json\/wp\/v2\/users\/544"}],"replies":[{"embeddable":true,"href":"https:\/\/webs.uab.cat\/labhuma\/wp-json\/wp\/v2\/comments?post=609"}],"version-history":[{"count":4,"href":"https:\/\/webs.uab.cat\/labhuma\/wp-json\/wp\/v2\/pages\/609\/revisions"}],"predecessor-version":[{"id":3012,"href":"https:\/\/webs.uab.cat\/labhuma\/wp-json\/wp\/v2\/pages\/609\/revisions\/3012"}],"up":[{"embeddable":true,"href":"https:\/\/webs.uab.cat\/labhuma\/wp-json\/wp\/v2\/pages\/175"}],"wp:attachment":[{"href":"https:\/\/webs.uab.cat\/labhuma\/wp-json\/wp\/v2\/media?parent=609"}],"curies":[{"name":"wp","href":"https:\/\/api.w.org\/{rel}","templated":true}]}}