{"id":79,"date":"2021-02-19T14:56:16","date_gmt":"2021-02-19T12:56:16","guid":{"rendered":"https:\/\/blogs.uab.cat\/motme\/?page_id=79"},"modified":"2026-03-19T16:38:34","modified_gmt":"2026-03-19T14:38:34","slug":"alumnat-de-doctorat","status":"publish","type":"page","link":"https:\/\/webs.uab.cat\/labhuma\/membres\/alumnat-de-doctorat\/","title":{"rendered":"Alumnat de doctorat"},"content":{"rendered":"\n<div class=\"wp-block-media-text alignfull is-stacked-on-mobile\" style=\"grid-template-columns:16% auto\"><figure class=\"wp-block-media-text__media\"><img loading=\"lazy\" decoding=\"async\" width=\"322\" height=\"405\" src=\"https:\/\/webs.uab.cat\/labhuma\/wp-content\/uploads\/sites\/245\/2026\/03\/mariona_foto.png\" alt=\"\" class=\"wp-image-2843 size-full\" srcset=\"https:\/\/webs.uab.cat\/labhuma\/wp-content\/uploads\/sites\/245\/2026\/03\/mariona_foto.png 322w, https:\/\/webs.uab.cat\/labhuma\/wp-content\/uploads\/sites\/245\/2026\/03\/mariona_foto-239x300.png 239w\" sizes=\"auto, (max-width: 322px) 100vw, 322px\" \/><\/figure><div class=\"wp-block-media-text__content\">\n<p><strong>Mariona Aparicio Mu\u00f1oz<\/strong><\/p>\n\n\n\n<p>Graduada en Psicologia per la Universitat de Barcelona (2017), amb un postgrau en Malalties Cr\u00f2niques i Trastorns del Comportament Infantojuvenil per la Universitat Aut\u00f2noma de Barcelona (2020). Actualment \u00e9s resident de Psicologia Cl\u00ednica a l&#8217;Hospital Universitari&nbsp;Parc&nbsp;Taul\u00ed&nbsp;de Sabadell, on es dedica principalment a l&#8217;activitat assistencial tant en poblaci\u00f3 infantojuvenil com en adults. Paral\u00b7lelament, est\u00e0 realitzant la seva tesi dins del projecte&nbsp;Aggressive&nbsp;Behaviour&nbsp;and&nbsp;Conduct&nbsp;Disorder&nbsp;del grup&nbsp;Laboratori&nbsp;Hum\u00e0, estudiant els perfils i les traject\u00f2ries evolutives de la simptomatologia emocional i conductual. Ha presentat diversos p\u00f2sters en congressos nacionals i internacionals i participa en projectes de recerca vinculats a l&#8217;etapa infantojuvenil, aix\u00ed com a l&#8217;etapa perinatal. A m\u00e9s, col\u00b7labora com a docent en el postgrau d&#8217;Aprenentatges Espec\u00edfics, Dificultats d&#8217;Aprenentatge i Trastorns del Neurodesenvolupament (codirecci\u00f3 Fundaci\u00f3&nbsp;TDAH&nbsp;Vall\u00e8s i Universitat de Barcelona).<\/p>\n\n\n\n<p><strong>Contacte:<\/strong><br>mariona.apariciom@autonoma.cat<\/p>\n<\/div><\/div>\n\n\n\n<div class=\"wp-block-media-text alignfull is-stacked-on-mobile\" style=\"grid-template-columns:16% auto\"><figure class=\"wp-block-media-text__media\"><img loading=\"lazy\" decoding=\"async\" width=\"593\" height=\"1024\" src=\"https:\/\/webs.uab.cat\/labhuma\/wp-content\/uploads\/sites\/245\/2026\/03\/Foto_Laura-593x1024.jpg\" alt=\"\" class=\"wp-image-2840 size-full\" srcset=\"https:\/\/webs.uab.cat\/labhuma\/wp-content\/uploads\/sites\/245\/2026\/03\/Foto_Laura-593x1024.jpg 593w, https:\/\/webs.uab.cat\/labhuma\/wp-content\/uploads\/sites\/245\/2026\/03\/Foto_Laura-174x300.jpg 174w, https:\/\/webs.uab.cat\/labhuma\/wp-content\/uploads\/sites\/245\/2026\/03\/Foto_Laura.jpg 625w\" sizes=\"auto, (max-width: 593px) 100vw, 593px\" \/><\/figure><div class=\"wp-block-media-text__content\">\n<p><strong>Laura Delgado Latorre<\/strong><\/p>\n\n\n\n<p>Graduada en Psicologia per la Universitat Aut\u00f2noma de Barcelona (2024) i M\u00e0ster Universitari en Iniciaci\u00f3 a la Recerca en Salut Mental (2025) de la xarxa CIBERSAM, on va centrar el seu Treball de M\u00e0ster en l\u2019estudi de l\u2019atenci\u00f3 visual en el reconeixement d\u2019expressions facials. Actualment cursa el Doctorat en Neuroci\u00e8ncies a la Universitat Aut\u00f2noma de Barcelona, on desenvolupa la seva tesi doctoral dins del projecte ABCD al grup Laboratori Hum\u00e0. La seva recerca se centra en l\u2019estudi de la conducta agressiva en poblaci\u00f3 infantojuvenil i la seva relaci\u00f3 amb m\u00e8triques d\u2019atenci\u00f3 visual, el reconeixement emocional i la pupil\u00b7lometria com a biomarcador, integrant metodologies experimentals i aplicades en l\u2019\u00e0mbit de la salut mental. Paral\u00b7lelament, exerceix com a vetlladora en una resid\u00e8ncia psiqui\u00e0trica de la Fundaci\u00f3 Salut Mental CPB \u2013 Dr. F\u00e0bregas, experi\u00e8ncia que complementa amb la seva activitat investigadora.<\/p>\n\n\n\n<p><strong>Contacte:<\/strong><br>laura.delgado@uab.cat<\/p>\n<\/div><\/div>\n\n\n\n<p><\/p>\n","protected":false},"excerpt":{"rendered":"<p>Mariona Aparicio Mu\u00f1oz Graduada en Psicologia per la Universitat de Barcelona (2017), amb un postgrau en Malalties Cr\u00f2niques i Trastorns del Comportament Infantojuvenil per la Universitat Aut\u00f2noma de Barcelona (2020). Actualment \u00e9s resident de Psicologia Cl\u00ednica a l&#8217;Hospital Universitari&nbsp;Parc&nbsp;Taul\u00ed&nbsp;de Sabadell, on es dedica principalment a l&#8217;activitat assistencial tant en poblaci\u00f3 infantojuvenil com en adults. Paral\u00b7lelament, [&hellip;]<\/p>\n","protected":false},"author":544,"featured_media":0,"parent":24,"menu_order":2,"comment_status":"closed","ping_status":"closed","template":"","meta":{"footnotes":""},"class_list":["post-79","page","type-page","status-publish","hentry"],"_links":{"self":[{"href":"https:\/\/webs.uab.cat\/labhuma\/wp-json\/wp\/v2\/pages\/79","targetHints":{"allow":["GET"]}}],"collection":[{"href":"https:\/\/webs.uab.cat\/labhuma\/wp-json\/wp\/v2\/pages"}],"about":[{"href":"https:\/\/webs.uab.cat\/labhuma\/wp-json\/wp\/v2\/types\/page"}],"author":[{"embeddable":true,"href":"https:\/\/webs.uab.cat\/labhuma\/wp-json\/wp\/v2\/users\/544"}],"replies":[{"embeddable":true,"href":"https:\/\/webs.uab.cat\/labhuma\/wp-json\/wp\/v2\/comments?post=79"}],"version-history":[{"count":25,"href":"https:\/\/webs.uab.cat\/labhuma\/wp-json\/wp\/v2\/pages\/79\/revisions"}],"predecessor-version":[{"id":2848,"href":"https:\/\/webs.uab.cat\/labhuma\/wp-json\/wp\/v2\/pages\/79\/revisions\/2848"}],"up":[{"embeddable":true,"href":"https:\/\/webs.uab.cat\/labhuma\/wp-json\/wp\/v2\/pages\/24"}],"wp:attachment":[{"href":"https:\/\/webs.uab.cat\/labhuma\/wp-json\/wp\/v2\/media?parent=79"}],"curies":[{"name":"wp","href":"https:\/\/api.w.org\/{rel}","templated":true}]}}