{"id":833,"date":"2022-04-28T09:08:21","date_gmt":"2022-04-28T07:08:21","guid":{"rendered":"https:\/\/blogs.uab.cat\/labhuma\/?page_id=833"},"modified":"2022-12-10T14:35:34","modified_gmt":"2022-12-10T12:35:34","slug":"cpti","status":"publish","type":"page","link":"https:\/\/webs.uab.cat\/labhuma\/instruments\/cpti\/","title":{"rendered":"Child Problematic Traits Inventory (CPTI)"},"content":{"rendered":"<p>El <a href=\"https:\/\/www.oru.se\/english\/research\/research-environments\/hs\/caps\/cpti\/\"><em>Child Problematic Traits Inventory<\/em><\/a> (CPTI) \u00e9s un instrument psicom\u00e8tric, dissenyat pel professor Henrik Andershed de la \u00d6rebro University (Su\u00e8cia), l&#8217;objectiu del qual \u00e9s avaluar els trets de personalitat psicop\u00e0tica en nens i nenes de 3 a 12 anys.<\/p>\n<p>Ha estat adaptat al castell\u00e0 pels equips de recerca <a href=\"https:\/\/www.stress.deusto.es\/\"><em>Deusto Stress Research<\/em><\/a> de la Universitat de Deusto i Laboratori Hum\u00e0 de la Universitat Aut\u00f2noma de Barcelona amb autoritzaci\u00f3 de l&#8217;autor.<\/p>\n<p>La versi\u00f3 per a mestres i\/o pares\/mares es pot descarregar <a href=\"https:\/\/cutt.ly\/sCIbXDZ\">aqu\u00ed<\/a>.<\/p>\n<p>Una part dels estudis de validaci\u00f3 de la traducci\u00f3 al castell\u00e0 s&#8217;han fet en col\u00b7laboraci\u00f3 amb el grup de recerca <a href=\"https:\/\/underisk.gal\/?lang=es\">Underisk<\/a> de la Universidad de Santiago de Compostela i amb el grup del Dr. Miquel Casas del <a href=\"https:\/\/www.sjdhospitalbarcelona.org\/es\/sjd-mind-escuelas\">Programa SJD MIND Escoles<\/a> i amb el Dr. H. Andershed i el Dr. O.F. Colins.<\/p>\n<p><strong>Refer\u00e8ncies dels treballs de validaci\u00f3 realitzats en col\u00b7laboraci\u00f3 amb altres grups de recerca:<\/strong><\/p>\n<ul>\n<li>Barrau, V., L\u00f3pez-Romero, L., Bosch, R., Torrubia, R., Casas, M., &amp; Molinuevo, B. (2022). Further Validation of the Spanish Parent-Reported Child Problematic Traits Inventory: Discriminant Validity for Distinguishing Children Vulnerable to Externalizing and Other Psychopathology Conditions. <em>Journal of Psychopathology and Behavioral Assessment, 44<\/em>(1), 245\u2013260. <a href=\"https:\/\/doi.org\/10.1007\/s10862-021-09921-z\">https:\/\/doi.org\/10.1007\/s10862-021-09921-z<\/a><\/li>\n<li>L\u00f3pez-Romero, L., Molinuevo, B., Bonillo, A., Andershed, H., Colins, O. F., Torrubia, R., &amp; Romero, E. (2019). Psychometric properties of the Spanish version of the Child Problematic Traits Inventory in 3- to 12-year-old Spanish children. <em>European Journal of Psychological Assessment, 35<\/em>(6), 842\u2013854. <a href=\"https:\/\/doi.org\/10.1027\/1015-5759\/a000458\">https:\/\/doi.org\/10.1027\/1015-5759\/a000458<\/a><\/li>\n<\/ul>\n<p><!--more--><\/p>\n","protected":false},"excerpt":{"rendered":"<p>El Child Problematic Traits Inventory (CPTI) \u00e9s un instrument psicom\u00e8tric, dissenyat pel professor Henrik Andershed de la \u00d6rebro University (Su\u00e8cia), l&#8217;objectiu del qual \u00e9s avaluar els trets de personalitat psicop\u00e0tica en nens i nenes de 3 a 12 anys. Ha estat adaptat al castell\u00e0 pels equips de recerca Deusto Stress Research de la Universitat de [&hellip;]<\/p>\n","protected":false},"author":544,"featured_media":0,"parent":57,"menu_order":0,"comment_status":"closed","ping_status":"closed","template":"","meta":{"footnotes":""},"class_list":["post-833","page","type-page","status-publish","hentry"],"_links":{"self":[{"href":"https:\/\/webs.uab.cat\/labhuma\/wp-json\/wp\/v2\/pages\/833","targetHints":{"allow":["GET"]}}],"collection":[{"href":"https:\/\/webs.uab.cat\/labhuma\/wp-json\/wp\/v2\/pages"}],"about":[{"href":"https:\/\/webs.uab.cat\/labhuma\/wp-json\/wp\/v2\/types\/page"}],"author":[{"embeddable":true,"href":"https:\/\/webs.uab.cat\/labhuma\/wp-json\/wp\/v2\/users\/544"}],"replies":[{"embeddable":true,"href":"https:\/\/webs.uab.cat\/labhuma\/wp-json\/wp\/v2\/comments?post=833"}],"version-history":[{"count":4,"href":"https:\/\/webs.uab.cat\/labhuma\/wp-json\/wp\/v2\/pages\/833\/revisions"}],"predecessor-version":[{"id":2178,"href":"https:\/\/webs.uab.cat\/labhuma\/wp-json\/wp\/v2\/pages\/833\/revisions\/2178"}],"up":[{"embeddable":true,"href":"https:\/\/webs.uab.cat\/labhuma\/wp-json\/wp\/v2\/pages\/57"}],"wp:attachment":[{"href":"https:\/\/webs.uab.cat\/labhuma\/wp-json\/wp\/v2\/media?parent=833"}],"curies":[{"name":"wp","href":"https:\/\/api.w.org\/{rel}","templated":true}]}}