{"id":836,"date":"2022-04-28T09:09:05","date_gmt":"2022-04-28T07:09:05","guid":{"rendered":"https:\/\/blogs.uab.cat\/labhuma\/?page_id=836"},"modified":"2022-11-21T13:46:37","modified_gmt":"2022-11-21T11:46:37","slug":"cape","status":"publish","type":"page","link":"https:\/\/webs.uab.cat\/labhuma\/instruments\/cape\/","title":{"rendered":"Clinical Assessment Prosocial Emotions (CAPE)"},"content":{"rendered":"<p>El <a href=\"https:\/\/faculty.lsu.edu\/pfricklab\/cape.php\">Clinical Assessment Prosocial Emotions, Version 1.1 (CAPE 1.1)<\/a> \u00e9s un nou m\u00e8tode en desenvolupament, dissenyat pel professor <a href=\"https:\/\/faculty.lsu.edu\/pfricklab\/\">Paul Frick<\/a> de la University of New Orleans, l\u2019objectiu del qual \u00e9s avaluar el nou especificador \u201camb emocions prosocials limitades\u201d vinculat al diagn\u00f2stic de Trastorn de Conducta incorporat en la cinquena edici\u00f3 del Manual Diagn\u00f3stico y Estad\u00edstico de Trastornos Mentales (DSM-5).<\/p>\n<p>El grup de recerca Laboratori Hum\u00e0 va demanar l\u2019autoritzaci\u00f3 a l\u2019autor Paul Frick per tal de realitzar l\u2019adaptaci\u00f3 catalana de la versi\u00f3 escrita de pares\/mares i fills\/es i estudiar les seves propietats psicom\u00e8triques. El manual es pot descarregar <a href=\"https:\/\/faculty.lsu.edu\/pfricklab\/pdfs\/cape-manual.pdf\">aqu\u00ed<\/a>.<\/p>\n<p><strong>Refer\u00e8ncia<\/strong>:<\/p>\n<ul>\n<li>Molinuevo, B., Mart\u00ednez-Membrives, E., Pera-Guardiola, V., Requena, A., Torrent, N., Bonillo, A., Batalla, I., Torrubia, R., &amp; Frick, P. J. (2020).\u00a0<strong><a href=\"https:\/\/doi.org\/10.1177\/0093854819892931\">Psychometric Properties of the Clinical Assessment of Prosocial Emotions: Version 1.1 (CAPE 1.1) in Young Males Who Were Incarcerated<\/a>.<\/strong>\u00a0<em>Criminal Justice and Behavior<\/em>,\u00a0<em>47<\/em>(5), 547\u2013563.<\/li>\n<\/ul>\n<p><!--more--><\/p>\n","protected":false},"excerpt":{"rendered":"<p>El Clinical Assessment Prosocial Emotions, Version 1.1 (CAPE 1.1) \u00e9s un nou m\u00e8tode en desenvolupament, dissenyat pel professor Paul Frick de la University of New Orleans, l\u2019objectiu del qual \u00e9s avaluar el nou especificador \u201camb emocions prosocials limitades\u201d vinculat al diagn\u00f2stic de Trastorn de Conducta incorporat en la cinquena edici\u00f3 del Manual Diagn\u00f3stico y Estad\u00edstico [&hellip;]<\/p>\n","protected":false},"author":544,"featured_media":0,"parent":57,"menu_order":0,"comment_status":"closed","ping_status":"closed","template":"","meta":{"footnotes":""},"class_list":["post-836","page","type-page","status-publish","hentry"],"_links":{"self":[{"href":"https:\/\/webs.uab.cat\/labhuma\/wp-json\/wp\/v2\/pages\/836","targetHints":{"allow":["GET"]}}],"collection":[{"href":"https:\/\/webs.uab.cat\/labhuma\/wp-json\/wp\/v2\/pages"}],"about":[{"href":"https:\/\/webs.uab.cat\/labhuma\/wp-json\/wp\/v2\/types\/page"}],"author":[{"embeddable":true,"href":"https:\/\/webs.uab.cat\/labhuma\/wp-json\/wp\/v2\/users\/544"}],"replies":[{"embeddable":true,"href":"https:\/\/webs.uab.cat\/labhuma\/wp-json\/wp\/v2\/comments?post=836"}],"version-history":[{"count":3,"href":"https:\/\/webs.uab.cat\/labhuma\/wp-json\/wp\/v2\/pages\/836\/revisions"}],"predecessor-version":[{"id":1890,"href":"https:\/\/webs.uab.cat\/labhuma\/wp-json\/wp\/v2\/pages\/836\/revisions\/1890"}],"up":[{"embeddable":true,"href":"https:\/\/webs.uab.cat\/labhuma\/wp-json\/wp\/v2\/pages\/57"}],"wp:attachment":[{"href":"https:\/\/webs.uab.cat\/labhuma\/wp-json\/wp\/v2\/media?parent=836"}],"curies":[{"name":"wp","href":"https:\/\/api.w.org\/{rel}","templated":true}]}}