{"id":839,"date":"2022-04-28T09:09:42","date_gmt":"2022-04-28T07:09:42","guid":{"rendered":"https:\/\/blogs.uab.cat\/labhuma\/?page_id=839"},"modified":"2022-12-10T14:35:39","modified_gmt":"2022-12-10T12:35:39","slug":"csas","status":"publish","type":"page","link":"https:\/\/webs.uab.cat\/labhuma\/instruments\/csas\/","title":{"rendered":"Communication Skills Attitude Scale  (CSAS)"},"content":{"rendered":"<p>El <a href=\"https:\/\/bsscollaborativedotorg.files.wordpress.com\/2015\/12\/rees-et-al-2002.pdf\">Communication Skills Attitude Scale (CSAS)<\/a> \u00e9s un q\u00fcestionari de 26 \u00edtems, desenvolupat per la professora <a href=\"https:\/\/www.monash.edu\/medicine\/mcshe\/our-people\/biographies\/charlotte-rees\">Charlotte Rees<\/a> de la Universitat de Murdoch, que permet mesurar actituds positives i negatives cap a l&#8217;aprenentatge d&#8217;habilitats de comunicaci\u00f3.<\/p>\n<p><strong>Refer\u00e8ncies<\/strong>:<\/p>\n<div>\n<ul>\n<li>Molinuevo, B. &amp; Torrubia, R. (2011).\u00a0<a href=\"https:\/\/www.researchgate.net\/publication\/51254834_Validation_of_the_Catalan_version_of_the_communication_skills_attitude_scale_CSAS_in_a_cohort_of_south_European_medical_and_nursing_students\">Validation of the Catalan Version of the Communication Skills Attitude Scale (CSAS) in a Cohort of South European Medical and Nursing Students<\/a>.\u00a0<em>Education for health: Change in Learning and Practice, 24,\u00a0<\/em>1-13.<\/li>\n<li>\n<div class=\"csl-entry\">Molinuevo, B., &amp; Torrubia, R. (2013). <a href=\"https:\/\/www.ijme.net\/archive\/4\/personality-and-attitudes-to-learning-communication-skills.pdf\">Does personality predict medical students\u2019 attitudes to learning communication skills?<\/a> <i>International Journal of Medical Education<\/i>, <i>4<\/i>, 155\u2013161. https:\/\/doi.org\/10.5116\/ijme.51f4.f2de<\/div>\n<div><\/div>\n<\/li>\n<li class=\"csl-entry\">Molinuevo, B., Aradilla-Herrero, A., Nolla, M., &amp; Cl\u00e8ries, X. (2016). <a href=\"https:\/\/www.educationforhealth.net\/temp\/EducHealth292132-3030221_082502.pdf\">A comparison of medical students\u2032, residents\u2032 and tutors\u2032 attitudes towards communication skills learning<\/a>. <i>Education for Health<\/i>, <i>29<\/i>(2), 132. https:\/\/doi.org\/10.4103\/1357-6283.188755<\/li>\n<\/ul>\n<\/div>\n<p><!--more--><\/p>\n","protected":false},"excerpt":{"rendered":"<p>El Communication Skills Attitude Scale (CSAS) \u00e9s un q\u00fcestionari de 26 \u00edtems, desenvolupat per la professora Charlotte Rees de la Universitat de Murdoch, que permet mesurar actituds positives i negatives cap a l&#8217;aprenentatge d&#8217;habilitats de comunicaci\u00f3. Refer\u00e8ncies: Molinuevo, B. &amp; Torrubia, R. (2011).\u00a0Validation of the Catalan Version of the Communication Skills Attitude Scale (CSAS) in [&hellip;]<\/p>\n","protected":false},"author":544,"featured_media":0,"parent":57,"menu_order":0,"comment_status":"closed","ping_status":"closed","template":"","meta":{"footnotes":""},"class_list":["post-839","page","type-page","status-publish","hentry"],"_links":{"self":[{"href":"https:\/\/webs.uab.cat\/labhuma\/wp-json\/wp\/v2\/pages\/839","targetHints":{"allow":["GET"]}}],"collection":[{"href":"https:\/\/webs.uab.cat\/labhuma\/wp-json\/wp\/v2\/pages"}],"about":[{"href":"https:\/\/webs.uab.cat\/labhuma\/wp-json\/wp\/v2\/types\/page"}],"author":[{"embeddable":true,"href":"https:\/\/webs.uab.cat\/labhuma\/wp-json\/wp\/v2\/users\/544"}],"replies":[{"embeddable":true,"href":"https:\/\/webs.uab.cat\/labhuma\/wp-json\/wp\/v2\/comments?post=839"}],"version-history":[{"count":3,"href":"https:\/\/webs.uab.cat\/labhuma\/wp-json\/wp\/v2\/pages\/839\/revisions"}],"predecessor-version":[{"id":2179,"href":"https:\/\/webs.uab.cat\/labhuma\/wp-json\/wp\/v2\/pages\/839\/revisions\/2179"}],"up":[{"embeddable":true,"href":"https:\/\/webs.uab.cat\/labhuma\/wp-json\/wp\/v2\/pages\/57"}],"wp:attachment":[{"href":"https:\/\/webs.uab.cat\/labhuma\/wp-json\/wp\/v2\/media?parent=839"}],"curies":[{"name":"wp","href":"https:\/\/api.w.org\/{rel}","templated":true}]}}