{"id":68,"date":"2016-04-26T13:56:47","date_gmt":"2016-04-26T13:56:47","guid":{"rendered":"https:\/\/webs.uab.cat\/labttav\/seguimiento-ocular-eye-tracking\/"},"modified":"2025-01-07T11:49:04","modified_gmt":"2025-01-07T11:49:04","slug":"eda-hr","status":"publish","type":"page","link":"https:\/\/webs.uab.cat\/labttav\/es\/eda-hr\/","title":{"rendered":"EDA-HR"},"content":{"rendered":"\n<p>El LAB-TTAV alquila un dispositiva de medida de la actividad electrod\u00e9rmica (EDA) y de la&nbsp;frecuencia card\u00edaca (HR):<\/p>\n\n\n\n<ul class=\"wp-block-list\">\n<li>CAPTIV L-700.<\/li>\n<\/ul>\n\n\n\n<p>El LAB-TTAV alquila el equipo, pero actualmente no ofrece servicios de an\u00e1lisis.<br>Hay disponible un v\u00eddeo explicativo en la&nbsp;<a href=\"https:\/\/webs.uab.cat\/labttav\/es\/videos-2\/\" target=\"_blank\" rel=\"noreferrer noopener\">secci\u00f3n de v\u00eddeos<\/a>&nbsp;para conocer su funcionamiento.<\/p>\n\n\n\n<p>Para alquilar el dispositivo CAPTIV,&nbsp;<a href=\"mailto:labttav@uab.cat\" data-type=\"mailto\" data-id=\"mailto:labttav@uab.cat\">contactad con nosotros<\/a>&nbsp;y os responderemos lo m\u00e1s pronto posible.<\/p>\n\n\n\n<p>Es necesario leer la\u00a0<a href=\"https:\/\/webs.uab.cat\/labttav\/wp-content\/uploads\/sites\/168\/2025\/01\/normativainterna_ES_2025.pdf\" target=\"_blank\" rel=\"noreferrer noopener\">normativa interna<\/a>\u00a0del LAB-TTAV y firmarla antes de alquilar cualquier equipo.<\/p>\n\n\n\n<h2 class=\"wp-block-heading\">Tarifas*<\/h2>\n\n\n\n<p>Tarifa por&nbsp;<strong>1 d\u00eda<\/strong>&nbsp;de uso de CAPTIV<\/p>\n\n\n\n<figure class=\"wp-block-table is-style-stripes has-normal-font-size\"><table class=\"has-blanc-coco-background-color has-background has-fixed-layout\"><tbody><tr><td><strong>Interna<\/strong><\/td><td><strong>1A<\/strong><\/td><td><strong>1B<\/strong><\/td><td><strong>2<\/strong><\/td><td><strong>Externa<\/strong><\/td><\/tr><tr><td>Usuarios <strong>UAB<\/strong> con proyectos internos<br><br><\/td><td>Usuarios <strong>UAB<\/strong> con proyectos externos (convenios)<br><\/td><td>Centros PRUAB, EBT+Spin-off UAB<br><br><\/td><td>Otras empresas PRUAB, Entidades CEI<br><\/td><td>Entidades p\u00fablicas o privadas <strong>NO<\/strong> vinculadas a la UAB<\/td><\/tr><tr><td>255,87 \u20ac<\/td><td>287,40 \u20ac<\/td><td>383,20 \u20ac<\/td><td>407,35 \u20ac<\/td><td>448,68 \u20ac<\/td><\/tr><\/tbody><\/table><\/figure>\n\n\n\n<p>Tarifa por <strong>1 semana<\/strong> de uso de CAPTIV<\/p>\n\n\n\n<figure class=\"wp-block-table is-style-stripes has-normal-font-size\"><table class=\"has-blanc-coco-background-color has-background has-fixed-layout\"><tbody><tr><td><strong>Interna<\/strong><\/td><td><strong>1A<\/strong><\/td><td><strong>1B<\/strong><\/td><td><strong>2<\/strong><\/td><td><strong>Externa<\/strong><\/td><\/tr><tr><td>Usuarios <strong>UAB<\/strong> con proyectos internos<br><br><\/td><td>Usuarios <strong>UAB<\/strong> con proyectos externos (convenios)<br><\/td><td>Centros PRUAB, EBT+Spin-off UAB<br><br><\/td><td>Otras empresas PRUAB, Entidades CEI<br><\/td><td>Entidades p\u00fablicas o privadas <strong>NO<\/strong> vinculadas a la UAB<\/td><\/tr><tr><td>960,43 \u20ac<\/td><td>1.075,64 \u20ac<\/td><td>1.438,21 \u20ac<\/td><td>1.527,95 \u20ac<\/td><td>1.680,75 \u20ac<\/td><\/tr><\/tbody><\/table><\/figure>\n\n\n\n<p>Tarifa por <strong>1 mes<\/strong> de uso de CAPTIV<\/p>\n\n\n\n<figure class=\"wp-block-table is-style-stripes has-normal-font-size\"><table class=\"has-blanc-coco-background-color has-background has-fixed-layout\"><tbody><tr><td><strong>Interna<\/strong><\/td><td><strong>1A<\/strong><\/td><td><strong>1B<\/strong><\/td><td><strong>2<\/strong><\/td><td><strong>Externa<\/strong><\/td><\/tr><tr><td>Usuarios <strong>UAB<\/strong> con proyectos internos<br><br><\/td><td>Usuarios <strong>UAB<\/strong> con proyectos externos (convenios)<br><\/td><td>Centros PRUAB, EBT+Spin-off UAB<br><br><\/td><td>Otras empresas PRUAB, Entidades CEI<br><\/td><td>Entidades p\u00fablicas o privadas <strong>NO<\/strong> vinculadas a la UAB<\/td><\/tr><tr><td>2.688,47 \u20ac<\/td><td>3.013,46 \u20ac<\/td><td>3.681,65 \u20ac<\/td><td>4.278,28 \u20ac<\/td><td>4.706,34 \u20ac<\/td><\/tr><\/tbody><\/table><\/figure>\n\n\n\n<p>*Importes finales exentos de IVA<\/p>\n","protected":false},"excerpt":{"rendered":"<p>El LAB-TTAV alquila un dispositiva de medida de la actividad electrod\u00e9rmica (EDA) y de la&nbsp;frecuencia card\u00edaca (HR): El LAB-TTAV alquila el equipo, pero actualmente no ofrece servicios de an\u00e1lisis.Hay disponible un v\u00eddeo explicativo en la&nbsp;secci\u00f3n de v\u00eddeos&nbsp;para conocer su funcionamiento. Para alquilar el dispositivo CAPTIV,&nbsp;contactad con nosotros&nbsp;y os responderemos lo m\u00e1s pronto posible. Es necesario [&hellip;]<\/p>\n","protected":false},"author":20,"featured_media":0,"parent":0,"menu_order":0,"comment_status":"closed","ping_status":"closed","template":"","meta":{"footnotes":""},"class_list":["post-68","page","type-page","status-publish","hentry"],"_links":{"self":[{"href":"https:\/\/webs.uab.cat\/labttav\/es\/wp-json\/wp\/v2\/pages\/68","targetHints":{"allow":["GET"]}}],"collection":[{"href":"https:\/\/webs.uab.cat\/labttav\/es\/wp-json\/wp\/v2\/pages"}],"about":[{"href":"https:\/\/webs.uab.cat\/labttav\/es\/wp-json\/wp\/v2\/types\/page"}],"author":[{"embeddable":true,"href":"https:\/\/webs.uab.cat\/labttav\/es\/wp-json\/wp\/v2\/users\/20"}],"replies":[{"embeddable":true,"href":"https:\/\/webs.uab.cat\/labttav\/es\/wp-json\/wp\/v2\/comments?post=68"}],"version-history":[{"count":17,"href":"https:\/\/webs.uab.cat\/labttav\/es\/wp-json\/wp\/v2\/pages\/68\/revisions"}],"predecessor-version":[{"id":399,"href":"https:\/\/webs.uab.cat\/labttav\/es\/wp-json\/wp\/v2\/pages\/68\/revisions\/399"}],"wp:attachment":[{"href":"https:\/\/webs.uab.cat\/labttav\/es\/wp-json\/wp\/v2\/media?parent=68"}],"curies":[{"name":"wp","href":"https:\/\/api.w.org\/{rel}","templated":true}]}}