{"id":77,"date":"2016-04-26T14:09:26","date_gmt":"2016-04-26T14:09:26","guid":{"rendered":"https:\/\/webs.uab.cat\/labttav\/asesoramiento\/"},"modified":"2025-01-07T11:48:19","modified_gmt":"2025-01-07T11:48:19","slug":"asesoramiento","status":"publish","type":"page","link":"https:\/\/webs.uab.cat\/labttav\/es\/asesoramiento\/","title":{"rendered":"Asesoramiento"},"content":{"rendered":"\n<p>El LAB-TTAV ofrece distintos servicios de consultor\u00eda relacionados con&nbsp;la traducci\u00f3n audiovisual y la accesibilidad de los medios:&nbsp;<\/p>\n\n\n\n<ul class=\"wp-block-list\">\n<li>actividades de sensibilizaci\u00f3n y de formaci\u00f3n,<\/li>\n\n\n\n<li>an\u00e1lisis&nbsp;de pr\u00e1cticas actuales,&nbsp;<\/li>\n\n\n\n<li>recomendaciones que tengan en cuenta las necesidades del usuario y los requerimientos de accesibilidad a nivel nacional e internacional,<\/li>\n\n\n\n<li>innovaci\u00f3n y tecnolog\u00eda en traducci\u00f3n audiovisual y accesibilidad a los medios.<\/li>\n<\/ul>\n\n\n\n<p>Si ten\u00e9is necesidades espec\u00edficas, <a href=\"mailto:labttav@uab.cat\" target=\"_blank\" rel=\"noopener\">contactad con nosotros<\/a>.<\/p>\n\n\n\n<p>La\u00a0<a href=\"https:\/\/webs.uab.cat\/labttav\/wp-content\/uploads\/sites\/168\/2025\/01\/normativainterna_ES_2025.pdf\" data-type=\"attachment\" target=\"_blank\" rel=\"noreferrer noopener\">normativa interna<\/a>\u00a0del laboratorio incluye las tarifas para cada servicio, pero pod\u00e9is contactar con nosotros si necesit\u00e1is un presupuesto m\u00e1s detallado.\u00a0<\/p>\n\n\n\n<h2 class=\"wp-block-heading\">Tarifas*<\/h2>\n\n\n\n<p>Consultor\u00eda en traducci\u00f3n audiovisual y accesibilidad: asesoramiento y actividades de concienciaci\u00f3n\/formaci\u00f3n: tarifa por hora.<\/p>\n\n\n\n<figure class=\"wp-block-table is-style-stripes has-normal-font-size\"><table class=\"has-blanc-coco-background-color has-background has-fixed-layout\"><tbody><tr><td><strong>Interna<\/strong><\/td><td><strong>1A<\/strong><\/td><td><strong>1B<\/strong><\/td><td><strong>2<\/strong><\/td><td><strong>Externa<\/strong><\/td><\/tr><tr><td>Usuarios <strong>UAB<\/strong> con proyectos internos<br><br><\/td><td>Usuarios <strong>UAB<\/strong> con proyectos externos (convenios)<br><\/td><td>Centros PRUAB, EBT+Spin-off UAB<br><br><\/td><td>Otras empresas PRUAB, Entidades CEI<br><\/td><td>Entidades p\u00fablicas o privadas <strong>NO<\/strong> vinculadas a la UAB<\/td><\/tr><tr><td>63,06 \u20ac<\/td><td>64,27 \u20ac<\/td><td>86,46 \u20ac<\/td><td>92,16 \u20ac<\/td><td>100,65 \u20ac<\/td><\/tr><\/tbody><\/table><\/figure>\n\n\n\n<p>*Importes finales exentos de IVA<\/p>\n","protected":false},"excerpt":{"rendered":"<p>El LAB-TTAV ofrece distintos servicios de consultor\u00eda relacionados con&nbsp;la traducci\u00f3n audiovisual y la accesibilidad de los medios:&nbsp; Si ten\u00e9is necesidades espec\u00edficas, contactad con nosotros. La\u00a0normativa interna\u00a0del laboratorio incluye las tarifas para cada servicio, pero pod\u00e9is contactar con nosotros si necesit\u00e1is un presupuesto m\u00e1s detallado.\u00a0 Tarifas* Consultor\u00eda en traducci\u00f3n audiovisual y accesibilidad: asesoramiento y actividades de [&hellip;]<\/p>\n","protected":false},"author":20,"featured_media":0,"parent":0,"menu_order":0,"comment_status":"closed","ping_status":"closed","template":"","meta":{"footnotes":""},"class_list":["post-77","page","type-page","status-publish","hentry"],"_links":{"self":[{"href":"https:\/\/webs.uab.cat\/labttav\/es\/wp-json\/wp\/v2\/pages\/77","targetHints":{"allow":["GET"]}}],"collection":[{"href":"https:\/\/webs.uab.cat\/labttav\/es\/wp-json\/wp\/v2\/pages"}],"about":[{"href":"https:\/\/webs.uab.cat\/labttav\/es\/wp-json\/wp\/v2\/types\/page"}],"author":[{"embeddable":true,"href":"https:\/\/webs.uab.cat\/labttav\/es\/wp-json\/wp\/v2\/users\/20"}],"replies":[{"embeddable":true,"href":"https:\/\/webs.uab.cat\/labttav\/es\/wp-json\/wp\/v2\/comments?post=77"}],"version-history":[{"count":7,"href":"https:\/\/webs.uab.cat\/labttav\/es\/wp-json\/wp\/v2\/pages\/77\/revisions"}],"predecessor-version":[{"id":397,"href":"https:\/\/webs.uab.cat\/labttav\/es\/wp-json\/wp\/v2\/pages\/77\/revisions\/397"}],"wp:attachment":[{"href":"https:\/\/webs.uab.cat\/labttav\/es\/wp-json\/wp\/v2\/media?parent=77"}],"curies":[{"name":"wp","href":"https:\/\/api.w.org\/{rel}","templated":true}]}}