{"id":95,"date":"2019-05-24T12:50:03","date_gmt":"2019-05-24T12:50:03","guid":{"rendered":"https:\/\/webs.uab.cat\/labttav\/proteccion-de-datos\/"},"modified":"2019-05-24T12:50:03","modified_gmt":"2019-05-24T12:50:03","slug":"proteccion-de-datos","status":"publish","type":"page","link":"https:\/\/webs.uab.cat\/labttav\/es\/proteccion-de-datos\/","title":{"rendered":"Protecci\u00f3n de datos"},"content":{"rendered":"<p>Los datos facilitados en el formulario de solicitud se utilizar\u00e1n para ponernos en contacto con usted y facilitarle la informaci\u00f3n solicitada.<\/p>\n<p>La persona responsable de la gesti\u00f3n de datos en el LAB-TTAV es Anna Matamala (anna.matamala@uab.cat).<\/p>\n<p>Sus datos no ser\u00e1n cedidos a terceros ni a otros destinatarios, excepto en los casos legalmente previstos o cuando sea de obligado cumplimiento.<br \/>\nSus datos no ser\u00e1n cedidos internacionalmente.<br \/>\nSus datos se conservar\u00e1n indefinidamente hasta que revoque su autorizaci\u00f3n.&nbsp;<br \/>\nSus datos no ser\u00e1n utilizados para procesos de decisi\u00f3n automatizados.&nbsp;<br \/>\nSus datos no ser\u00e1n utilizados para crear perfiles cuyo fin sea&nbsp;predecir sus preferencias personales, comportamientos o actitudes.<\/p>\n<p>De acuerdo con la legislaci\u00f3n vigente en materia de protecci\u00f3n de datos de car\u00e1cter personal, usted podr\u00e1 revocar cuando lo desee el consentimiento prestado y podr\u00e1 ejercitar los derechos de acceso, rectificaci\u00f3n, supresi\u00f3n, oposici\u00f3n, limitaci\u00f3n de tratamiento, portabilidad de datos, dirigi\u00e9ndose a anna.matamala@uab.cat.<br \/>\nSi quiere&nbsp;m\u00e1s informaci\u00f3n sobre&nbsp;la gesti\u00f3n de la pol\u00edtica de datos de la UAB, puede&nbsp;ponerse&nbsp;en contacto con el responsable de protecci\u00f3n de datos personales en proteccio.dades@uab.cat.<\/p>\n<p>Tambi\u00e9n encontrar\u00e1 m\u00e1s informaci\u00f3n en la&nbsp;<a href=\"https:\/\/www.uab.cat\/web\/coneix-la-uab\/itineraris\/proteccio-de-dades\/politica-proteccio-de-dades-1345763218319.html\" target=\"_blank\" rel=\"noopener\">web de la UAB sobre protecci\u00f3n de datos.<\/a><br \/>\nTambi\u00e9n puede dirigir sus reclamaciones a la Autoritat Catalana de Protecci\u00f3 de Dades, a trav\u00e9s de su sede electronica en <a href=\"https:\/\/apdcat.gencat.cat\/ca\/seu_electronica\/\" target=\"_blank\" rel=\"noopener\">APDCAT<\/a>&nbsp;o por medios no telem\u00e1ticos.<\/p>\n","protected":false},"excerpt":{"rendered":"<p>Los datos facilitados en el formulario de solicitud se utilizar\u00e1n para ponernos en contacto con usted y facilitarle la informaci\u00f3n solicitada. La persona responsable de la gesti\u00f3n de datos en el LAB-TTAV es Anna Matamala (anna.matamala@uab.cat). Sus datos no ser\u00e1n cedidos a terceros ni a otros destinatarios, excepto en los casos legalmente previstos o cuando [&hellip;]<\/p>\n","protected":false},"author":20,"featured_media":0,"parent":0,"menu_order":0,"comment_status":"closed","ping_status":"closed","template":"","meta":{"footnotes":""},"class_list":["post-95","page","type-page","status-publish","hentry"],"_links":{"self":[{"href":"https:\/\/webs.uab.cat\/labttav\/es\/wp-json\/wp\/v2\/pages\/95","targetHints":{"allow":["GET"]}}],"collection":[{"href":"https:\/\/webs.uab.cat\/labttav\/es\/wp-json\/wp\/v2\/pages"}],"about":[{"href":"https:\/\/webs.uab.cat\/labttav\/es\/wp-json\/wp\/v2\/types\/page"}],"author":[{"embeddable":true,"href":"https:\/\/webs.uab.cat\/labttav\/es\/wp-json\/wp\/v2\/users\/20"}],"replies":[{"embeddable":true,"href":"https:\/\/webs.uab.cat\/labttav\/es\/wp-json\/wp\/v2\/comments?post=95"}],"version-history":[{"count":0,"href":"https:\/\/webs.uab.cat\/labttav\/es\/wp-json\/wp\/v2\/pages\/95\/revisions"}],"wp:attachment":[{"href":"https:\/\/webs.uab.cat\/labttav\/es\/wp-json\/wp\/v2\/media?parent=95"}],"curies":[{"name":"wp","href":"https:\/\/api.w.org\/{rel}","templated":true}]}}