{"id":63,"date":"2016-04-26T13:56:47","date_gmt":"2016-04-26T13:56:47","guid":{"rendered":"https:\/\/webs.uab.cat\/labttav\/eda-hr\/"},"modified":"2025-01-07T10:41:42","modified_gmt":"2025-01-07T10:41:42","slug":"eda-hr","status":"publish","type":"page","link":"https:\/\/webs.uab.cat\/labttav\/eda-hr\/","title":{"rendered":"EDA-HR"},"content":{"rendered":"\n<p>El LAB-TTAV lloga un aparell de mesura de l\u2019activitat electrod\u00e8rmica&nbsp;(EDA) i de la freq\u00fc\u00e8ncia card\u00edaca (HR):&nbsp;<\/p>\n\n\n\n<ul class=\"wp-block-list\">\n<li>CAPTIV L-700.<\/li>\n<\/ul>\n\n\n\n<p>El LAB-TTAV lloga l&#8217;equip, per\u00f2 actualment no ofereix&nbsp;serveis d&#8217;an\u00e0lisi.<\/p>\n\n\n\n<p>Posem a la vostra disposici\u00f3 un v\u00eddeo&nbsp;explicatiu&nbsp;a la&nbsp;<a href=\"https:\/\/webs.uab.cat\/labttav\/ca\/videos\/\" data-type=\"page\" data-id=\"82\" target=\"_blank\" rel=\"noreferrer noopener\">secci\u00f3 de v\u00eddeos<\/a>: com utilitzar el CAPTIV L-700.<\/p>\n\n\n\n<p>Si voleu llogar el dispositiu CAPTIV, <a href=\"mailto:labttav@uab.cat\">contacteu amb nosaltres per correu<\/a> i us respondrem al m\u00e9s aviat possible.<\/p>\n\n\n\n<p>Cal llegir la <a href=\"https:\/\/webs.uab.cat\/labttav\/wp-content\/uploads\/sites\/168\/2025\/01\/normativainterna_CAT_2025-2.pdf\" target=\"_blank\" rel=\"noreferrer noopener\">normativa interna<\/a> del LAB-TTAV i signar-la abans de llogar qualsevol equip.<\/p>\n\n\n\n<h2 class=\"wp-block-heading\">Tarifes*<\/h2>\n\n\n\n<p>Tarifa per <strong>1 dia<\/strong> d&#8217;utilitzaci\u00f3 de CAPTIV<\/p>\n\n\n\n<figure class=\"wp-block-table is-style-stripes has-normal-font-size\"><table class=\"has-blanc-coco-background-color has-background has-fixed-layout\"><tbody><tr><td><strong>Interna<\/strong><\/td><td><strong>1A<\/strong><\/td><td><strong>1B<\/strong><\/td><td><strong>2<\/strong><\/td><td><strong>Externa<\/strong><\/td><\/tr><tr><td>Usuaris <strong>UAB<\/strong> amb projectes interns<br><br><\/td><td>Usuaris <strong>UAB<\/strong> amb projectes externs (convenis)<br><\/td><td>Centres PRUAB, EBT+Spin-off UAB<br><br><\/td><td>Altres empreses PRUAB, Entitats CEI<br><\/td><td>Entitats p\u00fabliques o privades <strong>NO<\/strong> vinculades a la UAB<\/td><\/tr><tr><td>255,87 \u20ac<\/td><td>287,40 \u20ac<\/td><td>383,20 \u20ac<\/td><td>407,35 \u20ac<\/td><td>448,68 \u20ac<\/td><\/tr><\/tbody><\/table><\/figure>\n\n\n\n<p>Tarifa per <strong>1 setmana<\/strong> d&#8217;utilitzaci\u00f3 de CAPTIV<\/p>\n\n\n\n<figure class=\"wp-block-table is-style-stripes has-normal-font-size\"><table class=\"has-blanc-coco-background-color has-background has-fixed-layout\"><tbody><tr><td><strong>Interna<\/strong><\/td><td><strong>1A<\/strong><\/td><td><strong>1B<\/strong><\/td><td><strong>2<\/strong><\/td><td><strong>Externa<\/strong><\/td><\/tr><tr><td>Usuaris <strong>UAB<\/strong> amb projectes interns<br><br><\/td><td>Usuaris <strong>UAB<\/strong> amb projectes externs (convenis)<br><\/td><td>Centres PRUAB, EBT+Spin-off UAB<br><br><\/td><td>Altres empreses PRUAB, Entitats CEI<br><\/td><td>Entitats p\u00fabliques o privades <strong>NO<\/strong> vinculades a la UAB<\/td><\/tr><tr><td>960,43 \u20ac<\/td><td>1.075,64 \u20ac<\/td><td>1.438,21 \u20ac<\/td><td>1.527,95 \u20ac<\/td><td>1.680,75 \u20ac<\/td><\/tr><\/tbody><\/table><\/figure>\n\n\n\n<p>Tarifa per <strong>1 mes<\/strong> d&#8217;utilitzaci\u00f3 de CAPTIV<\/p>\n\n\n\n<figure class=\"wp-block-table is-style-stripes has-normal-font-size\"><table class=\"has-blanc-coco-background-color has-background has-fixed-layout\"><tbody><tr><td><strong>Interna<\/strong><\/td><td><strong>1A<\/strong><\/td><td><strong>1B<\/strong><\/td><td><strong>2<\/strong><\/td><td><strong>Externa<\/strong><\/td><\/tr><tr><td>Usuaris <strong>UAB<\/strong> amb projectes interns<br><br><\/td><td>Usuaris <strong>UAB<\/strong> amb projectes externs (convenis)<br><\/td><td>Centres PRUAB, EBT+Spin-off UAB<br><br><\/td><td>Altres empreses PRUAB, Entitats CEI<br><\/td><td>Entitats p\u00fabliques o privades <strong>NO<\/strong> vinculades a la UAB<\/td><\/tr><tr><td>2.688,47 \u20ac<\/td><td>3.013,46 \u20ac<\/td><td>3.681,65 \u20ac<\/td><td>4.278,28 \u20ac<\/td><td>4.706,34 \u20ac<\/td><\/tr><\/tbody><\/table><\/figure>\n\n\n\n<p>*Import final excepte IVA.<\/p>\n","protected":false},"excerpt":{"rendered":"<p>El LAB-TTAV lloga un aparell de mesura de l\u2019activitat electrod\u00e8rmica&nbsp;(EDA) i de la freq\u00fc\u00e8ncia card\u00edaca (HR):&nbsp; El LAB-TTAV lloga l&#8217;equip, per\u00f2 actualment no ofereix&nbsp;serveis d&#8217;an\u00e0lisi. Posem a la vostra disposici\u00f3 un v\u00eddeo&nbsp;explicatiu&nbsp;a la&nbsp;secci\u00f3 de v\u00eddeos: com utilitzar el CAPTIV L-700. Si voleu llogar el dispositiu CAPTIV, contacteu amb nosaltres per correu i us respondrem al [&hellip;]<\/p>\n","protected":false},"author":20,"featured_media":0,"parent":0,"menu_order":0,"comment_status":"closed","ping_status":"closed","template":"","meta":{"footnotes":""},"class_list":["post-63","page","type-page","status-publish","hentry"],"_links":{"self":[{"href":"https:\/\/webs.uab.cat\/labttav\/wp-json\/wp\/v2\/pages\/63","targetHints":{"allow":["GET"]}}],"collection":[{"href":"https:\/\/webs.uab.cat\/labttav\/wp-json\/wp\/v2\/pages"}],"about":[{"href":"https:\/\/webs.uab.cat\/labttav\/wp-json\/wp\/v2\/types\/page"}],"author":[{"embeddable":true,"href":"https:\/\/webs.uab.cat\/labttav\/wp-json\/wp\/v2\/users\/20"}],"replies":[{"embeddable":true,"href":"https:\/\/webs.uab.cat\/labttav\/wp-json\/wp\/v2\/comments?post=63"}],"version-history":[{"count":9,"href":"https:\/\/webs.uab.cat\/labttav\/wp-json\/wp\/v2\/pages\/63\/revisions"}],"predecessor-version":[{"id":389,"href":"https:\/\/webs.uab.cat\/labttav\/wp-json\/wp\/v2\/pages\/63\/revisions\/389"}],"wp:attachment":[{"href":"https:\/\/webs.uab.cat\/labttav\/wp-json\/wp\/v2\/media?parent=63"}],"curies":[{"name":"wp","href":"https:\/\/api.w.org\/{rel}","templated":true}]}}