{"id":75,"date":"2016-04-26T14:09:26","date_gmt":"2016-04-26T14:09:26","guid":{"rendered":"https:\/\/webs.uab.cat\/labttav\/assessorament\/"},"modified":"2025-01-07T10:43:04","modified_gmt":"2025-01-07T10:43:04","slug":"assessorament","status":"publish","type":"page","link":"https:\/\/webs.uab.cat\/labttav\/assessorament\/","title":{"rendered":"Assessorament"},"content":{"rendered":"\n<p>El LAB-TTAV ofereix diversos serveis relacionats amb l&#8217;assessorament en l&#8217;\u00e0mbit de la traducci\u00f3 audiovisual i accessibilitat als mitjans:&nbsp;<\/p>\n\n\n\n<ul class=\"wp-block-list\">\n<li>activitats de sensibilitzaci\u00f3 i activitats formatives,<\/li>\n\n\n\n<li>an\u00e0lisi de pr\u00e0ctiques actuals,&nbsp;<\/li>\n\n\n\n<li>recomanacions que tinguin en compte les necessitats de l&#8217;usuari i els requeriments d&#8217;accessibilitat a escala nacional i internacional, i&nbsp;<\/li>\n\n\n\n<li>innovaci\u00f3 i tecnologia en la traducci\u00f3 audiovisual i l&#8217;accessibilitat als mitjans.<\/li>\n<\/ul>\n\n\n\n<p>Si teniu necessitats espec\u00edfiques, <a href=\"mailto:labttav@uab.cat\" target=\"_blank\" rel=\"noopener\">contacteu amb nosaltres<\/a>.<\/p>\n\n\n\n<p>La <a href=\"https:\/\/webs.uab.cat\/labttav\/wp-content\/uploads\/sites\/168\/2025\/01\/normativainterna_CAT_2025-2.pdf\" target=\"_blank\" rel=\"noreferrer noopener\">normativa interna<\/a> del laboratori inclou les tarifes per a cada servei, per\u00f2 podeu contactar amb nosaltres si necessiteu un pressupost a mida.<\/p>\n\n\n\n<h2 class=\"wp-block-heading\">Tarifes*<\/h2>\n\n\n\n<p>Consultoria en traducci\u00f3 audiovisual i accessibilitat: assessorament i activitats de conscienciaci\u00f3\/formaci\u00f3: tarifa marc per hora.<\/p>\n\n\n\n<figure class=\"wp-block-table is-style-stripes has-normal-font-size\"><table class=\"has-blanc-coco-background-color has-background has-fixed-layout\"><tbody><tr><td><strong>Interna<\/strong><\/td><td><strong>1A<\/strong><\/td><td><strong>1B<\/strong><\/td><td><strong>2<\/strong><\/td><td><strong>Externa<\/strong><\/td><\/tr><tr><td>Usuaris <strong>UAB<\/strong> amb projectes interns<br><br><\/td><td>Usuaris <strong>UAB<\/strong> amb projectes externs (convenis)<br><\/td><td>Centres PRUAB, EBT+Spin-off UAB<br><br><\/td><td>Altres empreses PRUAB, Entitats CEI<br><\/td><td>Entitats p\u00fabliques o privades <strong>NO<\/strong> vinculades a la UAB<\/td><\/tr><tr><td>63,06 \u20ac<\/td><td>64,27 \u20ac<\/td><td>86,46 \u20ac<\/td><td>92,16 \u20ac<\/td><td>100,65 \u20ac<\/td><\/tr><\/tbody><\/table><\/figure>\n\n\n\n<p>*Import final excepte IVA<\/p>\n","protected":false},"excerpt":{"rendered":"<p>El LAB-TTAV ofereix diversos serveis relacionats amb l&#8217;assessorament en l&#8217;\u00e0mbit de la traducci\u00f3 audiovisual i accessibilitat als mitjans:&nbsp; Si teniu necessitats espec\u00edfiques, contacteu amb nosaltres. La normativa interna del laboratori inclou les tarifes per a cada servei, per\u00f2 podeu contactar amb nosaltres si necessiteu un pressupost a mida. Tarifes* Consultoria en traducci\u00f3 audiovisual i accessibilitat: [&hellip;]<\/p>\n","protected":false},"author":20,"featured_media":0,"parent":0,"menu_order":0,"comment_status":"closed","ping_status":"closed","template":"","meta":{"footnotes":""},"class_list":["post-75","page","type-page","status-publish","hentry"],"_links":{"self":[{"href":"https:\/\/webs.uab.cat\/labttav\/wp-json\/wp\/v2\/pages\/75","targetHints":{"allow":["GET"]}}],"collection":[{"href":"https:\/\/webs.uab.cat\/labttav\/wp-json\/wp\/v2\/pages"}],"about":[{"href":"https:\/\/webs.uab.cat\/labttav\/wp-json\/wp\/v2\/types\/page"}],"author":[{"embeddable":true,"href":"https:\/\/webs.uab.cat\/labttav\/wp-json\/wp\/v2\/users\/20"}],"replies":[{"embeddable":true,"href":"https:\/\/webs.uab.cat\/labttav\/wp-json\/wp\/v2\/comments?post=75"}],"version-history":[{"count":6,"href":"https:\/\/webs.uab.cat\/labttav\/wp-json\/wp\/v2\/pages\/75\/revisions"}],"predecessor-version":[{"id":391,"href":"https:\/\/webs.uab.cat\/labttav\/wp-json\/wp\/v2\/pages\/75\/revisions\/391"}],"wp:attachment":[{"href":"https:\/\/webs.uab.cat\/labttav\/wp-json\/wp\/v2\/media?parent=75"}],"curies":[{"name":"wp","href":"https:\/\/api.w.org\/{rel}","templated":true}]}}