{"id":92,"date":"2019-02-06T09:31:14","date_gmt":"2019-02-06T09:31:14","guid":{"rendered":"https:\/\/webs.uab.cat\/labttav\/membres\/"},"modified":"2023-05-30T11:52:38","modified_gmt":"2023-05-30T11:52:38","slug":"membres","status":"publish","type":"page","link":"https:\/\/webs.uab.cat\/labttav\/membres\/","title":{"rendered":"Membres"},"content":{"rendered":"\n<p>El LAB-TTAV \u00e9s el laboratori de transfer\u00e8ncia de coneixement del grup de recerca TransMedia Catalonia (TMC).<\/p>\n\n\n\n<p>Els seg\u00fcents membres de <a href=\"http:\/\/grupsderecerca.uab.cat\/transmedia\/\" target=\"_blank\" rel=\"noopener\">TransMedia Catalonia<\/a> formen part del LAB-TTAV:<\/p>\n\n\n\n<ul class=\"wp-block-list\"><li><a rel=\"noreferrer noopener\" href=\"http:\/\/webs.uab.cat\/amatamala\" target=\"_blank\"><a rel=\"noreferrer noopener\" href=\"http:\/\/webs.uab.cat\/amatamala\" target=\"_blank\">Anna Matamala<\/a><\/a><\/li><li><a rel=\"noreferrer noopener\" href=\"http:\/\/webs.uab.cat\/amatamala\" target=\"_blank\"><a rel=\"noreferrer noopener\" href=\"http:\/\/webs.uab.cat\/pilarorero\" target=\"_blank\">Pilar Orero<\/a><\/a><\/li><li><a rel=\"noreferrer noopener\" href=\"http:\/\/webs.uab.cat\/amatamala\" target=\"_blank\"><a rel=\"noreferrer noopener\" href=\"https:\/\/portalrecerca.uab.cat\/en\/persons\/estella-oncins\" target=\"_blank\">Estel\u00b7la Oncins<\/a><\/a><\/li><\/ul>\n","protected":false},"excerpt":{"rendered":"<p>El LAB-TTAV \u00e9s el laboratori de transfer\u00e8ncia de coneixement del grup de recerca TransMedia Catalonia (TMC). Els seg\u00fcents membres de TransMedia Catalonia formen part del LAB-TTAV: Anna Matamala Pilar Orero Estel\u00b7la Oncins<\/p>\n","protected":false},"author":20,"featured_media":0,"parent":0,"menu_order":0,"comment_status":"closed","ping_status":"closed","template":"","meta":{"footnotes":""},"class_list":["post-92","page","type-page","status-publish","hentry"],"_links":{"self":[{"href":"https:\/\/webs.uab.cat\/labttav\/wp-json\/wp\/v2\/pages\/92","targetHints":{"allow":["GET"]}}],"collection":[{"href":"https:\/\/webs.uab.cat\/labttav\/wp-json\/wp\/v2\/pages"}],"about":[{"href":"https:\/\/webs.uab.cat\/labttav\/wp-json\/wp\/v2\/types\/page"}],"author":[{"embeddable":true,"href":"https:\/\/webs.uab.cat\/labttav\/wp-json\/wp\/v2\/users\/20"}],"replies":[{"embeddable":true,"href":"https:\/\/webs.uab.cat\/labttav\/wp-json\/wp\/v2\/comments?post=92"}],"version-history":[{"count":4,"href":"https:\/\/webs.uab.cat\/labttav\/wp-json\/wp\/v2\/pages\/92\/revisions"}],"predecessor-version":[{"id":243,"href":"https:\/\/webs.uab.cat\/labttav\/wp-json\/wp\/v2\/pages\/92\/revisions\/243"}],"wp:attachment":[{"href":"https:\/\/webs.uab.cat\/labttav\/wp-json\/wp\/v2\/media?parent=92"}],"curies":[{"name":"wp","href":"https:\/\/api.w.org\/{rel}","templated":true}]}}