{"id":96,"date":"2019-05-24T12:53:08","date_gmt":"2019-05-24T12:53:08","guid":{"rendered":"https:\/\/webs.uab.cat\/labttav\/proteccio-de-dades\/"},"modified":"2019-05-24T12:53:08","modified_gmt":"2019-05-24T12:53:08","slug":"proteccio-de-dades","status":"publish","type":"page","link":"https:\/\/webs.uab.cat\/labttav\/proteccio-de-dades\/","title":{"rendered":"Protecci\u00f3 de dades"},"content":{"rendered":"<p>Les dades facilitades en el formulari de sol\u00b7licitud les farem servir per posar-nos en contacte amb vosaltres i facilitar-vos&nbsp;la informaci\u00f3 sol\u00b7licitada.<\/p>\n<p>La persona responsable de la gesti\u00f3 de dades al&nbsp;LAB-TTAV&nbsp;\u00e9s Anna&nbsp;Matamala (anna.matamala@uab.cat).<\/p>\n<p>No cedirem les dades a terceres persones ni a d&#8217;altres destinataris, excepte en els casos legalment previstos o quan sigui de compliment obligat.<br \/>\nNo cedirem les dades internacionalment.<br \/>\nConservarem les dades indefinidament, fins que revoqueu la vostra autoritzaci\u00f3.&nbsp;<br \/>\nNo farem servir les dades per a processos de decisi\u00f3 automatitzats.&nbsp;<br \/>\nNo farem servir les dades per crear perfils que prediguin&nbsp;prefer\u00e8ncies personals, comportaments o actituds.<\/p>\n<p>D&#8217;acord amb la legislaci\u00f3 vigent en mat\u00e8ria de protecci\u00f3 de dades de car\u00e0cter personal, podeu revocar el consentiment prestat i podeu exercir&nbsp;els drets d&#8217;acc\u00e9s, rectificaci\u00f3, supressi\u00f3, oposici\u00f3, limitaci\u00f3 de tractament, portabilitat de dades, adre\u00e7ant-vos a anna.matamala@uab.cat.<br \/>\nSi voleu tenir m\u00e9s informaci\u00f3 sobre la gesti\u00f3 de la pol\u00edtica de dades de la UAB, podeu posar-se en contacte amb el responsable de protecci\u00f3 de dades personals a proteccio.dades@uab.cat.<br \/>\nTamb\u00e9 trobareu m\u00e9s informaci\u00f3 a la <a href=\"https:\/\/www.uab.cat\/web\/coneix-la-uab\/itineraris\/proteccio-de-dades\/politica-proteccio-de-dades-1345763218319.html\" target=\"_blank\" rel=\"noopener\">web de la UAB sobre protecci\u00f3 de dades<\/a>.<\/p>\n<p>\nTamb\u00e9 podeu presentar reclamacions a l&#8217;Autoritat Catalana de Protecci\u00f3 de Dades a trav\u00e9s de la seu electr\u00f2nica de <a href=\"https:\/\/apdcat.gencat.cat\/ca\/seu_electronica\/\" target=\"_blank\" rel=\"noopener\">l&#8217;APDCAT<\/a> o b\u00e9 per mitjans no telem\u00e0tics.<\/p>\n<p>&nbsp;<\/p>\n","protected":false},"excerpt":{"rendered":"<p>Les dades facilitades en el formulari de sol\u00b7licitud les farem servir per posar-nos en contacte amb vosaltres i facilitar-vos&nbsp;la informaci\u00f3 sol\u00b7licitada. La persona responsable de la gesti\u00f3 de dades al&nbsp;LAB-TTAV&nbsp;\u00e9s Anna&nbsp;Matamala (anna.matamala@uab.cat). No cedirem les dades a terceres persones ni a d&#8217;altres destinataris, excepte en els casos legalment previstos o quan sigui de compliment obligat. [&hellip;]<\/p>\n","protected":false},"author":20,"featured_media":0,"parent":0,"menu_order":0,"comment_status":"closed","ping_status":"closed","template":"","meta":{"footnotes":""},"class_list":["post-96","page","type-page","status-publish","hentry"],"_links":{"self":[{"href":"https:\/\/webs.uab.cat\/labttav\/wp-json\/wp\/v2\/pages\/96","targetHints":{"allow":["GET"]}}],"collection":[{"href":"https:\/\/webs.uab.cat\/labttav\/wp-json\/wp\/v2\/pages"}],"about":[{"href":"https:\/\/webs.uab.cat\/labttav\/wp-json\/wp\/v2\/types\/page"}],"author":[{"embeddable":true,"href":"https:\/\/webs.uab.cat\/labttav\/wp-json\/wp\/v2\/users\/20"}],"replies":[{"embeddable":true,"href":"https:\/\/webs.uab.cat\/labttav\/wp-json\/wp\/v2\/comments?post=96"}],"version-history":[{"count":0,"href":"https:\/\/webs.uab.cat\/labttav\/wp-json\/wp\/v2\/pages\/96\/revisions"}],"wp:attachment":[{"href":"https:\/\/webs.uab.cat\/labttav\/wp-json\/wp\/v2\/media?parent=96"}],"curies":[{"name":"wp","href":"https:\/\/api.w.org\/{rel}","templated":true}]}}