{"id":1294,"date":"2025-03-25T11:10:20","date_gmt":"2025-03-25T09:10:20","guid":{"rendered":"https:\/\/webs.uab.cat\/lacomunitariauab\/?page_id=1294"},"modified":"2026-04-10T13:25:53","modified_gmt":"2026-04-10T11:25:53","slug":"fira-2","status":"publish","type":"page","link":"https:\/\/webs.uab.cat\/lacomunitariauab\/fira-2\/","title":{"rendered":"Fira"},"content":{"rendered":"\n<h2 class=\"wp-block-heading\">Participants<\/h2>\n\n\n\n<div style=\"height:3px\" aria-hidden=\"true\" class=\"wp-block-spacer\"><\/div>\n\n\n\n<p>1 Club Alp\u00ed Universitari<strong>@<a href=\"https:\/\/www.instagram.com\/clubalpi.uab\/\" data-type=\"link\" data-id=\"https:\/\/www.instagram.com\/clubalpi.uab\/\">clubalpi.uab<\/a><\/strong><\/p>\n\n\n\n<p>2 Consell d&#8217;Estudiants de la Facultat de Bioci\u00e8ncies @<a href=\"https:\/\/www.instagram.com\/cebiouab\/\"><strong>cebiouab <\/strong><\/a><\/p>\n\n\n\n<p>3 ANUEC <strong>@<a href=\"https:\/\/www.instagram.com\/anuec.ec\/\" data-type=\"link\" data-id=\"https:\/\/www.instagram.com\/anuec.ec\/\">anuec.ec<\/a><\/strong><\/p>\n\n\n\n<p>4 ELSA BELLATERRA @<strong><a href=\"https:\/\/www.instagram.com\/elsabellaterra\/\">elsabellaterra<\/a><\/strong><\/p>\n\n\n\n<p>5 Punt lila<\/p>\n\n\n\n<p>6 Hortet de l&#8217;aut\u00f2noma @<a href=\"https:\/\/www.instagram.com\/hortetdelauab\/\" data-type=\"link\" data-id=\"https:\/\/www.instagram.com\/hortetdelauab\/\"><strong>hortetdelauab <\/strong><\/a><\/p>\n\n\n\n<p>7 Cercle Japon\u00e9s de la UAB @<a href=\"https:\/\/www.instagram.com\/cercle_japones_uab\/\" data-type=\"link\" data-id=\"https:\/\/www.instagram.com\/cercle_japones_uab\/\"><strong>cercle_japones_uab<\/strong><\/a><\/p>\n\n\n\n<p>8 AIESEC <strong>@<\/strong><a href=\"https:\/\/www.instagram.com\/heroterra_\/\"><strong>heroterra_<\/strong>\u00a0<\/a><\/p>\n\n\n\n<p>9 UNANIMUN <strong>@<a href=\"https:\/\/www.instagram.com\/unanimun\/\" data-type=\"link\" data-id=\"https:\/\/www.instagram.com\/unanimun\/\">unanimun<\/a><\/strong><\/p>\n\n\n\n<p>10 Astrouab @<a href=\"https:\/\/www.instagram.com\/astrouab\/\" data-type=\"link\" data-id=\"https:\/\/www.instagram.com\/astrouab\/\"><strong>astrouab<\/strong><\/a><\/p>\n\n\n\n<p>11  IPSYCH <strong>@<\/strong><a href=\"https:\/\/www.instagram.com\/ipsych.mindfuckers\/\" data-type=\"link\" data-id=\"https:\/\/www.instagram.com\/ipsych.mindfuckers\/\"><strong>ipsych.mindfuckers<\/strong><\/a><\/p>\n\n\n\n<p>12 Consell d&#8217;Estudiants de Ci\u00e8ncies @<strong><a href=\"https:\/\/www.instagram.com\/ceciencies\/\">ceciencies <\/a><\/strong><\/p>\n\n\n\n<p>13 GBU <strong>@<a href=\"https:\/\/www.instagram.com\/gbubcn\/\">gbubcn<\/a><\/strong><\/p>\n\n\n\n<p>14 Colla Castellera Gan\u00e0pies <strong>@<a href=\"https:\/\/www.instagram.com\/ganapies\/\" data-type=\"link\" data-id=\"https:\/\/www.instagram.com\/ganapies\/\">ganapies<\/a><\/strong><\/p>\n\n\n\n<p>15 Club de Lectura <strong>@<a href=\"https:\/\/www.instagram.com\/club_de_lectura_uab\/\" data-type=\"link\" data-id=\"https:\/\/www.instagram.com\/club_de_lectura_uab\/\">club_de_lectura_uab<\/a><\/strong><\/p>\n\n\n\n<p>16 Optica&#8217;t <strong>@<a href=\"https:\/\/www.instagram.com\/opticat_uab\/\" data-type=\"link\" data-id=\"https:\/\/www.instagram.com\/opticat_uab\/\">opticat_uab<\/a><\/strong><\/p>\n\n\n\n<p>17 Club de Dibuix de la UAB <strong>@<a href=\"https:\/\/www.instagram.com\/club_de_dibuix_uab\/\">club_de_dibuix_uab<\/a><\/strong><\/p>\n\n\n\n<p>18 Club de Scrabble de la UAB<\/p>\n\n\n\n<p>19 Col\u00b7lectiu Fem Ganxet <strong>@<a href=\"https:\/\/www.instagram.com\/femganxet_uab\/\" data-type=\"link\" data-id=\"https:\/\/www.instagram.com\/femganxet_uab\/\">femganxet_uab<\/a><\/strong><\/p>\n\n\n\n<p>20 Consell d&#8217;Estudiants de la Facultat de Traducci\u00f3 i Interpretaci\u00f3<\/p>\n\n\n\n<p>21 Paleo @<a href=\"https:\/\/www.instagram.com\/paleouab\/\"><strong>paleouab<\/strong><\/a><\/p>\n\n\n\n<p>22 Club de Rol de la UAB @<a href=\"https:\/\/www.instagram.com\/cruaboficial\/\"><strong>cruaboficial<\/strong><\/a><\/p>\n\n\n\n<p>23 MTG UAB @<strong><a href=\"https:\/\/www.instagram.com\/mtg.uab\/\">mtg.uab<\/a><\/strong><\/p>\n\n\n\n<p>24 Espai de joc<\/p>\n","protected":false},"excerpt":{"rendered":"<p>Participants 1 Club Alp\u00ed Universitari@clubalpi.uab 2 Consell d&#8217;Estudiants de la Facultat de Bioci\u00e8ncies @cebiouab 3 ANUEC @anuec.ec 4 ELSA BELLATERRA @elsabellaterra 5 Punt lila 6 Hortet de l&#8217;aut\u00f2noma @hortetdelauab 7 Cercle Japon\u00e9s de la UAB @cercle_japones_uab 8 AIESEC @heroterra_\u00a0 9 UNANIMUN @unanimun 10 Astrouab @astrouab 11 IPSYCH @ipsych.mindfuckers 12 Consell d&#8217;Estudiants de Ci\u00e8ncies @ceciencies 13 [&hellip;]<\/p>\n","protected":false},"author":36,"featured_media":0,"parent":0,"menu_order":0,"comment_status":"closed","ping_status":"closed","template":"","meta":{"footnotes":""},"class_list":["post-1294","page","type-page","status-publish","hentry"],"_links":{"self":[{"href":"https:\/\/webs.uab.cat\/lacomunitariauab\/wp-json\/wp\/v2\/pages\/1294","targetHints":{"allow":["GET"]}}],"collection":[{"href":"https:\/\/webs.uab.cat\/lacomunitariauab\/wp-json\/wp\/v2\/pages"}],"about":[{"href":"https:\/\/webs.uab.cat\/lacomunitariauab\/wp-json\/wp\/v2\/types\/page"}],"author":[{"embeddable":true,"href":"https:\/\/webs.uab.cat\/lacomunitariauab\/wp-json\/wp\/v2\/users\/36"}],"replies":[{"embeddable":true,"href":"https:\/\/webs.uab.cat\/lacomunitariauab\/wp-json\/wp\/v2\/comments?post=1294"}],"version-history":[{"count":34,"href":"https:\/\/webs.uab.cat\/lacomunitariauab\/wp-json\/wp\/v2\/pages\/1294\/revisions"}],"predecessor-version":[{"id":2305,"href":"https:\/\/webs.uab.cat\/lacomunitariauab\/wp-json\/wp\/v2\/pages\/1294\/revisions\/2305"}],"wp:attachment":[{"href":"https:\/\/webs.uab.cat\/lacomunitariauab\/wp-json\/wp\/v2\/media?parent=1294"}],"curies":[{"name":"wp","href":"https:\/\/api.w.org\/{rel}","templated":true}]}}