{"id":1330,"date":"2025-04-03T10:44:03","date_gmt":"2025-04-03T08:44:03","guid":{"rendered":"https:\/\/webs.uab.cat\/lacomunitariauab\/?page_id=1330"},"modified":"2025-09-29T16:49:35","modified_gmt":"2025-09-29T14:49:35","slug":"placa-del-coneixement","status":"publish","type":"page","link":"https:\/\/webs.uab.cat\/lacomunitariauab\/placa-del-coneixement\/","title":{"rendered":"Pla\u00e7a del Coneixement"},"content":{"rendered":"\n<p>Durant el dia 30, la Pla\u00e7a del Coneixement s\u2019omplir\u00e0 d\u2019activitats d\u2019una gran riquesa cultural que permetran als assistents gaudir d\u2019una jornada \u00fanica i endinsar-se al m\u00e0xim en la vida del campus. La programaci\u00f3 inclou diverses propostes:<\/p>\n\n\n\n<p><strong>ESCENARI PRINCIPAL<\/strong><\/p>\n\n\n\n<p>12 h \u00b7<strong> Preg\u00f3 <\/strong>a c\u00e0rrec<strong> de Pere Ribes Graboleda<\/strong>, estudiant de tercer del grau en Periodisme, presentat per la vicerectora d\u2019Alumnat i Ocupabilitat, la Dra. Annabel Galan Ma\u00f1as.<\/p>\n\n\n\n<p>12.15 h \u00b7 <strong>Ballada dels Gegants de la UAB<\/strong>, a c\u00e0rrec de la Colla de Gegants de l\u2019Aut\u00f2noma en col\u00b7laboraci\u00f3 amb la Colla de Gegants de Molins de Rei.&nbsp;<\/p>\n\n\n\n<p>13 h \u00b7 <strong>Escuradents de la UAB<\/strong> organitza una <strong>ballada de bastons<\/strong>, una de les danses tradicionals m\u00e9s arrelades al nostre territori. El grup combina balls cedits per altres colles bastoneres amb coreografies pr\u00f2pies, elaborades durant els assajos del curs.&nbsp;<\/p>\n\n\n\n<p>13.30 a 14 h \u00b7 <strong>Random Play Dance,<\/strong> a c\u00e0rrec<strong> del col\u00b7lectiu Korean Club<\/strong>, ballada col\u00b7lectiva de K-Pop on tots els amants d&#8217;aquest estil musical podran sortir a ballar les seves coreografies preferides. <\/p>\n\n\n\n<p>14.15 a 14.45 h  \u00b7 <strong>Balls llatins, <\/strong>a c\u00e0rrec<strong> de Ballem<\/strong>, col\u00b7lectiu d\u2019estudiants de l\u2019Aut\u00f2noma. Oferiran una exhibici\u00f3 de diferents estils de balls llatins i de sal\u00f3, com ara merengue, batxata o salsa.<\/p>\n\n\n\n<p>15 h \u00b7<strong> Ballada de sardanes,<\/strong> a c\u00e0rrec<strong> de l\u2019Agrupaci\u00f3 Cultural Sardanista<\/strong> de Cerdanyola del Vall\u00e8s, que celebra el seu 50\u00e8 aniversari. Exhibici\u00f3 de la dansa m\u00e9s representativa de la nostra cultura.<\/p>\n\n\n\n<p><strong>DAVANT L\u2019HEMEROTECA<\/strong><\/p>\n\n\n\n<p>13 h \u00b7<strong> Diada castellera <\/strong>a c\u00e0rrec <strong>de Gan\u00e0pies<\/strong>, la colla castellera de la UAB des de 1994. Ens oferiran una exhibici\u00f3 de castells. Una oportunitat magn\u00edfica per descobrir m\u00e9s sobre aquest col\u00b7lectiu, aprofundir en la tradici\u00f3, entendre el funcionament d\u2019una colla i con\u00e8ixer de prop qu\u00e8 significa formar part de la pinya.<\/p>\n\n\n\n<p>DAVANT DE L&#8217;MRA<\/p>\n\n\n\n<p>12 a 14 h \u00b7 <strong>Partides d&#8217;escacs <\/strong>a c\u00e0rrec<strong> de Torres UAB<\/strong>, on tothom que vulgui podr\u00e0 acostar-se a jugar.<\/p>\n\n\n\n<p><strong>ESPAI D\u2019ACTIVITATS<\/strong><\/p>\n\n\n\n<p>12 a 16 h \u00b7\u00a0 <strong>Partides de Magic The Gathering <\/strong>a c\u00e0rrec del col\u00b7lectiu <strong>MTG.<\/strong><\/p>\n\n\n\n<p>12 a 16 h \u00b7<strong> Observaci\u00f3 Solar<\/strong> a c\u00e0rrec del col\u00b7lectiu <strong>AstroUAB.<\/strong><\/p>\n\n\n\n<p>12 a 16 h \u00b7 <strong>Ludoteca Oberta.<\/strong> Gaudeix de la col\u00b7lecci\u00f3 de jocs de rol i de taula del <strong>Club de Rol de la UAB.<\/strong><\/p>\n\n\n\n<p>13 a 15 h \u00b7 <strong>Tast d\u2019Scrabble<\/strong>. Posa a prova els teus coneixements en aquest cl\u00e0ssic joc de la m\u00e0 del <strong>Club d\u2019Scrabble.<\/strong><\/p>\n\n\n\n<p>12 a 16 h \u00b7 <strong>Joc de Words.<\/strong> Words \u00e9s un joc creat per Andreu Buenafuente en el que es llan\u00e7a una paraula a un jugador i aquest ha de respondre amb una altra paraula relacionada amb la paraula original. Aquesta relaci\u00f3 ha d\u2019estar just en l\u2019espai intermedi entre el m\u00e9s obvi i el m\u00e9s rebuscat.<\/p>\n\n\n\n<p><strong>DAVANT D\u2019EDUCACI\u00d3<\/strong><\/p>\n\n\n\n<p>12 a 16 h \u00b7 <strong>Centaures<\/strong>, el club de rugbi de l\u2019Aut\u00f2noma, organitza petites activitats per con\u00e8ixer millor tant l\u2019esport com el col\u00b7lectiu.<\/p>\n\n\n\n<p>12 a 16 h \u00b7 <strong>Parlem de Salut Mental<\/strong> a c\u00e0rrec<strong> de Responsabilitat Social Universit\u00e0ria<\/strong>. Espai pensat per compartir experi\u00e8ncies i parlar de Salut Mental amb la comunitat. <\/p>\n\n\n\n<p>14 a 16 h \u00b7 <strong>Softcombat<\/strong> a c\u00e0rrec del <strong>Club de Rol de la UAB. <\/strong>Vine a descobrir el softcombat<em>, <\/em>una activitat l\u00fadica i esportiva organitzada pel Club de Rol de la UAB on els participants es posen a prova en combats amb armes toves plenes de creativitat i estrat\u00e8gia.<\/p>\n","protected":false},"excerpt":{"rendered":"<p>Durant el dia 30, la Pla\u00e7a del Coneixement s\u2019omplir\u00e0 d\u2019activitats d\u2019una gran riquesa cultural que permetran als assistents gaudir d\u2019una jornada \u00fanica i endinsar-se al m\u00e0xim en la vida del campus. La programaci\u00f3 inclou diverses propostes: ESCENARI PRINCIPAL 12 h \u00b7 Preg\u00f3 a c\u00e0rrec de Pere Ribes Graboleda, estudiant de tercer del grau en Periodisme, [&hellip;]<\/p>\n","protected":false},"author":36,"featured_media":0,"parent":0,"menu_order":0,"comment_status":"closed","ping_status":"closed","template":"","meta":{"footnotes":""},"class_list":["post-1330","page","type-page","status-publish","hentry"],"_links":{"self":[{"href":"https:\/\/webs.uab.cat\/lacomunitariauab\/wp-json\/wp\/v2\/pages\/1330","targetHints":{"allow":["GET"]}}],"collection":[{"href":"https:\/\/webs.uab.cat\/lacomunitariauab\/wp-json\/wp\/v2\/pages"}],"about":[{"href":"https:\/\/webs.uab.cat\/lacomunitariauab\/wp-json\/wp\/v2\/types\/page"}],"author":[{"embeddable":true,"href":"https:\/\/webs.uab.cat\/lacomunitariauab\/wp-json\/wp\/v2\/users\/36"}],"replies":[{"embeddable":true,"href":"https:\/\/webs.uab.cat\/lacomunitariauab\/wp-json\/wp\/v2\/comments?post=1330"}],"version-history":[{"count":18,"href":"https:\/\/webs.uab.cat\/lacomunitariauab\/wp-json\/wp\/v2\/pages\/1330\/revisions"}],"predecessor-version":[{"id":2149,"href":"https:\/\/webs.uab.cat\/lacomunitariauab\/wp-json\/wp\/v2\/pages\/1330\/revisions\/2149"}],"wp:attachment":[{"href":"https:\/\/webs.uab.cat\/lacomunitariauab\/wp-json\/wp\/v2\/media?parent=1330"}],"curies":[{"name":"wp","href":"https:\/\/api.w.org\/{rel}","templated":true}]}}