{"id":56,"date":"2010-06-22T15:32:22","date_gmt":"2010-06-22T13:32:22","guid":{"rendered":"https:\/\/webs.uab.cat\/lampes\/contact\/"},"modified":"2010-07-06T14:46:37","modified_gmt":"2010-07-06T12:46:37","slug":"contact","status":"publish","type":"page","link":"https:\/\/webs.uab.cat\/lampes\/en\/contact\/","title":{"rendered":"Contact"},"content":{"rendered":"<h2>Contact<\/h2>\n<p><span><em>Telephone<\/em>: 93 581 3556<span style=\"color: #000000; font-family: Arial; font-size: 12px; font-style: normal; font-variant: normal; font-weight: normal; letter-spacing: normal; line-height: 18px; orphans: auto; text-align: left; text-indent: 0px; text-transform: none; white-space: normal; widows: auto; word-spacing: 0px; -webkit-text-stroke-width: 0px; background-color: #ffffff; display: inline !important; float: none;\"><br style=\"color: #000000; font-family: Arial; font-size: 12px; font-style: normal; font-variant: normal; font-weight: normal; letter-spacing: normal; line-height: 18px; orphans: auto; text-align: left; text-indent: 0px; text-transform: none; white-space: normal; widows: auto; word-spacing: 0px; -webkit-text-stroke-width: 0px; background-color: #ffffff; display: inline !important; float: none;\"><\/span><em>Email<\/em>: lampes@uab.cat<br \/><\/span><\/p>\n<p>&nbsp;<\/p>\n<h2>Location<\/h2>\n<p><strong style=\"font-size: 12px; margin: 0px; padding: 0px; font-family: Arial; color: #000000; font-style: normal; font-variant: normal; letter-spacing: normal; line-height: 18px; orphans: auto; text-align: left; text-indent: 0px; text-transform: none; white-space: normal; widows: auto; word-spacing: 0px; -webkit-text-stroke-width: 0px; background-color: #ffffff;\">Escola d&#8217;Enginyeria &#8211; Edifici Q<br style=\"font-size: 12px; margin: 0px; padding: 0px; font-family: Arial; color: #000000; font-style: normal; font-variant: normal; letter-spacing: normal; line-height: 18px; orphans: auto; text-align: left; text-indent: 0px; text-transform: none; white-space: normal; widows: auto; word-spacing: 0px; -webkit-text-stroke-width: 0px; background-color: #ffffff;\"><span style=\"color: #000000; font-family: Arial; font-size: 12px; font-style: normal; font-variant: normal; font-weight: normal; letter-spacing: normal; line-height: 18px; orphans: auto; text-align: left; text-indent: 0px; text-transform: none; white-space: normal; widows: auto; word-spacing: 0px; -webkit-text-stroke-width: 0px; background-color: #ffffff; display: inline !important; float: none;\"><strong>C\/ de les Sitges<\/strong><\/span><\/strong><br \/><span style=\"color: #000000; font-family: Arial; font-size: 12px; font-style: normal; font-variant: normal; font-weight: normal; letter-spacing: normal; line-height: 18px; orphans: auto; text-align: left; text-indent: 0px; text-transform: none; white-space: normal; widows: auto; word-spacing: 0px; -webkit-text-stroke-width: 0px; background-color: #ffffff; display: inline !important; float: none;\"><strong>Campus UAB de Bellaterra<\/strong><br style=\"font-size: 12px; margin: 0px; padding: 0px; color: #000000; font-family: Arial; font-style: normal; font-variant: normal; font-weight: normal; letter-spacing: normal; line-height: 18px; orphans: auto; text-align: left; text-indent: 0px; text-transform: none; white-space: normal; widows: auto; word-spacing: 0px; -webkit-text-stroke-width: 0px; background-color: #ffffff;\"><\/span><span style=\"color: #000000; font-family: Arial; font-size: 12px; font-style: normal; font-variant: normal; font-weight: normal; letter-spacing: normal; line-height: 18px; orphans: auto; text-align: left; text-indent: 0px; text-transform: none; white-space: normal; widows: auto; word-spacing: 0px; -webkit-text-stroke-width: 0px; background-color: #ffffff; display: inline !important; float: none;\"><span style=\"color: #000000; font-family: Arial; font-size: 12px; font-style: normal; font-variant: normal; font-weight: normal; letter-spacing: normal; line-height: 18px; orphans: auto; text-align: left; text-indent: 0px; text-transform: none; white-space: normal; widows: auto; word-spacing: 0px; -webkit-text-stroke-width: 0px; background-color: #ffffff; display: inline !important; float: none;\">08193 Cerdanyola del Vall\u00e8s<\/span><br style=\"font-size: 12px; margin: 0px; padding: 0px; color: #000000; font-family: Arial; font-style: normal; font-variant: normal; font-weight: normal; letter-spacing: normal; line-height: 18px; orphans: auto; text-align: left; text-indent: 0px; text-transform: none; white-space: normal; widows: auto; word-spacing: 0px; -webkit-text-stroke-width: 0px; background-color: #ffffff;\"><span style=\"color: #000000; font-family: Arial; font-size: 12px; font-style: normal; font-variant: normal; font-weight: normal; letter-spacing: normal; line-height: 18px; orphans: auto; text-align: left; text-indent: 0px; text-transform: none; white-space: normal; widows: auto; word-spacing: 0px; -webkit-text-stroke-width: 0px; background-color: #ffffff; display: inline !important; float: none;\">Barcelona<span style=\"color: #000000; font-family: Arial; font-size: 12px; font-style: normal; font-variant: normal; font-weight: normal; letter-spacing: normal; line-height: 18px; orphans: auto; text-align: left; text-indent: 0px; text-transform: none; white-space: normal; widows: auto; word-spacing: 0px; -webkit-text-stroke-width: 0px; background-color: #ffffff; display: inline !important; float: none;\"><br style=\"color: #000000; font-family: Arial; font-size: 12px; font-style: normal; font-variant: normal; font-weight: normal; letter-spacing: normal; line-height: 18px; orphans: auto; text-align: left; text-indent: 0px; text-transform: none; white-space: normal; widows: auto; word-spacing: 0px; -webkit-text-stroke-width: 0px; background-color: #ffffff; display: inline !important; float: none;\"><span style=\"color: #000000; font-family: Arial; font-size: 12px; font-style: normal; font-variant: normal; font-weight: normal; letter-spacing: normal; line-height: 18px; orphans: auto; text-align: left; text-indent: 0px; text-transform: none; white-space: normal; widows: auto; word-spacing: 0px; -webkit-text-stroke-width: 0px; background-color: #ffffff; display: inline !important; float: none;\"><span style=\"color: #000000; font-family: Arial; font-size: 12px; font-style: normal; font-variant: normal; font-weight: normal; letter-spacing: normal; line-height: 18px; orphans: auto; text-align: left; text-indent: 0px; text-transform: none; white-space: normal; widows: auto; word-spacing: 0px; -webkit-text-stroke-width: 0px; background-color: #ffffff; display: inline !important; float: none;\"><span style=\"color: #000000; font-family: Arial; font-size: 12px; font-style: normal; font-variant: normal; font-weight: normal; letter-spacing: normal; line-height: 18px; orphans: auto; text-align: left; text-indent: 0px; text-transform: none; white-space: normal; widows: auto; word-spacing: 0px; -webkit-text-stroke-width: 0px; background-color: #ffffff; display: inline !important; float: none;\"><span style=\"color: #000000; font-family: Arial; font-size: 12px; font-style: normal; font-variant: normal; font-weight: normal; letter-spacing: normal; line-height: 18px; orphans: auto; text-align: left; text-indent: 0px; text-transform: none; white-space: normal; widows: auto; word-spacing: 0px; -webkit-text-stroke-width: 0px; background-color: #ffffff; display: inline !important; float: none;\"><span style=\"color: #000000; font-family: Arial; font-size: 12px; font-style: normal; font-variant: normal; font-weight: normal; letter-spacing: normal; line-height: 18px; orphans: auto; text-align: left; text-indent: 0px; text-transform: none; white-space: normal; widows: auto; word-spacing: 0px; -webkit-text-stroke-width: 0px; background-color: #ffffff; display: inline !important; float: none;\">Office QC\/208<\/span><\/span><\/span><\/span>8<\/span><\/span><\/span><\/span><\/p>\n<p><span style=\"color: #000000; font-family: Arial; font-size: 12px; font-style: normal; font-variant: normal; font-weight: normal; letter-spacing: normal; line-height: 18px; orphans: auto; text-align: left; text-indent: 0px; text-transform: none; white-space: normal; widows: auto; word-spacing: 0px; -webkit-text-stroke-width: 0px; background-color: #ffffff; display: inline !important; float: none;\"><span style=\"color: #000000; font-family: Arial; font-size: 12px; font-style: normal; font-variant: normal; font-weight: normal; letter-spacing: normal; line-height: 18px; orphans: auto; text-align: left; text-indent: 0px; text-transform: none; white-space: normal; widows: auto; word-spacing: 0px; -webkit-text-stroke-width: 0px; background-color: #ffffff; display: inline !important; float: none;\"><span style=\"color: #000000; font-family: Arial; font-size: 12px; font-style: normal; font-variant: normal; font-weight: normal; letter-spacing: normal; line-height: 18px; orphans: auto; text-align: left; text-indent: 0px; text-transform: none; white-space: normal; widows: auto; word-spacing: 0px; -webkit-text-stroke-width: 0px; background-color: #ffffff; display: inline !important; float: none;\"><span style=\"color: #000000; font-family: Arial; font-size: 12px; font-style: normal; font-variant: normal; font-weight: normal; letter-spacing: normal; line-height: 18px; orphans: auto; text-align: left; text-indent: 0px; text-transform: none; white-space: normal; widows: auto; word-spacing: 0px; -webkit-text-stroke-width: 0px; background-color: #ffffff; display: inline !important; float: none;\"><br \/><\/span><\/span><\/span><\/span><\/p>\n<h2>Getting there<\/h2>\n<h3>Public transport:<\/h3>\n<p><strong>Train:<\/strong><\/p>\n<p>. Ferrocarrils de la Generalitat de Catalunya:<br \/>&nbsp; &nbsp; &nbsp;. S2 line &#8220;Pla\u00e7a Catalunya- Sabadell&#8221; Station: Universitat Aut\u00f2noma<br \/>&nbsp; &nbsp; &nbsp;. S55 line &#8220;Pla\u00e7a Catalunya &#8211; Universitat Aut\u00f2noma&#8221; Station: Universitat Aut\u00f2noma<\/p>\n<p>. RENFE Commuter Trains: C4 line &#8220;St. Vicen\u00e7 &#8211; Vilafranca &#8211; Manresa&#8221; Station: Cerdanyola Universitat<\/p>\n<p><strong>Bus:<\/strong><\/p>\n<p>. Sarbus: Line &#8220;Barcelona &#8211; Universitat Aut\u00f2noma&#8221;<\/p>\n<h3>Car:<\/h3>\n<p>&nbsp;From Barcelona&#8230; C-58 + B30 Exit Universitat Aut\u00f2noma<br \/>&nbsp;From Cerdanyola&#8230; Carretera de Bellaterra (Universitat Aut\u00f2noma)<br \/>&nbsp;From Sabadell&#8230;. Carretera de Sant Cugat (Universitat Aut\u00f2noma)<br \/>&nbsp;From Terrassa &#8211; Manresa&#8230; C-58 Exit Sabdell Sud &#8211; Bellaterra<br \/>&nbsp;From Girona&#8230; A-7 (Lateral B-30) Exit Universitat Aut\u00f2noma<br \/>&nbsp;From Tarragona &#8211; LLeida&#8230; A-7 (Lateral B-30) Exit Universitat Aut\u00f2noma<\/p>\n<p>&nbsp;<\/p>\n<h2>Map<\/h2>\n<p><iframe loading=\"lazy\" style=\"border: 0;\" src=\"https:\/\/www.google.com\/maps\/embed?pb=!1m14!1m8!1m3!1d11952.504119466943!2d2.1085611515623133!3d41.50154360887847!3m2!1i1024!2i768!4f13.1!3m3!1m2!1s0x12a49678f97b0997%3A0xc9fe71439d45d3a!2sEdifici+Q%2C+Carrer+Universitat+Aut%C3%B2noma+B%2C+Escola+T%C3%A8cnica+Superior+d'Enginyeria!5e0!3m2!1sca!2s!4v1395833875124\" frameborder=\"0\" height=\"300\" width=\"400\"><\/iframe><\/p>\n","protected":false},"excerpt":{"rendered":"<p>Contact Telephone: 93 581 3556Email: lampes@uab.cat &nbsp; Location Escola d&#8217;Enginyeria &#8211; Edifici QC\/ de les SitgesCampus UAB de Bellaterra08193 Cerdanyola del Vall\u00e8sBarcelonaOffice QC\/2088 Getting there Public transport: Train: . Ferrocarrils de la Generalitat de Catalunya:&nbsp; &nbsp; &nbsp;. S2 line &#8220;Pla\u00e7a Catalunya- Sabadell&#8221; Station: Universitat Aut\u00f2noma&nbsp; &nbsp; &nbsp;. S55 line &#8220;Pla\u00e7a Catalunya &#8211; Universitat Aut\u00f2noma&#8221; Station: [&hellip;]<\/p>\n","protected":false},"author":20,"featured_media":0,"parent":0,"menu_order":0,"comment_status":"closed","ping_status":"closed","template":"","meta":{"footnotes":""},"class_list":["post-56","page","type-page","status-publish","hentry"],"_links":{"self":[{"href":"https:\/\/webs.uab.cat\/lampes\/en\/wp-json\/wp\/v2\/pages\/56","targetHints":{"allow":["GET"]}}],"collection":[{"href":"https:\/\/webs.uab.cat\/lampes\/en\/wp-json\/wp\/v2\/pages"}],"about":[{"href":"https:\/\/webs.uab.cat\/lampes\/en\/wp-json\/wp\/v2\/types\/page"}],"author":[{"embeddable":true,"href":"https:\/\/webs.uab.cat\/lampes\/en\/wp-json\/wp\/v2\/users\/20"}],"replies":[{"embeddable":true,"href":"https:\/\/webs.uab.cat\/lampes\/en\/wp-json\/wp\/v2\/comments?post=56"}],"version-history":[{"count":0,"href":"https:\/\/webs.uab.cat\/lampes\/en\/wp-json\/wp\/v2\/pages\/56\/revisions"}],"wp:attachment":[{"href":"https:\/\/webs.uab.cat\/lampes\/en\/wp-json\/wp\/v2\/media?parent=56"}],"curies":[{"name":"wp","href":"https:\/\/api.w.org\/{rel}","templated":true}]}}