{"id":110,"date":"2014-04-07T13:39:07","date_gmt":"2014-04-07T11:39:07","guid":{"rendered":"https:\/\/webs.uab.cat\/lampes\/caiac-2\/"},"modified":"2014-04-07T13:39:07","modified_gmt":"2014-04-07T11:39:07","slug":"caiac-2","status":"publish","type":"page","link":"https:\/\/webs.uab.cat\/lampes\/es\/caiac-2\/","title":{"rendered":"Caiac"},"content":{"rendered":"<p><span id=\"result_box\" lang=\"es\"><span class=\"hps alt-edited\">CAIAC<\/span> <span class=\"hps\">es<\/span> <span class=\"hps\">un<\/span> <span class=\"hps\">Centro de Estudios<\/span> <span class=\"hps\">y de Investigaci\u00f3n<\/span> <span class=\"hps\">de la UAB,<\/span> <span class=\"hps\">creado<\/span> <span class=\"hps\">en 2010<\/span><span>.<\/span> <span class=\"hps\">CAIAC<\/span> <span class=\"hps\">est\u00e1 formado principalmente<\/span> <span class=\"hps\">por dos grupos<\/span> <span class=\"hps\">complementarios<\/span><span>:<\/span> <span class=\"hps\">Cephis<\/span> <span class=\"hps\">de Ingenier\u00eda y<\/span> <span class=\"hps\">TransMedia<\/span> <span class=\"hps\">Catalonia<\/span> <span class=\"hps\">de Traducci\u00f3n<\/span> <span class=\"hps\">Audiovisual<\/span><span>.<\/span> <span class=\"hps\">Los miembros<\/span> <span class=\"hps\">provienen tambi\u00e9n<\/span> <span class=\"hps\">de otras \u00e1reas<\/span><span>,<\/span> <span class=\"hps\">como el Grupo<\/span> <span class=\"hps\">de Visualizaci\u00f3n<\/span> <span class=\"hps\">gr\u00e1fica<\/span> <span class=\"hps\">y Modelizaci\u00f3n<\/span> <span class=\"hps\">de Ingenier\u00eda<\/span><span>, el Grupo<\/span> <span class=\"hps\">de investigaci\u00f3n en<\/span> <span class=\"hps\">Fon\u00e9tica<\/span> <span class=\"hps atn\">(<\/span><span>Filolog\u00eda<\/span><span>)<\/span> <span class=\"hps\">y el Grupo<\/span> <span class=\"hps\">de Imagen<\/span><span>,<\/span> <span class=\"hps\">Sonido y S\u00edntesis<\/span> <span class=\"hps\">de<\/span> <span class=\"hps\">la<\/span> <span class=\"hps\">comunicaci\u00f3n<\/span> <span class=\"hps\">audiovisual.<\/span> <span class=\"hps\">Tambi\u00e9n<\/span> <span class=\"hps\">hay investigadores<\/span> <span class=\"hps\">individuales<\/span> <span class=\"hps\">de Filosof\u00eda<\/span> <span class=\"hps\">o<\/span> <span class=\"hps\">Humanidades<\/span> <span class=\"hps\">que hacen<\/span> <span class=\"hps\">de<\/span> <span class=\"hps alt-edited\">CAIAC<\/span> <span class=\"hps\">un<\/span> <span class=\"hps\">centro con<\/span> <span class=\"hps\">investigadores<\/span> <span class=\"hps\">de<\/span> <span class=\"hps\">ocho<\/span> <span class=\"hps\">departamentos diferentes<\/span><span>.<\/span><\/p>\n<p> <span class=\"hps\">El director<\/span> <span class=\"hps\">del centro es<\/span> <span class=\"hps\">el Dr.<\/span> <span class=\"hps\">Jordi<\/span> <span class=\"hps\">Carabina<\/span><span>,<\/span> <span class=\"hps\">y<\/span> <span class=\"hps\">hay unas<\/span> <span class=\"hps\">60 personas<\/span> <span class=\"hps\">de 8<\/span> <span class=\"hps\">departamentos y<\/span> <span class=\"hps\">4 centros<\/span> <span class=\"hps\">diferentes que<\/span> <span class=\"hps\">trabajan bajo<\/span> <span class=\"hps\">el paraguas<\/span> <span class=\"hps\">de<\/span> <span class=\"hps\">la<\/span> <span class=\"hps\">Inteligencia<\/span> <span class=\"hps\">Ambiental<\/span> <span class=\"hps\">de<\/span> <span class=\"hps\">diferentes disciplinas<\/span><span>,<\/span> <span class=\"hps\">metodolog\u00edas<\/span> <span class=\"hps\">y enfoques<\/span><span>.<\/span><\/span><\/p>\n","protected":false},"excerpt":{"rendered":"<p>CAIAC es un Centro de Estudios y de Investigaci\u00f3n de la UAB, creado en 2010. CAIAC est\u00e1 formado principalmente por dos grupos complementarios: Cephis de Ingenier\u00eda y TransMedia Catalonia de Traducci\u00f3n Audiovisual. Los miembros provienen tambi\u00e9n de otras \u00e1reas, como el Grupo de Visualizaci\u00f3n gr\u00e1fica y Modelizaci\u00f3n de Ingenier\u00eda, el Grupo de investigaci\u00f3n en Fon\u00e9tica [&hellip;]<\/p>\n","protected":false},"author":20,"featured_media":0,"parent":0,"menu_order":0,"comment_status":"closed","ping_status":"closed","template":"","meta":{"footnotes":""},"class_list":["post-110","page","type-page","status-publish","hentry"],"_links":{"self":[{"href":"https:\/\/webs.uab.cat\/lampes\/es\/wp-json\/wp\/v2\/pages\/110","targetHints":{"allow":["GET"]}}],"collection":[{"href":"https:\/\/webs.uab.cat\/lampes\/es\/wp-json\/wp\/v2\/pages"}],"about":[{"href":"https:\/\/webs.uab.cat\/lampes\/es\/wp-json\/wp\/v2\/types\/page"}],"author":[{"embeddable":true,"href":"https:\/\/webs.uab.cat\/lampes\/es\/wp-json\/wp\/v2\/users\/20"}],"replies":[{"embeddable":true,"href":"https:\/\/webs.uab.cat\/lampes\/es\/wp-json\/wp\/v2\/comments?post=110"}],"version-history":[{"count":0,"href":"https:\/\/webs.uab.cat\/lampes\/es\/wp-json\/wp\/v2\/pages\/110\/revisions"}],"wp:attachment":[{"href":"https:\/\/webs.uab.cat\/lampes\/es\/wp-json\/wp\/v2\/media?parent=110"}],"curies":[{"name":"wp","href":"https:\/\/api.w.org\/{rel}","templated":true}]}}