{"id":50,"date":"2010-07-05T12:03:22","date_gmt":"2010-07-05T10:03:22","guid":{"rendered":"https:\/\/webs.uab.cat\/lampes\/lampes-2\/"},"modified":"2010-07-05T12:03:22","modified_gmt":"2010-07-05T10:03:22","slug":"lampes-2","status":"publish","type":"page","link":"https:\/\/webs.uab.cat\/lampes\/es\/","title":{"rendered":"LaMPES"},"content":{"rendered":"<p>El LaMPES es un servicio de dise\u00f1o y prototipado electr\u00f3nico centrado en cuatro \u00e1reas principales:<\/p>\n<ul>\n<li>&nbsp;&nbsp; &nbsp;Dise\u00f1o y fabricaci\u00f3n de PCBs<\/li>\n<li>&nbsp;&nbsp; &nbsp;Dise\u00f1o de sistemas electr\u00f3nicos a media<\/li>\n<li>&nbsp;&nbsp; &nbsp;Sistemas embedded<\/li>\n<li>&nbsp;&nbsp; &nbsp;Printed electronics<\/li>\n<\/ul>\n<p>Este servicio ofrece prototipos electr\u00f3nicos personalizados con la posibilidad adicional de montaje incremental (concurrente con el test proporcionado por los clientes) de placas de circuito impreso de diferentes formatos y sustratos (incluyendo flexibles), y soporte de componentes microelectr\u00f3nicos complejos, incluyendo componentes de alta densidad con encapsulados tipo BGA, CSP, etc. Este servicio lo pueden utilizar las empresas en procesos de certificaci\u00f3n en caso de participaci\u00f3n en el proceso de dise\u00f1o de las PCBs.<\/p>\n","protected":false},"excerpt":{"rendered":"<p>El LaMPES es un servicio de dise\u00f1o y prototipado electr\u00f3nico centrado en cuatro \u00e1reas principales: &nbsp;&nbsp; &nbsp;Dise\u00f1o y fabricaci\u00f3n de PCBs &nbsp;&nbsp; &nbsp;Dise\u00f1o de sistemas electr\u00f3nicos a media &nbsp;&nbsp; &nbsp;Sistemas embedded &nbsp;&nbsp; &nbsp;Printed electronics Este servicio ofrece prototipos electr\u00f3nicos personalizados con la posibilidad adicional de montaje incremental (concurrente con el test proporcionado por los clientes) [&hellip;]<\/p>\n","protected":false},"author":20,"featured_media":0,"parent":0,"menu_order":0,"comment_status":"closed","ping_status":"closed","template":"","meta":{"footnotes":""},"class_list":["post-50","page","type-page","status-publish","hentry"],"_links":{"self":[{"href":"https:\/\/webs.uab.cat\/lampes\/es\/wp-json\/wp\/v2\/pages\/50","targetHints":{"allow":["GET"]}}],"collection":[{"href":"https:\/\/webs.uab.cat\/lampes\/es\/wp-json\/wp\/v2\/pages"}],"about":[{"href":"https:\/\/webs.uab.cat\/lampes\/es\/wp-json\/wp\/v2\/types\/page"}],"author":[{"embeddable":true,"href":"https:\/\/webs.uab.cat\/lampes\/es\/wp-json\/wp\/v2\/users\/20"}],"replies":[{"embeddable":true,"href":"https:\/\/webs.uab.cat\/lampes\/es\/wp-json\/wp\/v2\/comments?post=50"}],"version-history":[{"count":0,"href":"https:\/\/webs.uab.cat\/lampes\/es\/wp-json\/wp\/v2\/pages\/50\/revisions"}],"wp:attachment":[{"href":"https:\/\/webs.uab.cat\/lampes\/es\/wp-json\/wp\/v2\/media?parent=50"}],"curies":[{"name":"wp","href":"https:\/\/api.w.org\/{rel}","templated":true}]}}