{"id":54,"date":"2010-06-22T15:31:41","date_gmt":"2010-06-22T13:31:41","guid":{"rendered":"https:\/\/webs.uab.cat\/lampes\/servicios\/"},"modified":"2010-07-06T14:33:12","modified_gmt":"2010-07-06T12:33:12","slug":"servicios","status":"publish","type":"page","link":"https:\/\/webs.uab.cat\/lampes\/es\/servicios\/","title":{"rendered":"Servicios"},"content":{"rendered":"<p><strong>Prototipos de sistemas electr\u00f3nicos<\/strong><\/p>\n<ul>\n<li>&nbsp;&nbsp; &nbsp;Dise\u00f1o de PCBs con herramientas CAD profesionales<\/li>\n<li>&nbsp;&nbsp; &nbsp;Montaje incremental de PCBs con m\u00e1quina de montaje SMD<\/li>\n<li>&nbsp;&nbsp; &nbsp;Gesti\u00f3n fabricaci\u00f3n prototipos preindustriales<\/li>\n<li>&nbsp;&nbsp; &nbsp;Soporte procesos certificaci\u00f3n<\/li>\n<\/ul>\n<p><strong>Dise\u00f1o de sistemas electr\u00f3nicos a media<\/strong><\/p>\n<ul>\n<li>&nbsp;&nbsp; &nbsp;Plataformas basadas en FPGA, SoC, MPSoC<\/li>\n<li>&nbsp;&nbsp; &nbsp;Subsistemas de comunicaciones<\/li>\n<li>&nbsp;&nbsp; &nbsp;Drivers y middleware<\/li>\n<li>&nbsp;&nbsp; &nbsp;Aplicaciones de gesti\u00f3n (web, smartphone)<\/li>\n<li>&nbsp;&nbsp; &nbsp;Sistemas de muy bajo consumo con o sin bater\u00edas<\/li>\n<\/ul>\n<p><strong>Implementaci\u00f3n de sistemas embedded<\/strong><\/p>\n<ul>\n<li>&nbsp;&nbsp; &nbsp;Soluciones con plataformas industriales embedded y m\u00f3viles<\/li>\n<li>&nbsp;&nbsp; &nbsp;Subsistemas de comunicaciones estandarizados (LTE\/UMTS\/GPRS\/GSM, GPS, wifi, bluetooth, BLE, Zigbee, NFC, USB, Ethernet, buses de campo)<\/li>\n<li>&nbsp;&nbsp; &nbsp;Soluciones y aplicaciones basadas en plataformas Windows, Linux, Android y iOS<\/li>\n<li>&nbsp;&nbsp; &nbsp;Estereoscop\u00eda &#8216;3D e interfaces de usuario avanzadas<\/li>\n<li>&nbsp;&nbsp; &nbsp;SmartTV y Set-Top-Box<\/li>\n<\/ul>\n<p><strong>Printed Electronics<\/strong><\/p>\n<ul>\n<li>&nbsp;&nbsp; &nbsp;An\u00e1lisis morfol\u00f3gico con microscopio confocal e interferom\u00e9trico de materiales<\/li>\n<li>&nbsp;&nbsp; &nbsp;An\u00e1lisis de dispositivos funcionales con mesa de puntas e instrumentaci\u00f3n<\/li>\n<li>&nbsp;&nbsp; &nbsp;Impresi\u00f3n inkjet de materiales funcionales y dispositivos<\/li>\n<li>&nbsp;&nbsp; &nbsp;Dise\u00f1o de sistemas con tecnolog\u00edas flexibles y\/o org\u00e1nicas (OLED, OPV, Bater\u00edas, RF, Biosensores, OTFTs)<\/li>\n<\/ul>\n","protected":false},"excerpt":{"rendered":"<p>Prototipos de sistemas electr\u00f3nicos &nbsp;&nbsp; &nbsp;Dise\u00f1o de PCBs con herramientas CAD profesionales &nbsp;&nbsp; &nbsp;Montaje incremental de PCBs con m\u00e1quina de montaje SMD &nbsp;&nbsp; &nbsp;Gesti\u00f3n fabricaci\u00f3n prototipos preindustriales &nbsp;&nbsp; &nbsp;Soporte procesos certificaci\u00f3n Dise\u00f1o de sistemas electr\u00f3nicos a media &nbsp;&nbsp; &nbsp;Plataformas basadas en FPGA, SoC, MPSoC &nbsp;&nbsp; &nbsp;Subsistemas de comunicaciones &nbsp;&nbsp; &nbsp;Drivers y middleware &nbsp;&nbsp; &nbsp;Aplicaciones de [&hellip;]<\/p>\n","protected":false},"author":20,"featured_media":0,"parent":0,"menu_order":0,"comment_status":"closed","ping_status":"closed","template":"","meta":{"footnotes":""},"class_list":["post-54","page","type-page","status-publish","hentry"],"_links":{"self":[{"href":"https:\/\/webs.uab.cat\/lampes\/es\/wp-json\/wp\/v2\/pages\/54","targetHints":{"allow":["GET"]}}],"collection":[{"href":"https:\/\/webs.uab.cat\/lampes\/es\/wp-json\/wp\/v2\/pages"}],"about":[{"href":"https:\/\/webs.uab.cat\/lampes\/es\/wp-json\/wp\/v2\/types\/page"}],"author":[{"embeddable":true,"href":"https:\/\/webs.uab.cat\/lampes\/es\/wp-json\/wp\/v2\/users\/20"}],"replies":[{"embeddable":true,"href":"https:\/\/webs.uab.cat\/lampes\/es\/wp-json\/wp\/v2\/comments?post=54"}],"version-history":[{"count":0,"href":"https:\/\/webs.uab.cat\/lampes\/es\/wp-json\/wp\/v2\/pages\/54\/revisions"}],"wp:attachment":[{"href":"https:\/\/webs.uab.cat\/lampes\/es\/wp-json\/wp\/v2\/media?parent=54"}],"curies":[{"name":"wp","href":"https:\/\/api.w.org\/{rel}","templated":true}]}}