{"id":44,"date":"2010-06-22T15:32:22","date_gmt":"2010-06-22T13:32:22","guid":{"rendered":"https:\/\/webs.uab.cat\/lampes\/contacte\/"},"modified":"2023-03-27T09:36:13","modified_gmt":"2023-03-27T07:36:13","slug":"contacte","status":"publish","type":"page","link":"https:\/\/webs.uab.cat\/lampes\/contacte\/","title":{"rendered":"Contacte"},"content":{"rendered":"\n<h2 class=\"wp-block-heading\">Contacte<\/h2>\n\n\n\n<p><span style=\"color: #000000; font-family: Arial; font-size: 12px; font-style: normal; font-variant: normal; font-weight: normal; letter-spacing: normal; line-height: 18px; orphans: auto; text-align: left; text-indent: 0px; text-transform: none; white-space: normal; widows: auto; word-spacing: 0px; -webkit-text-stroke-width: 0px; background-color: #ffffff; display: inline !important; float: none;\"><em>Tel\u00e8fon<\/em>: 93 581 3556<span style=\"color: #000000; font-family: Arial; font-size: 12px; font-style: normal; font-variant: normal; font-weight: normal; letter-spacing: normal; line-height: 18px; orphans: auto; text-align: left; text-indent: 0px; text-transform: none; white-space: normal; widows: auto; word-spacing: 0px; -webkit-text-stroke-width: 0px; background-color: #ffffff; display: inline !important; float: none;\"><br style=\"color: #000000; font-family: Arial; font-size: 12px; font-style: normal; font-variant: normal; font-weight: normal; letter-spacing: normal; line-height: 18px; orphans: auto; text-align: left; text-indent: 0px; text-transform: none; white-space: normal; widows: auto; word-spacing: 0px; -webkit-text-stroke-width: 0px; background-color: #ffffff; display: inline !important; float: none;\"><\/span><em>Correu electr\u00f2nic<\/em>: lampes@uab.cat<br><\/span><\/p>\n\n\n\n<h2 class=\"wp-block-heading\">On Som<\/h2>\n\n\n\n<p><strong style=\"font-size: 12px; margin: 0px; padding: 0px; font-family: Arial; color: #000000; font-style: normal; font-variant: normal; letter-spacing: normal; line-height: 18px; orphans: auto; text-align: left; text-indent: 0px; text-transform: none; white-space: normal; widows: auto; word-spacing: 0px; -webkit-text-stroke-width: 0px; background-color: #ffffff;\">Escola d&#8217;Enginyeria &#8211; Edifici Q<br style=\"font-size: 12px; margin: 0px; padding: 0px; font-family: Arial; color: #000000; font-style: normal; font-variant: normal; letter-spacing: normal; line-height: 18px; orphans: auto; text-align: left; text-indent: 0px; text-transform: none; white-space: normal; widows: auto; word-spacing: 0px; -webkit-text-stroke-width: 0px; background-color: #ffffff;\"><span style=\"color: #000000; font-family: Arial; font-size: 12px; font-style: normal; font-variant: normal; font-weight: normal; letter-spacing: normal; line-height: 18px; orphans: auto; text-align: left; text-indent: 0px; text-transform: none; white-space: normal; widows: auto; word-spacing: 0px; -webkit-text-stroke-width: 0px; background-color: #ffffff; display: inline !important; float: none;\"><strong>C\/ de les Sitges<\/strong><\/span><\/strong><br><span style=\"color: #000000; font-family: Arial; font-size: 12px; font-style: normal; font-variant: normal; font-weight: normal; letter-spacing: normal; line-height: 18px; orphans: auto; text-align: left; text-indent: 0px; text-transform: none; white-space: normal; widows: auto; word-spacing: 0px; -webkit-text-stroke-width: 0px; background-color: #ffffff; display: inline !important; float: none;\"><strong>Campus UAB de Bellaterra<\/strong><br style=\"font-size: 12px; margin: 0px; padding: 0px; color: #000000; font-family: Arial; font-style: normal; font-variant: normal; font-weight: normal; letter-spacing: normal; line-height: 18px; orphans: auto; text-align: left; text-indent: 0px; text-transform: none; white-space: normal; widows: auto; word-spacing: 0px; -webkit-text-stroke-width: 0px; background-color: #ffffff;\"><\/span><span style=\"color: #000000; font-family: Arial; font-size: 12px; font-style: normal; font-variant: normal; font-weight: normal; letter-spacing: normal; line-height: 18px; orphans: auto; text-align: left; text-indent: 0px; text-transform: none; white-space: normal; widows: auto; word-spacing: 0px; -webkit-text-stroke-width: 0px; background-color: #ffffff; display: inline !important; float: none;\"><span style=\"color: #000000; font-family: Arial; font-size: 12px; font-style: normal; font-variant: normal; font-weight: normal; letter-spacing: normal; line-height: 18px; orphans: auto; text-align: left; text-indent: 0px; text-transform: none; white-space: normal; widows: auto; word-spacing: 0px; -webkit-text-stroke-width: 0px; background-color: #ffffff; display: inline !important; float: none;\">08193 Cerdanyola del Vall\u00e8s<\/span><br style=\"font-size: 12px; margin: 0px; padding: 0px; color: #000000; font-family: Arial; font-style: normal; font-variant: normal; font-weight: normal; letter-spacing: normal; line-height: 18px; orphans: auto; text-align: left; text-indent: 0px; text-transform: none; white-space: normal; widows: auto; word-spacing: 0px; -webkit-text-stroke-width: 0px; background-color: #ffffff;\"><span style=\"color: #000000; font-family: Arial; font-size: 12px; font-style: normal; font-variant: normal; font-weight: normal; letter-spacing: normal; line-height: 18px; orphans: auto; text-align: left; text-indent: 0px; text-transform: none; white-space: normal; widows: auto; word-spacing: 0px; -webkit-text-stroke-width: 0px; background-color: #ffffff; display: inline !important; float: none;\">Barcelona<span style=\"color: #000000; font-family: Arial; font-size: 12px; font-style: normal; font-variant: normal; font-weight: normal; letter-spacing: normal; line-height: 18px; orphans: auto; text-align: left; text-indent: 0px; text-transform: none; white-space: normal; widows: auto; word-spacing: 0px; -webkit-text-stroke-width: 0px; background-color: #ffffff; display: inline !important; float: none;\"><br style=\"color: #000000; font-family: Arial; font-size: 12px; font-style: normal; font-variant: normal; font-weight: normal; letter-spacing: normal; line-height: 18px; orphans: auto; text-align: left; text-indent: 0px; text-transform: none; white-space: normal; widows: auto; word-spacing: 0px; -webkit-text-stroke-width: 0px; background-color: #ffffff; display: inline !important; float: none;\"><span style=\"color: #000000; font-family: Arial; font-size: 12px; font-style: normal; font-variant: normal; font-weight: normal; letter-spacing: normal; line-height: 18px; orphans: auto; text-align: left; text-indent: 0px; text-transform: none; white-space: normal; widows: auto; word-spacing: 0px; -webkit-text-stroke-width: 0px; background-color: #ffffff; display: inline !important; float: none;\"><span style=\"color: #000000; font-family: Arial; font-size: 12px; font-style: normal; font-variant: normal; font-weight: normal; letter-spacing: normal; line-height: 18px; orphans: auto; text-align: left; text-indent: 0px; text-transform: none; white-space: normal; widows: auto; word-spacing: 0px; -webkit-text-stroke-width: 0px; background-color: #ffffff; display: inline !important; float: none;\"><span style=\"color: #000000; font-family: Arial; font-size: 12px; font-style: normal; font-variant: normal; font-weight: normal; letter-spacing: normal; line-height: 18px; orphans: auto; text-align: left; text-indent: 0px; text-transform: none; white-space: normal; widows: auto; word-spacing: 0px; -webkit-text-stroke-width: 0px; background-color: #ffffff; display: inline !important; float: none;\"><span style=\"color: #000000; font-family: Arial; font-size: 12px; font-style: normal; font-variant: normal; font-weight: normal; letter-spacing: normal; line-height: 18px; orphans: auto; text-align: left; text-indent: 0px; text-transform: none; white-space: normal; widows: auto; word-spacing: 0px; -webkit-text-stroke-width: 0px; background-color: #ffffff; display: inline !important; float: none;\"><span style=\"color: #000000; font-family: Arial; font-size: 12px; font-style: normal; font-variant: normal; font-weight: normal; letter-spacing: normal; line-height: 18px; orphans: auto; text-align: left; text-indent: 0px; text-transform: none; white-space: normal; widows: auto; word-spacing: 0px; -webkit-text-stroke-width: 0px; background-color: #ffffff; display: inline !important; float: none;\">Despatx QC\/208<\/span><\/span><\/span><\/span>8<\/span><\/span><\/span><\/span><\/p>\n\n\n\n<p><span style=\"color: #000000; font-family: Arial; font-size: 12px; font-style: normal; font-variant: normal; font-weight: normal; letter-spacing: normal; line-height: 18px; orphans: auto; text-align: left; text-indent: 0px; text-transform: none; white-space: normal; widows: auto; word-spacing: 0px; -webkit-text-stroke-width: 0px; background-color: #ffffff; display: inline !important; float: none;\"><span style=\"color: #000000; font-family: Arial; font-size: 12px; font-style: normal; font-variant: normal; font-weight: normal; letter-spacing: normal; line-height: 18px; orphans: auto; text-align: left; text-indent: 0px; text-transform: none; white-space: normal; widows: auto; word-spacing: 0px; -webkit-text-stroke-width: 0px; background-color: #ffffff; display: inline !important; float: none;\"><span style=\"color: #000000; font-family: Arial; font-size: 12px; font-style: normal; font-variant: normal; font-weight: normal; letter-spacing: normal; line-height: 18px; orphans: auto; text-align: left; text-indent: 0px; text-transform: none; white-space: normal; widows: auto; word-spacing: 0px; -webkit-text-stroke-width: 0px; background-color: #ffffff; display: inline !important; float: none;\"><span style=\"color: #000000; font-family: Arial; font-size: 12px; font-style: normal; font-variant: normal; font-weight: normal; letter-spacing: normal; line-height: 18px; orphans: auto; text-align: left; text-indent: 0px; text-transform: none; white-space: normal; widows: auto; word-spacing: 0px; -webkit-text-stroke-width: 0px; background-color: #ffffff; display: inline !important; float: none;\">&nbsp;<\/span><\/span><\/span><\/span><\/p>\n\n\n\n<h2 class=\"wp-block-heading\">Com arribar<\/h2>\n\n\n\n<h3 class=\"wp-block-heading\">Amb transport p\u00fablic:<\/h3>\n\n\n\n<p><strong>Tren:<\/strong><\/p>\n\n\n\n<p>. Ferrocarrils de la Generalitat de Catalunya:<br>&nbsp; &nbsp; &nbsp;. L\u00ednia S2 &#8220;Pla\u00e7a Catalunya- Sabadell&#8221; Estaci\u00f3: Universitat Aut\u00f2noma<br>&nbsp; &nbsp; &nbsp;. L\u00ednia S55 &#8220;Pla\u00e7a Catalunya &#8211; Universitat Aut\u00f2noma&#8221; Estaci\u00f3: Universitat Aut\u00f2noma<\/p>\n\n\n\n<p>. Rodalies RENFE: L\u00ednia C4 &#8220;St. Vicen\u00e7 &#8211; Vilafranca &#8211; Manresa&#8221; Estaci\u00f3: Cerdanyola Universitat<\/p>\n\n\n\n<p><strong>Autob\u00fas:<\/strong><\/p>\n\n\n\n<p>. Sarbus: L\u00ednia &#8220;Barcelona &#8211; Universitat Aut\u00f2noma&#8221;<\/p>\n\n\n\n<h3 class=\"wp-block-heading\">Amb cotxe:<\/h3>\n\n\n\n<p>&nbsp;Des de Barcelona&#8230; C-58 + B30 Sortida Universitat Aut\u00f2noma<br>&nbsp;Des de Cerdanyola&#8230; Carretera de Bellaterra (Universitat Aut\u00f2noma)<br>&nbsp;Des de Sabadell&#8230;. Carretera de Sant Cugat (Universitat Aut\u00f2noma)<br>&nbsp;Des de Terrassa &#8211; Manresa&#8230; C-58 Sortida Sabdell Sud &#8211; Bellaterra<br>&nbsp;Des de Girona&#8230; A-7 (Lateral B-30) Sortida Universitat Aut\u00f2noma<br>&nbsp;Des de Tarragona &#8211; LLeida&#8230; A-7 (Lateral B-30) Sortida Universitat Aut\u00f2noma<\/p>\n\n\n\n<h2 class=\"wp-block-heading\">Mapa<\/h2>\n\n\n\n<p><iframe loading=\"lazy\" style=\"border: 0;\" src=\"https:\/\/www.google.com\/maps\/embed?pb=!1m14!1m8!1m3!1d11952.504119466943!2d2.1085611515623133!3d41.50154360887847!3m2!1i1024!2i768!4f13.1!3m3!1m2!1s0x12a49678f97b0997%3A0xc9fe71439d45d3a!2sEdifici+Q%2C+Carrer+Universitat+Aut%C3%B2noma+B%2C+Escola+T%C3%A8cnica+Superior+d'Enginyeria!5e0!3m2!1sca!2s!4v1395833875124\" width=\"400\" height=\"300\" frameborder=\"0\"><\/iframe><\/p>\n","protected":false},"excerpt":{"rendered":"<p>Contacte Tel\u00e8fon: 93 581 3556Correu electr\u00f2nic: lampes@uab.cat On Som Escola d&#8217;Enginyeria &#8211; Edifici QC\/ de les SitgesCampus UAB de Bellaterra08193 Cerdanyola del Vall\u00e8sBarcelonaDespatx QC\/2088 &nbsp; Com arribar Amb transport p\u00fablic: Tren: . Ferrocarrils de la Generalitat de Catalunya:&nbsp; &nbsp; &nbsp;. L\u00ednia S2 &#8220;Pla\u00e7a Catalunya- Sabadell&#8221; Estaci\u00f3: Universitat Aut\u00f2noma&nbsp; &nbsp; &nbsp;. L\u00ednia S55 &#8220;Pla\u00e7a Catalunya &#8211; [&hellip;]<\/p>\n","protected":false},"author":20,"featured_media":0,"parent":0,"menu_order":0,"comment_status":"closed","ping_status":"closed","template":"","meta":{"footnotes":""},"class_list":["post-44","page","type-page","status-publish","hentry"],"_links":{"self":[{"href":"https:\/\/webs.uab.cat\/lampes\/wp-json\/wp\/v2\/pages\/44","targetHints":{"allow":["GET"]}}],"collection":[{"href":"https:\/\/webs.uab.cat\/lampes\/wp-json\/wp\/v2\/pages"}],"about":[{"href":"https:\/\/webs.uab.cat\/lampes\/wp-json\/wp\/v2\/types\/page"}],"author":[{"embeddable":true,"href":"https:\/\/webs.uab.cat\/lampes\/wp-json\/wp\/v2\/users\/20"}],"replies":[{"embeddable":true,"href":"https:\/\/webs.uab.cat\/lampes\/wp-json\/wp\/v2\/comments?post=44"}],"version-history":[{"count":1,"href":"https:\/\/webs.uab.cat\/lampes\/wp-json\/wp\/v2\/pages\/44\/revisions"}],"predecessor-version":[{"id":287,"href":"https:\/\/webs.uab.cat\/lampes\/wp-json\/wp\/v2\/pages\/44\/revisions\/287"}],"wp:attachment":[{"href":"https:\/\/webs.uab.cat\/lampes\/wp-json\/wp\/v2\/media?parent=44"}],"curies":[{"name":"wp","href":"https:\/\/api.w.org\/{rel}","templated":true}]}}