{"id":45,"date":"2010-06-22T16:07:29","date_gmt":"2010-06-22T14:07:29","guid":{"rendered":"https:\/\/webs.uab.cat\/lampes\/lampes\/"},"modified":"2010-06-22T16:07:29","modified_gmt":"2010-06-22T14:07:29","slug":"lampes","status":"publish","type":"page","link":"https:\/\/webs.uab.cat\/lampes\/","title":{"rendered":"LaMPES"},"content":{"rendered":"<p>El LaMPES \u00e9s un servei de disseny i prototipatge electr\u00f2nic centrat en quatre \u00e0rees principals:<\/p>\n<ul>\n<li>&nbsp;&nbsp;&nbsp; Disseny i fabricaci\u00f3 de PCBs<\/li>\n<li>&nbsp;&nbsp;&nbsp; Disseny de sistemes electr\u00f2nics a mida<\/li>\n<li>&nbsp;&nbsp;&nbsp; Sistemes embedded<\/li>\n<li>&nbsp;&nbsp; &nbsp;Printed electronics<\/li>\n<\/ul>\n<p>Aquest servei ofereix prototips electr\u00f2nics personalitzats amb la possibilitat addicional de muntatge incremental (concurrent amb el test proporcionat pels clients) de plaques de circuit impr\u00e8s de diferents formats i substrats (incloent-ne de flexibles), i suport de components microelectr\u00f2nics complexos, incloent components d&#8217;alta densitat amb encapsulats tipus BGA, CSP, etc. Aquest servei el poden utilitzar les empreses en processos de certificaci\u00f3 en cas de participaci\u00f3 en el proc\u00e9s de disseny de les PCBs.<\/p>\n","protected":false},"excerpt":{"rendered":"<p>El LaMPES \u00e9s un servei de disseny i prototipatge electr\u00f2nic centrat en quatre \u00e0rees principals: &nbsp;&nbsp;&nbsp; Disseny i fabricaci\u00f3 de PCBs &nbsp;&nbsp;&nbsp; Disseny de sistemes electr\u00f2nics a mida &nbsp;&nbsp;&nbsp; Sistemes embedded &nbsp;&nbsp; &nbsp;Printed electronics Aquest servei ofereix prototips electr\u00f2nics personalitzats amb la possibilitat addicional de muntatge incremental (concurrent amb el test proporcionat pels clients) de [&hellip;]<\/p>\n","protected":false},"author":20,"featured_media":0,"parent":0,"menu_order":0,"comment_status":"closed","ping_status":"closed","template":"","meta":{"footnotes":""},"class_list":["post-45","page","type-page","status-publish","hentry"],"_links":{"self":[{"href":"https:\/\/webs.uab.cat\/lampes\/wp-json\/wp\/v2\/pages\/45","targetHints":{"allow":["GET"]}}],"collection":[{"href":"https:\/\/webs.uab.cat\/lampes\/wp-json\/wp\/v2\/pages"}],"about":[{"href":"https:\/\/webs.uab.cat\/lampes\/wp-json\/wp\/v2\/types\/page"}],"author":[{"embeddable":true,"href":"https:\/\/webs.uab.cat\/lampes\/wp-json\/wp\/v2\/users\/20"}],"replies":[{"embeddable":true,"href":"https:\/\/webs.uab.cat\/lampes\/wp-json\/wp\/v2\/comments?post=45"}],"version-history":[{"count":0,"href":"https:\/\/webs.uab.cat\/lampes\/wp-json\/wp\/v2\/pages\/45\/revisions"}],"wp:attachment":[{"href":"https:\/\/webs.uab.cat\/lampes\/wp-json\/wp\/v2\/media?parent=45"}],"curies":[{"name":"wp","href":"https:\/\/api.w.org\/{rel}","templated":true}]}}