{"id":53,"date":"2016-04-26T13:39:37","date_gmt":"2016-04-26T13:39:37","guid":{"rendered":"https:\/\/webs.uab.cat\/lap\/personal\/"},"modified":"2026-02-28T22:41:50","modified_gmt":"2026-02-28T22:41:50","slug":"personal","status":"publish","type":"page","link":"https:\/\/webs.uab.cat\/lap\/personal\/","title":{"rendered":"Personal"},"content":{"rendered":"\n<div class=\"wp-block-columns is-layout-flex wp-container-core-columns-is-layout-9d6595d7 wp-block-columns-is-layout-flex\">\n<div class=\"wp-block-column is-layout-flow wp-block-column-is-layout-flow\">\n<p><strong>Coordinadora<\/strong><\/p>\n\n\n\n<p><a href=\"mailto:jordina.belmonte@uab.cat\">Jordina Belmonte Soler<\/a><\/p>\n<\/div>\n\n\n\n<div class=\"wp-block-column is-layout-flow wp-block-column-is-layout-flow\">\n<p><strong>TSR-T\u00e8cnics Analistes<\/strong><\/p>\n\n\n\n<p>David Navarro Gibert<br>Rut Puigdemunt Puig<\/p>\n\n\n\n<p><strong>TSR-Auxiliar Administrativa<\/strong><\/p>\n\n\n\n<p>Silvia Renom Fern\u00e1ndez<\/p>\n\n\n\n<p><strong>TSR-Programador\/T\u00e8cnic inform\u00e0tic<\/strong><\/p>\n\n\n\n<p><a href=\"mailto:oriol.baeza@uab.cat\">Oriol Baeza Mart\u00ednez<\/a><\/p>\n\n\n\n<p><strong>Suport M\u00e9dic<\/strong><\/p>\n\n\n\n<p><a href=\"https:\/\/www.scaic.cat\/\" target=\"_blank\" rel=\"noreferrer noopener\">Societat Catalana d\u2019Al\u00b7l\u00e8rgia i Immunologia Cl\u00ednica<\/a><\/p>\n<\/div>\n<\/div>\n","protected":false},"excerpt":{"rendered":"<p>Coordinadora Jordina Belmonte Soler TSR-T\u00e8cnics Analistes David Navarro GibertRut Puigdemunt Puig TSR-Auxiliar Administrativa Silvia Renom Fern\u00e1ndez TSR-Programador\/T\u00e8cnic inform\u00e0tic Oriol Baeza Mart\u00ednez Suport M\u00e9dic Societat Catalana d\u2019Al\u00b7l\u00e8rgia i Immunologia Cl\u00ednica<\/p>\n","protected":false},"author":20,"featured_media":0,"parent":0,"menu_order":0,"comment_status":"closed","ping_status":"closed","template":"","meta":{"footnotes":""},"class_list":["post-53","page","type-page","status-publish","hentry"],"_links":{"self":[{"href":"https:\/\/webs.uab.cat\/lap\/wp-json\/wp\/v2\/pages\/53","targetHints":{"allow":["GET"]}}],"collection":[{"href":"https:\/\/webs.uab.cat\/lap\/wp-json\/wp\/v2\/pages"}],"about":[{"href":"https:\/\/webs.uab.cat\/lap\/wp-json\/wp\/v2\/types\/page"}],"author":[{"embeddable":true,"href":"https:\/\/webs.uab.cat\/lap\/wp-json\/wp\/v2\/users\/20"}],"replies":[{"embeddable":true,"href":"https:\/\/webs.uab.cat\/lap\/wp-json\/wp\/v2\/comments?post=53"}],"version-history":[{"count":4,"href":"https:\/\/webs.uab.cat\/lap\/wp-json\/wp\/v2\/pages\/53\/revisions"}],"predecessor-version":[{"id":268,"href":"https:\/\/webs.uab.cat\/lap\/wp-json\/wp\/v2\/pages\/53\/revisions\/268"}],"wp:attachment":[{"href":"https:\/\/webs.uab.cat\/lap\/wp-json\/wp\/v2\/media?parent=53"}],"curies":[{"name":"wp","href":"https:\/\/api.w.org\/{rel}","templated":true}]}}