{"id":81,"date":"2022-09-07T22:10:16","date_gmt":"2022-09-07T22:10:16","guid":{"rendered":"https:\/\/webs.uab.cat\/lap\/serveis-i-tarifes\/"},"modified":"2026-02-28T22:33:17","modified_gmt":"2026-02-28T22:33:17","slug":"serveis-i-tarifes","status":"publish","type":"page","link":"https:\/\/webs.uab.cat\/lap\/serveis-i-tarifes\/","title":{"rendered":"Serveis i tarifes"},"content":{"rendered":"\n<div class=\"wp-block-group has-very-light-gray-to-cyan-bluish-gray-gradient-background has-background\"><div class=\"wp-block-group__inner-container is-layout-flow wp-block-group-is-layout-flow\">\n<p>\u2b07\ufe0f  TARIFES EN PDF<\/p>\n\n\n\n<div class=\"wp-block-file\"><a id=\"wp-block-file--media-6e777786-727a-4417-94b2-8227ecd160b3\" href=\"https:\/\/webs.uab.cat\/lap\/wp-content\/uploads\/sites\/171\/2026\/02\/tarifes_2026_lap-jbelmonte.pdf\">\ud83d\udcc4 tarifes_2026_lap-jbelmonte<\/a><a href=\"https:\/\/webs.uab.cat\/lap\/wp-content\/uploads\/sites\/171\/2026\/02\/tarifes_2026_lap-jbelmonte.pdf\" class=\"wp-block-file__button wp-element-button\" download aria-describedby=\"wp-block-file--media-6e777786-727a-4417-94b2-8227ecd160b3\">Baixa<\/a><\/div>\n<\/div><\/div>\n\n\n\n<h2 class=\"wp-block-heading alignwide\">TIPOLOGIA DE TARIFA<\/h2>\n\n\n\n<figure class=\"wp-block-table alignwide\"><table><thead><tr><th>Tarifa<\/th><th>Cobrament<\/th><th>Aplicada a<\/th><\/tr><\/thead><tbody><tr><td>Interna<\/td><td>C\u00e0rrec Intern<\/td><td>Usuaris <strong>UAB<\/strong> amb projectes de recerca competitius o recerca finan\u00e7ada amb recursos de lliure disposici\u00f3<\/td><\/tr><tr><td>1A<\/td><td>C\u00e0rrec Intern<\/td><td>Usuaris <strong>UAB<\/strong> amb projectes no competitius o convenis<\/td><\/tr><tr><td>1B<\/td><td>Facturaci\u00f3<\/td><td>Centres Esfera, i EBT+Spin-off UAB (amb menys de 10 anys d&#8217;antiguitat i amb conveni vigent amb la UAB)<\/td><\/tr><tr><td>2<\/td><td>Facturaci\u00f3<\/td><td>Empreses PRUAB i Entitats p\u00fabliques de recerca<\/td><\/tr><tr><td>Externa<\/td><td>Facturaci\u00f3<\/td><td>Altres entitats o empreses<\/td><\/tr><\/tbody><\/table><\/figure>\n\n\n\n<h2 class=\"wp-block-heading alignwide\">ANY 2026 (Import final excepte IVA)<\/h2>\n\n\n\n<div class=\"wp-block-group alignwide\"><div class=\"wp-block-group__inner-container is-layout-flow wp-block-group-is-layout-flow\">\n<figure class=\"wp-block-table alignwide\"><table><thead><tr><th>Concepte de Tarifa<\/th><th class=\"has-text-align-center\" data-align=\"center\"><strong>Interna<\/strong><\/th><th class=\"has-text-align-center\" data-align=\"center\"><strong><strong><mark style=\"background-color:#636f80;color:#636f80\" class=\"has-inline-color\">__<\/mark><\/strong> 1A<\/strong> <mark style=\"background-color:#636f80;color:#636f80\" class=\"has-inline-color\">__<\/mark><\/th><th class=\"has-text-align-center\" data-align=\"center\"><mark style=\"background-color:#636f80;color:#636f80\" class=\"has-inline-color\">__<\/mark> <strong>1B<\/strong> <mark style=\"background-color:#636f80;color:#636f80\" class=\"has-inline-color\">__<\/mark><\/th><th class=\"has-text-align-center\" data-align=\"center\"><mark style=\"background-color:#636f80;color:#636f80\" class=\"has-inline-color\">___<\/mark> <strong>2<\/strong> <mark style=\"background-color:#636f80;color:#636f80\" class=\"has-inline-color\">___<\/mark><\/th><th class=\"has-text-align-center\" data-align=\"center\"><strong>Externa<\/strong><\/th><\/tr><\/thead><tbody><tr><td>Tractament f\u00edsico-qu\u00edmic de <strong>mostres aerobiol\u00f2giques COUR&nbsp;<\/strong>(\u20ac\/mostra)<\/td><td class=\"has-text-align-center\" data-align=\"center\">62,83 \u20ac<\/td><td class=\"has-text-align-center\" data-align=\"center\">65,32 \u20ac<\/td><td class=\"has-text-align-center\" data-align=\"center\">72,16 \u20ac<\/td><td class=\"has-text-align-center\" data-align=\"center\">74,65 \u20ac<\/td><td class=\"has-text-align-center\" data-align=\"center\">78,38 \u20ac<\/td><\/tr><tr><td>An\u00e0lisi Palinol\u00f2gica de <strong>mostres aerobiol\u00f2giques COUR&nbsp;<\/strong>(\u20ac\/mostra)<\/td><td class=\"has-text-align-center\" data-align=\"center\">103,89 \u20ac<\/td><td class=\"has-text-align-center\" data-align=\"center\">107,62 \u20ac<\/td><td class=\"has-text-align-center\" data-align=\"center\">116,95 \u20ac<\/td><td class=\"has-text-align-center\" data-align=\"center\">121,93 \u20ac<\/td><td class=\"has-text-align-center\" data-align=\"center\">126,91 \u20ac<\/td><\/tr><tr><td>Elaboraci\u00f3 d&#8217;<strong>informes de resultats segons demanda&nbsp;<\/strong>(\u20ac\/mostra)<\/td><td class=\"has-text-align-center\" data-align=\"center\">22,40 \u20ac<\/td><td class=\"has-text-align-center\" data-align=\"center\">23,64 \u20ac<\/td><td class=\"has-text-align-center\" data-align=\"center\">24,88 \u20ac<\/td><td class=\"has-text-align-center\" data-align=\"center\">26,13 \u20ac<\/td><td class=\"has-text-align-center\" data-align=\"center\">27,37 \u20ac<\/td><\/tr><tr><td>An\u00e0lisi palinol\u00f2gica de <strong>mostres aerobiol\u00f2giques HIRST<\/strong>&nbsp;(\u20ac\/mostra)<\/td><td class=\"has-text-align-center\" data-align=\"center\">53,50 \u20ac<\/td><td class=\"has-text-align-center\" data-align=\"center\">54,74 \u20ac<\/td><td class=\"has-text-align-center\" data-align=\"center\">58,48 \u20ac<\/td><td class=\"has-text-align-center\" data-align=\"center\">60,97 \u20ac<\/td><td class=\"has-text-align-center\" data-align=\"center\">65,94 \u20ac<\/td><\/tr><tr><td><\/td><td class=\"has-text-align-center\" data-align=\"center\"><\/td><td class=\"has-text-align-center\" data-align=\"center\"><\/td><td class=\"has-text-align-center\" data-align=\"center\"><\/td><td class=\"has-text-align-center\" data-align=\"center\"><\/td><td class=\"has-text-align-center\" data-align=\"center\"><\/td><\/tr><tr><td>An\u00e0lisi palinol\u00f2gica de mostres recollides sobre <strong>insectes<\/strong><\/td><td class=\"has-text-align-center\" data-align=\"center\"><\/td><td class=\"has-text-align-center\" data-align=\"center\"><\/td><td class=\"has-text-align-center\" data-align=\"center\"><\/td><td class=\"has-text-align-center\" data-align=\"center\"><\/td><td class=\"has-text-align-center\" data-align=\"center\"><\/td><\/tr><tr><td>Preparaci\u00f3 material a LAP&nbsp;(\u20ac\/mostra)<\/td><td class=\"has-text-align-center\" data-align=\"center\">53,50 \u20ac<\/td><td class=\"has-text-align-center\" data-align=\"center\">54,74 \u20ac<\/td><td class=\"has-text-align-center\" data-align=\"center\">58,48 \u20ac<\/td><td class=\"has-text-align-center\" data-align=\"center\">60,97 \u20ac<\/td><td class=\"has-text-align-center\" data-align=\"center\">65,94 \u20ac<\/td><\/tr><tr><td>Mostres preparades, nom\u00e9s analitzar, elaborar m\u00e8tode&nbsp;(\u20ac\/mostra)<\/td><td class=\"has-text-align-center\" data-align=\"center\">23,02 \u20ac<\/td><td class=\"has-text-align-center\" data-align=\"center\">24,26 \u20ac<\/td><td class=\"has-text-align-center\" data-align=\"center\">25,51 \u20ac<\/td><td class=\"has-text-align-center\" data-align=\"center\">26,75 \u20ac<\/td><td class=\"has-text-align-center\" data-align=\"center\">27,99 \u20ac<\/td><\/tr><tr><td>Mostres preparades, nom\u00e9s analitzar, m\u00e8tode establert&nbsp;(\u20ac\/mostra)<\/td><td class=\"has-text-align-center\" data-align=\"center\">15,55 \u20ac<\/td><td class=\"has-text-align-center\" data-align=\"center\">16,80 \u20ac<\/td><td class=\"has-text-align-center\" data-align=\"center\">17,42 \u20ac<\/td><td class=\"has-text-align-center\" data-align=\"center\">18,04 \u20ac<\/td><td class=\"has-text-align-center\" data-align=\"center\">18,66 \u20ac<\/td><\/tr><tr><td><\/td><td class=\"has-text-align-center\" data-align=\"center\"><\/td><td class=\"has-text-align-center\" data-align=\"center\"><\/td><td class=\"has-text-align-center\" data-align=\"center\"><\/td><td class=\"has-text-align-center\" data-align=\"center\"><\/td><td class=\"has-text-align-center\" data-align=\"center\"><\/td><\/tr><tr><td>Tractament f\u00edsico-qu\u00edmic de mostres de <strong>s\u00f2ls arqueol\u00f2gics&nbsp;<\/strong>(\u20ac\/mostra)<\/td><td class=\"has-text-align-center\" data-align=\"center\">51,01 \u20ac<\/td><td class=\"has-text-align-center\" data-align=\"center\">52,26 \u20ac<\/td><td class=\"has-text-align-center\" data-align=\"center\">55,99 \u20ac<\/td><td class=\"has-text-align-center\" data-align=\"center\">58,48 \u20ac<\/td><td class=\"has-text-align-center\" data-align=\"center\">63,45 \u20ac<\/td><\/tr><tr><td>An\u00e0lisi Palinol\u00f2gica de mostres de <strong>s\u00f2ls arqueol\u00f2gics&nbsp;<\/strong>(\u20ac\/mostra)<\/td><td class=\"has-text-align-center\" data-align=\"center\">79,63 \u20ac<\/td><td class=\"has-text-align-center\" data-align=\"center\">83,36 \u20ac<\/td><td class=\"has-text-align-center\" data-align=\"center\">90,83 \u20ac<\/td><td class=\"has-text-align-center\" data-align=\"center\">95,18 \u20ac<\/td><td class=\"has-text-align-center\" data-align=\"center\">99,54 \u20ac<\/td><\/tr><tr><td>Tractament f\u00edsico-qu\u00edmic i an\u00e0lisi&nbsp;palinol\u00f2gica&nbsp;de mostres de <strong>s\u00f2ls arqueol\u00f2gics&nbsp;<\/strong>(\u20ac\/mostra)<\/td><td class=\"has-text-align-center\" data-align=\"center\">128,15 \u20ac<\/td><td class=\"has-text-align-center\" data-align=\"center\">131,88 \u20ac<\/td><td class=\"has-text-align-center\" data-align=\"center\">139,35 \u20ac<\/td><td class=\"has-text-align-center\" data-align=\"center\">148,06 \u20ac<\/td><td class=\"has-text-align-center\" data-align=\"center\">159,88 \u20ac<\/td><\/tr><tr><td><\/td><td class=\"has-text-align-center\" data-align=\"center\"><\/td><td class=\"has-text-align-center\" data-align=\"center\"><\/td><td class=\"has-text-align-center\" data-align=\"center\"><\/td><td class=\"has-text-align-center\" data-align=\"center\"><\/td><td class=\"has-text-align-center\" data-align=\"center\"><\/td><\/tr><tr><td>An\u00e0lisi palinol\u00f2gica de mostres de <strong>mels i similar&nbsp;<\/strong>(\u20ac\/mostra)<\/td><td class=\"has-text-align-center\" data-align=\"center\">104,51 \u20ac<\/td><td class=\"has-text-align-center\" data-align=\"center\">108,24 \u20ac<\/td><td class=\"has-text-align-center\" data-align=\"center\">116,95 \u20ac<\/td><td class=\"has-text-align-center\" data-align=\"center\">121,93 \u20ac<\/td><td class=\"has-text-align-center\" data-align=\"center\">129,40 \u20ac<\/td><\/tr><tr><td><\/td><td class=\"has-text-align-center\" data-align=\"center\"><\/td><td class=\"has-text-align-center\" data-align=\"center\"><\/td><td class=\"has-text-align-center\" data-align=\"center\"><\/td><td class=\"has-text-align-center\" data-align=\"center\"><\/td><td class=\"has-text-align-center\" data-align=\"center\"><\/td><\/tr><tr><td>An\u00e0lisis d&#8217;al\u00b7l\u00e8rgens en mostres d&#8217;aire, aliments o altres<\/td><td class=\"has-text-align-center\" data-align=\"center\"><sub><sup>preus a estudiar segons cas<\/sup><\/sub><\/td><td class=\"has-text-align-center\" data-align=\"center\"><sub><sup>preus a estudiar segons cas<\/sup><\/sub><\/td><td class=\"has-text-align-center\" data-align=\"center\"><sup><sub>preus a estudiar segons cas<\/sub><\/sup><\/td><td class=\"has-text-align-center\" data-align=\"center\"><sub><sup>preus a estudiar segons cas<\/sup><\/sub><\/td><td class=\"has-text-align-center\" data-align=\"center\"><sub><sup>preus a estudiar segons cas<\/sup><\/sub><\/td><\/tr><tr><td>Posta a punt de noves metodologies&nbsp;(\u20ac\/hora treball)<\/td><td class=\"has-text-align-center\" data-align=\"center\">44,79 \u20ac<br><sub><sup>+ material necessari<\/sup><\/sub><\/td><td class=\"has-text-align-center\" data-align=\"center\">47,28 \u20ac<br><sub><sup>+ material necessari<\/sup><\/sub><\/td><td class=\"has-text-align-center\" data-align=\"center\">53,50 \u20ac<br><sub><sup>+ material necessari<\/sup><\/sub><\/td><td class=\"has-text-align-center\" data-align=\"center\">58,48 \u20ac<br><sub><sup>+ material necessari<\/sup><\/sub><\/td><td class=\"has-text-align-center\" data-align=\"center\">65,94 \u20ac<br><sub><sup>+ material necessari<\/sup><\/sub><\/td><\/tr><\/tbody><\/table><\/figure>\n<\/div><\/div>\n\n\n\n<p><strong>NOTA: en tots els casos <u>es pot reconsiderar el preu en funci\u00f3 del nombre de mostres a analitzar<\/u>. Contacteu <a href=\"mailto:aerobiologia.pia@uab.cat\">aerobiologia.pia@uab.cat<\/a><\/strong><\/p>\n","protected":false},"excerpt":{"rendered":"<p>\u2b07\ufe0f TARIFES EN PDF TIPOLOGIA DE TARIFA Tarifa Cobrament Aplicada a Interna C\u00e0rrec Intern Usuaris UAB amb projectes de recerca competitius o recerca finan\u00e7ada amb recursos de lliure disposici\u00f3 1A C\u00e0rrec Intern Usuaris UAB amb projectes no competitius o convenis 1B Facturaci\u00f3 Centres Esfera, i EBT+Spin-off UAB (amb menys de 10 anys d&#8217;antiguitat i amb [&hellip;]<\/p>\n","protected":false},"author":20,"featured_media":0,"parent":0,"menu_order":0,"comment_status":"closed","ping_status":"closed","template":"index.php","meta":{"footnotes":""},"class_list":["post-81","page","type-page","status-publish","hentry"],"_links":{"self":[{"href":"https:\/\/webs.uab.cat\/lap\/wp-json\/wp\/v2\/pages\/81","targetHints":{"allow":["GET"]}}],"collection":[{"href":"https:\/\/webs.uab.cat\/lap\/wp-json\/wp\/v2\/pages"}],"about":[{"href":"https:\/\/webs.uab.cat\/lap\/wp-json\/wp\/v2\/types\/page"}],"author":[{"embeddable":true,"href":"https:\/\/webs.uab.cat\/lap\/wp-json\/wp\/v2\/users\/20"}],"replies":[{"embeddable":true,"href":"https:\/\/webs.uab.cat\/lap\/wp-json\/wp\/v2\/comments?post=81"}],"version-history":[{"count":26,"href":"https:\/\/webs.uab.cat\/lap\/wp-json\/wp\/v2\/pages\/81\/revisions"}],"predecessor-version":[{"id":267,"href":"https:\/\/webs.uab.cat\/lap\/wp-json\/wp\/v2\/pages\/81\/revisions\/267"}],"wp:attachment":[{"href":"https:\/\/webs.uab.cat\/lap\/wp-json\/wp\/v2\/media?parent=81"}],"curies":[{"name":"wp","href":"https:\/\/api.w.org\/{rel}","templated":true}]}}