{"id":193,"date":"2011-07-12T12:44:51","date_gmt":"2011-07-12T10:44:51","guid":{"rendered":"https:\/\/webs.uab.cat\/laprec\/journals-0\/"},"modified":"2026-01-25T16:59:54","modified_gmt":"2026-01-25T14:59:54","slug":"scientific-journals","status":"publish","type":"page","link":"https:\/\/webs.uab.cat\/laprec\/en\/scientific-journals\/","title":{"rendered":"Scientific journals"},"content":{"rendered":"\n<p>LAPREC researchers are involved and collaborate in the following scientific publications:<\/p>\n\n\n\n<details class=\"wp-block-mamaduka-toggles wp-block-toggles\"><summary>deSignis. Revista de la Federaci\u00f3n Latinoamericana de Semi\u00f3tica (FELS)<\/summary><div class=\"wp-block-toggles__content\">\n<p><a href=\"https:\/\/www.designisfels.net\/\" target=\"_blank\" rel=\"noopener noreferrer\"><strong>deSignis. Revista de la Federaci\u00f3n Latinoamericana de Semi\u00f3tica (FELS)<\/strong><\/a><\/p>\n\n\n<div class=\"wp-block-image\">\n<figure class=\"aligncenter\"><img loading=\"lazy\" decoding=\"async\" width=\"338\" height=\"600\" src=\"https:\/\/webs.uab.cat\/laprec\/wp-content\/uploads\/sites\/240\/2011\/07\/img-20180528-wa0017_0.jpg\" alt=\"\" class=\"wp-image-187\" srcset=\"https:\/\/webs.uab.cat\/laprec\/wp-content\/uploads\/sites\/240\/2011\/07\/img-20180528-wa0017_0.jpg 338w, https:\/\/webs.uab.cat\/laprec\/wp-content\/uploads\/sites\/240\/2011\/07\/img-20180528-wa0017_0-169x300.jpg 169w\" sizes=\"auto, (max-width: 338px) 100vw, 338px\" \/><\/figure>\n<\/div>\n\n\n<p><strong>deSignis<\/strong> is an international Semiotics journal whose aim is to publish, in Spanish and Portuguese, articles devoted to the study of meaning-making in Latin American societies from an interdisciplinary and multicultural perspective. The purpose of <strong>deSignis<\/strong>, a journal of the Latin American Federation of Semiotics, is to study the processes of meaning production in contemporary Latin American societies, enabling interdisciplinary dialogue and a cohabitation of viewpoints between researchers in the region and the international scientific community. Semiotic practice\u2014what Roland Barthes referred to as a \u201creading\u201d\u2014fits into the growing demand for semioticians in fields as diverse as communication, advertising, fashion, politics, the media, public or private space, architecture and urban design, market research, and new technologies\u2014areas in which semiotic methodology has developed as a descriptive and interpretive form of analysis.<\/p>\n\n\n\n<ul class=\"wp-block-list\">\n<li>Deputy Director: <a href=\"https:\/\/webs.uab.cat\/laprec\/personal\/teresa-velazquez\/\">Teresa Vel\u00e1zquez<\/a> (2015\u2013present)<\/li>\n\n\n\n<li>Member of the Editorial Committee: <a href=\"https:\/\/webs.uab.cat\/laprec\/personal\/teresa-velazquez\/\">Teresa Vel\u00e1zquez<\/a> (2006\u2013present)<\/li>\n\n\n\n<li>Digital Journal Management: <a href=\"https:\/\/webs.uab.cat\/laprec\/en\/personal\/ricardo-carniel-bugs-2\/\">Ricardo Carniel<\/a> (2015\u2013present)<\/li>\n\n\n\n<li>Financial Secretariat: Estibaliz Ortega (2015\u2013present)<\/li>\n\n\n\n<li>Editor-in-Chief in Spain: <a href=\"https:\/\/webs.uab.cat\/laprec\/personal\/teresa-velazquez\/\">Teresa Vel\u00e1zquez<\/a> (2005\u20132015)<\/li>\n\n\n\n<li>Correspondent in Spain: <a href=\"https:\/\/webs.uab.cat\/laprec\/personal\/teresa-velazquez\/\">Teresa Vel\u00e1zquez<\/a> (2001\u20132005)<\/li>\n\n\n\n<li>Member of the Advisory Committee: <a href=\"https:\/\/webs.uab.cat\/laprec\/personal\/teresa-velazquez\/\">Teresa Vel\u00e1zquez<\/a> (2001\u20132006)<\/li>\n<\/ul>\n<\/div><\/details>\n\n\n\n<details class=\"wp-block-mamaduka-toggles wp-block-toggles\"><summary>Conexiones. Revista Iberoamericana de Comunicaci\u00f3n<\/summary><div class=\"wp-block-toggles__content\">\n<p><a href=\"https:\/\/centresderecerca.uab.cat\/oic\/content\/revista-conexiones\" target=\"_blank\" rel=\"noopener noreferrer\"><strong>Conexiones. Revista Iberoamericana de Comunicaci\u00f3n<\/strong><\/a><\/p>\n\n\n\n<p><em>Conexiones. Revista Iberoamericana de Comunicaci\u00f3n<\/em> is a publication of the Interuniversity Network of Communication Studies (RIEC), made up of Universidad Austral (Argentina), Universidad Carlos III (Spain), Universidad Diego Portales (Chile), Universidad Nacional Aut\u00f3noma de M\u00e9xico (Mexico), University of Puerto Rico (Puerto Rico), University of S\u00e3o Paulo and ESPM (Brazil), and coordinated by the Universitat Aut\u00f2noma de Barcelona (Spain). CONEXIONES seeks to foster a plural debate on central aspects of culture and the media. Its explicit aim is to continue, expand, and consolidate the field of critical research opened in Ibero-American societies by the different disciplines that address the media system and its cultural manifestations. It therefore seeks to contribute to the development of these studies from different theoretical, empirical, and historical perspectives, in the context of the changes driven by globalization and the ongoing technological revolution.<\/p>\n\n\n\n<ul class=\"wp-block-list\">\n<li>Deputy Director: <a href=\"https:\/\/webs.uab.cat\/laprec\/personal\/carmina-crusafon-baques\/\">Carmina Crusafon<\/a> (2000\u2013present)<\/li>\n\n\n\n<li>Scientific Committee: <a href=\"https:\/\/webs.uab.cat\/laprec\/personal\/teresa-velazquez\/\">Teresa Vel\u00e1zquez<\/a> (2000\u2013present)<\/li>\n\n\n\n<li>Editorial Board: <a href=\"https:\/\/webs.uab.cat\/laprec\/en\/personal\/ricardo-carniel-bugs-2\/\">Ricardo Carniel<\/a>, <a href=\"https:\/\/webs.uab.cat\/laprec\/personal\/olga-del-rio-4\/\">Olga del R\u00edo<\/a> and <a href=\"https:\/\/webs.uab.cat\/laprec\/en\/personal\/fernando-sabes-2\/\">Fernando Sab\u00e9s<\/a> (present)<\/li>\n<\/ul>\n<\/div><\/details>\n\n\n\n<details class=\"wp-block-mamaduka-toggles wp-block-toggles\"><summary>An\u00e0lisi. Quaderns de comunicaci\u00f3 i cultura<\/summary><div class=\"wp-block-toggles__content\">\n<p><strong><a href=\"https:\/\/analisi.cat\/?lang=ca\" target=\"_blank\" rel=\"noopener noreferrer\"> <\/a><a href=\"https:\/\/analisi.cat\/the-journal\/?lang=es\" target=\"_blank\" rel=\"noopener noreferrer\">An\u00e0lisi.<\/a><a href=\"https:\/\/analisi.cat\/?lang=ca\" target=\"_blank\" rel=\"noopener noreferrer\"> Journal of Communication and Culture<\/a><\/strong><\/p>\n\n\n\n<p><em>An\u00e0lisi<\/em> is an electronic journal that provides open-access scholarly articles in the field of communication sciences. It is aimed at the entire academic and scientific community interested in this area (researchers, university professors, PhD candidates\u2026), although it can also serve as a regular reference source for communication professionals. In its first phase it was published in print by the Universitat Aut\u00f2noma de Barcelona (1980\u20132009), and from 2010 onward it began to be co-published in digital format with the Universitat Oberta de Catalunya. In this second phase, internationalization is strengthened alongside the defense of transparent, agile, and rigorous scientific publishing processes. It is published in English, Spanish, and Catalan, with two issues per year. Access to its contents is free, immediate, and open in order to foster the global exchange of knowledge and make it available to society.<\/p>\n\n\n\n<ul class=\"wp-block-list\">\n<li>Member of the Scientific Committee: <a href=\"https:\/\/webs.uab.cat\/laprec\/personal\/teresa-velazquez\/\">Teresa Vel\u00e1zquez<\/a> (1989\u2013present) and <a href=\"https:\/\/webs.uab.cat\/laprec\/en\/personal\/fernando-sabes-2\/\">Fernando Sab\u00e9s<\/a> (present)<\/li>\n\n\n\n<li>Member of the Editorial Team: <a href=\"https:\/\/webs.uab.cat\/laprec\/en\/personal\/ricardo-carniel-bugs-2\/\">Ricardo Carniel<\/a> (2015\u2013present)<\/li>\n<\/ul>\n<\/div><\/details>\n\n\n\n<details class=\"wp-block-mamaduka-toggles wp-block-toggles\"><summary>Andamios. Revista de Investigaci\u00f3n Social de la Universidad Aut\u00f3noma de la Ciudad de M\u00e9xico<\/summary><div class=\"wp-block-toggles__content\">\n<p><a href=\"https:\/\/www.uacm.edu.mx\/andamios\/\" target=\"_blank\" rel=\"noopener noreferrer\"><strong>Andamios. Journal of Social Research of the Autonomous University of Mexico City<\/strong><\/a><\/p>\n\n\n\n<p><em>Andamios<\/em> is a semiannual academic publication that seeks to contribute to research and teaching in the fields of social sciences and humanities, drawing on contributions from professor-researchers across the different departments of the College of Humanities and Social Sciences of the Autonomous University of Mexico City, as well as scholars from other national and international institutions.<\/p>\n\n\n\n<ul class=\"wp-block-list\">\n<li>Member of the Editorial Board: <a href=\"https:\/\/webs.uab.cat\/laprec\/personal\/teresa-velazquez\/\">Teresa Vel\u00e1zquez<\/a> (2005\u2013present)<\/li>\n<\/ul>\n<\/div><\/details>\n\n\n\n<details class=\"wp-block-mamaduka-toggles wp-block-toggles\"><summary>Revista Latinoamericana de Ciencias de la Comunicaci\u00f3n (ALAIC)<\/summary><div class=\"wp-block-toggles__content\">\n<p><a href=\"https:\/\/www.alaic.org\/revistaalaic\/index.php\/alaic\" target=\"_blank\" rel=\"noopener noreferrer\"><strong>Revista Latinoamericana de Ciencias de la Comunicaci\u00f3n (ALAIC)<\/strong><\/a><\/p>\n\n\n\n<p><em>The<\/em> <em>Revista Latinoamericana de Ciencias de la Comunicaci\u00f3n<\/em> is a semiannual publication edited by the Latin American Association of Communication Researchers (ALAIC). It is an international scientific journal whose main objective is to promote the dissemination, democratization, and strengthening of the Latin American School of Communication Thought. It also aims to broaden dialogue with the global academic community and contribute to the comprehensive development of society on the continent.<\/p>\n\n\n\n<ul class=\"wp-block-list\">\n<li>Member of the Editorial Board: <a href=\"https:\/\/webs.uab.cat\/laprec\/personal\/teresa-velazquez\/\">Teresa Vel\u00e1zquez<\/a> (2004\u2013present)<\/li>\n<\/ul>\n<\/div><\/details>\n\n\n\n<details class=\"wp-block-mamaduka-toggles wp-block-toggles\"><summary>Revista Fronteiras. Estudos Medi\u00e1ticos<\/summary><div class=\"wp-block-toggles__content\">\n<p><strong><a href=\"https:\/\/revistas.unisinos.br\/index.php\/fronteiras\/index\" target=\"_blank\" rel=\"noopener noreferrer\">Revista Fronteiras. Estudos Medi\u00e1ticos<\/a><\/strong><\/p>\n\n\n\n<p><em>Revista Fronteiras &#8211; Estudos Medi\u00e1ticos<\/em>, a Unisinos publication for the scientific community in the fields of humanities and social sciences, aims to serve as a space for theoretical and methodological discussion, debate, and analysis focused on topics directly related to thematic processes, understood here as a set of mediated communication practices manifested through different languages; overdetermined by technical devices: newspapers, magazines, radio, cinema, television, photography, advertising, video, and other emerging production processes.<\/p>\n\n\n\n<ul class=\"wp-block-list\">\n<li>Permanent member of the Advisory Council: <a href=\"https:\/\/webs.uab.cat\/laprec\/personal\/teresa-velazquez\/\">Teresa Vel\u00e1zquez<\/a> (1999\u2013present)<\/li>\n<\/ul>\n<\/div><\/details>\n\n\n\n<details class=\"wp-block-mamaduka-toggles wp-block-toggles\"><summary>Pensar la Publicidad. Revista Internacional de Investigaciones Publicitarias<\/summary><div class=\"wp-block-toggles__content\">\n<p><strong><a href=\"https:\/\/revistas.ucm.es\/index.php\/PEPU\" target=\"_blank\" rel=\"noopener noreferrer\">Pensar la Publicidad. International Journal of Advertising Research<\/a><\/strong><\/p>\n\n\n\n<p><em>Pensar la Publicidad. Revista Internacional de Investigaciones publicitarias,<\/em> ISSN: 1887-8598, is a semiannual publication (17&#215;24 format) published by the Complutense University of Madrid. It aims to foster understanding of the advertising phenomenon and related subjects, providing\u2014especially for Spanish and Latin American researchers\u2014a forum in which to publish their scientific research in this field.<\/p>\n\n\n\n<ul class=\"wp-block-list\">\n<li>Member of the Advisory Board: <a href=\"https:\/\/webs.uab.cat\/laprec\/personal\/teresa-velazquez\/\">Teresa Vel\u00e1zquez<\/a> (2007\u2013present)<\/li>\n<\/ul>\n<\/div><\/details>\n\n\n\n<details class=\"wp-block-mamaduka-toggles wp-block-toggles\"><summary>RUTA. Revista Universit\u00e0ria de Treballs Acad\u00e8mics<\/summary><div class=\"wp-block-toggles__content\">\n<p><strong><a href=\"https:\/\/www.raco.cat\/index.php\/Ruta\" target=\"_blank\" rel=\"noopener noreferrer\">RUTA.<\/a> <\/strong><a href=\"https:\/\/www.raco.cat\/index.php\/Ruta\" target=\"_blank\" rel=\"noopener noreferrer\"><strong>University Journal of Academic Works<\/strong><\/a><\/p>\n\n\n\n<p>RUTA was founded in 2004 with the intention of contributing to the development of research in the field of communication, facilitating young researchers\u2019 and future PhDs\u2019 entry into the professional world by disseminating their contributions to scientific knowledge. Its scholarly content is organized into four sections: Communication Sciences, Communication Policies, Cyberjournalism, and Language and Strategic Communication. RUTA will not publish only articles produced within the Department of Journalism of the Universitat Aut\u00f2noma de Barcelona, but is open to all PhD programs, master\u2019s programs, and research groups working at the University, who are invited to participate.<\/p>\n\n\n\n<ul class=\"wp-block-list\">\n<li>Editorial Board: <a href=\"https:\/\/webs.uab.cat\/laprec\/personal\/carmina-crusafon-baques\/\">Carmina Crusafon<\/a> (present)<\/li>\n<\/ul>\n<\/div><\/details>\n\n\n\n<details class=\"wp-block-mamaduka-toggles wp-block-toggles\"><summary>Other collaborations<\/summary><div class=\"wp-block-toggles__content\">\n<p><strong>Contextos. Communication Journal of the University of La Laguna<\/strong><\/p>\n\n\n\n<ul class=\"wp-block-list\">\n<li>Member of the Editorial Board and Advisory Board: <a href=\"https:\/\/webs.uab.cat\/laprec\/personal\/teresa-velazquez\/\">Teresa Vel\u00e1zquez<\/a> (2007\u2013present)<\/li>\n<\/ul>\n\n\n\n<p><strong>Estudios Semi\u00f3ticos<\/strong><\/p>\n\n\n\n<ul class=\"wp-block-list\">\n<li>Member of the Editorial Committee: <a href=\"https:\/\/webs.uab.cat\/laprec\/personal\/teresa-velazquez\/\">Teresa Vel\u00e1zquez<\/a> (1983\u20131998)<\/li>\n<\/ul>\n<\/div><\/details>\n","protected":false},"excerpt":{"rendered":"<p>LAPREC researchers are involved and collaborate in the following scientific publications:<\/p>\n","protected":false},"author":20,"featured_media":0,"parent":0,"menu_order":0,"comment_status":"closed","ping_status":"closed","template":"","meta":{"footnotes":""},"class_list":["post-193","page","type-page","status-publish","hentry"],"_links":{"self":[{"href":"https:\/\/webs.uab.cat\/laprec\/en\/wp-json\/wp\/v2\/pages\/193","targetHints":{"allow":["GET"]}}],"collection":[{"href":"https:\/\/webs.uab.cat\/laprec\/en\/wp-json\/wp\/v2\/pages"}],"about":[{"href":"https:\/\/webs.uab.cat\/laprec\/en\/wp-json\/wp\/v2\/types\/page"}],"author":[{"embeddable":true,"href":"https:\/\/webs.uab.cat\/laprec\/en\/wp-json\/wp\/v2\/users\/20"}],"replies":[{"embeddable":true,"href":"https:\/\/webs.uab.cat\/laprec\/en\/wp-json\/wp\/v2\/comments?post=193"}],"version-history":[{"count":6,"href":"https:\/\/webs.uab.cat\/laprec\/en\/wp-json\/wp\/v2\/pages\/193\/revisions"}],"predecessor-version":[{"id":2835,"href":"https:\/\/webs.uab.cat\/laprec\/en\/wp-json\/wp\/v2\/pages\/193\/revisions\/2835"}],"wp:attachment":[{"href":"https:\/\/webs.uab.cat\/laprec\/en\/wp-json\/wp\/v2\/media?parent=193"}],"curies":[{"name":"wp","href":"https:\/\/api.w.org\/{rel}","templated":true}]}}