{"id":1293,"date":"2022-10-27T18:05:47","date_gmt":"2022-10-27T16:05:47","guid":{"rendered":"https:\/\/webs.uab.cat\/laprec\/personal\/"},"modified":"2026-01-25T17:02:13","modified_gmt":"2026-01-25T15:02:13","slug":"personal","status":"publish","type":"page","link":"https:\/\/webs.uab.cat\/laprec\/es\/personal\/","title":{"rendered":"Equipo"},"content":{"rendered":"\r\n<ul class=\"staff-grid\">\r\n\r\n\t\r\n<li class=\"staff-list-item\">\r\n\t<figure>\r\n\t\t\r\n\t\t<img decoding=\"async\" src=\"https:\/\/webs.uab.cat\/laprec\/wp-content\/uploads\/sites\/240\/2013\/06\/foto-Teresa_1.jpg\" alt=\"Teresa Vel\u00e1zquez\">\r\n\t\t\r\n\t<\/figure>\r\n\t<div>\r\n\t\t<p><a href=\"https:\/\/webs.uab.cat\/laprec\/es\/personal\/investigadors\/\"><strong>Teresa Vel\u00e1zquez<\/strong><\/a><\/p>\r\n\t\t<p>Codirectora<\/p>\r\n\t<\/div>\r\n<\/li>\r\n\t\r\n\t\r\n<li class=\"staff-list-item\">\r\n\t<figure>\r\n\t\t\r\n\t\t<img decoding=\"async\" src=\"https:\/\/webs.uab.cat\/laprec\/wp-content\/uploads\/sites\/240\/2016\/12\/ricardo_carniel_1.jpg\" alt=\"Ricardo Carniel Bugs\">\r\n\t\t\r\n\t<\/figure>\r\n\t<div>\r\n\t\t<p><a href=\"https:\/\/webs.uab.cat\/laprec\/es\/personal\/ricardo-carniel-bugs\/\"><strong>Ricardo Carniel Bugs<\/strong><\/a><\/p>\r\n\t\t<p>Codirector<\/p>\r\n\t<\/div>\r\n<\/li>\r\n\t\r\n\t\r\n<li class=\"staff-list-item\">\r\n\t<figure>\r\n\t\t\r\n\t\t<img decoding=\"async\" src=\"https:\/\/webs.uab.cat\/laprec\/wp-content\/uploads\/sites\/240\/2024\/01\/FOTO-PERFIL_CARMINA-CRUSAFON-BAQUES_2024-12.png\" alt=\"Carmina Crusafon Baqu\u00e9s\">\r\n\t\t\r\n\t<\/figure>\r\n\t<div>\r\n\t\t<p><a href=\"https:\/\/webs.uab.cat\/laprec\/es\/personal\/carmina-crusafon-baques\/\"><strong>Carmina Crusafon Baqu\u00e9s<\/strong><\/a><\/p>\r\n\t\t<p>Investigadora<\/p>\r\n\t<\/div>\r\n<\/li>\r\n\t\r\n\t\r\n<li class=\"staff-list-item\">\r\n\t<figure>\r\n\t\t\r\n\t\t<img decoding=\"async\" src=\"https:\/\/webs.uab.cat\/laprec\/wp-content\/uploads\/sites\/240\/2024\/01\/Santiago-Giraldo-Luque.jpg\" alt=\"Santiago Giraldo Luque\u00a0\">\r\n\t\t\r\n\t<\/figure>\r\n\t<div>\r\n\t\t<p><a href=\"https:\/\/webs.uab.cat\/laprec\/es\/personal\/santiago-giraldo-luque-2\/\"><strong>Santiago Giraldo Luque\u00a0<\/strong><\/a><\/p>\r\n\t\t<p>Investigador<\/p>\r\n\t<\/div>\r\n<\/li>\r\n\t\r\n\t\r\n<li class=\"staff-list-item\">\r\n\t<figure>\r\n\t\t\r\n\t\t<img decoding=\"async\" src=\"https:\/\/webs.uab.cat\/laprec\/wp-content\/uploads\/sites\/240\/2016\/12\/lucia_molina_1.jpg\" alt=\"Luc\u00eda Molina\">\r\n\t\t\r\n\t<\/figure>\r\n\t<div>\r\n\t\t<p><a href=\"https:\/\/webs.uab.cat\/laprec\/es\/personal\/lucia-molina\/\"><strong>Luc\u00eda Molina<\/strong><\/a><\/p>\r\n\t\t<p>Investigadora<\/p>\r\n\t<\/div>\r\n<\/li>\r\n\t\r\n\t\r\n<li class=\"staff-list-item\">\r\n\t<figure>\r\n\t\t\r\n\t\t<img decoding=\"async\" src=\"https:\/\/webs.uab.cat\/laprec\/wp-content\/uploads\/sites\/240\/2024\/01\/IMG_20240125_155604-3.jpg\" alt=\"N\u00faria Simelio Sol\u00e0\">\r\n\t\t\r\n\t<\/figure>\r\n\t<div>\r\n\t\t<p><a href=\"https:\/\/webs.uab.cat\/laprec\/es\/personal\/nuria-simelio-sola\/\"><strong>N\u00faria Simelio Sol\u00e0<\/strong><\/a><\/p>\r\n\t\t<p>Investigadora<\/p>\r\n\t<\/div>\r\n<\/li>\r\n\t\r\n\t\r\n<li class=\"staff-list-item\">\r\n\t<figure>\r\n\t\t\r\n\t\t<img decoding=\"async\" src=\"https:\/\/webs.uab.cat\/laprec\/wp-content\/uploads\/sites\/240\/2016\/12\/fernando_sabes_1.jpg\" alt=\"Fernando Sab\u00e9s\">\r\n\t\t\r\n\t<\/figure>\r\n\t<div>\r\n\t\t<p><a href=\"https:\/\/webs.uab.cat\/laprec\/es\/personal\/fernando-sabes\/\"><strong>Fernando Sab\u00e9s<\/strong><\/a><\/p>\r\n\t\t<p>Investigador<\/p>\r\n\t<\/div>\r\n<\/li>\r\n\t\r\n\t\r\n<li class=\"staff-list-item\">\r\n\t<figure>\r\n\t\t\r\n\t\t<img decoding=\"async\" src=\"https:\/\/webs.uab.cat\/laprec\/wp-content\/uploads\/sites\/240\/2016\/12\/lluis_costa_1.jpg\" alt=\"Llu\u00eds Costa\">\r\n\t\t\r\n\t<\/figure>\r\n\t<div>\r\n\t\t<p><a href=\"https:\/\/webs.uab.cat\/laprec\/es\/personal\/lluis-costa\/\"><strong>Llu\u00eds Costa<\/strong><\/a><\/p>\r\n\t\t<p>Investigador<\/p>\r\n\t<\/div>\r\n<\/li>\r\n\t\r\n\t\r\n<li class=\"staff-list-item\">\r\n\t<figure>\r\n\t\t\r\n\t\t<img decoding=\"async\" src=\"https:\/\/webs.uab.cat\/laprec\/wp-content\/uploads\/sites\/240\/2016\/12\/olga_del_rio_2.jpg\" alt=\"Olga Del R\u00edo\">\r\n\t\t\r\n\t<\/figure>\r\n\t<div>\r\n\t\t<p><a href=\"https:\/\/webs.uab.cat\/laprec\/es\/personal\/olga-del-rio\/\"><strong>Olga Del R\u00edo<\/strong><\/a><\/p>\r\n\t\t<p>Investigadora<\/p>\r\n\t<\/div>\r\n<\/li>\r\n\t\r\n\t\r\n<li class=\"staff-list-item\">\r\n\t<figure>\r\n\t\t\r\n\t<\/figure>\r\n\t<div>\r\n\t\t<p><a href=\"https:\/\/webs.uab.cat\/laprec\/es\/personal\/lola-banon-castellon\/\"><strong>Lola Ba\u00f1\u00f3n Castell\u00f3n<\/strong><\/a><\/p>\r\n\t\t<p>Investigadora<\/p>\r\n\t<\/div>\r\n<\/li>\r\n\t\r\n\t\r\n<li class=\"staff-list-item\">\r\n\t<figure>\r\n\t\t\r\n\t\t<img decoding=\"async\" src=\"https:\/\/webs.uab.cat\/laprec\/wp-content\/uploads\/sites\/240\/2020\/03\/mariano_dagatti_foto.jpg\" alt=\"Mariano Dagatti\">\r\n\t\t\r\n\t<\/figure>\r\n\t<div>\r\n\t\t<p><a href=\"https:\/\/webs.uab.cat\/laprec\/es\/personal\/mariano-dagatti-3\/\"><strong>Mariano Dagatti<\/strong><\/a><\/p>\r\n\t\t<p>Investigador<\/p>\r\n\t<\/div>\r\n<\/li>\r\n\t\r\n\t\r\n<li class=\"staff-list-item\">\r\n\t<figure>\r\n\t\t\r\n\t\t<img decoding=\"async\" src=\"https:\/\/webs.uab.cat\/laprec\/wp-content\/uploads\/sites\/240\/2017\/03\/foto_lucrecia_escudero.png\" alt=\"Lucrecia Escudero Chauvel\">\r\n\t\t\r\n\t<\/figure>\r\n\t<div>\r\n\t\t<p><a href=\"https:\/\/webs.uab.cat\/laprec\/es\/personal\/lucrecia-escudero-chauvel\/\"><strong>Lucrecia Escudero Chauvel<\/strong><\/a><\/p>\r\n\t\t<p>Investigadora<\/p>\r\n\t<\/div>\r\n<\/li>\r\n\t\r\n\t\r\n<li class=\"staff-list-item\">\r\n\t<figure>\r\n\t\t\r\n\t\t<img decoding=\"async\" src=\"https:\/\/webs.uab.cat\/laprec\/wp-content\/uploads\/sites\/240\/2020\/03\/cristina_fernandez_-_copia_2_opt_0_4.jpg\" alt=\"Cristina Fern\u00e1ndez Rovira\">\r\n\t\t\r\n\t<\/figure>\r\n\t<div>\r\n\t\t<p><a href=\"https:\/\/webs.uab.cat\/laprec\/es\/personal\/cristina-fernandez-rovira-3\/\"><strong>Cristina Fern\u00e1ndez Rovira<\/strong><\/a><\/p>\r\n\t\t<p>Investigadora<\/p>\r\n\t<\/div>\r\n<\/li>\r\n\t\r\n\t\r\n<li class=\"staff-list-item\">\r\n\t<figure>\r\n\t\t\r\n\t\t<img decoding=\"async\" src=\"https:\/\/webs.uab.cat\/laprec\/wp-content\/uploads\/sites\/240\/2016\/12\/natalia_fernandez_3.jpg\" alt=\"Natalia Fern\u00e1ndez\">\r\n\t\t\r\n\t<\/figure>\r\n\t<div>\r\n\t\t<p><a href=\"https:\/\/webs.uab.cat\/laprec\/es\/personal\/natalia-fernandez-2\/\"><strong>Natalia Fern\u00e1ndez<\/strong><\/a><\/p>\r\n\t\t<p>Investigadora<\/p>\r\n\t<\/div>\r\n<\/li>\r\n\t\r\n\t\r\n<li class=\"staff-list-item\">\r\n\t<figure>\r\n\t\t\r\n\t<\/figure>\r\n\t<div>\r\n\t\t<p><a href=\"https:\/\/webs.uab.cat\/laprec\/es\/personal\/maria-forga\/\"><strong>Maria Forga<\/strong><\/a><\/p>\r\n\t\t<p>Investigadora<\/p>\r\n\t<\/div>\r\n<\/li>\r\n\t\r\n\t\r\n<li class=\"staff-list-item\">\r\n\t<figure>\r\n\t\t\r\n\t<\/figure>\r\n\t<div>\r\n\t\t<p><a href=\"https:\/\/webs.uab.cat\/laprec\/es\/personal\/awatef-ketiti\/\"><strong>Awatef Ketiti<\/strong><\/a><\/p>\r\n\t\t<p>Investigadora<\/p>\r\n\t<\/div>\r\n<\/li>\r\n\t\r\n\t\r\n<li class=\"staff-list-item\">\r\n\t<figure>\r\n\t\t\r\n\t\t<img decoding=\"async\" src=\"https:\/\/webs.uab.cat\/laprec\/wp-content\/uploads\/sites\/240\/2024\/01\/NELLY-GUAMAN-2.jpg\" alt=\"Nelly Guam\u00e1n Guadalima\u00a0\">\r\n\t\t\r\n\t<\/figure>\r\n\t<div>\r\n\t\t<p><a href=\"https:\/\/webs.uab.cat\/laprec\/es\/personal\/nelly-guaman-guadalima\/\"><strong>Nelly Guam\u00e1n Guadalima\u00a0<\/strong><\/a><\/p>\r\n\t\t<p>Investigadora Doctoral<\/p>\r\n\t<\/div>\r\n<\/li>\r\n\t\r\n\t\r\n<li class=\"staff-list-item\">\r\n\t<figure>\r\n\t\t\r\n\t\t<img decoding=\"async\" src=\"https:\/\/webs.uab.cat\/laprec\/wp-content\/uploads\/sites\/240\/2024\/01\/VLUNA-1.jpeg\" alt=\"Ver\u00f3nica Luna B\u00e1ez\">\r\n\t\t\r\n\t<\/figure>\r\n\t<div>\r\n\t\t<p><a href=\"https:\/\/webs.uab.cat\/laprec\/es\/personal\/veronica-luna\/\"><strong>Ver\u00f3nica Luna B\u00e1ez<\/strong><\/a><\/p>\r\n\t\t<p>Investigadora Doctoral<\/p>\r\n\t<\/div>\r\n<\/li>\r\n\t\r\n\t\r\n<li class=\"staff-list-item\">\r\n\t<figure>\r\n\t\t\r\n\t\t<img decoding=\"async\" src=\"https:\/\/webs.uab.cat\/laprec\/wp-content\/uploads\/sites\/240\/2017\/06\/captura2-150x150_1.jpg\" alt=\"Claudio Andr\u00e9s Maldonado Rivera\">\r\n\t\t\r\n\t<\/figure>\r\n\t<div>\r\n\t\t<p><a href=\"https:\/\/webs.uab.cat\/laprec\/es\/personal\/claudio-andres-maldonado-rivera\/\"><strong>Claudio Andr\u00e9s Maldonado Rivera<\/strong><\/a><\/p>\r\n\t\t<p>Investigador<\/p>\r\n\t<\/div>\r\n<\/li>\r\n\t\r\n\t\r\n<li class=\"staff-list-item\">\r\n\t<figure>\r\n\t\t\r\n\t<\/figure>\r\n\t<div>\r\n\t\t<p><a href=\"https:\/\/webs.uab.cat\/laprec\/es\/personal\/elizabeth-martinez-de-aguirre-2\/\"><strong>Elizabeth Mart\u00ednez de Aguirre<\/strong><\/a><\/p>\r\n\t\t<p>Investigadora<\/p>\r\n\t<\/div>\r\n<\/li>\r\n\t\r\n\t\r\n<li class=\"staff-list-item\">\r\n\t<figure>\r\n\t\t\r\n\t\t<img decoding=\"async\" src=\"https:\/\/webs.uab.cat\/laprec\/wp-content\/uploads\/sites\/240\/2019\/07\/img-20180513-wa0074_0.jpg\" alt=\"Luc\u00eda Nieto Maestre\">\r\n\t\t\r\n\t<\/figure>\r\n\t<div>\r\n\t\t<p><a href=\"https:\/\/webs.uab.cat\/laprec\/es\/personal\/lucia-nieto-maestre-2\/\"><strong>Luc\u00eda Nieto Maestre<\/strong><\/a><\/p>\r\n\t\t<p>Investigadora Doctoral<\/p>\r\n\t<\/div>\r\n<\/li>\r\n\t\r\n\t\r\n<li class=\"staff-list-item\">\r\n\t<figure>\r\n\t\t\r\n\t\t<img decoding=\"async\" src=\"https:\/\/webs.uab.cat\/laprec\/wp-content\/uploads\/sites\/240\/2019\/07\/captura_de_pantalla_2019-07-20_a_las_14.34.01.png\" alt=\"Marta Rizo Garc\u00eda\">\r\n\t\t\r\n\t<\/figure>\r\n\t<div>\r\n\t\t<p><a href=\"https:\/\/webs.uab.cat\/laprec\/es\/personal\/marta-rizo-garcia-2\/\"><strong>Marta Rizo Garc\u00eda<\/strong><\/a><\/p>\r\n\t\t<p>Investigadora<\/p>\r\n\t<\/div>\r\n<\/li>\r\n\t\r\n\t\r\n<li class=\"staff-list-item\">\r\n\t<figure>\r\n\t\t\r\n\t\t<img decoding=\"async\" src=\"https:\/\/webs.uab.cat\/laprec\/wp-content\/uploads\/sites\/240\/2016\/12\/gabriel_lemkow_1.jpg\" alt=\"Gabriel Lemkow\">\r\n\t\t\r\n\t<\/figure>\r\n\t<div>\r\n\t\t<p><a href=\"https:\/\/webs.uab.cat\/laprec\/es\/personal\/gabriel-lemkow\/\"><strong>Gabriel Lemkow<\/strong><\/a><\/p>\r\n\t\t<p>Investigador<\/p>\r\n\t<\/div>\r\n<\/li>\r\n\t\r\n\t\r\n<li class=\"staff-list-item\">\r\n\t<figure>\r\n\t\t\r\n\t\t<img decoding=\"async\" src=\"https:\/\/webs.uab.cat\/laprec\/wp-content\/uploads\/sites\/240\/2016\/12\/miguel_gamez_1.jpg\" alt=\"Miguel G\u00e1mez\">\r\n\t\t\r\n\t<\/figure>\r\n\t<div>\r\n\t\t<p><a href=\"https:\/\/webs.uab.cat\/laprec\/es\/personal\/miguel-gamez\/\"><strong>Miguel G\u00e1mez<\/strong><\/a><\/p>\r\n\t\t<p>Investigador<\/p>\r\n\t<\/div>\r\n<\/li>\r\n\t\r\n<\/ul>\r\n","protected":false},"excerpt":{"rendered":"","protected":false},"author":20,"featured_media":0,"parent":0,"menu_order":2,"comment_status":"closed","ping_status":"closed","template":"","meta":{"footnotes":""},"class_list":["post-1293","page","type-page","status-publish","hentry"],"_links":{"self":[{"href":"https:\/\/webs.uab.cat\/laprec\/es\/wp-json\/wp\/v2\/pages\/1293","targetHints":{"allow":["GET"]}}],"collection":[{"href":"https:\/\/webs.uab.cat\/laprec\/es\/wp-json\/wp\/v2\/pages"}],"about":[{"href":"https:\/\/webs.uab.cat\/laprec\/es\/wp-json\/wp\/v2\/types\/page"}],"author":[{"embeddable":true,"href":"https:\/\/webs.uab.cat\/laprec\/es\/wp-json\/wp\/v2\/users\/20"}],"replies":[{"embeddable":true,"href":"https:\/\/webs.uab.cat\/laprec\/es\/wp-json\/wp\/v2\/comments?post=1293"}],"version-history":[{"count":2,"href":"https:\/\/webs.uab.cat\/laprec\/es\/wp-json\/wp\/v2\/pages\/1293\/revisions"}],"predecessor-version":[{"id":1297,"href":"https:\/\/webs.uab.cat\/laprec\/es\/wp-json\/wp\/v2\/pages\/1293\/revisions\/1297"}],"wp:attachment":[{"href":"https:\/\/webs.uab.cat\/laprec\/es\/wp-json\/wp\/v2\/media?parent=1293"}],"curies":[{"name":"wp","href":"https:\/\/api.w.org\/{rel}","templated":true}]}}