{"id":173,"date":"2009-05-25T13:20:37","date_gmt":"2009-05-25T11:20:37","guid":{"rendered":"https:\/\/webs.uab.cat\/laprec\/investigacion\/"},"modified":"2026-01-25T17:20:08","modified_gmt":"2026-01-25T15:20:08","slug":"investigacion","status":"publish","type":"page","link":"https:\/\/webs.uab.cat\/laprec\/es\/investigacion\/","title":{"rendered":"Investigaci\u00f3n"},"content":{"rendered":"\n<p class=\"rtejustify\">El <strong>Laboratorio de Prospectiva e Investigaci\u00f3n en Comunicaci\u00f3n, Cultura y Cooperaci\u00f3n (LAPREC)<\/strong> es un grupo de investigaci\u00f3n consolidado de la Generalitat de Catalunya de referencia SGR 2014-1388. Adscrito a la Universitat Aut\u00f2noma de Barcelona, Departamento de Periodismo y Ciencias de la Comunicaci\u00f3n de la UAB desde los a\u00f1os 90. El Laboratorio est\u00e1 dirigido por la Catedr\u00e1tica\u00a0de Periodismo la Dra. Teresa Vel\u00e1zquez.<\/p>\n\n\n\n<p class=\"rtejustify\">Aunque vinculado al Departamento de Periodismo y Ciencias de la Comunicaci\u00f3n, el LAPREC es un grupo interdisciplinario, del que participan investigadores de otras \u00e1reras del conocimiento, tales como la Comunicaci\u00f3n Audiovisual, Publicidad, Traducci\u00f3n e Interpretaci\u00f3n, Pedagog\u00eda Aplicada, Ling\u00fc\u00edstica, Antropolog\u00eda Social. Tambi\u00e9n colaboran con el LAPREC expertos de otras instituciones acad\u00e9micas y profesionales del \u00e1rea.<\/p>\n","protected":false},"excerpt":{"rendered":"<p>El Laboratorio de Prospectiva e Investigaci\u00f3n en Comunicaci\u00f3n, Cultura y Cooperaci\u00f3n (LAPREC) es un grupo de investigaci\u00f3n consolidado de la Generalitat de Catalunya de referencia SGR 2014-1388. Adscrito a la Universitat Aut\u00f2noma de Barcelona, Departamento de Periodismo y Ciencias de la Comunicaci\u00f3n de la UAB desde los a\u00f1os 90. El Laboratorio est\u00e1 dirigido por la [&hellip;]<\/p>\n","protected":false},"author":20,"featured_media":0,"parent":0,"menu_order":5,"comment_status":"closed","ping_status":"closed","template":"","meta":{"footnotes":""},"class_list":["post-173","page","type-page","status-publish","hentry"],"_links":{"self":[{"href":"https:\/\/webs.uab.cat\/laprec\/es\/wp-json\/wp\/v2\/pages\/173","targetHints":{"allow":["GET"]}}],"collection":[{"href":"https:\/\/webs.uab.cat\/laprec\/es\/wp-json\/wp\/v2\/pages"}],"about":[{"href":"https:\/\/webs.uab.cat\/laprec\/es\/wp-json\/wp\/v2\/types\/page"}],"author":[{"embeddable":true,"href":"https:\/\/webs.uab.cat\/laprec\/es\/wp-json\/wp\/v2\/users\/20"}],"replies":[{"embeddable":true,"href":"https:\/\/webs.uab.cat\/laprec\/es\/wp-json\/wp\/v2\/comments?post=173"}],"version-history":[{"count":1,"href":"https:\/\/webs.uab.cat\/laprec\/es\/wp-json\/wp\/v2\/pages\/173\/revisions"}],"predecessor-version":[{"id":2901,"href":"https:\/\/webs.uab.cat\/laprec\/es\/wp-json\/wp\/v2\/pages\/173\/revisions\/2901"}],"wp:attachment":[{"href":"https:\/\/webs.uab.cat\/laprec\/es\/wp-json\/wp\/v2\/media?parent=173"}],"curies":[{"name":"wp","href":"https:\/\/api.w.org\/{rel}","templated":true}]}}