{"id":174,"date":"2009-05-25T13:26:58","date_gmt":"2009-05-25T11:26:58","guid":{"rendered":"https:\/\/webs.uab.cat\/laprec\/linias-de-investigacion\/"},"modified":"2010-01-21T13:45:43","modified_gmt":"2010-01-21T11:45:43","slug":"linias-de-investigacion","status":"publish","type":"page","link":"https:\/\/webs.uab.cat\/laprec\/es\/investigacion\/linias-de-investigacion\/","title":{"rendered":"L\u00ednias de investigaci\u00f3n"},"content":{"rendered":"<p><strong>Programa de investigaciones en Televisi\u00f3n, Industrias Culturales y Diversidad Cultural<\/strong><\/p>\n<p class=\"rtejustify\">El programa est\u00e1 orientado al estudio de las industrias culturales y su relaci\u00f3n con las producciones televisivas. El an\u00e1lisis de la programaci\u00f3n de las televisiones, sus contenidos y las diferentes formas de expresi\u00f3n gen\u00e9ricas y los aspectos vinculados al sector del audiovisual sus transformaciones, legislaci\u00f3n y regulaci\u00f3n.<\/p>\n<p class=\"rtejustify\"><strong>Programa de investigaciones en Estudios Culturales y Comunicaci\u00f3n<\/strong><\/p>\n<p class=\"rtejustify\">El programa est\u00e1 orientado al estudio de la producci\u00f3n, consumo y recepci\u00f3n del discurso cultural y comunicativo. El objeto del programa se centra en las transformaciones que se operan en el discurso cultural y comunicativo en la sociedad del conocimiento y los contextos de producci\u00f3n, consumo y recepci\u00f3n de dicho discurso. Asimismo, la importancia del discurso de la comunicaci\u00f3n en relaci\u00f3n a la mediaci\u00f3n socio-cultural, los aspectos de la exclusi\u00f3n social y sus vinculaciones con la cooperaci\u00f3n al desarrollo, con especial \u00e9nfasis en la regi\u00f3n mediterr\u00e1nea.<\/p>\n<p class=\"rtejustify\"><strong>Programa de investigaci\u00f3n sobre Comunicaci\u00f3n y Cooperaci\u00f3n para el Desarrollo por regiones (Mediterr\u00e1neo, Europa y Am\u00e9rica Latina)<\/strong><\/p>\n<p class=\"rtejustify\">El programa est\u00e1 orientado a fomentar las aportaciones disciplinarias de la comunicaci\u00f3n a los diagn\u00f3sticos, pol\u00edticas y estrategias de la cooperaci\u00f3n para el desarrollo. Incorporaci\u00f3n de la comunicaci\u00f3n en la planificaci\u00f3n estrat\u00e9gica y por objetivos de los programas de desarrollo (metodolog\u00edas ZOPP y MML). Estudio y prospectiva de los nuevos retos derivados de la Sociedad de la Informaci\u00f3n por el sistema de cooperaci\u00f3n y los organismos internacionales.<\/p>\n","protected":false},"excerpt":{"rendered":"<p>Programa de investigaciones en Televisi\u00f3n, Industrias Culturales y Diversidad Cultural El programa est\u00e1 orientado al estudio de las industrias culturales y su relaci\u00f3n con las producciones televisivas. El an\u00e1lisis de la programaci\u00f3n de las televisiones, sus contenidos y las diferentes formas de expresi\u00f3n gen\u00e9ricas y los aspectos vinculados al sector del audiovisual sus transformaciones, legislaci\u00f3n [&hellip;]<\/p>\n","protected":false},"author":20,"featured_media":0,"parent":173,"menu_order":0,"comment_status":"closed","ping_status":"closed","template":"","meta":{"footnotes":""},"class_list":["post-174","page","type-page","status-publish","hentry"],"_links":{"self":[{"href":"https:\/\/webs.uab.cat\/laprec\/es\/wp-json\/wp\/v2\/pages\/174","targetHints":{"allow":["GET"]}}],"collection":[{"href":"https:\/\/webs.uab.cat\/laprec\/es\/wp-json\/wp\/v2\/pages"}],"about":[{"href":"https:\/\/webs.uab.cat\/laprec\/es\/wp-json\/wp\/v2\/types\/page"}],"author":[{"embeddable":true,"href":"https:\/\/webs.uab.cat\/laprec\/es\/wp-json\/wp\/v2\/users\/20"}],"replies":[{"embeddable":true,"href":"https:\/\/webs.uab.cat\/laprec\/es\/wp-json\/wp\/v2\/comments?post=174"}],"version-history":[{"count":0,"href":"https:\/\/webs.uab.cat\/laprec\/es\/wp-json\/wp\/v2\/pages\/174\/revisions"}],"up":[{"embeddable":true,"href":"https:\/\/webs.uab.cat\/laprec\/es\/wp-json\/wp\/v2\/pages\/173"}],"wp:attachment":[{"href":"https:\/\/webs.uab.cat\/laprec\/es\/wp-json\/wp\/v2\/media?parent=174"}],"curies":[{"name":"wp","href":"https:\/\/api.w.org\/{rel}","templated":true}]}}