{"id":186,"date":"2009-05-25T13:24:08","date_gmt":"2009-05-25T11:24:08","guid":{"rendered":"https:\/\/webs.uab.cat\/laprec\/enlaces\/"},"modified":"2010-01-21T14:08:04","modified_gmt":"2010-01-21T12:08:04","slug":"enlaces","status":"publish","type":"page","link":"https:\/\/webs.uab.cat\/laprec\/es\/enlaces\/","title":{"rendered":"Enlaces"},"content":{"rendered":"<p><strong>Formaci\u00f3n:<\/strong><\/p>\n<p><a href=\"http:\/\/www.mastermimplus.eu\/\">Master Eramus Mundus Crossing the Mediterranean: towards investment and integration<\/a><\/p>\n<p><a href=\"http:\/\/www.uab.cat\/departament\/periodisme-comunicacio\/\">Departament de Periodismo y de Ciencias de la Comunicaci\u00f3n&nbsp;de la UAB<\/a><\/p>\n<p><strong>Entidades, proyectos y&nbsp;espacios&nbsp;de inter\u00e9s:<\/strong><\/p>\n<p><a href=\"http:\/\/omec.uab.cat\/\">Observatorio Mediterr\u00e1neo de la Comunicaci\u00f3n (OMEC)<\/a><\/p>\n<p><a href=\"http:\/\/www.designisfels.net\/\">Revista deSignis, publicaci\u00f3n de la Federaci\u00f3n Latinoamericana de Semi\u00f3tica (FELS)<\/a><\/p>\n<p><a href=\"https:\/\/internationalandintercultural.wordpress.com\/\">International and Intercultural Communication Section de ECREA<\/a><\/p>\n<p><a href=\"http:\/\/www.ecrea.eu\/\">European Communication Research and Education Association (ECREA)<\/a><\/p>\n<p><a href=\"https:\/\/www.udg.edu\/tabid\/5486\/Default.aspx?grup=GRHCS092&amp;language=\">Grup de Recerca Comunicaci\u00f3 Social i Institucional, Universitat de Girona<\/a><\/p>\n<p><a href=\"http:\/\/ddd.uab.cat\/\">Deposito Digital de Documentos de la UAB<\/a><\/p>\n<p><a href=\"http:\/\/www.uab.cat\/web\/fas-1254380703729.html\">Fundaci\u00f3n Aut\u00f3noma Solidaria (FAS)<\/a><\/p>\n<p><a href=\"http:\/\/www.iemed.org\/\">Instituto Europeo del Mediterr\u00e1neo (IEMed)<\/a><\/p>\n<p><a href=\"http:\/\/www.annalindhfoundation.org\/\">Fundaci\u00f3n Anna Lindh<\/a><\/p>\n<p><a href=\"http:\/\/www.casaarabe.es\/\">Casa \u00c1rabe<\/a><\/p>\n<p><a href=\"http:\/\/www.tresculturas.org\/\">Fundaci\u00f3n Tres Culturas del Mediterr\u00e1neo<\/a><\/p>\n<p><a href=\"http:\/\/ciespal.org\/\">Centro Internacional de Estudios Superiores de Comunicaci\u00f3n para Am\u00e9rica Latina&nbsp;(CIESPAL)<\/a><\/p>\n<p><a href=\"http:\/\/www.eshorizonte2020.es\/\">Portal espa\u00f1ol del programa Marco de Investigaci\u00f3n e Innovaci\u00f3n de la Uni\u00f3n Europea&nbsp;(Horizon 2020)<\/a><\/p>\n","protected":false},"excerpt":{"rendered":"<p>Formaci\u00f3n: Master Eramus Mundus Crossing the Mediterranean: towards investment and integration Departament de Periodismo y de Ciencias de la Comunicaci\u00f3n&nbsp;de la UAB Entidades, proyectos y&nbsp;espacios&nbsp;de inter\u00e9s: Observatorio Mediterr\u00e1neo de la Comunicaci\u00f3n (OMEC) Revista deSignis, publicaci\u00f3n de la Federaci\u00f3n Latinoamericana de Semi\u00f3tica (FELS) International and Intercultural Communication Section de ECREA European Communication Research and Education Association [&hellip;]<\/p>\n","protected":false},"author":20,"featured_media":0,"parent":0,"menu_order":100,"comment_status":"closed","ping_status":"closed","template":"","meta":{"footnotes":""},"class_list":["post-186","page","type-page","status-publish","hentry"],"_links":{"self":[{"href":"https:\/\/webs.uab.cat\/laprec\/es\/wp-json\/wp\/v2\/pages\/186","targetHints":{"allow":["GET"]}}],"collection":[{"href":"https:\/\/webs.uab.cat\/laprec\/es\/wp-json\/wp\/v2\/pages"}],"about":[{"href":"https:\/\/webs.uab.cat\/laprec\/es\/wp-json\/wp\/v2\/types\/page"}],"author":[{"embeddable":true,"href":"https:\/\/webs.uab.cat\/laprec\/es\/wp-json\/wp\/v2\/users\/20"}],"replies":[{"embeddable":true,"href":"https:\/\/webs.uab.cat\/laprec\/es\/wp-json\/wp\/v2\/comments?post=186"}],"version-history":[{"count":0,"href":"https:\/\/webs.uab.cat\/laprec\/es\/wp-json\/wp\/v2\/pages\/186\/revisions"}],"wp:attachment":[{"href":"https:\/\/webs.uab.cat\/laprec\/es\/wp-json\/wp\/v2\/media?parent=186"}],"curies":[{"name":"wp","href":"https:\/\/api.w.org\/{rel}","templated":true}]}}