{"id":190,"date":"2011-07-12T12:44:51","date_gmt":"2011-07-12T10:44:51","guid":{"rendered":"https:\/\/webs.uab.cat\/laprec\/revistas-cientificas\/"},"modified":"2026-01-25T16:58:55","modified_gmt":"2026-01-25T14:58:55","slug":"revistas-cientificas","status":"publish","type":"page","link":"https:\/\/webs.uab.cat\/laprec\/es\/revistas-cientificas\/","title":{"rendered":"Revistas cient\u00edficas"},"content":{"rendered":"\n<p>Los investigadores de LAPREC est\u00e1n presentes y colaboran en las siguientes publicaciones cient\u00edficas:<\/p>\n\n\n\n<details class=\"wp-block-mamaduka-toggles wp-block-toggles\"><summary>deSignis. Revista de la Federaci\u00f3n Latinoamericana de Semi\u00f3tica (FELS)<\/summary><div class=\"wp-block-toggles__content\">\n<p><a href=\"https:\/\/www.designisfels.net\/\" target=\"_blank\" rel=\"noopener noreferrer\"><strong>deSignis. Revista de la Federaci\u00f3n Latinoamericana de Semi\u00f3tica (FELS)<\/strong><\/a><\/p>\n\n\n<div class=\"wp-block-image\">\n<figure class=\"aligncenter\"><img loading=\"lazy\" decoding=\"async\" width=\"338\" height=\"600\" src=\"https:\/\/webs.uab.cat\/laprec\/wp-content\/uploads\/sites\/240\/2011\/07\/img-20180528-wa0017_0.jpg\" alt=\"\" class=\"wp-image-187\" srcset=\"https:\/\/webs.uab.cat\/laprec\/wp-content\/uploads\/sites\/240\/2011\/07\/img-20180528-wa0017_0.jpg 338w, https:\/\/webs.uab.cat\/laprec\/wp-content\/uploads\/sites\/240\/2011\/07\/img-20180528-wa0017_0-169x300.jpg 169w\" sizes=\"auto, (max-width: 338px) 100vw, 338px\" \/><\/figure>\n<\/div>\n\n\n<p><strong>deSignis<\/strong> es una revista internacional de Semi\u00f3tica cuyo objetivo es dar a conocer, en espa\u00f1ol y portugu\u00e9s, art\u00edculos dedicados al estudio de la producci\u00f3n de sentido en las sociedades latinoamericanas desde una perspectiva interdisciplinaria y multicultural. El objetivo de <strong>deSignis<\/strong>, una revista de la Federaci\u00f3n Latinoamericana de Semi\u00f3tica, es el estudio de los procesos de producci\u00f3n de sentido en las sociedades latinoamericanas contempor\u00e1neas, posibilitando el di\u00e1logo interdisciplinario y una cohabitaci\u00f3n de puntos de vista entre los investigadores de la regi\u00f3n y la comunidad cient\u00edfica internacional. La pr\u00e1ctica semi\u00f3tica, a la que Roland Barthes se refer\u00eda como una \u00ablectura\u00bb, se inserta en la creciente demanda de semi\u00f3logos en \u00e1mbitos tan diversos como la comunicaci\u00f3n, la publicidad, la moda, la pol\u00edtica, los medios, el espacio p\u00fablico o privado, la arquitectura y el dise\u00f1o urbano, la investigaci\u00f3n de mercado, las nuevas tecnolog\u00edas; espacios en los que la metodolog\u00eda semi\u00f3tica se ha desarrollado como un an\u00e1lisis descriptivo e interpretativo.<\/p>\n\n\n\n<ul class=\"wp-block-list\">\n<li>Subdirecci\u00f3n: <a href=\"https:\/\/webs.uab.cat\/laprec\/personal\/teresa-velazquez\/\">Teresa Vel\u00e1zquez<\/a> (2015-actualidad)<\/li>\n\n\n\n<li>Miembro del Comit\u00e9 de Redacci\u00f3n: <a href=\"https:\/\/webs.uab.cat\/laprec\/personal\/teresa-velazquez\/\">Teresa Vel\u00e1zquez<\/a> (2006-actualidad)<\/li>\n\n\n\n<li>Digital Journal Management: <a href=\"https:\/\/webs.uab.cat\/laprec\/personal\/ricardo-carniel-bugs\/\">Ricardo Carniel<\/a> (2015-actualidad)<\/li>\n\n\n\n<li>Secretar\u00eda financiera: Estibaliz Ortega (2015-actualidad)<\/li>\n\n\n\n<li>Jefa de Redacci\u00f3n en Espa\u00f1a: <a href=\"https:\/\/webs.uab.cat\/laprec\/personal\/teresa-velazquez\/\">Teresa Vel\u00e1zquez<\/a> (2005-2015)<\/li>\n\n\n\n<li>Corresponsal en Espa\u00f1a: <a href=\"https:\/\/webs.uab.cat\/laprec\/personal\/teresa-velazquez\/\">Teresa Vel\u00e1zquez<\/a> (2001-2005)<\/li>\n\n\n\n<li>Miembro del Comit\u00e9 Asesor: <a href=\"https:\/\/webs.uab.cat\/laprec\/personal\/teresa-velazquez\/\">Teresa Vel\u00e1zquez<\/a> (2001-2006)<\/li>\n<\/ul>\n<\/div><\/details>\n\n\n\n<details class=\"wp-block-mamaduka-toggles wp-block-toggles\"><summary>Conexiones. Revista Iberoamericana de Comunicaci\u00f3n<\/summary><div class=\"wp-block-toggles__content\">\n<p><a href=\"https:\/\/centresderecerca.uab.cat\/oic\/content\/revista-conexiones\" target=\"_blank\" rel=\"noopener noreferrer\"><strong>Conexiones. Revista Iberoamericana de Comunicaci\u00f3n<\/strong><\/a><\/p>\n\n\n\n<p><em>Conexiones. Revista Iberoamericana de Comunicaci\u00f3n<\/em> es una publicaci\u00f3n de la Red Interuniversitaria de Estudios de Comunicaci\u00f3n (RIEC), integrada por la Universidad Austral (Argentina), la Universidad Carlos III (Espa\u00f1a), la Universidad Diego Portales (Chile), la Universidad Nacional Aut\u00f3noma de M\u00e9xico (M\u00e9xico), la Universidad de Puerto Rico (Puerto Rico), la Universidad de S\u00e3o Paulo y ESPM (Brasil), y coordinada por la Universitat Aut\u00f2noma de Barcelona (Espa\u00f1a). CONEXIONES desea establecer un debate plural sobre los aspectos centrales de la cultura y los medios de comunicaci\u00f3n. Su objetivo expl\u00edcito es continuar, ampliar y consolidar el campo de la investigaci\u00f3n cr\u00edtica abierto en las sociedades iberoamericanas por las distintas disciplinas que abordan el sistema de los medios de comunicaci\u00f3n y sus manifestaciones culturales. Desea, por tanto, ser una contribuci\u00f3n al desarrollo de estos estudios desde diferentes perspectivas te\u00f3ricas, emp\u00edricas e hist\u00f3ricas, en el contexto de los cambios impulsados por la mundializaci\u00f3n y la revoluci\u00f3n tecnol\u00f3gica en curso.<\/p>\n\n\n\n<ul class=\"wp-block-list\">\n<li>Directora adjunta: <a href=\"https:\/\/webs.uab.cat\/laprec\/personal\/carmina-crusafon-baques\/\">Carmina Crusafon<\/a> (2000-actualidad)<\/li>\n\n\n\n<li>Comit\u00e9 cient\u00edfico: <a href=\"https:\/\/webs.uab.cat\/laprec\/personal\/teresa-velazquez\/\">Teresa Vel\u00e1zquez<\/a> (2000-actualidad)<\/li>\n\n\n\n<li>Consejo de Redacci\u00f3n: <a href=\"https:\/\/webs.uab.cat\/laprec\/personal\/ricardo-carniel-bugs\/\">Ricardo Carniel<\/a>, <a href=\"https:\/\/webs.uab.cat\/laprec\/personal\/olga-del-rio-4\/\">Olga del R\u00edo<\/a> y <a href=\"https:\/\/webs.uab.cat\/laprec\/personal\/fernando-sabes-3\/\">Fernando Sab\u00e9s<\/a> (actualidad)<\/li>\n<\/ul>\n<\/div><\/details>\n\n\n\n<details class=\"wp-block-mamaduka-toggles wp-block-toggles\"><summary>An\u00e0lisi. Quaderns de comunicaci\u00f3 i cultura<\/summary><div class=\"wp-block-toggles__content\">\n<p><strong><a href=\"https:\/\/analisi.cat\/?lang=ca\" target=\"_blank\" rel=\"noopener noreferrer\"> <\/a><a href=\"https:\/\/analisi.cat\/the-journal\/?lang=es\" target=\"_blank\" rel=\"noopener noreferrer\">An\u00e0lisi.<\/a><a href=\"https:\/\/analisi.cat\/?lang=ca\" target=\"_blank\" rel=\"noopener noreferrer\"> Cuadernos de comunicaci\u00f3n y cultura<\/a><\/strong><\/p>\n\n\n\n<p><em>An\u00e0lisi<\/em> es una revista electr\u00f3nica que ofrece en abierto art\u00edculos cient\u00edficos del \u00e1mbito de las ciencias de la comunicaci\u00f3n. Est\u00e1 dirigida a toda la comunidad acad\u00e9mica y cient\u00edfica interesada en este \u00e1mbito (investigadores, profesores universitarios, doctorandos\u2026), aunque tambi\u00e9n puede convertirse en una fuente de consulta peri\u00f3dica para profesionales de la comunicaci\u00f3n. En una primera etapa fue editada en papel por la Universitat Aut\u00f2noma de Barcelona (1980-2009), y a partir de 2010 comenz\u00f3 a coeditarse en formato digital con la Universitat Oberta de Catalunya. En esta segunda etapa se afianza la internacionalizaci\u00f3n y la defensa de unos procesos de publicaci\u00f3n del conocimiento cient\u00edfico transparentes, \u00e1giles y rigurosos. Se publica en ingl\u00e9s, castellano y catal\u00e1n, con una periodicidad de dos n\u00fameros al a\u00f1o. El acceso a sus contenidos es libre, inmediato y gratuito para favorecer el intercambio global de conocimiento y ponerse a disposici\u00f3n de la sociedad.<\/p>\n\n\n\n<ul class=\"wp-block-list\">\n<li>Miembro del Comit\u00e9 Cient\u00edfico: <a href=\"https:\/\/webs.uab.cat\/laprec\/personal\/teresa-velazquez\/\">Teresa Vel\u00e1zquez<\/a> (1989-actualidad) y <a href=\"https:\/\/webs.uab.cat\/laprec\/personal\/fernando-sabes-3\/\">Fernando Sab\u00e9s<\/a> (actualidad)<\/li>\n\n\n\n<li>Miembro del Equipo Editorial: <a href=\"https:\/\/webs.uab.cat\/laprec\/personal\/ricardo-carniel-bugs\/\">Ricardo Carniel<\/a> (2015-actualidad)<\/li>\n<\/ul>\n<\/div><\/details>\n\n\n\n<details class=\"wp-block-mamaduka-toggles wp-block-toggles\"><summary>Andamios. Revista de Investigaci\u00f3n Social de la Universidad Aut\u00f3noma de la Ciudad de M\u00e9xico<\/summary><div class=\"wp-block-toggles__content\">\n<p><a href=\"https:\/\/www.uacm.edu.mx\/andamios\/\" target=\"_blank\" rel=\"noopener noreferrer\"><strong>Andamios. Revista de Investigaci\u00f3n Social de la Universidad Aut\u00f3noma de la Ciudad de M\u00e9xico<\/strong><\/a><\/p>\n\n\n\n<p>Andamios es una publicaci\u00f3n semestral de car\u00e1cter acad\u00e9mico que busca contribuir a las tareas de investigaci\u00f3n y de ense\u00f1anza, en materia de ciencias sociales y humanidades, a partir de las aportaciones de los profesores-investigadores de las diferentes academias del Colegio de Humanidades y Ciencias Sociales de la Universidad Aut\u00f3noma de la Ciudad de M\u00e9xico, as\u00ed como de acad\u00e9micos de otras instituciones nacionales e internacionales.<\/p>\n\n\n\n<ul class=\"wp-block-list\">\n<li>Miembro del Consejo Editorial: <a href=\"https:\/\/webs.uab.cat\/laprec\/personal\/teresa-velazquez\/\">Teresa Vel\u00e1zquez<\/a> (2005-actualidad)<\/li>\n<\/ul>\n<\/div><\/details>\n\n\n\n<details class=\"wp-block-mamaduka-toggles wp-block-toggles\"><summary>Revista Latinoamericana de Ciencias de la Comunicaci\u00f3n (ALAIC)<\/summary><div class=\"wp-block-toggles__content\">\n<p><a href=\"https:\/\/www.alaic.org\/revistaalaic\/index.php\/alaic\" target=\"_blank\" rel=\"noopener noreferrer\"><strong>Revista Latinoamericana de Ciencias de la Comunicaci\u00f3n (ALAIC)<\/strong><\/a><\/p>\n\n\n\n<p><em>La<\/em> <em>Revista Latinoamericana de Ciencias de la Comunicaci\u00f3n<\/em> es una publicaci\u00f3n semestral editada por la Asociaci\u00f3n Latinoamericana de Investigadores de la Comunicaci\u00f3n (ALAIC). Se trata de una revista cient\u00edfica de alcance internacional, cuyo objetivo principal es promover la difusi\u00f3n, la democratizaci\u00f3n y el fortalecimiento de la Escuela del Pensamiento Comunicacional Latinoamericano. Tambi\u00e9n es su prop\u00f3sito ampliar el di\u00e1logo con la comunidad acad\u00e9mica mundial y contribuir al desarrollo integral de la sociedad en el continente.<\/p>\n\n\n\n<ul class=\"wp-block-list\">\n<li>Miembro del Consejo Editorial: <a href=\"https:\/\/webs.uab.cat\/laprec\/personal\/teresa-velazquez\/\">Teresa Vel\u00e1zquez<\/a> (2004-actualidad)<\/li>\n<\/ul>\n<\/div><\/details>\n\n\n\n<details class=\"wp-block-mamaduka-toggles wp-block-toggles\"><summary>Revista Fronteiras. Estudos Medi\u00e1ticos<\/summary><div class=\"wp-block-toggles__content\">\n<p><strong><a href=\"https:\/\/revistas.unisinos.br\/index.php\/fronteiras\/index\" target=\"_blank\" rel=\"noopener noreferrer\">Revista Fronteiras. Estudos Medi\u00e1ticos<\/a><\/strong><\/p>\n\n\n\n<p>La Revista Fronteiras &#8211; Estudos Medi\u00e1ticos, publicaci\u00f3n de Unisinos, para la comunidad cient\u00edfica en el \u00e1rea de las humanidades y las ciencias sociales, tiene como objetivo configurarse como un espacio de discusi\u00f3n te\u00f3rico-metodol\u00f3gico para el debate y el an\u00e1lisis centrado en tem\u00e1ticas directamente concernientes a los procesos tem\u00e1ticos, entendidos aqu\u00ed como un conjunto de pr\u00e1cticas de comunicaci\u00f3n medi\u00e1ticas, manifestadas a trav\u00e9s de diferentes lenguajes; sobredeterminadas por los dispositivos t\u00e9cnicos: diarios, revistas, radio, cine, televisi\u00f3n, fotograf\u00eda, publicidad, video y otros procesos de producci\u00f3n emergentes.<\/p>\n\n\n\n<ul class=\"wp-block-list\">\n<li>Miembro del Consejo Consultivo permanente: <a href=\"https:\/\/webs.uab.cat\/laprec\/personal\/teresa-velazquez\/\">Teresa Vel\u00e1zquez<\/a> (1999-actualidad)<\/li>\n<\/ul>\n<\/div><\/details>\n\n\n\n<details class=\"wp-block-mamaduka-toggles wp-block-toggles\"><summary>Pensar la Publicidad. Revista Internacional de Investigaciones Publicitarias<\/summary><div class=\"wp-block-toggles__content\">\n<p><strong><a href=\"https:\/\/revistas.ucm.es\/index.php\/PEPU\" target=\"_blank\" rel=\"noopener noreferrer\">Pensar la Publicidad. Revista Internacional de Investigaciones Publicitarias<\/a><\/strong><\/p>\n\n\n\n<p><em>Pensar la Publicidad. Revista Internacional de Investigaciones publicitarias,<\/em> con ISSN: 1887-8598, es una publicaci\u00f3n semestral, en formato 17&#215;24, publicada por la Universidad Complutense de Madrid, que se propone impulsar la comprensi\u00f3n del fen\u00f3meno publicitario y materias relacionadas, proporcionando, especialmente a los investigadores espa\u00f1oles y latinoamericanos, un foro donde publicar sus investigaciones cient\u00edficas en torno a este \u00e1mbito.<\/p>\n\n\n\n<ul class=\"wp-block-list\">\n<li>Miembro del Consejo Asesor: <a href=\"https:\/\/webs.uab.cat\/laprec\/personal\/teresa-velazquez\/\">Teresa Vel\u00e1zquez<\/a> (2007-actualidad)<\/li>\n<\/ul>\n<\/div><\/details>\n\n\n\n<details class=\"wp-block-mamaduka-toggles wp-block-toggles\"><summary>RUTA. Revista Universitaria de Trabajos Acad\u00e9micos<\/summary><div class=\"wp-block-toggles__content\">\n<p><strong><a href=\"https:\/\/www.raco.cat\/index.php\/Ruta\" target=\"_blank\" rel=\"noopener noreferrer\">RUTA.<\/a> <\/strong><a href=\"https:\/\/www.raco.cat\/index.php\/Ruta\" target=\"_blank\" rel=\"noopener noreferrer\"><strong>Revista Universitaria de Trabajos Acad\u00e9micos<\/strong><\/a><\/p>\n\n\n\n<p>RUTA nace en 2004 con la intenci\u00f3n de contribuir al desarrollo de la investigaci\u00f3n en el \u00e1mbito comunicativo, facilitando la entrada en el mundo profesional a los j\u00f3venes investigadores y futuros doctores mediante la difusi\u00f3n de sus aportaciones al conocimiento cient\u00edfico. Los contenidos cient\u00edficos se enmarcar\u00e1n en cuatro apartados: Ciencias de la Comunicaci\u00f3n, Pol\u00edticas de Comunicaci\u00f3n, Ciberperiodismo y Lenguaje y Comunicaci\u00f3n Estrat\u00e9gica. RUTA no publicar\u00e1 solo art\u00edculos elaborados en el \u00e1mbito del Departamento de Periodismo de la Universitat Aut\u00f2noma de Barcelona, sino que est\u00e1 abierta a todos los cursos de doctorado, m\u00e1steres y grupos de investigaci\u00f3n que trabajan en la Universidad, los cuales est\u00e1n invitados a participar.<\/p>\n\n\n\n<ul class=\"wp-block-list\">\n<li>Consejo de Redacci\u00f3n: <a href=\"https:\/\/webs.uab.cat\/laprec\/personal\/carmina-crusafon-baques\/\">Carmina Crusafon<\/a> (actualidad)<\/li>\n<\/ul>\n<\/div><\/details>\n\n\n\n<details class=\"wp-block-mamaduka-toggles wp-block-toggles\"><summary>Otras colaboraciones<\/summary><div class=\"wp-block-toggles__content\">\n<p><strong>Contextos. Revista de Comunicaci\u00f3n de la Universidad de La Laguna<\/strong><\/p>\n\n\n\n<ul class=\"wp-block-list\">\n<li>Miembro del Consejo de Redacci\u00f3n y del Consejo Asesor: <a href=\"https:\/\/webs.uab.cat\/laprec\/personal\/teresa-velazquez\/\">Teresa Vel\u00e1zquez<\/a> (2007-actualidad)<\/li>\n<\/ul>\n\n\n\n<p><strong>Estudios Semi\u00f3ticos<\/strong><\/p>\n\n\n\n<ul class=\"wp-block-list\">\n<li>Miembro del Comit\u00e9 de Redacci\u00f3n: <a href=\"https:\/\/webs.uab.cat\/laprec\/personal\/teresa-velazquez\/\">Teresa Vel\u00e1zquez<\/a> (1983-1998)<\/li>\n<\/ul>\n<\/div><\/details>\n","protected":false},"excerpt":{"rendered":"<p>Los investigadores de LAPREC est\u00e1n presentes y colaboran en las siguientes publicaciones cient\u00edficas:<\/p>\n","protected":false},"author":20,"featured_media":0,"parent":0,"menu_order":0,"comment_status":"closed","ping_status":"closed","template":"","meta":{"footnotes":""},"class_list":["post-190","page","type-page","status-publish","hentry"],"_links":{"self":[{"href":"https:\/\/webs.uab.cat\/laprec\/es\/wp-json\/wp\/v2\/pages\/190","targetHints":{"allow":["GET"]}}],"collection":[{"href":"https:\/\/webs.uab.cat\/laprec\/es\/wp-json\/wp\/v2\/pages"}],"about":[{"href":"https:\/\/webs.uab.cat\/laprec\/es\/wp-json\/wp\/v2\/types\/page"}],"author":[{"embeddable":true,"href":"https:\/\/webs.uab.cat\/laprec\/es\/wp-json\/wp\/v2\/users\/20"}],"replies":[{"embeddable":true,"href":"https:\/\/webs.uab.cat\/laprec\/es\/wp-json\/wp\/v2\/comments?post=190"}],"version-history":[{"count":2,"href":"https:\/\/webs.uab.cat\/laprec\/es\/wp-json\/wp\/v2\/pages\/190\/revisions"}],"predecessor-version":[{"id":2831,"href":"https:\/\/webs.uab.cat\/laprec\/es\/wp-json\/wp\/v2\/pages\/190\/revisions\/2831"}],"wp:attachment":[{"href":"https:\/\/webs.uab.cat\/laprec\/es\/wp-json\/wp\/v2\/media?parent=190"}],"curies":[{"name":"wp","href":"https:\/\/api.w.org\/{rel}","templated":true}]}}