{"id":2785,"date":"2026-01-25T16:31:04","date_gmt":"2026-01-25T14:31:04","guid":{"rendered":"https:\/\/webs.uab.cat\/laprec\/?page_id=2785"},"modified":"2026-01-25T17:04:44","modified_gmt":"2026-01-25T15:04:44","slug":"comunicacion-y-genero","status":"publish","type":"page","link":"https:\/\/webs.uab.cat\/laprec\/es\/omec\/recursos\/comunicacion-y-genero\/","title":{"rendered":"Comunicaci\u00f3n y g\u00e9nero"},"content":{"rendered":"\n<p>El papel de los medios y procesos de comunicaci\u00f3n en la consecuci\u00f3n de la igualdad de g\u00e9nero se concreta en diferentes perspectivas:<\/p>\n\n\n\n<ul class=\"wp-block-list\">\n<li>El acceso de los colectivos de mujeres a los medios, con presencia activa y voz propia. Un derecho de acceso que habitualmente les es negado por la desigualdad entre los roles reservados a hombres y mujeres, y que refuerza los v\u00ednculos comunitarios.<\/li>\n\n\n\n<li>La incorporaci\u00f3n a los medios de modelos femeninos que no necesariamente tienen que ser los preestablecidos socialmente, y que favorecen la diversificaci\u00f3n de los valores y la normalizaci\u00f3n de la igualdad.<\/li>\n\n\n\n<li>La transmisi\u00f3n del valor igualdad en la relaci\u00f3n entre g\u00e9neros, que es garant\u00eda de defensa de los derechos humanos de las mujeres como colectivo, pero tambi\u00e9n como miembros de una comunidad.<\/li>\n<\/ul>\n\n\n\n<hr class=\"wp-block-separator has-alpha-channel-opacity\" \/>\n\n\n\n<h3 class=\"wp-block-heading\">Recursos<\/h3>\n\n\n\n<ul class=\"wp-block-list\">\n<li>Blion, R., Meknache, N. (2003). <strong><a href=\"https:\/\/webs.uab.cat\/laprec\/wp-content\/uploads\/sites\/240\/2025\/11\/0038.rtf\" target=\"_blank\" rel=\"noreferrer noopener\">L&#8217;Internet, espace renouvel\u00e9 d&#8217;actions pour les femmes \u2013 Un outil au service de la Dame&#8217;Spora<\/a><\/strong>. Par\u00eds: Panos Par\u00eds.<\/li>\n\n\n\n<li>Primo, N. (2003). <strong><a href=\"https:\/\/webs.uab.cat\/laprec\/wp-content\/uploads\/sites\/240\/2025\/11\/0036.pdf\" target=\"_blank\" rel=\"noreferrer noopener\">L&#8217;\u00e9galit\u00e9 des sexes dans la soci\u00e9t\u00e9 de l&#8217;information<\/a><\/strong>. Par\u00eds: UNESCO.<\/li>\n\n\n\n<li>Vassiliadou, M. (2005). <strong><a href=\"https:\/\/webs.uab.cat\/laprec\/wp-content\/uploads\/sites\/240\/2025\/11\/0032.pdf\" target=\"_blank\" rel=\"noreferrer noopener\">The gender and media handbook<\/a><\/strong>. Nicosia: Mediterranean Institute of Gender Studies.<\/li>\n\n\n\n<li>VV.AA. (2007). <strong><a href=\"https:\/\/webs.uab.cat\/laprec\/wp-content\/uploads\/sites\/240\/2025\/11\/0033.pdf\" target=\"_blank\" rel=\"noreferrer noopener\">Global Review of Challenges and Good Practices in Support of Women in Conflict and Post-Conflict Situations<\/a><\/strong>. Hammamet (T\u00fanez): UNFPA.<\/li>\n\n\n\n<li>Social Watch (2008). <strong><a href=\"https:\/\/webs.uab.cat\/laprec\/wp-content\/uploads\/sites\/240\/2025\/11\/0034.pdf\" target=\"_blank\" rel=\"noreferrer noopener\">Equidad de g\u00e9nero: las deudas del siglo XX y las verg\u00fcenzas del siglo XXI<\/a><\/strong>. Social Watch.<\/li>\n\n\n\n<li>VV.AA. (2008). <strong><a href=\"https:\/\/webs.uab.cat\/laprec\/wp-content\/uploads\/sites\/240\/2025\/11\/0035.pdf\" target=\"_blank\" rel=\"noreferrer noopener\">Voces de mujeres<\/a><\/strong>. Santiago de Chile: Programa Comunicaci\u00f3n y Pobreza.<\/li>\n\n\n\n<li>Aidan, W. (2009). <strong><a href=\"https:\/\/webs.uab.cat\/laprec\/wp-content\/uploads\/sites\/240\/2025\/11\/0124.pdf\" target=\"_blank\" rel=\"noreferrer noopener\">Instalar el equilibrio: igualdad de g\u00e9nero en el periodismo<\/a><\/strong>. Bruselas: Federaci\u00f3n Internacional de Periodistas.<\/li>\n<\/ul>\n","protected":false},"excerpt":{"rendered":"<p>El papel de los medios y procesos de comunicaci\u00f3n en la consecuci\u00f3n de la igualdad de g\u00e9nero se concreta en diferentes perspectivas: Recursos<\/p>\n","protected":false},"author":20,"featured_media":0,"parent":2781,"menu_order":0,"comment_status":"closed","ping_status":"closed","template":"","meta":{"footnotes":""},"class_list":["post-2785","page","type-page","status-publish","hentry"],"_links":{"self":[{"href":"https:\/\/webs.uab.cat\/laprec\/es\/wp-json\/wp\/v2\/pages\/2785","targetHints":{"allow":["GET"]}}],"collection":[{"href":"https:\/\/webs.uab.cat\/laprec\/es\/wp-json\/wp\/v2\/pages"}],"about":[{"href":"https:\/\/webs.uab.cat\/laprec\/es\/wp-json\/wp\/v2\/types\/page"}],"author":[{"embeddable":true,"href":"https:\/\/webs.uab.cat\/laprec\/es\/wp-json\/wp\/v2\/users\/20"}],"replies":[{"embeddable":true,"href":"https:\/\/webs.uab.cat\/laprec\/es\/wp-json\/wp\/v2\/comments?post=2785"}],"version-history":[{"count":1,"href":"https:\/\/webs.uab.cat\/laprec\/es\/wp-json\/wp\/v2\/pages\/2785\/revisions"}],"predecessor-version":[{"id":2786,"href":"https:\/\/webs.uab.cat\/laprec\/es\/wp-json\/wp\/v2\/pages\/2785\/revisions\/2786"}],"up":[{"embeddable":true,"href":"https:\/\/webs.uab.cat\/laprec\/es\/wp-json\/wp\/v2\/pages\/2781"}],"wp:attachment":[{"href":"https:\/\/webs.uab.cat\/laprec\/es\/wp-json\/wp\/v2\/media?parent=2785"}],"curies":[{"name":"wp","href":"https:\/\/api.w.org\/{rel}","templated":true}]}}