{"id":2789,"date":"2026-01-25T16:35:47","date_gmt":"2026-01-25T14:35:47","guid":{"rendered":"https:\/\/webs.uab.cat\/laprec\/?page_id=2789"},"modified":"2026-01-25T17:04:44","modified_gmt":"2026-01-25T15:04:44","slug":"comunicacion-para-el-desarrollo-humano","status":"publish","type":"page","link":"https:\/\/webs.uab.cat\/laprec\/es\/omec\/recursos\/comunicacion-para-el-desarrollo-humano\/","title":{"rendered":"Comunicaci\u00f3n para el desarrollo humano"},"content":{"rendered":"\n<p>La comunicaci\u00f3n, interpersonal y social, es una necesidad de todas las sociedades. Garantizar un sistema comunicativo participativo, abierto a los colectivos y comunidades, fortalece las capacidades de reflexi\u00f3n en torno a la propia situaci\u00f3n y necesidades.<\/p>\n\n\n\n<p>Dar voz a aquellos colectivos tradicionalmente silenciados es un primer paso para hacer de las personas protagonistas y l\u00edderes de los cambios que han de servir para mejorar su bienestar.<\/p>\n\n\n\n<hr class=\"wp-block-separator has-alpha-channel-opacity\" \/>\n\n\n\n<h3 class=\"wp-block-heading\">Recursos<\/h3>\n\n\n\n<ul class=\"wp-block-list\">\n<li>Hudock, A. (s.f.). <strong><a href=\"https:\/\/webs.uab.cat\/laprec\/wp-content\/uploads\/sites\/240\/2025\/11\/0017.pdf\" target=\"_blank\" rel=\"noreferrer noopener\">Hearing the Voices of the Poor: Encouraging Good Governance and Poverty Reduction through Media Sector Support<\/a><\/strong>. Washington: World Learning.<\/li>\n\n\n\n<li>VV.AA. (s.f.). <strong><a href=\"https:\/\/webs.uab.cat\/laprec\/wp-content\/uploads\/sites\/240\/2025\/11\/0020.pdf\" target=\"_blank\" rel=\"noreferrer noopener\">La Sociedad de la Informaci\u00f3n en el siglo XXI: un requisito para el desarrollo<\/a><\/strong>. Madrid: Ministerio de Ciencia y Tecnolog\u00eda.<\/li>\n\n\n\n<li>Parker, W., Dalrymple, L., Durden, E. (1998). <strong><a href=\"https:\/\/webs.uab.cat\/laprec\/wp-content\/uploads\/sites\/240\/2025\/11\/0009.pdf\" target=\"_blank\" rel=\"noreferrer noopener\">Communicating beyond AIDS awareness<\/a><\/strong>. South Africa: Beyond Awareness Consortium.<\/li>\n\n\n\n<li>Waisbord, S. (2001). <strong><a href=\"https:\/\/webs.uab.cat\/laprec\/wp-content\/uploads\/sites\/240\/2025\/11\/0126.pdf\" target=\"_blank\" rel=\"noreferrer noopener\">Family Tree of Theories, Methodologies and Strategies in Development Communication<\/a><\/strong>. The Communication Initiative.<\/li>\n\n\n\n<li>Rigoni, I., Blion, R. (2001). <strong><a href=\"https:\/\/webs.uab.cat\/laprec\/wp-content\/uploads\/sites\/240\/2025\/11\/0031.rtf\" target=\"_blank\" rel=\"noreferrer noopener\">Migration et d\u00e9veloppement: un d\u00e9bat aujourd&#8217;hui europ\u00e9en, demain international?<\/a><\/strong>. Par\u00eds: Panos Paris.<\/li>\n\n\n\n<li>Franceskides, R. (2002). <strong><a href=\"https:\/\/webs.uab.cat\/laprec\/wp-content\/uploads\/sites\/240\/2025\/11\/0008.pdf\" target=\"_blank\" rel=\"noreferrer noopener\">Promoting social and cultural diversity through the media. A training module for journalism students<\/a><\/strong>. IRIS ASBL.<\/li>\n\n\n\n<li>VV.AA. (2002). <strong><a href=\"https:\/\/webs.uab.cat\/laprec\/wp-content\/uploads\/sites\/240\/2025\/11\/0121.pdf\" target=\"_blank\" rel=\"noreferrer noopener\">Mapa de competencias de la comunicaci\u00f3n para el desarrollo y el cambio social: Conocimientos, habilidades y actitudes en acci\u00f3n<\/a><\/strong>. Washington: The CHANGE Project.<\/li>\n\n\n\n<li>VV.AA. (2002). <strong><a href=\"https:\/\/webs.uab.cat\/laprec\/wp-content\/uploads\/sites\/240\/2025\/11\/0022.pdf\" target=\"_blank\" rel=\"noreferrer noopener\">Les m\u00e9thodologies d&#8217;\u00e9laboration et de mise en oeuvre des strat\u00e9gies sectorielles de communication multim\u00e9dias et des politiques nationales de communication pour le d\u00e9veloppement<\/a><\/strong>. Roma: FAO.<\/li>\n\n\n\n<li>VV.AA. (2002). <strong><a href=\"https:\/\/webs.uab.cat\/laprec\/wp-content\/uploads\/sites\/240\/2025\/11\/0154.pdf\" target=\"_blank\" rel=\"noreferrer noopener\">Communication for Social Change. Working Paper Series<\/a><\/strong>. New York: The Rockefeller Foundation.<\/li>\n\n\n\n<li>The Social Marketing Collaborative (2002). <strong><a href=\"https:\/\/webs.uab.cat\/laprec\/wp-content\/uploads\/sites\/240\/2025\/11\/0153.pdf\" target=\"_blank\" rel=\"noreferrer noopener\">Social Marketing: A Resource Guide<\/a><\/strong>. Washington: Turning Point.<\/li>\n\n\n\n<li>The World Bank (2002). <strong><a href=\"https:\/\/webs.uab.cat\/laprec\/wp-content\/uploads\/sites\/240\/2025\/11\/0011.pdf\" target=\"_blank\" rel=\"noreferrer noopener\">The Right to Tell. The Role of Mass Media in Economic Development<\/a><\/strong>. Washington: The World Bank.<\/li>\n\n\n\n<li>Coffman, J. (2003). <strong><a href=\"https:\/\/webs.uab.cat\/laprec\/wp-content\/uploads\/sites\/240\/2025\/11\/0107.pdf\" target=\"_blank\" rel=\"noreferrer noopener\">Lessons in Evaluating Communication Campaigns<\/a><\/strong>. Cambridge: Harvard University.<\/li>\n\n\n\n<li>Caba\u00f1ero-Verzosa, C. (2003). <strong>Strategic Communication for Development Projects. A Toolkit for Task Team Leaders<\/strong>. Washington: The World Bank.<\/li>\n\n\n\n<li>Feek, W., Morry, C. (2003). <strong><a href=\"https:\/\/webs.uab.cat\/laprec\/wp-content\/uploads\/sites\/240\/2025\/11\/0007.pdf\" target=\"_blank\" rel=\"noreferrer noopener\">Communication and Natural Resources Management<\/a><\/strong>. Roma: FAO.<\/li>\n\n\n\n<li>Mefalopulos, P., Kamlongera, C. (2004). <strong><a href=\"https:\/\/webs.uab.cat\/laprec\/wp-content\/uploads\/sites\/240\/2025\/11\/0010.pdf\" target=\"_blank\" rel=\"noreferrer noopener\">Participatory Communication Strategy Design<\/a><\/strong>. Roma: SADC.<\/li>\n\n\n\n<li>McDonell, I. (2004). <strong><a href=\"https:\/\/webs.uab.cat\/laprec\/wp-content\/uploads\/sites\/240\/2025\/11\/0128.pdf\" target=\"_blank\" rel=\"noreferrer noopener\">An International Perspective on Communication Strategies for the Millennium Development Goals<\/a><\/strong>. \u00c1msterdam\/Par\u00eds: NCDO &amp; OCDE Development Center.<\/li>\n\n\n\n<li>Hosein, G. (2004). <strong><a href=\"https:\/\/webs.uab.cat\/laprec\/wp-content\/uploads\/sites\/240\/2025\/11\/0150.pdf\" target=\"_blank\" rel=\"noreferrer noopener\">Limitation et restriction de la circulation globale de l&#8217;information<\/a><\/strong>. Par\u00eds: UNESCO.<\/li>\n\n\n\n<li>Shea, L. (2005). <strong><a href=\"https:\/\/webs.uab.cat\/laprec\/wp-content\/uploads\/sites\/240\/2025\/11\/0133.pdf\" target=\"_blank\" rel=\"noreferrer noopener\">Communicating Sustainability: how to produce effective public campaigns<\/a><\/strong>. London: UNEP.<\/li>\n\n\n\n<li>WBCSD (2005). <strong><a href=\"https:\/\/webs.uab.cat\/laprec\/wp-content\/uploads\/sites\/240\/2025\/11\/0134.pdf\" target=\"_blank\" rel=\"noreferrer noopener\">Marketing and Sustainable Development<\/a><\/strong>. World Business Council for Sustainable Development.<\/li>\n\n\n\n<li>Parks, W. et al. (2005). <strong><a href=\"https:\/\/webs.uab.cat\/laprec\/wp-content\/uploads\/sites\/240\/2025\/11\/0143.pdf\" target=\"_blank\" rel=\"noreferrer noopener\">Who measures the change? An Introduction to Participatory Monitoring and Evaluation of Communication for Social Change<\/a><\/strong>. New Jersey: Communication for Social Change Consortium.<\/li>\n<\/ul>\n","protected":false},"excerpt":{"rendered":"<p>La comunicaci\u00f3n, interpersonal y social, es una necesidad de todas las sociedades. Garantizar un sistema comunicativo participativo, abierto a los colectivos y comunidades, fortalece las capacidades de reflexi\u00f3n en torno a la propia situaci\u00f3n y necesidades. Dar voz a aquellos colectivos tradicionalmente silenciados es un primer paso para hacer de las personas protagonistas y l\u00edderes [&hellip;]<\/p>\n","protected":false},"author":20,"featured_media":0,"parent":2781,"menu_order":0,"comment_status":"closed","ping_status":"closed","template":"","meta":{"footnotes":""},"class_list":["post-2789","page","type-page","status-publish","hentry"],"_links":{"self":[{"href":"https:\/\/webs.uab.cat\/laprec\/es\/wp-json\/wp\/v2\/pages\/2789","targetHints":{"allow":["GET"]}}],"collection":[{"href":"https:\/\/webs.uab.cat\/laprec\/es\/wp-json\/wp\/v2\/pages"}],"about":[{"href":"https:\/\/webs.uab.cat\/laprec\/es\/wp-json\/wp\/v2\/types\/page"}],"author":[{"embeddable":true,"href":"https:\/\/webs.uab.cat\/laprec\/es\/wp-json\/wp\/v2\/users\/20"}],"replies":[{"embeddable":true,"href":"https:\/\/webs.uab.cat\/laprec\/es\/wp-json\/wp\/v2\/comments?post=2789"}],"version-history":[{"count":1,"href":"https:\/\/webs.uab.cat\/laprec\/es\/wp-json\/wp\/v2\/pages\/2789\/revisions"}],"predecessor-version":[{"id":2790,"href":"https:\/\/webs.uab.cat\/laprec\/es\/wp-json\/wp\/v2\/pages\/2789\/revisions\/2790"}],"up":[{"embeddable":true,"href":"https:\/\/webs.uab.cat\/laprec\/es\/wp-json\/wp\/v2\/pages\/2781"}],"wp:attachment":[{"href":"https:\/\/webs.uab.cat\/laprec\/es\/wp-json\/wp\/v2\/media?parent=2789"}],"curies":[{"name":"wp","href":"https:\/\/api.w.org\/{rel}","templated":true}]}}