{"id":2791,"date":"2026-01-25T16:31:41","date_gmt":"2026-01-25T14:31:41","guid":{"rendered":"https:\/\/webs.uab.cat\/laprec\/?page_id=2791"},"modified":"2026-01-25T17:04:44","modified_gmt":"2026-01-25T15:04:44","slug":"cooperacion-internacional","status":"publish","type":"page","link":"https:\/\/webs.uab.cat\/laprec\/es\/omec\/recursos\/cooperacion-internacional\/","title":{"rendered":"Cooperaci\u00f3n internacional"},"content":{"rendered":"\n<p>En base al papel clave de la comunicaci\u00f3n, cada vez son m\u00e1s las instituciones y organismos que incorporan acciones relacionadas con la comunicaci\u00f3n en sus proyectos de cooperaci\u00f3n.<\/p>\n\n\n\n<p>Numerosas experiencias demuestran que incorporando procesos comunicativos a los proyectos de cooperaci\u00f3n se generan din\u00e1micas de intercambio y fortalecimiento de las comunidades, reforzando as\u00ed los objetivos finales de los proyectos.<\/p>\n\n\n\n<hr class=\"wp-block-separator has-alpha-channel-opacity\" \/>\n\n\n\n<h3 class=\"wp-block-heading\">Recursos<\/h3>\n\n\n\n<ul class=\"wp-block-list\">\n<li>VV.AA. (2004). <strong><a href=\"https:\/\/webs.uab.cat\/laprec\/wp-content\/uploads\/sites\/240\/2025\/11\/0039.pdf\" target=\"_blank\" rel=\"noreferrer noopener\">Palestine Human Development Report<\/a><\/strong>. Birzeit University.<\/li>\n\n\n\n<li>VV.AA. (2006). <strong><a href=\"https:\/\/webs.uab.cat\/laprec\/wp-content\/uploads\/sites\/240\/2025\/11\/0042.pdf\" target=\"_blank\" rel=\"noreferrer noopener\">Campus Virtual Avicenna: proyecto de cooperaci\u00f3n en e-learning en el \u00e1rea euromediterr\u00e1nea<\/a><\/strong>. Sevilla: EUMEDIS.<\/li>\n\n\n\n<li>Nehmeh, A., Knox, S. (2006). <strong><a href=\"https:\/\/webs.uab.cat\/laprec\/wp-content\/uploads\/sites\/240\/2025\/11\/0041.pdf\" target=\"_blank\" rel=\"noreferrer noopener\">Los objetivos del Desarrollo del Milenio y la regi\u00f3n Mediterr\u00e1nea<\/a><\/strong>. Barcelona: Euromed Salud.<\/li>\n\n\n\n<li>VV.AA. (2007). <strong><a href=\"https:\/\/webs.uab.cat\/laprec\/wp-content\/uploads\/sites\/240\/2025\/11\/0040.pdf\" target=\"_blank\" rel=\"noreferrer noopener\">The Millennium Development Goals in the Arab Region 2007: A Youth Lens<\/a><\/strong>. Beirut: UN-ESCWA.<\/li>\n\n\n\n<li>Chevalier, J.M., Buckles, D.J. (2008). <strong><a href=\"https:\/\/webs.uab.cat\/laprec\/wp-content\/uploads\/sites\/240\/2025\/11\/00110.pdf\" target=\"_blank\" rel=\"noreferrer noopener\">SAS2. A Guide to Collaborative Inquiry and Social Engagement<\/a><\/strong>. New Delhi: SAGE.<\/li>\n<\/ul>\n","protected":false},"excerpt":{"rendered":"<p>En base al papel clave de la comunicaci\u00f3n, cada vez son m\u00e1s las instituciones y organismos que incorporan acciones relacionadas con la comunicaci\u00f3n en sus proyectos de cooperaci\u00f3n. Numerosas experiencias demuestran que incorporando procesos comunicativos a los proyectos de cooperaci\u00f3n se generan din\u00e1micas de intercambio y fortalecimiento de las comunidades, reforzando as\u00ed los objetivos finales [&hellip;]<\/p>\n","protected":false},"author":20,"featured_media":0,"parent":2781,"menu_order":0,"comment_status":"closed","ping_status":"closed","template":"","meta":{"footnotes":""},"class_list":["post-2791","page","type-page","status-publish","hentry"],"_links":{"self":[{"href":"https:\/\/webs.uab.cat\/laprec\/es\/wp-json\/wp\/v2\/pages\/2791","targetHints":{"allow":["GET"]}}],"collection":[{"href":"https:\/\/webs.uab.cat\/laprec\/es\/wp-json\/wp\/v2\/pages"}],"about":[{"href":"https:\/\/webs.uab.cat\/laprec\/es\/wp-json\/wp\/v2\/types\/page"}],"author":[{"embeddable":true,"href":"https:\/\/webs.uab.cat\/laprec\/es\/wp-json\/wp\/v2\/users\/20"}],"replies":[{"embeddable":true,"href":"https:\/\/webs.uab.cat\/laprec\/es\/wp-json\/wp\/v2\/comments?post=2791"}],"version-history":[{"count":1,"href":"https:\/\/webs.uab.cat\/laprec\/es\/wp-json\/wp\/v2\/pages\/2791\/revisions"}],"predecessor-version":[{"id":2792,"href":"https:\/\/webs.uab.cat\/laprec\/es\/wp-json\/wp\/v2\/pages\/2791\/revisions\/2792"}],"up":[{"embeddable":true,"href":"https:\/\/webs.uab.cat\/laprec\/es\/wp-json\/wp\/v2\/pages\/2781"}],"wp:attachment":[{"href":"https:\/\/webs.uab.cat\/laprec\/es\/wp-json\/wp\/v2\/media?parent=2791"}],"curies":[{"name":"wp","href":"https:\/\/api.w.org\/{rel}","templated":true}]}}