{"id":2917,"date":"2025-11-26T17:09:45","date_gmt":"2025-11-26T15:09:45","guid":{"rendered":"https:\/\/webs.uab.cat\/laprec\/?page_id=2917"},"modified":"2026-01-25T22:16:31","modified_gmt":"2026-01-25T20:16:31","slug":"miembros","status":"publish","type":"page","link":"https:\/\/webs.uab.cat\/laprec\/es\/omec\/miembros\/","title":{"rendered":"Miembros de la OMEC"},"content":{"rendered":"\n<ul class=\"wp-block-list\">\n<li><a href=\"http:\/\/www.esj-alger.dz\" target=\"_blank\" rel=\"noreferrer noopener\">\u00c9cole Sup\u00e9rieure de Journalisme d&#8217;Alger<\/a>, Argel, Argelia<\/li>\n\n\n\n<li>Organisation pour les libert\u00e9s d&#8217;information et d&#8217;expression (OLIE), Casablanca, Marruecos<\/li>\n\n\n\n<li><a href=\"https:\/\/www.city.ac.uk\/research\/centres\/communication-and-the-city\" target=\"_blank\" rel=\"noreferrer noopener\">Communication &amp; The City Research Group, City University<\/a>, Londres, Reino Unido<\/li>\n\n\n\n<li><a href=\"https:\/\/www.unr.edu.ar\" target=\"_blank\" rel=\"noreferrer noopener\">Instituto Rosarino de Estudios del Mundo \u00c1rabe e Isl\u00e1mico (IREMAI)<\/a>, Rosario, Argentina<\/li>\n\n\n\n<li><a href=\"http:\/\/www.um5.ac.ma\" target=\"_blank\" rel=\"noreferrer noopener\">Centro de Estudios e Investigaciones en Comunicaci\u00f3n y Sociedad (SECS)<\/a>, Rabat, Marruecos<\/li>\n\n\n\n<li>Association de Recherche en Communication Interculturelle (ARCI), Tetu\u00e1n, Marruecos<\/li>\n\n\n\n<li><a href=\"https:\/\/bianet.org\" target=\"_blank\" rel=\"noreferrer noopener\">BIANET<\/a>, Estambul, Turqu\u00eda<\/li>\n\n\n\n<li>Centro de Estudios e Investigaciones sobre Inversiones y Desarrollo (CERID), Barcelona, Espa\u00f1a<\/li>\n\n\n\n<li><a href=\"https:\/\/www.uab.cat\/periodisme\" target=\"_blank\" rel=\"noreferrer noopener\">Departamento de Periodismo y Ciencias de la Comunicaci\u00f3n de la Universitat Aut\u00f2noma de Barcelona<\/a>, Bellaterra, Espa\u00f1a<\/li>\n\n\n\n<li><a href=\"https:\/\/www.uma.es\/facultad-de-ciencias-de-la-comunicacion\" target=\"_blank\" rel=\"noreferrer noopener\">Facultad de Ciencias de la Comunicaci\u00f3n, Universidad de M\u00e1laga<\/a>, M\u00e1laga, Espa\u00f1a<\/li>\n\n\n\n<li><a href=\"https:\/\/scienzeformazione.unibo.it\" target=\"_blank\" rel=\"noreferrer noopener\">Facultad de Ciencias de la Educaci\u00f3n de la Universidad de Bolonia<\/a>, Bolonia, Italia<\/li>\n\n\n\n<li><a href=\"https:\/\/www.aucegypt.edu\/academics\/undergraduate\/journalism-mass-communication\" target=\"_blank\" rel=\"noreferrer noopener\">Department of Journalism and Mass Communication at The American University in Cairo<\/a>, El Cairo, Egipto<\/li>\n\n\n\n<li><a href=\"https:\/\/www.uab.cat\" target=\"_blank\" rel=\"noreferrer noopener\">M\u00e1ster Europeo en Mediaci\u00f3n Intermediterr\u00e1nea (MIM)<\/a>, Bellaterra, Espa\u00f1a<\/li>\n\n\n\n<li><a href=\"https:\/\/www.ucm.es\/investigacion\/grupos-ucm\/930514\" target=\"_blank\" rel=\"noreferrer noopener\">Grupo de Investigaci\u00f3n Sociosemi\u00f2tica de la Comunicaci\u00f3n Intercultural (SICIC)<\/a>, Madrid, Espa\u00f1a<\/li>\n\n\n\n<li><a href=\"http:\/\/www.tresculturas.org\" target=\"_blank\" rel=\"noreferrer noopener\">Fundaci\u00f3n Tres Culturas del Mediterr\u00e1neo<\/a>, Sevilla, Espa\u00f1a<\/li>\n\n\n\n<li><a href=\"https:\/\/www.ina.fr\" target=\"_blank\" rel=\"noreferrer noopener\">Institut National de l\u2019Audiovisuel (INA)<\/a>, Par\u00eds, Francia<\/li>\n\n\n\n<li><a href=\"http:\/\/www.ieco.unal.edu.co\" target=\"_blank\" rel=\"noreferrer noopener\">Observatorio Nacional de Medios del IECO-UN<\/a>, Bogot\u00e1, Colombia<\/li>\n\n\n\n<li>Mediterranean Women Press Network, Regional (Mediterr\u00e1neo)<\/li>\n\n\n\n<li><a href=\"https:\/\/xidpic.cat\" target=\"_blank\" rel=\"noreferrer noopener\">Red Internacional de Mujeres Periodistas y Comunicadoras<\/a>, Barcelona, Espa\u00f1a<\/li>\n\n\n\n<li><a href=\"https:\/\/www.adpc.cat\" target=\"_blank\" rel=\"noreferrer noopener\">Asociaci\u00f3n de Mujeres Periodistas de Catalu\u00f1a (ADPC)<\/a>, Barcelona, Espa\u00f1a<\/li>\n\n\n\n<li><a href=\"http:\/\/marenostrum.org\" target=\"_blank\" rel=\"noreferrer noopener\">Mare Nostrum \u2013 Mediterranean News Network Project<\/a>, Regional (Mediterr\u00e1neo)<\/li>\n\n\n\n<li><a href=\"https:\/\/camri.ac.uk\" target=\"_blank\" rel=\"noreferrer noopener\">CAMRI \u2013 Arab media Centre<\/a>, Londres, Reino Unido<\/li>\n\n\n\n<li><a href=\"http:\/\/www.comminit.com\" target=\"_blank\" rel=\"noreferrer noopener\">The Communication Initiative<\/a>, Victoria, Canad\u00e1<\/li>\n\n\n\n<li><a href=\"http:\/\/www.comminit.com\/la\" target=\"_blank\" rel=\"noreferrer noopener\">La Iniciativa de la Comunicaci\u00f3n<\/a>, Regional (Am\u00e9rica Latina)<\/li>\n\n\n\n<li><a href=\"http:\/\/www.cmn.jo\" target=\"_blank\" rel=\"noreferrer noopener\">Community Media Network<\/a>, Amm\u00e1n, Jordania<\/li>\n\n\n\n<li><a href=\"https:\/\/www.ard.de\" target=\"_blank\" rel=\"noreferrer noopener\">ARD (Middle East)<\/a>, El Cairo, Egipto<\/li>\n\n\n\n<li><a href=\"https:\/\/casperlibero.edu.br\" target=\"_blank\" rel=\"noreferrer noopener\">Grupo de investigaci\u00f3n Comunica\u00e7\u00e3o e Cultura Visual, Facultad C\u00e1sper L\u00edbero<\/a>, S\u00e3o Paulo, Brasil<\/li>\n\n\n\n<li><a href=\"https:\/\/ufal.br\" target=\"_blank\" rel=\"noreferrer noopener\">N\u00facleo Tem\u00e1tico Mulher &amp; Cidadania, Universidade Federal de Alagoas<\/a>, Macei\u00f3, Brasil<\/li>\n\n\n\n<li><a href=\"https:\/\/www.ufms.br\" target=\"_blank\" rel=\"noreferrer noopener\">N\u00facleo de Estudos da Palavra, imagem e som (NEPIS)<\/a>, Campo Grande, Brasil<\/li>\n<\/ul>\n\n\n\n<h2 class=\"wp-block-heading\">En proceso<\/h2>\n\n\n\n<ul class=\"wp-block-list\">\n<li><a href=\"https:\/\/www.acu.edu.eg\" target=\"_blank\" rel=\"noreferrer noopener\">Ahram Canadian University<\/a>, El Cairo, Egipto<\/li>\n\n\n\n<li><a href=\"https:\/\/www.periodistes.cat\" target=\"_blank\" rel=\"noreferrer noopener\">Colegio de Periodistas de Catalu\u00f1a<\/a>, Barcelona, Espa\u00f1a<\/li>\n\n\n\n<li><a href=\"https:\/\/www.cac.cat\" target=\"_blank\" rel=\"noreferrer noopener\">Consejo del Audiovisual de Catalu\u00f1a<\/a>, Barcelona, Espa\u00f1a<\/li>\n\n\n\n<li><a href=\"https:\/\/consejoaudiovisualdeandalucia.es\" target=\"_blank\" rel=\"noreferrer noopener\">Consejo Audiovisual de Andaluc\u00eda<\/a>, Sevilla, Espa\u00f1a<\/li>\n\n\n\n<li><a href=\"https:\/\/www.iemed.org\" target=\"_blank\" rel=\"noreferrer noopener\">Instituto Europeo del Mediterr\u00e1neo<\/a>, Barcelona, Espa\u00f1a<\/li>\n\n\n\n<li><a href=\"https:\/\/www.haca.ma\" target=\"_blank\" rel=\"noreferrer noopener\">L\u2019Autorit\u00e9 de l\u2019Audioviseuelle de Marruecos (HACA)<\/a>, Rabat, Marruecos<\/li>\n\n\n\n<li><a href=\"https:\/\/www.snrt.ma\" target=\"_blank\" rel=\"noreferrer noopener\">Radio Televisi\u00f3n de Marruecos (RTVM)<\/a>, Rabat, Marruecos<\/li>\n\n\n\n<li><a href=\"https:\/\/snjt.org\" target=\"_blank\" rel=\"noreferrer noopener\">Syndicat des Journalistes Tunisiens<\/a>, T\u00fanez, T\u00fanez<\/li>\n<\/ul>\n","protected":false},"excerpt":{"rendered":"<p>En proceso<\/p>\n","protected":false},"author":30,"featured_media":0,"parent":184,"menu_order":0,"comment_status":"closed","ping_status":"closed","template":"","meta":{"footnotes":""},"class_list":["post-2917","page","type-page","status-publish","hentry"],"_links":{"self":[{"href":"https:\/\/webs.uab.cat\/laprec\/es\/wp-json\/wp\/v2\/pages\/2917","targetHints":{"allow":["GET"]}}],"collection":[{"href":"https:\/\/webs.uab.cat\/laprec\/es\/wp-json\/wp\/v2\/pages"}],"about":[{"href":"https:\/\/webs.uab.cat\/laprec\/es\/wp-json\/wp\/v2\/types\/page"}],"author":[{"embeddable":true,"href":"https:\/\/webs.uab.cat\/laprec\/es\/wp-json\/wp\/v2\/users\/30"}],"replies":[{"embeddable":true,"href":"https:\/\/webs.uab.cat\/laprec\/es\/wp-json\/wp\/v2\/comments?post=2917"}],"version-history":[{"count":1,"href":"https:\/\/webs.uab.cat\/laprec\/es\/wp-json\/wp\/v2\/pages\/2917\/revisions"}],"predecessor-version":[{"id":2918,"href":"https:\/\/webs.uab.cat\/laprec\/es\/wp-json\/wp\/v2\/pages\/2917\/revisions\/2918"}],"up":[{"embeddable":true,"href":"https:\/\/webs.uab.cat\/laprec\/es\/wp-json\/wp\/v2\/pages\/184"}],"wp:attachment":[{"href":"https:\/\/webs.uab.cat\/laprec\/es\/wp-json\/wp\/v2\/media?parent=2917"}],"curies":[{"name":"wp","href":"https:\/\/api.w.org\/{rel}","templated":true}]}}