{"id":159,"date":"2009-05-25T13:22:59","date_gmt":"2009-05-25T11:22:59","guid":{"rendered":"https:\/\/webs.uab.cat\/laprec\/observatoris\/"},"modified":"2026-01-25T16:47:55","modified_gmt":"2026-01-25T14:47:55","slug":"omec","status":"publish","type":"page","link":"https:\/\/webs.uab.cat\/laprec\/omec\/","title":{"rendered":"Observatori Mediterrani de la Comunicaci\u00f3 (OMEC)"},"content":{"rendered":"\n<p><strong>L&#8217;Observatori Mediterrani de la Comunicaci\u00f3 (OMEC)<\/strong> \u00e9s un grup de treball interdisciplinari d&#8217;investigadors i investigadores, professionals de la comunicaci\u00f3 i la cooperaci\u00f3 internacional que treballa per afavorir el desenvolupament dels pa\u00efsos del Mediterrani.<\/p>\n\n\n\n<p>L&#8217;observatori \u00e9s una iniciativa sense \u00e0nim de lucre que neix l&#8217;any 2004 de la m\u00e0 d&#8217;un grup de professionals de la informaci\u00f3 vinculats a la Universitat i tamb\u00e9 a la cooperaci\u00f3 internacional. En concret, el projecte sorgeix en el marc <strong>del grup de recerca LAPREC <\/strong>del Departament de Periodisme i Ci\u00e8ncies de la Comunicaci\u00f3 de la Universitat Aut\u00f2noma de Barcelona (UAB).<\/p>\n\n\n\n<p>El nostre objectiu fonamental \u00e9s el de fomentar el di\u00e0leg, el desenvolupament hum\u00e0 i l&#8217;exercici dels drets humans. Per a aix\u00f2, l&#8217;OMEC compta amb el suport d&#8217;organitzacions, institucions i persones procedents d&#8217;Alg\u00e8ria, Egipte, Espanya, Fran\u00e7a, Israel, It\u00e0lia, L\u00edban, el Marroc, S\u00edria, Tun\u00edsia, Turquia, que tenen com a objectiu fonamental contribuir a la construcci\u00f3 d&#8217;un espai Mediterrani dialogant i centrat en el desenvolupament dels drets humans.<\/p>\n\n\n\n<details class=\"wp-block-mamaduka-toggles wp-block-toggles\"><summary>Objectius<\/summary><div class=\"wp-block-toggles__content\">\n<ol class=\"wp-block-list\">\n<li><strong>Afavorir la creaci\u00f3 de xarxes i les relacions de partenariat<\/strong>&nbsp;entre els diferents actors que conformen l&#8217;ecosistema comunicatiu mediterrani \u2013periodistes, mitjans de comunicaci\u00f3, ind\u00fastria informativa i cultural, universitats i organitzacions professionals\u2013, per a la realitzaci\u00f3 d&#8217;intercanvis, recerques, campanyes i projectes, aix\u00ed com un altre tipus d&#8217;activitats conjuntes, per exemple la identificaci\u00f3 d&#8217;experi\u00e8ncies i casos d&#8217;estudi concrets i analitzar la seva aplicabilitat a l&#8217;espai Mediterrani.<\/li>\n\n\n\n<li><strong>Potenciar l&#8217;acc\u00e9s al coneixement i la diversitat cultural <\/strong>en l&#8217;\u00e0mbit de la comunicaci\u00f3, la societat de la informaci\u00f3 i el desenvolupament hum\u00e0, afavorint la producci\u00f3 i traducci\u00f3 de productes acad\u00e8mics, informatius, de ficci\u00f3 i d&#8217;un altre tipus en les lleng\u00fces mediterr\u00e0nies en suport f\u00edsic i electr\u00f2nic a la xarxa que redueixi la bretxa digital i contribueixi a la circulaci\u00f3 i apropiaci\u00f3 de la producci\u00f3 cultural mediterr\u00e0nia entre els seus habitants.<\/li>\n\n\n\n<li><strong>Promocionar la incorporaci\u00f3 de la comunicaci\u00f3 per al desenvolupament i el canvi social<\/strong> en les facultats pertinents, als programes i projectes regionals de cooperaci\u00f3 al desenvolupament, amb especial \u00e8mfasi en els processos participatius i capacitadores en l&#8217;\u00e0mbit local a trav\u00e9s de recerques interdisciplin\u00e0ries, propostes de pol\u00edtiques p\u00fabliques i formaci\u00f3 especialitzada.<\/li>\n\n\n\n<li><strong>Engegar un sistema d&#8217;indicadors, recollida d&#8217;informaci\u00f3<\/strong> i elaboraci\u00f3 d&#8217;informes peri\u00f2dics que permeti l&#8217;an\u00e0lisi, l&#8217;avaluaci\u00f3 i l&#8217;elaboraci\u00f3 de propostes d&#8217;intervenci\u00f3 en els \u00e0mbits dels drets a la comunicaci\u00f3 i al ciberespai, pol\u00edtiques p\u00fabliques de comunicaci\u00f3, responsabilitat social dels mitjans, transici\u00f3 a la societat de la informaci\u00f3 i bretxa digital en l&#8217;\u00e0mbit regional mediterrani.<\/li>\n\n\n\n<li><strong>Incidir en les pol\u00edtiques p\u00fabliques<\/strong> que creen obstacles per a l&#8217;acc\u00e9s, la participaci\u00f3 i l&#8217;apropiaci\u00f3 dels col\u00b7lectius m\u00e9s vulnerables, incorporant la perspectiva de g\u00e8nere en tot el seu accionar.<\/li>\n<\/ol>\n<\/div><\/details>\n\n\n\n<details class=\"wp-block-mamaduka-toggles wp-block-toggles\"><summary>Principals l\u00ednies de treball<\/summary><div class=\"wp-block-toggles__content\">\n<ol class=\"wp-block-list\">\n<li><strong><strong>Construcci\u00f3 d&#8217;un Centre de Recursos:<\/strong><\/strong>&nbsp;Creaci\u00f3 d&#8217;un&nbsp;portal virtual&nbsp;que ofereixi informaci\u00f3 sobre els diferents agents de l&#8217;ecosistema comunicatiu mediterrani, enlla\u00e7os i informacions en tres \u00e0rees principals:\n<ul class=\"wp-block-list\">\n<li>Comunicaci\u00f3 a la Mediterr\u00e0nia.<\/li>\n\n\n\n<li>Comunicaci\u00f3 per a la cooperaci\u00f3 internacional.<\/li>\n\n\n\n<li>Comunicaci\u00f3 per als drets humans i la governabilitat democr\u00e0tica.<\/li>\n\n\n\n<li>Comunicaci\u00f3 per a la pau i la resoluci\u00f3 de conflictes.<\/li>\n\n\n\n<li>G\u00e8nere i comunicaci\u00f3 a la Mediterr\u00e0nia.<\/li>\n<\/ul>\n<\/li>\n\n\n\n<li><strong>Networking:<\/strong>&nbsp;Conformaci\u00f3 de la Xarxa de centres de formaci\u00f3 i recerca en comunicaci\u00f3, organitzacions gremials i professionals dels mitjans de la Mediterr\u00e0nia per:\n<ul class=\"wp-block-list\">\n<li>Alimentaci\u00f3 del portal.<\/li>\n\n\n\n<li>Seminaris-Jornades sobre el paper dels mitjans, els centres formatius i els professionals de la comunicaci\u00f3 en la construcci\u00f3 mediterr\u00e0nia.&nbsp;<\/li>\n\n\n\n<li>Investigacions conjuntes i recerca de recursos.<\/li>\n<\/ul>\n<\/li>\n\n\n\n<li><strong>Sistema d&#8217;indicadors &#8220;Mitjans i desenvolupament basat en els drets humans&#8221;:<\/strong>&nbsp;Posar en marxa un sistema d&#8217;indicadors, recollida d&#8217;informaci\u00f3 i elaboraci\u00f3 d&#8217;informes peri\u00f2dics que permeti el monitoratge, l&#8217;avaluaci\u00f3 i l&#8217;elaboraci\u00f3 de propostes d&#8217;intervenci\u00f3 en els \u00e0mbits de llibertat d&#8217;expressi\u00f3, pol\u00edtiques p\u00fabliques de comunicaci\u00f3, responsabilitat social dels mitjans, transici\u00f3 a la societat de la informaci\u00f3 i bretxa digital en l&#8217;\u00e0mbit regional mediterrani.<\/li>\n\n\n\n<li><strong>Difusi\u00f3 del coneixement:<\/strong>&nbsp;Traducci\u00f3 i distribuci\u00f3 de documents de refer\u00e8ncia i investigacions, informes i congressos sobre aspectes espec\u00edfics de l&#8217;ecosistema comunicatiu mediterrani, la comunicaci\u00f3 per al desenvolupament i el canvi social, els drets a la informaci\u00f3, la comunicaci\u00f3 i el ciberespai en el marc de la xarxa i les relacions de partenariat.<\/li>\n\n\n\n<li><strong><strong>Formaci\u00f3:<\/strong>&nbsp;<\/strong>professional, a trav\u00e9s de congressos, seminaris, confer\u00e8ncies i tallers i acad\u00e8mica, especialment a trav\u00e9s del Master Erasmus Mundus&nbsp;Crossing the Mediterranean: towards Investment and Integration&nbsp;(MIM)&nbsp;impartit per: Universitat Aut\u00f2noma de Barcelona (Espanya), Universitat Ca&#8217;Foscari de Ven\u00e8cia (It\u00e0lia) i Universitat Paul Val\u00e9ry de Montpeller (Fran\u00e7a).<\/li>\n<\/ol>\n<\/div><\/details>\n","protected":false},"excerpt":{"rendered":"<p>L&#8217;Observatori Mediterrani de la Comunicaci\u00f3 (OMEC) \u00e9s un grup de treball interdisciplinari d&#8217;investigadors i investigadores, professionals de la comunicaci\u00f3 i la cooperaci\u00f3 internacional que treballa per afavorir el desenvolupament dels pa\u00efsos del Mediterrani. L&#8217;observatori \u00e9s una iniciativa sense \u00e0nim de lucre que neix l&#8217;any 2004 de la m\u00e0 d&#8217;un grup de professionals de la informaci\u00f3 [&hellip;]<\/p>\n","protected":false},"author":20,"featured_media":0,"parent":0,"menu_order":8,"comment_status":"closed","ping_status":"closed","template":"","meta":{"footnotes":""},"class_list":["post-159","page","type-page","status-publish","hentry"],"_links":{"self":[{"href":"https:\/\/webs.uab.cat\/laprec\/wp-json\/wp\/v2\/pages\/159","targetHints":{"allow":["GET"]}}],"collection":[{"href":"https:\/\/webs.uab.cat\/laprec\/wp-json\/wp\/v2\/pages"}],"about":[{"href":"https:\/\/webs.uab.cat\/laprec\/wp-json\/wp\/v2\/types\/page"}],"author":[{"embeddable":true,"href":"https:\/\/webs.uab.cat\/laprec\/wp-json\/wp\/v2\/users\/20"}],"replies":[{"embeddable":true,"href":"https:\/\/webs.uab.cat\/laprec\/wp-json\/wp\/v2\/comments?post=159"}],"version-history":[{"count":8,"href":"https:\/\/webs.uab.cat\/laprec\/wp-json\/wp\/v2\/pages\/159\/revisions"}],"predecessor-version":[{"id":1756,"href":"https:\/\/webs.uab.cat\/laprec\/wp-json\/wp\/v2\/pages\/159\/revisions\/1756"}],"wp:attachment":[{"href":"https:\/\/webs.uab.cat\/laprec\/wp-json\/wp\/v2\/media?parent=159"}],"curies":[{"name":"wp","href":"https:\/\/api.w.org\/{rel}","templated":true}]}}