{"id":160,"date":"2009-05-25T13:24:08","date_gmt":"2009-05-25T11:24:08","guid":{"rendered":"https:\/\/webs.uab.cat\/laprec\/enllacos\/"},"modified":"2026-01-25T16:47:56","modified_gmt":"2026-01-25T14:47:56","slug":"enllacos","status":"publish","type":"page","link":"https:\/\/webs.uab.cat\/laprec\/enllacos\/","title":{"rendered":"Enlla\u00e7os"},"content":{"rendered":"\n<h2 class=\"wp-block-heading\"><strong>Formaci\u00f3:<\/strong><\/h2>\n\n\n\n<p><a href=\"http:\/\/www.mastermimplus.eu\/\">Master Eramus Mundus Crossing the Mediterranean: towards investment and integration<\/a><\/p>\n\n\n\n<p><a href=\"http:\/\/www.uab.cat\/departament\/periodisme-comunicacio\/\">Departament de Periodisme&nbsp;i&nbsp;de Ci\u00e8ncies de la Comunicaci\u00f3&nbsp;de la UAB<\/a><\/p>\n\n\n\n<h2 class=\"wp-block-heading\"><strong>Entitats, projectes i&nbsp;espais&nbsp;d&#8217;inter\u00e8s:\u200b<\/strong><\/h2>\n\n\n\n<p><a href=\"http:\/\/omec.uab.cat\/\">Observatori&nbsp;Mediterrani&nbsp;de la Comunicaci\u00f3&nbsp;(OMEC)<\/a><\/p>\n\n\n\n<p><a href=\"http:\/\/www.designisfels.net\/\">Revista deSignis, publicaci\u00f3&nbsp;de la Federaci\u00f3n latinoamericana de semi\u00f3tica(FELS)<\/a><\/p>\n\n\n\n<p><a href=\"https:\/\/internationalandintercultural.wordpress.com\/\">International and Intercultural Communication Section de ECREA<\/a><\/p>\n\n\n\n<p><a href=\"http:\/\/www.ecrea.eu\/\">European Communication Research and Education Association (ECREA)<\/a><\/p>\n\n\n\n<p><a href=\"https:\/\/www.udg.edu\/tabid\/5486\/Default.aspx?grup=GRHCS092&amp;language=\">Grup&nbsp;de recerca Comunicaci\u00f3&nbsp;Social i&nbsp;Institucional, Universitat de Girona<\/a><\/p>\n\n\n\n<p><a href=\"http:\/\/ddd.uab.cat\/\">Deposit&nbsp;Digital de Documents&nbsp;de la UAB<\/a><\/p>\n\n\n\n<p><a href=\"http:\/\/www.uab.cat\/web\/fas-1254380703729.html\">Fundaci\u00f3&nbsp;Aut\u00f2noma Solidaria (FAS)<\/a><\/p>\n\n\n\n<p><a href=\"http:\/\/www.iemed.org\/\">Institut&nbsp;Europeu&nbsp;de la Mediterr\u00e0nia&nbsp;(IEMed)<\/a><\/p>\n\n\n\n<p><a href=\"http:\/\/www.annalindhfoundation.org\/\">Fundaci\u00f3&nbsp;Anna Lindh<\/a><\/p>\n\n\n\n<p><a href=\"http:\/\/www.casaarabe.es\/\">Casa \u00c1rabe<\/a><\/p>\n\n\n\n<p><a href=\"http:\/\/www.tresculturas.org\/\">Fundaci\u00f3&nbsp;Tres Culturas del Mediterr\u00e1neo<\/a><\/p>\n\n\n\n<p><a href=\"http:\/\/ciespal.org\/\">Centro Internacional de Estudios Superiores de Comunicaci\u00f3n para Am\u00e9rica Latina<\/a><a href=\"http:\/\/ciespal.org\">&nbsp;(CIESPAL)<\/a><\/p>\n\n\n\n<p><a href=\"http:\/\/www.eshorizonte2020.es\/\">Portal espa\u00f1ol del programa Marco de Investigaci\u00f3n e Innovaci\u00f3n de la Uni\u00f3n Europea&nbsp;(Horizon 2020)<\/a><\/p>\n","protected":false},"excerpt":{"rendered":"<p>Formaci\u00f3: Master Eramus Mundus Crossing the Mediterranean: towards investment and integration Departament de Periodisme&nbsp;i&nbsp;de Ci\u00e8ncies de la Comunicaci\u00f3&nbsp;de la UAB Entitats, projectes i&nbsp;espais&nbsp;d&#8217;inter\u00e8s:\u200b Observatori&nbsp;Mediterrani&nbsp;de la Comunicaci\u00f3&nbsp;(OMEC) Revista deSignis, publicaci\u00f3&nbsp;de la Federaci\u00f3n latinoamericana de semi\u00f3tica(FELS) International and Intercultural Communication Section de ECREA European Communication Research and Education Association (ECREA) Grup&nbsp;de recerca Comunicaci\u00f3&nbsp;Social i&nbsp;Institucional, Universitat de Girona [&hellip;]<\/p>\n","protected":false},"author":20,"featured_media":0,"parent":0,"menu_order":100,"comment_status":"closed","ping_status":"closed","template":"","meta":{"footnotes":""},"class_list":["post-160","page","type-page","status-publish","hentry"],"_links":{"self":[{"href":"https:\/\/webs.uab.cat\/laprec\/wp-json\/wp\/v2\/pages\/160","targetHints":{"allow":["GET"]}}],"collection":[{"href":"https:\/\/webs.uab.cat\/laprec\/wp-json\/wp\/v2\/pages"}],"about":[{"href":"https:\/\/webs.uab.cat\/laprec\/wp-json\/wp\/v2\/types\/page"}],"author":[{"embeddable":true,"href":"https:\/\/webs.uab.cat\/laprec\/wp-json\/wp\/v2\/users\/20"}],"replies":[{"embeddable":true,"href":"https:\/\/webs.uab.cat\/laprec\/wp-json\/wp\/v2\/comments?post=160"}],"version-history":[{"count":1,"href":"https:\/\/webs.uab.cat\/laprec\/wp-json\/wp\/v2\/pages\/160\/revisions"}],"predecessor-version":[{"id":1195,"href":"https:\/\/webs.uab.cat\/laprec\/wp-json\/wp\/v2\/pages\/160\/revisions\/1195"}],"wp:attachment":[{"href":"https:\/\/webs.uab.cat\/laprec\/wp-json\/wp\/v2\/media?parent=160"}],"curies":[{"name":"wp","href":"https:\/\/api.w.org\/{rel}","templated":true}]}}