{"id":192,"date":"2011-07-12T12:44:51","date_gmt":"2011-07-12T10:44:51","guid":{"rendered":"https:\/\/webs.uab.cat\/laprec\/revistes-cientifiques\/"},"modified":"2026-01-25T17:03:42","modified_gmt":"2026-01-25T15:03:42","slug":"revistes-cientifiques","status":"publish","type":"page","link":"https:\/\/webs.uab.cat\/laprec\/revistes-cientifiques\/","title":{"rendered":"Revistes cient\u00edfiques"},"content":{"rendered":"\n<p>Els investigadors del LAPREC estan presents i col\u00b7laboren en les seg\u00fcents publicacions cient\u00edfiques:<\/p>\n\n\n\n<details class=\"wp-block-mamaduka-toggles wp-block-toggles\"><summary>deSignis. Revista de la Federaci\u00f3n Latinoamericana de Semi\u00f3tica (FELS)<\/summary><div class=\"wp-block-toggles__content\">\n<p><a href=\"https:\/\/www.designisfels.net\/\" target=\"_blank\" rel=\"noopener noreferrer\"><strong>deSignis. Revista de la Federaci\u00f3n Latinoamericana de Semi\u00f3tica (FELS)<\/strong><\/a><\/p>\n\n\n<div class=\"wp-block-image\">\n<figure class=\"aligncenter\"><img loading=\"lazy\" decoding=\"async\" width=\"338\" height=\"600\" src=\"https:\/\/webs.uab.cat\/laprec\/wp-content\/uploads\/sites\/240\/2011\/07\/img-20180528-wa0017_0.jpg\" alt=\"\" class=\"wp-image-187\" srcset=\"https:\/\/webs.uab.cat\/laprec\/wp-content\/uploads\/sites\/240\/2011\/07\/img-20180528-wa0017_0.jpg 338w, https:\/\/webs.uab.cat\/laprec\/wp-content\/uploads\/sites\/240\/2011\/07\/img-20180528-wa0017_0-169x300.jpg 169w\" sizes=\"auto, (max-width: 338px) 100vw, 338px\" \/><\/figure>\n<\/div>\n\n\n<p><strong>deSignis<\/strong> \u00e9s una revista internacional de Semi\u00f2tica que el seu objectiu \u00e9s donar a con\u00e8ixer, en espanyol i portugu\u00e8s, articles dedicats a l&#8217;estudi de la producci\u00f3 de sentit en les societats llatinoamericanes des d&#8217;una perspectiva interdisciplin\u00e0ria i multicultural. L&#8217;objectiu de <strong>deSignis<\/strong>, una revista de la Federaci\u00f3 Llatinoamericana de Semi\u00f2tica, \u00e9s l&#8217;estudi dels processos de producci\u00f3 de sentit en les societats llatinoamericanes contempor\u00e0nies, possibilitant el di\u00e0leg interdisciplinari i una cohabitaci\u00f3 de punts de vista entre els investigadors de la regi\u00f3 i la comunitat cient\u00edfica internacional. La pr\u00e0ctica semi\u00f2tica, a la qual Roland Barthes es referia com una \u00ablectura\u00bb, s&#8217;insereix en la demanda creixent de semi\u00f2legs en \u00e0mbits tan diversos com la comunicaci\u00f3, la publicitat, la moda, la pol\u00edtica, els mitjans, l&#8217;espai p\u00fablic o privat, l&#8217;arquitectura i el disseny urb\u00e0, la recerca de mercat, les noves tecnologies, espais on la metodologia semi\u00f2tica s&#8217;ha desenvolupat com a an\u00e0lisi descriptiu i interpretatiu.<\/p>\n\n\n\n<ul class=\"wp-block-list\">\n<li>Subdirecci\u00f3: <a href=\"https:\/\/webs.uab.cat\/laprec\/personal\/teresa-velazquez\/\">Teresa Vel\u00e1zquez<\/a> (2015-actualitat)<\/li>\n\n\n\n<li>Membre del Comit\u00e8 de Redacci\u00f3: <a href=\"https:\/\/webs.uab.cat\/laprec\/personal\/teresa-velazquez\/\">Teresa Vel\u00e1zquez<\/a> (2006-actualitat)<\/li>\n\n\n\n<li>Digital Journal Management: <a href=\"https:\/\/webs.uab.cat\/laprec\/personal\/ricardo-carniel-bugs\/\">Ricardo Carniel<\/a> (2015-actualitat)<\/li>\n\n\n\n<li>Secretaria financera: Estibaliz Ortega (2015-actualitat)<\/li>\n\n\n\n<li>Cap de Redacci\u00f3 a Espanya: <a href=\"https:\/\/webs.uab.cat\/laprec\/personal\/teresa-velazquez\/\">Teresa Vel\u00e1zquez<\/a> (2005-2015)<\/li>\n\n\n\n<li>Corresponsal a Espanya: <a href=\"https:\/\/webs.uab.cat\/laprec\/personal\/teresa-velazquez\/\">Teresa Vel\u00e1zquez<\/a> (2001-2005)<\/li>\n\n\n\n<li>Membre del Comit\u00e8 Assessor: <a href=\"https:\/\/webs.uab.cat\/laprec\/personal\/teresa-velazquez\/\">Teresa Vel\u00e1zquez<\/a> (2001-2006)<\/li>\n<\/ul>\n<\/div><\/details>\n\n\n\n<details class=\"wp-block-mamaduka-toggles wp-block-toggles\"><summary>Conexiones. Revista Iberoamericana de Comunicaci\u00f3n<\/summary><div class=\"wp-block-toggles__content\">\n<p><a href=\"https:\/\/centresderecerca.uab.cat\/oic\/content\/revista-conexiones\" target=\"_blank\" rel=\"noopener noreferrer\"><strong>Conexiones. Revista Iberoamericana de Comunicaci\u00f3n<\/strong><\/a><\/p>\n\n\n\n<p><em>Conexiones. Revista Iberoamericana de Comunicaci\u00f3n<\/em> \u00e9s una publicaci\u00f3 de la Xarxa Interuniversit\u00e0ria de Estudis de Comunicaci\u00f3 (RIEC), integrada per la Universitat Austral (Argentina), Universitat Carlos III (Espanya), Universitat Diego Portales (Xile), Universitat Nacional Aut\u00f2noma de M\u00e8xic (M\u00e8xic) , Universitat de Puerto Rico (Puerto Rico), Universitat de Sao Paulo i ESPM (Brasil), i coordinada per la Universitat Aut\u00f2noma de Barcelona (Espanya). CONEXIONES desitja establir un debat plural sobre els aspectes centrals de la cultura i els mitjans de comunicaci\u00f3. El seu objectiu expl\u00edcit \u00e9s continuar, ampliar i consolidar el camp de la recerca cr\u00edtica obert en les societats iberoamericanes per les diferents disciplines que aborden el sistema dels mitjans de comunicaci\u00f3 i les seves manifestacions culturals. Desitja, per tant, ser una contribuci\u00f3 al desenvolupament d&#8217;aquests estudis des de les diferents perspectives te\u00f2riques, emp\u00edriques i hist\u00f2riques, en el context dels canvis impulsats per la mundialitzaci\u00f3 i la revoluci\u00f3 tecnol\u00f2gica en curs.<\/p>\n\n\n\n<ul class=\"wp-block-list\">\n<li>Directora adjunta: <a href=\"https:\/\/webs.uab.cat\/laprec\/personal\/carmina-crusafon-baques\/\">Carmina Crusafon<\/a> (2000-actualitat)<\/li>\n\n\n\n<li>Comit\u00e8 cient\u00edfic: <a href=\"https:\/\/webs.uab.cat\/laprec\/personal\/teresa-velazquez\/\">Teresa Vel\u00e1zquez<\/a> (2000-actualitat)<\/li>\n\n\n\n<li>Consell de Redacci\u00f3: <a href=\"https:\/\/webs.uab.cat\/laprec\/personal\/ricardo-carniel-bugs\/\">Ricardo Carniel<\/a>, <a href=\"https:\/\/webs.uab.cat\/laprec\/personal\/olga-del-rio-4\/\">Olga del R\u00edo<\/a> i <a href=\"https:\/\/webs.uab.cat\/laprec\/personal\/fernando-sabes-3\/\">Fernando Sab\u00e9s<\/a> (actualitat)<\/li>\n<\/ul>\n<\/div><\/details>\n\n\n\n<details class=\"wp-block-mamaduka-toggles wp-block-toggles\"><summary>An\u00e0lisi. Quaderns de comunicaci\u00f3 i cultura<\/summary><div class=\"wp-block-toggles__content\">\n<p><strong><a href=\"https:\/\/analisi.cat\/?lang=ca\" target=\"_blank\" rel=\"noopener noreferrer\"> <\/a><a href=\"https:\/\/analisi.cat\/the-journal\/?lang=es\" target=\"_blank\" rel=\"noopener noreferrer\">An\u00e0lisi.<\/a><a href=\"https:\/\/analisi.cat\/?lang=ca\" target=\"_blank\" rel=\"noopener noreferrer\"> Quaderns de comunicaci\u00f3 i cultura<\/a><\/strong><\/p>\n\n\n\n<p><em>An\u00e0lisi<\/em> \u00e9s una revista electr\u00f2nica que ofereix en obert articles cient\u00edfics de l&#8217;\u00e0mbit de les ci\u00e8ncies de la comunicaci\u00f3. Est\u00e0 dirigida a tota la comunitat acad\u00e8mica i cient\u00edfica interessada en aquest \u00e0mbit (investigadors, professors universitaris, doctorands\u2026), encara que tamb\u00e9 es pot convertir en font de consulta peri\u00f2dica per a professionals de la comunicaci\u00f3. En una primera \u00e8poca va ser editada en paper per la Universitat Aut\u00f2noma de Barcelona (1980-2009), i a partir de 2010 es va comen\u00e7ar a coeditar en format digital amb la Universitat Oberta de Catalunya. En aquesta segona \u00e8poca s&#8217;aferma la internacionalitzaci\u00f3 i la defensa d&#8217;uns processos de publicaci\u00f3 del coneixement cient\u00edfic transparents, \u00e0gils i rigorosos. Es publica en angl\u00e8s, castell\u00e0 i catal\u00e0, amb una periodicitat de dos n\u00fameros l&#8217;any. L&#8217;acc\u00e9s als seus continguts \u00e9s lliure, immediat i gratu\u00eft per afavorir l&#8217;intercanvi global de coneixement i posar-se a disposici\u00f3 de la societat.<\/p>\n\n\n\n<ul class=\"wp-block-list\">\n<li>Membre del Comit\u00e8 Cient\u00edfic: <a href=\"https:\/\/webs.uab.cat\/laprec\/personal\/teresa-velazquez\/\">Teresa Vel\u00e1zquez<\/a> (1989-actualitat) i <a href=\"https:\/\/webs.uab.cat\/laprec\/personal\/fernando-sabes-3\/\">Fernando Sab\u00e9s<\/a> (actualitat)<\/li>\n\n\n\n<li>Membre de l&#8217;Equip Editorial: <a href=\"https:\/\/webs.uab.cat\/laprec\/personal\/ricardo-carniel-bugs\/\">Ricardo Carniel<\/a> (2015-actualitat)<\/li>\n<\/ul>\n<\/div><\/details>\n\n\n\n<details class=\"wp-block-mamaduka-toggles wp-block-toggles\"><summary>Andamios. Revista de Investigaci\u00f3n Social de la Universidad Aut\u00f3noma de la Ciudad de M\u00e9xico<\/summary><div class=\"wp-block-toggles__content\">\n<p><a href=\"https:\/\/www.uacm.edu.mx\/andamios\/\" target=\"_blank\" rel=\"noopener noreferrer\"><strong>Andamios. Revista de Investigaci\u00f3n Social de la Universidad Aut\u00f3noma de la Ciudad de M\u00e9xico<\/strong><\/a><\/p>\n\n\n\n<p>Andamios \u00e9s una publicaci\u00f3 semestral de car\u00e0cter acad\u00e8mic que busca contribuir a les tasques de recerca i d&#8217;ensenyament, en mat\u00e8ria de ci\u00e8ncies socials i humanitats, a partir de les aportacions dels professors-investigadors de les diferents acad\u00e8mies del Col\u00b7legi d&#8217;Humanitats i Ci\u00e8ncies Socials de la Universitat Aut\u00f2noma de la Ciutat de M\u00e8xic, aix\u00ed com d&#8217;acad\u00e8mics d&#8217;altres institucions nacionals i internacionals.<\/p>\n\n\n\n<ul class=\"wp-block-list\">\n<li>Membre del Consell Editorial: <a href=\"https:\/\/webs.uab.cat\/laprec\/personal\/teresa-velazquez\/\">Teresa Vel\u00e1zquez<\/a> (2005-actualitat)<\/li>\n<\/ul>\n<\/div><\/details>\n\n\n\n<details class=\"wp-block-mamaduka-toggles wp-block-toggles\"><summary>Revista Latinoamericana de Ciencias de la Comunicaci\u00f3n (ALAIC)<\/summary><div class=\"wp-block-toggles__content\">\n<p><a href=\"https:\/\/www.alaic.org\/revistaalaic\/index.php\/alaic\" target=\"_blank\" rel=\"noopener noreferrer\"><strong>Revista Latinoamericana de Ciencias de la Comunicaci\u00f3n (ALAIC)<\/strong><\/a><\/p>\n\n\n\n<p><em>La<\/em> <em>Revista Latinoamericana de Ciencias de la Comunicaci\u00f3n<\/em> \u00e9s una publicaci\u00f3 semestral editada per l&#8217;Associaci\u00f3 Llatinoamericana d&#8217;Investigadors de la Comunicaci\u00f3 (ALAIC). Es tracta d&#8217;una revista cient\u00edfica d&#8217;abast internacional, que el seu objectiu principal \u00e9s promoure la difusi\u00f3, democratitzaci\u00f3 i l&#8217;enfortiment de l&#8217;Escola del Pensament Comunicacional Llatinoameric\u00e0. Tamb\u00e9 \u00e9s el seu prop\u00f2sit ampliar el di\u00e0leg amb la comunitat acad\u00e8mica mundial i contribuir per al desenvolupament integral de la societat en el continent.<\/p>\n\n\n\n<ul class=\"wp-block-list\">\n<li>Membre del Consell Editorial: <a href=\"https:\/\/webs.uab.cat\/laprec\/personal\/teresa-velazquez\/\">Teresa Vel\u00e1zquez<\/a> (2004-actualitat)<\/li>\n<\/ul>\n<\/div><\/details>\n\n\n\n<details class=\"wp-block-mamaduka-toggles wp-block-toggles\"><summary>Revista Fronteiras. Estudos Medi\u00e1ticos<\/summary><div class=\"wp-block-toggles__content\">\n<p><strong><a href=\"https:\/\/revistas.unisinos.br\/index.php\/fronteiras\/index\" target=\"_blank\" rel=\"noopener noreferrer\">Revista Fronteiras. Estudos Medi\u00e1ticos<\/a><\/strong><\/p>\n\n\n\n<p>La Revista Fronteras &#8211; estudios de medios, publicaci\u00f3 Unisinos, per a la comunitat cient\u00edfica a l&#8217;\u00e0rea de les humanitats i les ci\u00e8ncies socials, t\u00e9 com a objectiu configurar-se com un espai de discussi\u00f3 te\u00f2ric metodol\u00f2gic per a la discussi\u00f3 i l&#8217;an\u00e0lisi centrada en tem\u00e0tiques directament concernents als processos tem\u00e0tics, entesos aqu\u00ed com un conjunt de pr\u00e0ctiques de comunicaci\u00f3 medi\u00e0tiques, manifestes per mitj\u00e0 de diferents llenguatges; sobredeterminadas pels dispositius t\u00e8cnics: diaris, revistes, r\u00e0dio, cinema, televisi\u00f3, fotografia, publicitat, v\u00eddeo i altres processos de producci\u00f3 emergents.<\/p>\n\n\n\n<ul class=\"wp-block-list\">\n<li>Membre del Consell Consultiu permanent: <a href=\"https:\/\/webs.uab.cat\/laprec\/personal\/teresa-velazquez\/\">Teresa Vel\u00e1zquez<\/a> (1999-actualitat)<\/li>\n<\/ul>\n<\/div><\/details>\n\n\n\n<details class=\"wp-block-mamaduka-toggles wp-block-toggles\"><summary>Pensar la Publicidad. Revista Internacional de Investigaciones Publicitarias<\/summary><div class=\"wp-block-toggles__content\">\n<p><strong><a href=\"https:\/\/revistas.ucm.es\/index.php\/PEPU\" target=\"_blank\" rel=\"noopener noreferrer\">Pensar la Publicidad. Revista Internacional de Investigaciones Publicitarias<\/a><\/strong><\/p>\n\n\n\n<p><em>Pensar la Publicidad. Revista Internacional de Investigaciones publicitarias,<\/em> amb ISSN: 1887-8598, \u00e9s una publicaci\u00f3 semestral, amb format 17&#215;24, publicada per la Universitat Complutense de Madrid, que es proposa impulsar la comprensi\u00f3 del fenomen publicitari i mat\u00e8ries relacionades, proporcionant, especialment als investigadors espanyols i llatinoamericans, un f\u00f2rum on publicar les seves recerques cient\u00edfiques entorn d&#8217;aquest domini.<\/p>\n\n\n\n<ul class=\"wp-block-list\">\n<li>Membre del Consell Assessor: <a href=\"https:\/\/webs.uab.cat\/laprec\/personal\/teresa-velazquez\/\">Teresa Vel\u00e1zquez<\/a> (2007-actualitat)<\/li>\n<\/ul>\n<\/div><\/details>\n\n\n\n<details class=\"wp-block-mamaduka-toggles wp-block-toggles\"><summary>RUTA. Revista Universit\u00e0ria de Treballs Acad\u00e8mics<\/summary><div class=\"wp-block-toggles__content\">\n<p><strong><a href=\"https:\/\/www.raco.cat\/index.php\/Ruta\" target=\"_blank\" rel=\"noopener noreferrer\">RUTA.<\/a> <\/strong><a href=\"https:\/\/www.raco.cat\/index.php\/Ruta\" target=\"_blank\" rel=\"noopener noreferrer\"><strong>Revista Universit\u00e0ria de Treballs Acad\u00e8mics<\/strong><\/a><\/p>\n\n\n\n<p>RUTA neix el 2004 amb la intenci\u00f3 de contribuir al desenvolupament de la investigaci\u00f3 en l&#8217;\u00e0mbit comunicatiu, facilitant l&#8217;entrada en el m\u00f3n professional als joves investigadors i futurs doctors mitjan\u00e7ant la difusi\u00f3 de les seves aportacions al coneixement cient\u00edfic. Els continguts cient\u00edfics s&#8217;emmarcaran en quatre apartats: Ci\u00e8ncies de la Comunicaci\u00f3, Pol\u00edtiques de Comunicaci\u00f3, Ciberperiodisme i Llenguatge i Comunicaci\u00f3 Estrat\u00e8gica. RUTA no publicar\u00e0 nom\u00e9s articles elaborats en l&#8217;\u00e0mbit del Departament de Periodisme de la Universitat Aut\u00f2noma de Barcelona, sin\u00f3 que est\u00e0 oberta a tots els Cursos de doctorat, Mestratges i Grups d&#8217;investigaci\u00f3 que treballen a la Universitat, els quals estan convidats a participar.<\/p>\n\n\n\n<ul class=\"wp-block-list\">\n<li>Consell de Redacci\u00f3: <a href=\"https:\/\/webs.uab.cat\/laprec\/personal\/carmina-crusafon-baques\/\">Carmina Crusafon<\/a> (actualitat)<\/li>\n<\/ul>\n<\/div><\/details>\n\n\n\n<details class=\"wp-block-mamaduka-toggles wp-block-toggles\"><summary>Altres col\u00b7laboracions<\/summary><div class=\"wp-block-toggles__content\">\n<p><strong>Contextos. Revista de Comunicaci\u00f3n de la Universidad de La Laguna<\/strong><\/p>\n\n\n\n<ul class=\"wp-block-list\">\n<li>Membre del Consell de Redacci\u00f3 i del Consell Assessor: <a href=\"https:\/\/webs.uab.cat\/laprec\/personal\/teresa-velazquez\/\">Teresa Vel\u00e1zquez<\/a> (2007-actualitat)<\/li>\n<\/ul>\n\n\n\n<p><strong>Estudios Semi\u00f3ticos<\/strong><\/p>\n\n\n\n<ul class=\"wp-block-list\">\n<li>Membre del Comit\u00e8 de Redacci\u00f3: <a href=\"https:\/\/webs.uab.cat\/laprec\/personal\/teresa-velazquez\/\">Teresa Vel\u00e1zquez<\/a> (1983-1998)<\/li>\n<\/ul>\n<\/div><\/details>\n","protected":false},"excerpt":{"rendered":"<p>Els investigadors del LAPREC estan presents i col\u00b7laboren en les seg\u00fcents publicacions cient\u00edfiques:<\/p>\n","protected":false},"author":20,"featured_media":0,"parent":0,"menu_order":7,"comment_status":"closed","ping_status":"closed","template":"","meta":{"footnotes":""},"class_list":["post-192","page","type-page","status-publish","hentry"],"_links":{"self":[{"href":"https:\/\/webs.uab.cat\/laprec\/wp-json\/wp\/v2\/pages\/192","targetHints":{"allow":["GET"]}}],"collection":[{"href":"https:\/\/webs.uab.cat\/laprec\/wp-json\/wp\/v2\/pages"}],"about":[{"href":"https:\/\/webs.uab.cat\/laprec\/wp-json\/wp\/v2\/types\/page"}],"author":[{"embeddable":true,"href":"https:\/\/webs.uab.cat\/laprec\/wp-json\/wp\/v2\/users\/20"}],"replies":[{"embeddable":true,"href":"https:\/\/webs.uab.cat\/laprec\/wp-json\/wp\/v2\/comments?post=192"}],"version-history":[{"count":14,"href":"https:\/\/webs.uab.cat\/laprec\/wp-json\/wp\/v2\/pages\/192\/revisions"}],"predecessor-version":[{"id":2734,"href":"https:\/\/webs.uab.cat\/laprec\/wp-json\/wp\/v2\/pages\/192\/revisions\/2734"}],"wp:attachment":[{"href":"https:\/\/webs.uab.cat\/laprec\/wp-json\/wp\/v2\/media?parent=192"}],"curies":[{"name":"wp","href":"https:\/\/api.w.org\/{rel}","templated":true}]}}