{"id":2538,"date":"2025-11-26T17:40:17","date_gmt":"2025-11-26T15:40:17","guid":{"rendered":"https:\/\/webs.uab.cat\/laprec\/?page_id=2538"},"modified":"2026-01-25T16:47:55","modified_gmt":"2026-01-25T14:47:55","slug":"projectes-activitats","status":"publish","type":"page","link":"https:\/\/webs.uab.cat\/laprec\/omec\/projectes-activitats\/","title":{"rendered":"Projectes i activitats"},"content":{"rendered":"\n<p>Des d&#8217;aqu\u00ed podeu accedir als principals projectes i activitats que desenvolupa l&#8217;Observatori Mediterrani de la Comunicaci\u00f3 en el marc dels nostres objectius i l\u00ednies de treball.<\/p>\n\n\n\n<details class=\"wp-block-mamaduka-toggles wp-block-toggles\"><summary>Projecte EpD: Comunicaci\u00f3 per a la cohesi\u00f3 social<\/summary><div class=\"wp-block-toggles__content\">\n<p>Les Nacions Unides han proclamat l&#8217;any 2019 com a Any Internacional de la Moderaci\u00f3 per a la promoci\u00f3 del di\u00e0leg, la toler\u00e0ncia, la comprensi\u00f3 i la cooperaci\u00f3. Per aquest motiu i en un context de crisi migrat\u00f2ria i radicalisme social i pol\u00edtic, cal sensibilitzar la comunitat universit\u00e0ria (de la UAB i altres universitats) sobre el paper i la responsabilitat dels mitjans de comunicaci\u00f3 en el respecte, el compliment dels drets humans (DDHH), en l&#8217;acceptaci\u00f3 i la representaci\u00f3 de la diversitat social i cultural i en la lluita contra els discursos que fomenten l&#8217;odi.<\/p>\n\n\n\n<figure class=\"wp-block-embed is-type-rich is-provider-gestor-del-servei wp-block-embed-gestor-del-servei wp-embed-aspect-16-9 wp-has-aspect-ratio\"><div class=\"wp-block-embed__wrapper\">\n<iframe loading=\"lazy\" title=\"La comunicaci\u00f3 com a eina per a la cohesi\u00f3 social contra el racisme i la intoler\u00e0ncia\" width=\"580\" height=\"326\" src=\"https:\/\/www.youtube.com\/embed\/vWWcMDJv3Fo?feature=oembed\" frameborder=\"0\" allow=\"accelerometer; autoplay; clipboard-write; encrypted-media; gyroscope; picture-in-picture; web-share\" referrerpolicy=\"strict-origin-when-cross-origin\" allowfullscreen><\/iframe>\n<\/div><\/figure>\n\n\n\n<p>Amb aquest objectiu es planteja la realitzaci\u00f3 d&#8217;una exposici\u00f3 fotogr\u00e0fica a la UAB sobre migraci\u00f3 i DDHH, una jornada sobre comunicaci\u00f3 per al canvi social i tres tallers teoricopr\u00e0ctics on s&#8217;aprofundir\u00e0 els DDHH, els Objectius de Desenvolupament Sostenible (ODS) i el respecte a la diversitat. Els tallers formaran part de la programaci\u00f3 reglada del Grau de Periodisme i, sota inscripci\u00f3, tamb\u00e9 hi podran participar altres estudiants de m\u00e0ster i postgrau, aix\u00ed com altres persones de la comunitat universit\u00e0ria.<\/p>\n\n\n\n<h3 class=\"wp-block-heading\">Concurs de fotografia&nbsp;2019<\/h3>\n\n\n\n<p><strong>\u2018La imagen como herramienta para a la cohesi\u00f3n social y la promoci\u00f3n de los Derechos Humanos\u2019<\/strong><\/p>\n\n\n\n<p>Aquest any 2019 ha estat proclamat l&#8217;Any Internacional de la Moderaci\u00f3 per les Nacions Unides en un esfor\u00e7 per donar ress\u00f2 a les veus de la moderaci\u00f3 mitjan\u00e7ant la promoci\u00f3 del di\u00e0leg, la toler\u00e0ncia, la comprensi\u00f3 i la cooperaci\u00f3.<\/p>\n\n\n\n<p>En aquest context, i en plena crisi migrat\u00f2ria, l&#8217;Observatori Mediterrani de la Comunicaci\u00f3 ha organitzat un concurs fotogr\u00e0fic titulat \u201cLa imatge com a eina per a la cohesi\u00f3 social i la promoci\u00f3 dels drets humans\u201d. El termini de presentaci\u00f3 d&#8217;imatges \u00e9s obert del 14 de gener al 31 de mar\u00e7 de 2019.<\/p>\n\n\n\n<p>Les fotografies seleccionades seran exposades durant els mesos de maig i juny a la Facultat de Ci\u00e8ncies de la Comunicaci\u00f3, juntament amb l&#8217;exposici\u00f3 fotogr\u00e0fica &#8216;Porta Oberta\/Frontera Tancada&#8217; d&#8217;Open Cultural Center.<\/p>\n\n\n\n<p>Tant el concurs com l&#8217;exposici\u00f3 formen part del projecte d&#8217;Educaci\u00f3 per al Desenvolupament&nbsp;&#8216;La comunicaci\u00f3 com a eina per a la cohesi\u00f3 social contra el racisme i la intoler\u00e0ncia&#8217; (CT615817) finan\u00e7at per la Fundaci\u00f3 Aut\u00f2noma Solid\u00e0ria (FAS). El projecte inclou, a m\u00e9s a m\u00e9s del concurs fotogr\u00e0fic, una jornada sobre comunicaci\u00f3, drets humans i desenvolupament i diferents tallers sobre comunicaci\u00f3 per a la cooperaci\u00f3, el desenvolupament i el canvi social.<\/p>\n<\/div><\/details>\n\n\n\n<details class=\"wp-block-mamaduka-toggles wp-block-toggles\"><summary>Projecte EpD: Comunicaci\u00f3 i ODS<\/summary><div class=\"wp-block-toggles__content\">\n<p>L&#8217;any 2030 \u00e9s la meta global per erradicar la pobresa al m\u00f3n. A la d\u00e8cada vinent i mitja, els estats membres de les Nacions Unides estan cridats a implementar una nova estrat\u00e8gia que integra els \u00e0mbits econ\u00f2mic, social i ambiental: l&#8217;Agenda 2030 per al Desenvolupament Sostenible.<\/p>\n\n\n\n<p>Un cop assolit el termini establert l&#8217;any 2000 per als Objectius de Desenvolupament del Mil\u00b7lenni, l&#8217;Assemblea General de l&#8217;ONU va aprovar a finals del 2015 una nova agenda composta per 17 Objectius de Desenvolupament Sostenible (ODS). Els 17 ODS estableixen gaireb\u00e9 170 metes pensades per, segons l&#8217;ONU, afavorir \u201cles persones, el planeta i la prosperitat, aix\u00ed com enfortir la pau universal i l&#8217;acc\u00e9s a la just\u00edcia\u201d.<\/p>\n\n\n\n<figure class=\"wp-block-image size-full\"><img loading=\"lazy\" decoding=\"async\" width=\"640\" height=\"426\" src=\"https:\/\/webs.uab.cat\/laprec\/wp-content\/uploads\/sites\/240\/2025\/11\/09-09-s-sdg-poster1-1.jpg\" alt=\"\" class=\"wp-image-2542\" srcset=\"https:\/\/webs.uab.cat\/laprec\/wp-content\/uploads\/sites\/240\/2025\/11\/09-09-s-sdg-poster1-1.jpg 640w, https:\/\/webs.uab.cat\/laprec\/wp-content\/uploads\/sites\/240\/2025\/11\/09-09-s-sdg-poster1-1-300x200.jpg 300w\" sizes=\"auto, (max-width: 640px) 100vw, 640px\" \/><figcaption class=\"wp-element-caption\">Font: Organitzaci\u00f3 de les Nacions Unides<\/figcaption><\/figure>\n\n\n\n<p>Assolir els ODS \u00e9s un desafiament per a tota la societat, per la qual cosa el sector i els professionals de la comunicaci\u00f3 tamb\u00e9 tenen un rol determinant en aquests processos i iniciatives. Per aix\u00f2, l&#8217;Observatori Mediterrani de la Comunicaci\u00f3 (OMEC) est\u00e0 duent a terme el projecte \u201cEl paper dels comunicadors com a promotors dels Objectius de Desenvolupament Sostenible: diagn\u00f2stic, sensibilitzaci\u00f3 i formaci\u00f3 als graus de Ci\u00e8ncies de la Comunicaci\u00f3\u201d. Aquest projecte ha estat seleccionat a la XXXIII Convocat\u00f2ria del Fons de Solidaritat de la Universitat Aut\u00f2noma de Barcelona, \u200b\u200bper la qual cosa compta amb el suport de la Fundaci\u00f3 Aut\u00f2noma Solid\u00e0ria (FAS).<\/p>\n\n\n\n<p>El principal objectiu \u00e9s sensibilitzar la comunitat universit\u00e0ria de la UAB, i particularment els estudiants i professors de la Facultat de Ci\u00e8ncies de la Comunicaci\u00f3, sobre la nova agenda dels ODS i el paper de la comunicaci\u00f3 i el comunicador com a eixos fonamentals per a qualsevol projecte i activitat relacionada amb el desenvolupament sostenible, el canvi social i el respecte als drets humans. El projecte compta amb la col\u00b7laboraci\u00f3 del M\u00e0ster Erasmus Mundus Crossing the Mediterranean: towards Investment and Integration (MIM), el Laboratori de Prospectiva i Investigaci\u00f3 en Comunicaci\u00f3, Cultura i Cooperaci\u00f3 (LAPREC) i la Facultat de Ci\u00e8ncies de la Comunicaci\u00f3 de la UAB.<\/p>\n\n\n\n<p>De quina manera el treball de periodistes, comunicadors audiovisuals, publicistes i relacions p\u00fabliques pot contribuir a assolir els ODS? Hi ha sortides professionals per als estudiants d\u201faquests graus en els \u00e0mbits del desenvolupament sostenible i canvi social? Per donar respostes a preguntes com aquestes, el projecte organitza el proper 15 de novembre del 2016 el V Seminari Internacional \u201cComunicaci\u00f3, Desenvolupament i Drets Humans: l&#8217;Agenda 2030\u201d.<\/p>\n\n\n\n<h3 class=\"wp-block-heading\">PROGRAMA \u2013 AULA MAGNA DE LA FACULTAT DE CI\u00c8NCIES DE LA COMUNICACI\u00d3<\/h3>\n\n\n\n<p>10:00 Inauguraci\u00f3:<\/p>\n\n\n\n<ul class=\"wp-block-list\">\n<li>Teresa Vel\u00e1zquez &#8211; Presidenta de l&#8217;Observatori Mediterrani de la Comunicaci\u00f3 (OMEC)<\/li>\n\n\n\n<li>Jordi Prat \u2013 Director de la Fundaci\u00f3 Aut\u00f2noma Solid\u00e0ria (FAS)<\/li>\n<\/ul>\n\n\n\n<p>10:20 \u2013 12:00<\/p>\n\n\n\n<ul class=\"wp-block-list\">\n<li>Luis Miguel Sirumbal (CEDAL, Per\u00fa) \u2013 \u201cDels Objectius del Mil\u00b7lenni als Objectius de Desenvolupament Sostenible\u201d<\/li>\n\n\n\n<li>Olga Del R\u00edo (Universitat de Girona) \u2013 \u201cEls drets a la informaci\u00f3, la comunicaci\u00f3 i el ciberespai: eines per al canvi social<\/li>\n\n\n\n<li>Thomas Tufte (Centre for Communication and Glocal Change \u2013 \u00d8recomm, Dinamarca) \u2013 \u201cComunicaci\u00f3 Participativa i Canvi Social\u201d<\/li>\n<\/ul>\n\n\n\n<p>12:00 Pausa<\/p>\n\n\n\n<p>12:20 \u2013 14:00<\/p>\n\n\n\n<ul class=\"wp-block-list\">\n<li>Ricardo Carniel Bugs (Departament de Periodisme, UAB) \u2013 \u201cEls estudiants de comunicaci\u00f3 de la UAB i els ODS\u201d<\/li>\n\n\n\n<li>\u00d2scar Velasco (Director de comunicaci\u00f3 \u2013 Creu Roja Catalunya) \u2013 \u201cLa comunicaci\u00f3 com a eina de transpar\u00e8ncia i rendici\u00f3 de comptes de les organitzacions 2.0\u201d<\/li>\n\n\n\n<li>Cristina Vel\u00e1squez (Coord. Equip Interculturalitat \u2013 Ajuntament de Barcelona) \u201cL&#8217;estrat\u00e8gia Antirumors de Barcelona\u201d<\/li>\n<\/ul>\n\n\n\n<p>Tamb\u00e9 est\u00e0 programat un cicle de Tallers sobre Comunicaci\u00f3 i Desenvolupament Sostenible, amb inscripci\u00f3 gratu\u00efta, per als interessats a aprofundir en temes relacionats amb els ODS.<\/p>\n\n\n\n<ol class=\"wp-block-list\">\n<li>THOMAS TUFTE \u2013 Models of Participatory Communication \u2013 Case study (Angl\u00e8s)<br>15 de novembre de 2016 \u2013 15:30 a 18:30 (Aula 4 \u2013 Fac. Ci\u00e8ncies de la Comunicaci\u00f3)<\/li>\n\n\n\n<li>LUIS M. SIRUMBAL \u2013 Globalitzaci\u00f3 i Desenvolupament Sostenible (Espanyol)<br>16 de novembre de 2016 \u2013 10:00 a 13:00 (Aula 9 \u2013 Fac. Ci\u00e8ncies de la Comunicaci\u00f3)<\/li>\n\n\n\n<li>ARANTZA DEU \u2013 Institut Catal\u00e0 de les Dones \/ Consell de l\u2019Audiovisual de Catalunya \u2013 Tractament de la viol\u00e8ncia machista als mitjans de comunicaci\u00f3 (Catal\u00e0)<br>27 d&#8217;abril del 2017 \u2013 9:00 a 12:00<\/li>\n\n\n\n<li>RODRIGO PRIETO \u2013 Institut Diversitas (Xarxa Antirumors) \u2013 Vacuna&#8217;t contra els Rumors (Espanyol) 18 de maig del 2017 \u2013 9:30 a 12:00<\/li>\n<\/ol>\n\n\n\n<p>S&#8217;entregaran certificats d&#8217;assist\u00e8ncia als participants.<\/p>\n\n\n\n<p>Videoresum del projecte:<\/p>\n\n\n\n<figure class=\"wp-block-embed is-type-rich is-provider-gestor-del-servei wp-block-embed-gestor-del-servei wp-embed-aspect-4-3 wp-has-aspect-ratio\"><div class=\"wp-block-embed__wrapper\">\n<iframe loading=\"lazy\" title=\"El paper del comunicador com a promotor dels objectius de desenvolupament sostenible\" width=\"580\" height=\"435\" src=\"https:\/\/www.youtube.com\/embed\/CBfa3mb_sGw?feature=oembed\" frameborder=\"0\" allow=\"accelerometer; autoplay; clipboard-write; encrypted-media; gyroscope; picture-in-picture; web-share\" referrerpolicy=\"strict-origin-when-cross-origin\" allowfullscreen><\/iframe>\n<\/div><\/figure>\n\n\n\n<h3 class=\"wp-block-heading\">Millors treballs elaborats per estudiants<\/h3>\n\n\n\n<p>Els alumnes de l&#8217;assignatura \u201cProducci\u00f3 Period\u00edstica Multiplataforma\u201d, del darrer any de Periodisme, van elaborar en els seus respectius diaris digitals diverses not\u00edcies i reportatges sobre les jornades que es van celebrar el 15 de novembre de 2016. \u201cComunicaci\u00f3, desenvolupament i drets humans\u201d, \u00e9s el t\u00edtol de la secci\u00f3 que engloba les not\u00edcies, les cr\u00f2niques, les Inkiet. La redacci\u00f3 es va dividir en diversos grups petits que van cobrir un aspecte de la jornada:<\/p>\n\n\n\n<ul class=\"wp-block-list\">\n<li><a href=\"http:\/\/linkiet.wixsite.com\/linkiet\/copia-de-periodisme-i-necessitats-h\">http:\/\/linkiet.wixsite.com\/linkiet\/copia-de-periodisme-i-necessitats-h<\/a><\/li>\n\n\n\n<li><a href=\"https:\/\/diarifocus.wordpress.com\/category\/ods\">https:\/\/diarifocus.wordpress.com\/category\/ods<\/a><\/li>\n<\/ul>\n\n\n\n<p>A l&#8217;assignatura d&#8217;Informatius a R\u00e0dio i TV, els estudiants tamb\u00e9 van crear equips de reportatges per cobrir les jornades i produir continguts audiovisuals.<\/p>\n\n\n\n<p>Ja els estudiants de Comunicaci\u00f3, Cooperaci\u00f3 i Desenvolupament van realitzar treballs de recerca, an\u00e0lisi i planificaci\u00f3 a partir de l&#8217;Agenda 2030 per al Desenvolupament Sostenible. Cada grup d&#8217;estudiants va tenir assignat un pa\u00eds de la conca sud de la Mediterr\u00e0nia (Marroc, Alg\u00e8ria, Tun\u00edsia, Egipte, Jord\u00e0nia, L\u00edban, Turquia i Israel) i va triar un dels 17 ODS per analitzar-ne el grau d&#8217;assoliment al pa\u00eds corresponent. A m\u00e9s, la part final del treball va consistir a elaborar una proposta de Campanya de Comunicaci\u00f3\/Educaci\u00f3 per al Desenvolupament, que pugui contribuir per assolir les metes establertes.<\/p>\n\n\n\n<ul class=\"wp-block-list\">\n<li><a href=\"https:\/\/webs.uab.cat\/laprec\/wp-content\/uploads\/sites\/240\/2025\/11\/egipto_ods-2017.pdf\">Egipte ODS 2017<\/a><\/li>\n\n\n\n<li><a href=\"https:\/\/webs.uab.cat\/laprec\/wp-content\/uploads\/sites\/240\/2025\/11\/jordania_ods-2017.pdf\">Jord\u00e0nia ODS 2017<\/a><\/li>\n\n\n\n<li><a href=\"https:\/\/webs.uab.cat\/laprec\/wp-content\/uploads\/sites\/240\/2025\/11\/lc3adbano_ods-2017.pdf\">el L\u00edban ODS 2017<\/a><\/li>\n\n\n\n<li><a href=\"https:\/\/webs.uab.cat\/laprec\/wp-content\/uploads\/sites\/240\/2025\/11\/turquc3ada_ods-2017.pdf\">Turqu\u00eda ODS 2017<\/a><\/li>\n<\/ul>\n\n\n\n<p>Els estudiants de Postgrau tamb\u00e9 van participar de les activitats programades en el marc del projecte. En el cas del M\u00e0ster Erasmus Mundus en Mediaci\u00f3 Intermediterr\u00e0nia: cap a la inversi\u00f3 i la integraci\u00f3 (MIM), els grups d&#8217;estudiants tamb\u00e9 van tractar alguns dels ODS en el context mediterrani. A trav\u00e9s de plataformes informatives i recursos multim\u00e8dia, l&#8217;objectiu va ser contribuir al debat sobre els ODS a partir de problemes i bones pr\u00e0ctiques trobades en aquest \u00e0mbit. Els treballs van unir els coneixements apresos a l&#8217;assignatura Media Languages \u200b\u200bamb l&#8217;Agenda 2030 de Desenvolupament Sostenible.<\/p>\n<\/div><\/details>\n\n\n\n<details class=\"wp-block-mamaduka-toggles wp-block-toggles\"><summary>Presentaci\u00f3 de l&#8217;Informe del Coneixement al m\u00f3n \u00e0rab 2009<\/summary><div class=\"wp-block-toggles__content\">\n<p><strong>\u201cSense una llibertat completa, no es pot desenvolupar la societat del coneixement\u201d<\/strong><\/p>\n\n\n\n<p>L&#8217;Observatori Mediterrani de la Comunicaci\u00f3 (OMEC) va presentar el dijous 29 d&#8217;abril passat, a la sala d&#8217;actes del rectorat de la UAB, l&#8217;Informe del Coneixement al m\u00f3n \u00e0rab 2009. Es tracta d&#8217;un treball elaborat pel Programa de les Nacions Unides per al Desenvolupament (PNUD) i la Fundaci\u00f3 Mohammed bin Rashi. Aquest treball exposa en quin estat es troba el desenvolupament de la societat del coneixement als pa\u00efsos \u00e0rabs, i quins factors juguen a favor i en contra d&#8217;aquest desenvolupament.<\/p>\n\n\n\n<p>Per fer la presentaci\u00f3, i amb la col\u00b7laboraci\u00f3 de Casa \u00c0rab-IEAM, l&#8217;OMEC va rebre el director del projecte de l&#8217;Informe, Ghaith Fariz, i l&#8217;autora del mateix, Nagla Rizk. L&#8217;acte va presentar la rectora de Relacions Internacionals de la UAB, Merc\u00e8 Unzeta; i ho va moderar Teresa Vel\u00e1zquez, catedr\u00e0tica i presidenta de l&#8217;OMEC.<\/p>\n\n\n\n<p>Fariz, el primer a prendre la paraula, va recordar els problemes que encara persisteixen als pa\u00efsos \u00e0rabs, i que es recullen als informes de l&#8217;\u00cdndex de Desenvolupament Hum\u00e0: pobresa, atur entre la poblaci\u00f3 m\u00e9s jove, conflictes interns i externs\u2026 En aquest marc, Fariz va plantejar la crisi econ\u00f2mica global com un bon moment per aturar-nos i reflexionar sobre quin model de desenvolupament \u00e9s el que<\/p>\n\n\n\n<p>El director del projecte de l&#8217;Informe tamb\u00e9 va plantejar que el desenvolupament econ\u00f2mic d&#8217;una societat no garanteix altres llibertats: &#8220;La llibertat, com el coneixement, no \u00e9s fragmentable; o accedeixes o no&#8221;, va remarcar Fariz. L&#8217;exemple m\u00e9s clar s\u00f3n els pa\u00efsos del Golf P\u00e8rsic, on el comer\u00e7 de petroli ha suposat un augment de la llibertat econ\u00f2mica, mentre que altres llibertats continuen en una situaci\u00f3 prec\u00e0ria.<\/p>\n\n\n\n<p>Finalment, Ghaith Fariz va marcar alguns dels objectius que ajudarien els pa\u00efsos \u00e0rabs a refor\u00e7ar la societat del coneixement: reduir la taxa d&#8217;analfabetisme, retenir els estudiants de cicles superiors o augmentar la inversi\u00f3 en investigaci\u00f3 i innovaci\u00f3.<\/p>\n\n\n\n<p>Per la seva banda, l&#8217;autora de l&#8217;Informe, Nagla Rizk, es va centrar en com el coneixement es regeix per les lleis de la propietat i el mercat: \u201cEl desenvolupament de la societat del coneixement als pa\u00efsos \u00e0rabs requereix un sistema de propietat intel\u00b7lectual flexible, que no estigui basat en la ind\u00fastria i l&#8217;economia\u201d, com va continuar explicant Rizk, ha estat hist\u00f2ricament la transmissi\u00f3 del coneixement.<\/p>\n\n\n\n<p>Rizk, professora d&#8217;Economia a la Universitat Americana del Caire, va presentar algunes pinzellades d&#8217;un projecte en curs actualment. \u00c9s una proposta de nous indicadors per mesurar el desenvolupament del coneixement, \u201cun sistema de mesurament alternatiu al del Banc Mundial\u201d, va apuntar.<\/p>\n\n\n\n<p>La rectora de Relacions Internacionals de la UAB, Merc\u00e8 Unzeta, va tancar l\u201facte proposant un enfortiment de les relacions entre les universitats de diferents pa\u00efsos i regions, \u201ccom a institucions responsables de la creaci\u00f3 i transmissi\u00f3 del coneixement\u201d.<\/p>\n<\/div><\/details>\n\n\n\n<details class=\"wp-block-mamaduka-toggles wp-block-toggles\"><summary>I Seminari Internacional sobre &#8220;Comunicaci\u00f3, desenvolupament i drets humans a la Mediterr\u00e0nia. Nous reptes a l&#8217;agenda internacional&#8221;<\/summary><div class=\"wp-block-toggles__content\">\n<div data-wp-interactive=\"core\/file\" class=\"wp-block-file\"><object data-wp-bind--hidden=\"!state.hasPdfPreview\" hidden class=\"wp-block-file__embed\" data=\"https:\/\/webs.uab.cat\/laprec\/wp-content\/uploads\/sites\/240\/2025\/11\/Seminaridigital_2.pdf\" type=\"application\/pdf\" style=\"width:100%;height:600px\" aria-label=\"Incrustaci\u00f3 del fitxer Seminaridigital_2.\"><\/object><a id=\"wp-block-file--media-af4802a7-94b3-4330-a205-de773dbd260e\" href=\"https:\/\/webs.uab.cat\/laprec\/wp-content\/uploads\/sites\/240\/2025\/11\/Seminaridigital_2.pdf\">Seminaridigital_2<\/a><a href=\"https:\/\/webs.uab.cat\/laprec\/wp-content\/uploads\/sites\/240\/2025\/11\/Seminaridigital_2.pdf\" class=\"wp-block-file__button wp-element-button\" download aria-describedby=\"wp-block-file--media-af4802a7-94b3-4330-a205-de773dbd260e\">Baixa<\/a><\/div>\n<\/div><\/details>\n\n\n\n<details class=\"wp-block-mamaduka-toggles wp-block-toggles\"><summary>Projecte d&#8217;enfortiment del servei p\u00fablic audiovisual als pa\u00efsos del Magrib i el Mashreq<\/summary><div class=\"wp-block-toggles__content\">\n<p>Projecte d&#8217;enfortiment del servei p\u00fablic audiovisual als pa\u00efsos del Magrib i el Mashreq<\/p>\n<\/div><\/details>\n\n\n\n<details class=\"wp-block-mamaduka-toggles wp-block-toggles\"><summary>Informe regional \u00abLa missi\u00f3 de Servei p\u00fablic audiovisual a la regi\u00f3 del Magrib i el Mashrek\u00bb<\/summary><div class=\"wp-block-toggles__content\">\n<div data-wp-interactive=\"core\/file\" class=\"wp-block-file\"><object data-wp-bind--hidden=\"!state.hasPdfPreview\" hidden class=\"wp-block-file__embed\" data=\"https:\/\/webs.uab.cat\/laprec\/wp-content\/uploads\/sites\/240\/2025\/11\/Informe_SPA_IPP_OMEC_CA.pdf\" type=\"application\/pdf\" style=\"width:100%;height:600px\" aria-label=\"Incrustaci\u00f3 del fitxer Informe_SPA_IPP_OMEC_CA.\"><\/object><a id=\"wp-block-file--media-4603fe46-08e5-4643-93a9-1d2564dd231f\" href=\"https:\/\/webs.uab.cat\/laprec\/wp-content\/uploads\/sites\/240\/2025\/11\/Informe_SPA_IPP_OMEC_CA.pdf\">Informe_SPA_IPP_OMEC_CA<\/a><a href=\"https:\/\/webs.uab.cat\/laprec\/wp-content\/uploads\/sites\/240\/2025\/11\/Informe_SPA_IPP_OMEC_CA.pdf\" class=\"wp-block-file__button wp-element-button\" download aria-describedby=\"wp-block-file--media-4603fe46-08e5-4643-93a9-1d2564dd231f\">Baixa<\/a><\/div>\n<\/div><\/details>\n\n\n\n<details class=\"wp-block-mamaduka-toggles wp-block-toggles\"><summary>Projecte de recerca: La construcci\u00f3 social de l&#8217;espai euromediterrani als mitjans de comunicaci\u00f3. La informaci\u00f3 a premsa i televisi\u00f3<\/summary><div class=\"wp-block-toggles__content\">\n<p>El grup de recerca LAPREC (de la UAB) analitza el paper dels mitjans de comunicaci\u00f3 a la construcci\u00f3 de la regi\u00f3 euromediterr\u00e0nia<br>El Laboratori de Prospectiva i Investigaci\u00f3 en Comunicaci\u00f3, Cultura i Cooperaci\u00f3 (LAPREC) es troba a la recta final del projecte, finan\u00e7at pel Ministeri espanyol de Ci\u00e8ncia i Innovaci\u00f3<\/p>\n\n\n\n<p>L&#8217;any 2009 es va posar en marxa el projecte La construcci\u00f3 social de l&#8217;espai euromediterrani als mitjans de comunicaci\u00f3. La informaci\u00f3 a premsa i televisi\u00f3 (CSO2008-01579\/SOCI).<\/p>\n\n\n\n<p>El projecte es proposa investigar, des d&#8217;una perspectiva interdisciplin\u00e0ria i de manera comparativa, la construcci\u00f3 social de l&#8217;espai euro mediterrani que fan els mitjans de comunicaci\u00f3 d&#8217;Espanya, It\u00e0lia, Fran\u00e7a, Gran Bretanya, el Marroc, Alg\u00e8ria, Egipte i S\u00edria i la coher\u00e8ncia d&#8217;aquesta construcci\u00f3 amb els objectius del Proc\u00e9s de Barcelona, \u200b\u200bla Pol\u00edtica de Ve\u00efnatge de la Comissi\u00f3 Europea de la Comissi\u00f3 Europea i les recomanacions contingudes al Pla d&#8217;Acci\u00f3 2007-2009 i referides, en aquest cas, als mitjans de comunicaci\u00f3.<\/p>\n\n\n\n<p>El projecte aborda, per mitj\u00e0 de l&#8217;an\u00e0lisi, de quina manera les informacions concernides pel tema s\u00f3n tractades pels mitjans de comunicaci\u00f3 seleccionats, i tamb\u00e9 focalitza com aquest aspecte \u00e9s tractat pels mitjans espanyols seleccionats. Interessa, aix\u00ed mateix, comptar amb models de mitjans de distribuci\u00f3 internacional per als pa\u00efsos amb majoria musulmana, com s\u00f3n Al-Jazzera i Al Quds Al Arabi. Per aix\u00f2, la investigaci\u00f3 se centra a analitzar com els mitjans de comunicaci\u00f3 dels pa\u00efsos referits contribueixen a aquest proc\u00e9s, centrant l&#8217;an\u00e0lisi a les tres \u00e0rees de la declaraci\u00f3 de Barcelona i que es concreten a:<\/p>\n\n\n\n<p>el component pol\u00edtic i de seguretat que t\u00e9 per objecte definir un espai com\u00fa de pau i estabilitat<br>el component econ\u00f2mic i financer que ha de permetre construir una zona de prosperitat compartida<br>i el component social, cultural i hum\u00e0 encaminat a desenvolupar els recursos humans ia afavorir la comprensi\u00f3 entre cultures i els intercanvis entre societats civils<br>Els investigadors del projecte internacional s\u00f3n:<\/p>\n\n\n\n<ul class=\"wp-block-list\">\n<li>Teresa Vel\u00e1zquez Garc\u00eda-Talavera<\/li>\n\n\n\n<li>Hassan Abbas<\/li>\n\n\n\n<li>Maria Luz Barbeito<\/li>\n\n\n\n<li>Carmina Crusafon<\/li>\n\n\n\n<li>Olga Del R\u00edo<\/li>\n\n\n\n<li>Natalia Fern\u00e1ndez<\/li>\n\n\n\n<li>Elisabet Garc\u00eda Altadill<\/li>\n\n\n\n<li>Juan Antonio Garc\u00eda Galindo<\/li>\n\n\n\n<li>Vitorina Garc\u00eda V\u00e9lez<\/li>\n\n\n\n<li>Carmen Mart\u00ednez Romero<\/li>\n\n\n\n<li>Luc\u00eda Molina<\/li>\n\n\n\n<li>Jos\u00e9 Mar\u00eda Perceval<\/li>\n\n\n\n<li>Jos\u00e9 Manuel P\u00e9rez Tornero<\/li>\n\n\n\n<li>Juan jos\u00e9 Perona Paez<\/li>\n\n\n\n<li>Fernando Sab\u00e9s<\/li>\n\n\n\n<li>Susana Tov\u00edas<\/li>\n\n\n\n<li>Ricardo Carniel Bugs<\/li>\n<\/ul>\n<\/div><\/details>\n","protected":false},"excerpt":{"rendered":"<p>Des d&#8217;aqu\u00ed podeu accedir als principals projectes i activitats que desenvolupa l&#8217;Observatori Mediterrani de la Comunicaci\u00f3 en el marc dels nostres objectius i l\u00ednies de treball.<\/p>\n","protected":false},"author":20,"featured_media":0,"parent":159,"menu_order":0,"comment_status":"closed","ping_status":"closed","template":"","meta":{"footnotes":""},"class_list":["post-2538","page","type-page","status-publish","hentry"],"_links":{"self":[{"href":"https:\/\/webs.uab.cat\/laprec\/wp-json\/wp\/v2\/pages\/2538","targetHints":{"allow":["GET"]}}],"collection":[{"href":"https:\/\/webs.uab.cat\/laprec\/wp-json\/wp\/v2\/pages"}],"about":[{"href":"https:\/\/webs.uab.cat\/laprec\/wp-json\/wp\/v2\/types\/page"}],"author":[{"embeddable":true,"href":"https:\/\/webs.uab.cat\/laprec\/wp-json\/wp\/v2\/users\/20"}],"replies":[{"embeddable":true,"href":"https:\/\/webs.uab.cat\/laprec\/wp-json\/wp\/v2\/comments?post=2538"}],"version-history":[{"count":11,"href":"https:\/\/webs.uab.cat\/laprec\/wp-json\/wp\/v2\/pages\/2538\/revisions"}],"predecessor-version":[{"id":2711,"href":"https:\/\/webs.uab.cat\/laprec\/wp-json\/wp\/v2\/pages\/2538\/revisions\/2711"}],"up":[{"embeddable":true,"href":"https:\/\/webs.uab.cat\/laprec\/wp-json\/wp\/v2\/pages\/159"}],"wp:attachment":[{"href":"https:\/\/webs.uab.cat\/laprec\/wp-json\/wp\/v2\/media?parent=2538"}],"curies":[{"name":"wp","href":"https:\/\/api.w.org\/{rel}","templated":true}]}}