{"id":2757,"date":"2026-01-25T16:31:04","date_gmt":"2026-01-25T14:31:04","guid":{"rendered":"https:\/\/webs.uab.cat\/laprec\/?page_id=2757"},"modified":"2026-01-25T16:47:55","modified_gmt":"2026-01-25T14:47:55","slug":"comunicacio-i-genere","status":"publish","type":"page","link":"https:\/\/webs.uab.cat\/laprec\/omec\/recursos\/comunicacio-i-genere\/","title":{"rendered":"Comunicaci\u00f3 i g\u00e8nere"},"content":{"rendered":"\n<p>El paper dels mitjans i processos de comunicaci\u00f3 en la consecuci\u00f3 de la igualtat de g\u00e8nere es concreta en diferents perspectives:<\/p>\n\n\n\n<ul class=\"wp-block-list\">\n<li>L&#8217;acc\u00e9s dels col\u00b7lectius de dones als mitjans, amb pres\u00e8ncia activa i veu pr\u00f2pia. Un dret d&#8217;acc\u00e9s que habitualment els \u00e9s negat per la desigualtat entre els rols reservats a homes i dones, i que refor\u00e7a els vincles comunitaris.<\/li>\n\n\n\n<li>La incorporaci\u00f3 als mitjans de models femenins que no necess\u00e0riament han de ser els preestablerts socialment, i que afavoreixen la diversificaci\u00f3 dels valors i la normalitzaci\u00f3 de la igualtat.<\/li>\n\n\n\n<li>La transmissi\u00f3 del valor igualtat en la relaci\u00f3 entre g\u00e8neres, que \u00e9s garantia de defensa dels drets humans de les dones com a col\u00b7lectiu, per\u00f2 tamb\u00e9 com a membres d&#8217;una comunitat.<\/li>\n<\/ul>\n\n\n\n<hr class=\"wp-block-separator has-alpha-channel-opacity\" \/>\n\n\n\n<h3 class=\"wp-block-heading\">Recursos<\/h3>\n\n\n\n<ul class=\"wp-block-list\">\n<li>Blion, R., Meknache, N. (2003). <strong><a href=\"https:\/\/webs.uab.cat\/laprec\/wp-content\/uploads\/sites\/240\/2025\/11\/0038.rtf\" target=\"_blank\" rel=\"noreferrer noopener\">L&#8217;Internet, espace renouvel\u00e9 d&#8217;actions pour les femmes \u2013 Un outil au service de la Dame&#8217;Spora<\/a><\/strong>. Par\u00eds: Panos Par\u00eds.<\/li>\n\n\n\n<li>Primo, N. (2003). <strong><a href=\"https:\/\/webs.uab.cat\/laprec\/wp-content\/uploads\/sites\/240\/2025\/11\/0036.pdf\" target=\"_blank\" rel=\"noreferrer noopener\">L&#8217;\u00e9galit\u00e9 des sexes dans la soci\u00e9t\u00e9 de l&#8217;information<\/a><\/strong>. Par\u00eds: UNESCO.<\/li>\n\n\n\n<li>Vassiliadou, M. (2005). <strong><a href=\"https:\/\/webs.uab.cat\/laprec\/wp-content\/uploads\/sites\/240\/2025\/11\/0032.pdf\" target=\"_blank\" rel=\"noreferrer noopener\">The gender and media handbook<\/a><\/strong>. Nic\u00f2sia: Mediterranean Institute of Gender Studies.<\/li>\n\n\n\n<li>VV.AA. (2007). <strong><a href=\"https:\/\/webs.uab.cat\/laprec\/wp-content\/uploads\/sites\/240\/2025\/11\/0033.pdf\" target=\"_blank\" rel=\"noreferrer noopener\">Global Review of Challenges and Good Practices in Support of Women in Conflict and Post-Conflict Situations<\/a><\/strong>. Hammamet (Tun\u00edsia): UNFPA.<\/li>\n\n\n\n<li>Social Watch (2008). <strong><a href=\"https:\/\/webs.uab.cat\/laprec\/wp-content\/uploads\/sites\/240\/2025\/11\/0034.pdf\" target=\"_blank\" rel=\"noreferrer noopener\">Equidad de g\u00e9nero: las deudas del siglo XX y las verg\u00fcenzas del siglo XXI<\/a><\/strong>. Social Watch.<\/li>\n\n\n\n<li>VV.AA. (2008). <strong><a href=\"https:\/\/webs.uab.cat\/laprec\/wp-content\/uploads\/sites\/240\/2025\/11\/0035.pdf\" target=\"_blank\" rel=\"noreferrer noopener\">Voces de mujeres<\/a><\/strong>. Santiago de Xile: Programa Comunicaci\u00f3n y Pobreza.<\/li>\n\n\n\n<li>Aidan, W. (2009). <strong><a href=\"https:\/\/webs.uab.cat\/laprec\/wp-content\/uploads\/sites\/240\/2025\/11\/0124.pdf\" target=\"_blank\" rel=\"noreferrer noopener\">Instalar el equilibrio: igualdad de g\u00e9nero en el periodismo<\/a><\/strong>. Brussel\u00b7les: Federaci\u00f3 Internacional de Periodistes.<\/li>\n<\/ul>\n","protected":false},"excerpt":{"rendered":"<p>El paper dels mitjans i processos de comunicaci\u00f3 en la consecuci\u00f3 de la igualtat de g\u00e8nere es concreta en diferents perspectives: Recursos<\/p>\n","protected":false},"author":20,"featured_media":0,"parent":2753,"menu_order":0,"comment_status":"closed","ping_status":"closed","template":"","meta":{"footnotes":""},"class_list":["post-2757","page","type-page","status-publish","hentry"],"_links":{"self":[{"href":"https:\/\/webs.uab.cat\/laprec\/wp-json\/wp\/v2\/pages\/2757","targetHints":{"allow":["GET"]}}],"collection":[{"href":"https:\/\/webs.uab.cat\/laprec\/wp-json\/wp\/v2\/pages"}],"about":[{"href":"https:\/\/webs.uab.cat\/laprec\/wp-json\/wp\/v2\/types\/page"}],"author":[{"embeddable":true,"href":"https:\/\/webs.uab.cat\/laprec\/wp-json\/wp\/v2\/users\/20"}],"replies":[{"embeddable":true,"href":"https:\/\/webs.uab.cat\/laprec\/wp-json\/wp\/v2\/comments?post=2757"}],"version-history":[{"count":1,"href":"https:\/\/webs.uab.cat\/laprec\/wp-json\/wp\/v2\/pages\/2757\/revisions"}],"predecessor-version":[{"id":2758,"href":"https:\/\/webs.uab.cat\/laprec\/wp-json\/wp\/v2\/pages\/2757\/revisions\/2758"}],"up":[{"embeddable":true,"href":"https:\/\/webs.uab.cat\/laprec\/wp-json\/wp\/v2\/pages\/2753"}],"wp:attachment":[{"href":"https:\/\/webs.uab.cat\/laprec\/wp-json\/wp\/v2\/media?parent=2757"}],"curies":[{"name":"wp","href":"https:\/\/api.w.org\/{rel}","templated":true}]}}