{"id":2759,"date":"2026-01-25T16:31:41","date_gmt":"2026-01-25T14:31:41","guid":{"rendered":"https:\/\/webs.uab.cat\/laprec\/?page_id=2759"},"modified":"2026-01-25T16:47:56","modified_gmt":"2026-01-25T14:47:56","slug":"cooperacio-internacional","status":"publish","type":"page","link":"https:\/\/webs.uab.cat\/laprec\/omec\/recursos\/cooperacio-internacional\/","title":{"rendered":"Cooperaci\u00f3 internacional"},"content":{"rendered":"\n<p>En base al paper clau de la comunicaci\u00f3, cada cop s\u00f3n m\u00e9s les institucions i organismes que incorporen accions relacionades amb la comunicaci\u00f3 en els seus projectes de cooperaci\u00f3.<\/p>\n\n\n\n<p>Nombroses experi\u00e8ncies demostren que incorporant processos comunicatius als projectes de cooperaci\u00f3 es generen din\u00e0miques d&#8217;intercanvi i enfortiment de les comunitats, refor\u00e7ant aix\u00ed els objectius finals dels projectes.<\/p>\n\n\n\n<hr class=\"wp-block-separator has-alpha-channel-opacity\" \/>\n\n\n\n<h3 class=\"wp-block-heading\">Recursos<\/h3>\n\n\n\n<ul class=\"wp-block-list\">\n<li>VV.AA. (2004). <strong><a href=\"https:\/\/webs.uab.cat\/laprec\/wp-content\/uploads\/sites\/240\/2025\/11\/0039.pdf\" target=\"_blank\" rel=\"noreferrer noopener\">Palestine Human Development Report<\/a><\/strong>. Birzeit University.<\/li>\n\n\n\n<li>VV.AA. (2006). <strong><a href=\"https:\/\/webs.uab.cat\/laprec\/wp-content\/uploads\/sites\/240\/2025\/11\/0042.pdf\" target=\"_blank\" rel=\"noreferrer noopener\">Campus Virtual Avicenna: proyecto de cooperaci\u00f3n en e-learning en el \u00e1rea euromediterr\u00e1nea<\/a><\/strong>. Sevilla: EUMEDIS.<\/li>\n\n\n\n<li>Nehmeh, A., Knox, S. (2006). <strong><a href=\"https:\/\/webs.uab.cat\/laprec\/wp-content\/uploads\/sites\/240\/2025\/11\/0041.pdf\" target=\"_blank\" rel=\"noreferrer noopener\">Los objetivos del Desarrollo del Milenio y la regi\u00f3n Mediterr\u00e1nea<\/a><\/strong>. Barcelona: Euromed Salut.<\/li>\n\n\n\n<li>VV.AA. (2007). <strong><a href=\"https:\/\/webs.uab.cat\/laprec\/wp-content\/uploads\/sites\/240\/2025\/11\/0040.pdf\" target=\"_blank\" rel=\"noreferrer noopener\">The Millennium Development Goals in the Arab Region 2007: A Youth Lens<\/a><\/strong>. Beirut: UN-ESCWA.<\/li>\n\n\n\n<li>Chevalier, J.M., Buckles, D.J. (2008). <strong><a href=\"https:\/\/webs.uab.cat\/laprec\/wp-content\/uploads\/sites\/240\/2025\/11\/00110.pdf\" target=\"_blank\" rel=\"noreferrer noopener\">SAS2. A Guide to Collaborative Inquiry and Social Engagement<\/a><\/strong>. Nova Delhi: SAGE.<\/li>\n<\/ul>\n","protected":false},"excerpt":{"rendered":"<p>En base al paper clau de la comunicaci\u00f3, cada cop s\u00f3n m\u00e9s les institucions i organismes que incorporen accions relacionades amb la comunicaci\u00f3 en els seus projectes de cooperaci\u00f3. Nombroses experi\u00e8ncies demostren que incorporant processos comunicatius als projectes de cooperaci\u00f3 es generen din\u00e0miques d&#8217;intercanvi i enfortiment de les comunitats, refor\u00e7ant aix\u00ed els objectius finals dels [&hellip;]<\/p>\n","protected":false},"author":20,"featured_media":0,"parent":2753,"menu_order":0,"comment_status":"closed","ping_status":"closed","template":"","meta":{"footnotes":""},"class_list":["post-2759","page","type-page","status-publish","hentry"],"_links":{"self":[{"href":"https:\/\/webs.uab.cat\/laprec\/wp-json\/wp\/v2\/pages\/2759","targetHints":{"allow":["GET"]}}],"collection":[{"href":"https:\/\/webs.uab.cat\/laprec\/wp-json\/wp\/v2\/pages"}],"about":[{"href":"https:\/\/webs.uab.cat\/laprec\/wp-json\/wp\/v2\/types\/page"}],"author":[{"embeddable":true,"href":"https:\/\/webs.uab.cat\/laprec\/wp-json\/wp\/v2\/users\/20"}],"replies":[{"embeddable":true,"href":"https:\/\/webs.uab.cat\/laprec\/wp-json\/wp\/v2\/comments?post=2759"}],"version-history":[{"count":1,"href":"https:\/\/webs.uab.cat\/laprec\/wp-json\/wp\/v2\/pages\/2759\/revisions"}],"predecessor-version":[{"id":2760,"href":"https:\/\/webs.uab.cat\/laprec\/wp-json\/wp\/v2\/pages\/2759\/revisions\/2760"}],"up":[{"embeddable":true,"href":"https:\/\/webs.uab.cat\/laprec\/wp-json\/wp\/v2\/pages\/2753"}],"wp:attachment":[{"href":"https:\/\/webs.uab.cat\/laprec\/wp-json\/wp\/v2\/media?parent=2759"}],"curies":[{"name":"wp","href":"https:\/\/api.w.org\/{rel}","templated":true}]}}