{"id":2763,"date":"2026-01-25T16:32:49","date_gmt":"2026-01-25T14:32:49","guid":{"rendered":"https:\/\/webs.uab.cat\/laprec\/?page_id=2763"},"modified":"2026-01-25T16:47:56","modified_gmt":"2026-01-25T14:47:56","slug":"drets-humans-i-comunicacio","status":"publish","type":"page","link":"https:\/\/webs.uab.cat\/laprec\/omec\/recursos\/drets-humans-i-comunicacio\/","title":{"rendered":"Drets Humans i Comunicaci\u00f3"},"content":{"rendered":"\n<h3 class=\"wp-block-heading\">Recursos<\/h3>\n\n\n\n<ul class=\"wp-block-list\">\n<li>Article 19 (1999). <strong><a href=\"https:\/\/webs.uab.cat\/laprec\/wp-content\/uploads\/sites\/240\/2025\/11\/0172.pdf\" target=\"_blank\" rel=\"noreferrer noopener\">Droit du Public \u00e0 l&#8217;Information. Principes relatifs \u00e0 la l\u00e9gislation sur la libert\u00e9 de l&#8217;information<\/a><\/strong>. Article 19.<\/li>\n\n\n\n<li>VV.AA. (2001). <strong><a href=\"https:\/\/webs.uab.cat\/laprec\/wp-content\/uploads\/sites\/240\/2025\/11\/0044.pdf\" target=\"_blank\" rel=\"noreferrer noopener\">Los medios de comunicaci\u00f3n como espacio cotidiano para la paz<\/a><\/strong>. Madrid: Instituto Ciencia y Sociedad.<\/li>\n\n\n\n<li>Panos Paris (2002). <strong><a href=\"https:\/\/webs.uab.cat\/laprec\/wp-content\/uploads\/sites\/240\/2025\/11\/0045.rtf\" target=\"_blank\" rel=\"noreferrer noopener\">M\u00e9dias et construction de la paix dans la r\u00e9gion des Grands Lacs<\/a><\/strong>. Par\u00eds: Panos Paris.<\/li>\n\n\n\n<li>Article 19 (2002). <strong><a href=\"https:\/\/webs.uab.cat\/laprec\/wp-content\/uploads\/sites\/240\/2025\/11\/0139.pdf\" target=\"_blank\" rel=\"noreferrer noopener\">Acceso a las ondas. Principios sobre la normativa de libertad de expresi\u00f3n y la regulaci\u00f3n de la difusi\u00f3n de radio y televisi\u00f3n<\/a><\/strong>. Londres: Article 19.<\/li>\n\n\n\n<li>ACNUDH (2003). <strong><a href=\"https:\/\/webs.uab.cat\/laprec\/wp-content\/uploads\/sites\/240\/2025\/11\/0157.pdf\" target=\"_blank\" rel=\"noreferrer noopener\">Las dimensiones del racismo<\/a><\/strong>. Ginebra: ACNUDH.<\/li>\n\n\n\n<li>PNUD (2003). <strong><a href=\"https:\/\/webs.uab.cat\/laprec\/wp-content\/uploads\/sites\/240\/2025\/11\/0090-1.pdf\" target=\"_blank\" rel=\"noreferrer noopener\">El acceso a la informaci\u00f3n. Nota pr\u00e1ctica<\/a><\/strong>. Oslo: PNUD.<\/li>\n\n\n\n<li>PNUD (2004). <strong><a href=\"https:\/\/webs.uab.cat\/laprec\/wp-content\/uploads\/sites\/240\/2025\/11\/0084.pdf\" target=\"_blank\" rel=\"noreferrer noopener\">Right to Information. Practical Guidance Note<\/a><\/strong>. Oslo: PNUD.<\/li>\n\n\n\n<li>PNUD (2006). <strong><a href=\"https:\/\/webs.uab.cat\/laprec\/wp-content\/uploads\/sites\/240\/2025\/11\/0083.pdf\" target=\"_blank\" rel=\"noreferrer noopener\">A Guide to Measuring the Impact of Right to Information Programmes. Practical Guidance Note<\/a><\/strong>. Oslo: PNUD.<\/li>\n\n\n\n<li>Cammaerts, B., Carpentier, N. (eds.) (2007). <strong><a href=\"https:\/\/webs.uab.cat\/laprec\/wp-content\/uploads\/sites\/240\/2025\/11\/0109.pdf\" target=\"_blank\" rel=\"noreferrer noopener\">Reclaiming the Media. Communication Rights and Democratic Media Roles<\/a><\/strong>. Bristol: Intellect.<\/li>\n\n\n\n<li>Article 19 (2007). <strong><a href=\"https:\/\/webs.uab.cat\/laprec\/wp-content\/uploads\/sites\/240\/2025\/11\/0160.pdf\" target=\"_blank\" rel=\"noreferrer noopener\">Gu\u00eda de acceso a la informaci\u00f3n para periodistas<\/a><\/strong>. Londres: Article 19.<\/li>\n\n\n\n<li>Mendel, T. (2008). <strong><a href=\"https:\/\/webs.uab.cat\/laprec\/wp-content\/uploads\/sites\/240\/2025\/11\/0145.pdf\" target=\"_blank\" rel=\"noreferrer noopener\">Libertad de Informaci\u00f3n: Comparaci\u00f3n jur\u00eddica<\/a><\/strong>. Par\u00eds: UNESCO.<\/li>\n\n\n\n<li>Cyranek, G., G\u00f3mez, G. (2008). <strong><a href=\"https:\/\/webs.uab.cat\/laprec\/wp-content\/uploads\/sites\/240\/2025\/11\/0116.pdf\" target=\"_blank\" rel=\"noreferrer noopener\">Libertad de prensa, acceso a la informaci\u00f3n y empoderamiento ciudadano<\/a><\/strong>. Montevideo: UNESCO.<\/li>\n\n\n\n<li>Article 19 (2009). <strong><a href=\"https:\/\/webs.uab.cat\/laprec\/wp-content\/uploads\/sites\/240\/2025\/11\/0135.pdf\" target=\"_blank\" rel=\"noreferrer noopener\">Principes de Camden sur la libert\u00e9 d&#8217;expression et l&#8217;\u00e9galit\u00e9<\/a><\/strong>. Londres: Article 19.<\/li>\n\n\n\n<li>VV.AA. (2009). <strong><a href=\"https:\/\/webs.uab.cat\/laprec\/wp-content\/uploads\/sites\/240\/2025\/11\/0043.pdf\" target=\"_blank\" rel=\"noreferrer noopener\">Freedom of expression, Access to information and Empowerment of people<\/a><\/strong>. Par\u00eds: UNESCO.<\/li>\n\n\n\n<li>Souter, D. (2010). <strong><a href=\"https:\/\/webs.uab.cat\/laprec\/wp-content\/uploads\/sites\/240\/2025\/11\/0182.pdf\" target=\"_blank\" rel=\"noreferrer noopener\">Vers des soci\u00e9t\u00e9s du savoir inclusives<\/a><\/strong>. Par\u00eds: UNESCO.<\/li>\n\n\n\n<li>Mendel, T., Salomon, E. (2011). <strong><a href=\"https:\/\/webs.uab.cat\/laprec\/wp-content\/uploads\/sites\/240\/2025\/11\/0181-2.pdf\" target=\"_blank\" rel=\"noreferrer noopener\">Freedom of Expression and Broadcasting Regulation<\/a><\/strong>. Rio de Janeiro: UNESCO.<\/li>\n<\/ul>\n","protected":false},"excerpt":{"rendered":"<p>Recursos<\/p>\n","protected":false},"author":20,"featured_media":0,"parent":2753,"menu_order":0,"comment_status":"closed","ping_status":"closed","template":"","meta":{"footnotes":""},"class_list":["post-2763","page","type-page","status-publish","hentry"],"_links":{"self":[{"href":"https:\/\/webs.uab.cat\/laprec\/wp-json\/wp\/v2\/pages\/2763","targetHints":{"allow":["GET"]}}],"collection":[{"href":"https:\/\/webs.uab.cat\/laprec\/wp-json\/wp\/v2\/pages"}],"about":[{"href":"https:\/\/webs.uab.cat\/laprec\/wp-json\/wp\/v2\/types\/page"}],"author":[{"embeddable":true,"href":"https:\/\/webs.uab.cat\/laprec\/wp-json\/wp\/v2\/users\/20"}],"replies":[{"embeddable":true,"href":"https:\/\/webs.uab.cat\/laprec\/wp-json\/wp\/v2\/comments?post=2763"}],"version-history":[{"count":1,"href":"https:\/\/webs.uab.cat\/laprec\/wp-json\/wp\/v2\/pages\/2763\/revisions"}],"predecessor-version":[{"id":2764,"href":"https:\/\/webs.uab.cat\/laprec\/wp-json\/wp\/v2\/pages\/2763\/revisions\/2764"}],"up":[{"embeddable":true,"href":"https:\/\/webs.uab.cat\/laprec\/wp-json\/wp\/v2\/pages\/2753"}],"wp:attachment":[{"href":"https:\/\/webs.uab.cat\/laprec\/wp-json\/wp\/v2\/media?parent=2763"}],"curies":[{"name":"wp","href":"https:\/\/api.w.org\/{rel}","templated":true}]}}